{"id":87285,"date":"2025-08-20T06:05:31","date_gmt":"2025-08-20T05:05:31","guid":{"rendered":"https:\/\/truusk.store\/product\/hundbadd-hundlounge-robust-hojd-vaderbestandig-upp-till-50-kg-92x76x18cm-rod\/"},"modified":"2026-03-12T09:40:31","modified_gmt":"2026-03-12T08:40:31","slug":"truusk-hundbadd-lounge-robust-och-vaderbestandig-for-hundar-upp-till-50-kg-92x76x18cm-rod","status":"publish","type":"product","link":"https:\/\/truusk.store\/sv\/produkt\/truusk-hundbadd-lounge-robust-och-vaderbestandig-for-hundar-upp-till-50-kg-92x76x18cm-rod\/","title":{"rendered":"TRUUSK Hundb\u00e4dd Lounge &#8211; Robust och V\u00e4derbest\u00e4ndig &#8211; F\u00f6r Hundar upp till 50 kg &#8211; 92x76x18cm &#8211; R\u00f6d"},"content":{"rendered":"<p>Detta TRUUSK husdjursb\u00e4dd \u00e4r en fantastisk produkt som \u00e4r portabel och l\u00e4tt. Perfekt f\u00f6r m\u00e4nniskor som g\u00e4rna tar med sina husdjur p\u00e5 resor, h\u00e5ller ditt husdjur borta fr\u00e5n marken. Tillverkad av en metallram med Oxford-tyg, har den sektioner med andningsbart n\u00e4t. Husdjursb\u00e4dden \u00e4r l\u00e4tt att reng\u00f6ra med vatten och tv\u00e5l och \u00e4r redo f\u00f6r n\u00e4sta resa. En fantastisk produkt f\u00f6r ditt husdjurs komfort.<\/p>\n<p>Beskrivning:<\/p>\n<ul>\n<li> Tillverkad av en metallram<\/li>\n<li> H\u00f6jd f\u00f6r att skydda ditt husdjur fr\u00e5n smuts och skadedjur<\/li>\n<li> V\u00e4lventilerad Texteline Mesh-t\u00e4ckning h\u00e5ller husdjur svalt<\/li>\n<li> Oxford-tyg kommer inte att riva eller spricka<\/li>\n<li> L\u00e4tt att reng\u00f6ra med tv\u00e5l och vatten<\/li>\n<li> Motst\u00e5ndskraftig mot m\u00f6gel och mj\u00f6ldagg<\/li>\n<li> L\u00e4mplig f\u00f6r stora hundar med en kroppsl\u00e4ngd p\u00e5 mindre \u00e4n 60 cm och en vikt p\u00e5 upp till 30 kg<\/li>\n<li> Enkel att montera<\/li>\n<\/ul>\n<p> Tekniska specifikationer:<\/p>\n<ul>\n<li> F\u00e4rg: R\u00f6d<\/li>\n<li> Material: Oxford-tyg, metall, Texteline-n\u00e4t<\/li>\n<li> Totala m\u00e5tt: 92L x 76B x 18H cm<\/li>\n<li> N\u00e4tstorlek (per styck): 34,5L x 55B cm<\/li>\n<li> Metallr\u00f6rdiameter: 22 mm<\/li>\n<li> B\u00e4rf\u00f6rm\u00e5ga: 50 kg (L\u00e4mplig f\u00f6r stora hundar)<\/li>\n<\/ul>\n<p>Leveransinneh\u00e5ll:<\/p>\n<ul>\n<li> 1 x hundb\u00e4dd<\/li>\n<li> 1 x instruktioner<\/li>\n<\/ul>\n","protected":false},"excerpt":{"rendered":"<p>Detta TRUUSK husdjursb\u00e4dd \u00e4r en fantastisk produkt som \u00e4r portabel och l\u00e4tt. Perfekt f\u00f6r m\u00e4nniskor som g\u00e4rna tar med sina&#8230;<\/p>\n","protected":false},"featured_media":87276,"template":"","meta":[],"product_brand":[],"product_cat":[878,576,574],"product_tag":[],"class_list":{"0":"post-87285","1":"product","2":"type-product","3":"status-publish","4":"has-post-thumbnail","6":"product_cat-djurbehov","7":"product_cat-hundsangar-hundsoffor","8":"product_cat-hundtillbehor","10":"first","11":"instock","12":"sale","13":"taxable","14":"shipping-taxable","15":"purchasable","16":"product-type-simple"},"yoast_head":"<!-- This site is optimized with the Yoast SEO plugin v25.4 - https:\/\/yoast.com\/wordpress\/plugins\/seo\/ -->\n<title>TRUUSK Hundb\u00e4dd Lounge - Robust och V\u00e4derbest\u00e4ndig - F\u00f6r Hundar upp till 50 kg - 92x76x18cm - R\u00f6d - TRUUSK - Hem, Tr\u00e4dg\u00e5rd &amp; Fritid<\/title>\n<meta name=\"robots\" content=\"index, follow, max-snippet:-1, max-image-preview:large, max-video-preview:-1\" \/>\n<link rel=\"canonical\" href=\"https:\/\/truusk.store\/sv\/produkt\/truusk-hundbadd-lounge-robust-och-vaderbestandig-for-hundar-upp-till-50-kg-92x76x18cm-rod\/\" \/>\n<meta property=\"og:locale\" content=\"sv_SE\" \/>\n<meta property=\"og:type\" content=\"article\" \/>\n<meta property=\"og:title\" content=\"TRUUSK Hundb\u00e4dd Lounge - Robust och V\u00e4derbest\u00e4ndig - F\u00f6r Hundar upp till 50 kg - 92x76x18cm - R\u00f6d - TRUUSK - Hem, Tr\u00e4dg\u00e5rd &amp; Fritid\" \/>\n<meta property=\"og:description\" content=\"Detta TRUUSK husdjursb\u00e4dd \u00e4r en fantastisk produkt som \u00e4r portabel och l\u00e4tt. Perfekt f\u00f6r m\u00e4nniskor som g\u00e4rna tar med sina...\" \/>\n<meta property=\"og:url\" content=\"https:\/\/truusk.store\/sv\/produkt\/truusk-hundbadd-lounge-robust-och-vaderbestandig-for-hundar-upp-till-50-kg-92x76x18cm-rod\/\" \/>\n<meta property=\"og:site_name\" content=\"TRUUSK - Hem, Tr\u00e4dg\u00e5rd &amp; Fritid\" \/>\n<meta property=\"article:modified_time\" content=\"2026-03-12T08:40:31+00:00\" \/>\n<meta property=\"og:image\" content=\"https:\/\/i0.wp.com\/truusk.se\/wp-content\/uploads\/2025\/08\/hundbadd-hundlounge-robust-hojd-vaderbestandig-upp-till-50-kg-92x76x18cm-rod-1.webp?fit=2000%2C2000&ssl=1\" \/>\n\t<meta property=\"og:image:width\" content=\"2000\" \/>\n\t<meta property=\"og:image:height\" content=\"2000\" \/>\n\t<meta property=\"og:image:type\" content=\"image\/webp\" \/>\n<meta name=\"twitter:card\" content=\"summary_large_image\" \/>\n<meta name=\"twitter:label1\" content=\"Ber\u00e4knad l\u00e4stid\" \/>\n\t<meta name=\"twitter:data1\" content=\"1 minut\" \/>\n<!-- \/ Yoast SEO plugin. -->","yoast_head_json":{"title":"TRUUSK Hundb\u00e4dd Lounge - Robust och V\u00e4derbest\u00e4ndig - F\u00f6r Hundar upp till 50 kg - 92x76x18cm - R\u00f6d - TRUUSK - Hem, Tr\u00e4dg\u00e5rd &amp; Fritid","robots":{"index":"index","follow":"follow","max-snippet":"max-snippet:-1","max-image-preview":"max-image-preview:large","max-video-preview":"max-video-preview:-1"},"canonical":"https:\/\/truusk.store\/sv\/produkt\/truusk-hundbadd-lounge-robust-och-vaderbestandig-for-hundar-upp-till-50-kg-92x76x18cm-rod\/","og_locale":"sv_SE","og_type":"article","og_title":"TRUUSK Hundb\u00e4dd Lounge - Robust och V\u00e4derbest\u00e4ndig - F\u00f6r Hundar upp till 50 kg - 92x76x18cm - R\u00f6d - TRUUSK - Hem, Tr\u00e4dg\u00e5rd &amp; Fritid","og_description":"Detta TRUUSK husdjursb\u00e4dd \u00e4r en fantastisk produkt som \u00e4r portabel och l\u00e4tt. Perfekt f\u00f6r m\u00e4nniskor som g\u00e4rna tar med sina...","og_url":"https:\/\/truusk.store\/sv\/produkt\/truusk-hundbadd-lounge-robust-och-vaderbestandig-for-hundar-upp-till-50-kg-92x76x18cm-rod\/","og_site_name":"TRUUSK - Hem, Tr\u00e4dg\u00e5rd &amp; Fritid","article_modified_time":"2026-03-12T08:40:31+00:00","og_image":[{"width":2000,"height":2000,"url":"https:\/\/i0.wp.com\/truusk.se\/wp-content\/uploads\/2025\/08\/hundbadd-hundlounge-robust-hojd-vaderbestandig-upp-till-50-kg-92x76x18cm-rod-1.webp?fit=2000%2C2000&ssl=1","type":"image\/webp"}],"twitter_card":"summary_large_image","twitter_misc":{"Ber\u00e4knad l\u00e4stid":"1 minut"},"schema":{"@context":"https:\/\/schema.org","@graph":[{"@type":"WebPage","@id":"https:\/\/truusk.store\/sv\/produkt\/truusk-hundbadd-lounge-robust-och-vaderbestandig-for-hundar-upp-till-50-kg-92x76x18cm-rod\/","url":"https:\/\/truusk.store\/sv\/produkt\/truusk-hundbadd-lounge-robust-och-vaderbestandig-for-hundar-upp-till-50-kg-92x76x18cm-rod\/","name":"TRUUSK Hundb\u00e4dd Lounge - Robust och V\u00e4derbest\u00e4ndig - F\u00f6r Hundar upp till 50 kg - 92x76x18cm - R\u00f6d - TRUUSK - Hem, Tr\u00e4dg\u00e5rd &amp; Fritid","isPartOf":{"@id":"https:\/\/truusk.store\/sv\/#website"},"primaryImageOfPage":{"@id":"https:\/\/truusk.store\/sv\/produkt\/truusk-hundbadd-lounge-robust-och-vaderbestandig-for-hundar-upp-till-50-kg-92x76x18cm-rod\/#primaryimage"},"image":{"@id":"https:\/\/truusk.store\/sv\/produkt\/truusk-hundbadd-lounge-robust-och-vaderbestandig-for-hundar-upp-till-50-kg-92x76x18cm-rod\/#primaryimage"},"thumbnailUrl":"https:\/\/i0.wp.com\/truusk.store\/wp-content\/uploads\/2025\/08\/hundbadd-hundlounge-robust-hojd-vaderbestandig-upp-till-50-kg-92x76x18cm-rod-1.webp?fit=2000%2C2000&ssl=1","datePublished":"2025-08-20T05:05:31+00:00","dateModified":"2026-03-12T08:40:31+00:00","breadcrumb":{"@id":"https:\/\/truusk.store\/sv\/produkt\/truusk-hundbadd-lounge-robust-och-vaderbestandig-for-hundar-upp-till-50-kg-92x76x18cm-rod\/#breadcrumb"},"inLanguage":"sv-SE","potentialAction":[{"@type":"ReadAction","target":["https:\/\/truusk.store\/sv\/produkt\/truusk-hundbadd-lounge-robust-och-vaderbestandig-for-hundar-upp-till-50-kg-92x76x18cm-rod\/"]}]},{"@type":"ImageObject","inLanguage":"sv-SE","@id":"https:\/\/truusk.store\/sv\/produkt\/truusk-hundbadd-lounge-robust-och-vaderbestandig-for-hundar-upp-till-50-kg-92x76x18cm-rod\/#primaryimage","url":"https:\/\/i0.wp.com\/truusk.store\/wp-content\/uploads\/2025\/08\/hundbadd-hundlounge-robust-hojd-vaderbestandig-upp-till-50-kg-92x76x18cm-rod-1.webp?fit=2000%2C2000&ssl=1","contentUrl":"https:\/\/i0.wp.com\/truusk.store\/wp-content\/uploads\/2025\/08\/hundbadd-hundlounge-robust-hojd-vaderbestandig-upp-till-50-kg-92x76x18cm-rod-1.webp?fit=2000%2C2000&ssl=1","width":2000,"height":2000},{"@type":"BreadcrumbList","@id":"https:\/\/truusk.store\/sv\/produkt\/truusk-hundbadd-lounge-robust-och-vaderbestandig-for-hundar-upp-till-50-kg-92x76x18cm-rod\/#breadcrumb","itemListElement":[{"@type":"ListItem","position":1,"name":"Home","item":"https:\/\/truusk.store\/sv\/"},{"@type":"ListItem","position":2,"name":"Shop","item":"https:\/\/truusk.store\/shop\/"},{"@type":"ListItem","position":3,"name":"TRUUSK Hundb\u00e4dd Lounge &#8211; Robust och V\u00e4derbest\u00e4ndig &#8211; F\u00f6r Hundar upp till 50 kg &#8211; 92x76x18cm &#8211; R\u00f6d"}]},{"@type":"WebSite","@id":"https:\/\/truusk.store\/sv\/#website","url":"https:\/\/truusk.store\/sv\/","name":"TRUUSK - Hem, Tr\u00e4dg\u00e5rd & Fritid","description":"","publisher":{"@id":"https:\/\/truusk.store\/sv\/#organization"},"potentialAction":[{"@type":"SearchAction","target":{"@type":"EntryPoint","urlTemplate":"https:\/\/truusk.store\/sv\/?s={search_term_string}"},"query-input":{"@type":"PropertyValueSpecification","valueRequired":true,"valueName":"search_term_string"}}],"inLanguage":"sv-SE"},{"@type":"Organization","@id":"https:\/\/truusk.store\/sv\/#organization","name":"TRUUSK - Hem, Tr\u00e4dg\u00e5rd & Fritid","url":"https:\/\/truusk.store\/sv\/","logo":{"@type":"ImageObject","inLanguage":"sv-SE","@id":"https:\/\/truusk.store\/sv\/#\/schema\/logo\/image\/","url":"https:\/\/i0.wp.com\/truusk.store\/wp-content\/uploads\/2026\/03\/cropped-TRUUSK.png?fit=2032%2C917&ssl=1","contentUrl":"https:\/\/i0.wp.com\/truusk.store\/wp-content\/uploads\/2026\/03\/cropped-TRUUSK.png?fit=2032%2C917&ssl=1","width":2032,"height":917,"caption":"TRUUSK - Hem, Tr\u00e4dg\u00e5rd & Fritid"},"image":{"@id":"https:\/\/truusk.store\/sv\/#\/schema\/logo\/image\/"}}]}},"jetpack_sharing_enabled":true,"_links":{"self":[{"href":"https:\/\/truusk.store\/sv\/wp-json\/wp\/v2\/product\/87285","targetHints":{"allow":["GET"]}}],"collection":[{"href":"https:\/\/truusk.store\/sv\/wp-json\/wp\/v2\/product"}],"about":[{"href":"https:\/\/truusk.store\/sv\/wp-json\/wp\/v2\/types\/product"}],"wp:featuredmedia":[{"embeddable":true,"href":"https:\/\/truusk.store\/sv\/wp-json\/wp\/v2\/media\/87276"}],"wp:attachment":[{"href":"https:\/\/truusk.store\/sv\/wp-json\/wp\/v2\/media?parent=87285"}],"wp:term":[{"taxonomy":"product_brand","embeddable":true,"href":"https:\/\/truusk.store\/sv\/wp-json\/wp\/v2\/product_brand?post=87285"},{"taxonomy":"product_cat","embeddable":true,"href":"https:\/\/truusk.store\/sv\/wp-json\/wp\/v2\/product_cat?post=87285"},{"taxonomy":"product_tag","embeddable":true,"href":"https:\/\/truusk.store\/sv\/wp-json\/wp\/v2\/product_tag?post=87285"}],"curies":[{"name":"wp","href":"https:\/\/api.w.org\/{rel}","templated":true}]}}