{"id":87315,"date":"2025-08-20T06:08:18","date_gmt":"2025-08-20T05:08:18","guid":{"rendered":"https:\/\/truusk.store\/product\/vaggdekoration-rund-vaggspegel-metallram-%cf%8665-cm-farg-guld\/"},"modified":"2026-03-12T09:40:33","modified_gmt":"2026-03-12T08:40:33","slug":"truusk-rund-vaggspegel-i-guld-metallram-%cf%8665-cm-vaggdekoration","status":"publish","type":"product","link":"https:\/\/truusk.store\/sv\/produkt\/truusk-rund-vaggspegel-i-guld-metallram-%cf%8665-cm-vaggdekoration\/","title":{"rendered":"TRUUSK Rund V\u00e4ggspegel i Guld &#8211; Metallram &#8211; \u03a665 cm &#8211; V\u00e4ggdekoration"},"content":{"rendered":"<p>Letar du efter en smakfull v\u00e4ggdekoration? Du har hittat den: Denna klara, runda spegel, inramad av en unikt asymmetrisk metallram, ger varje rum en vacker sofistikering. Denna v\u00e4ggdekoration k\u00e4nnetecknas av tjockt, klart spegelglas, vilket \u00e4r b\u00e5de praktiskt och utomordentligt estetiskt. Tack vare det enkla monteringssystemet kan denna spegel snabbt monteras var som helst. Denna pj\u00e4s \u00e4r ocks\u00e5 utm\u00e4rkt som en g\u00e5va.<\/p>\n<p>Beskrivning:<\/p>\n<ul>\n<li> Rund spegel med unik metallram som f\u00f6rh\u00f6jer estetiken i varje rum<\/li>\n<li> Tjockt glas som f\u00f6rblir klart och inte missf\u00e4rgas<\/li>\n<li> F\u00f6rmonterade krokar underl\u00e4ttar v\u00e4ggmontering, monteringstillbeh\u00f6r ing\u00e5r<\/li>\n<li> M\u00e5ngsidigt anv\u00e4ndbar i vardagsrum, sovrum och matplatser<\/li>\n<li> En idealisk inflyttningsg\u00e5va<\/li>\n<li> Ingen montering kr\u00e4vs<\/li>\n<\/ul>\n<p> Tekniska data:<\/p>\n<ul>\n<li> F\u00e4rg: Guld<\/li>\n<li> Material: Metall, Glas<\/li>\n<li> Totala dimensioner: \u00d865 x 1T cm<\/li>\n<li> Glasstorlek: \u00d843 cm<\/li>\n<\/ul>\n<p>Leveransinneh\u00e5ll:<\/p>\n<ul>\n<li> 1 x V\u00e4ggdekoration<\/li>\n<li> 1 x Upph\u00e4ngningsutrustning<\/li>\n<\/ul>\n","protected":false},"excerpt":{"rendered":"<p>Letar du efter en smakfull v\u00e4ggdekoration? Du har hittat den: Denna klara, runda spegel, inramad av en unikt asymmetrisk metallram,&#8230;<\/p>\n","protected":false},"featured_media":87306,"template":"","meta":[],"product_brand":[],"product_cat":[962,871,683],"product_tag":[],"class_list":{"0":"post-87315","1":"product","2":"type-product","3":"status-publish","4":"has-post-thumbnail","6":"product_cat-dekoration","7":"product_cat-hus-hem","8":"product_cat-vaggdekoration","10":"first","11":"instock","12":"sale","13":"taxable","14":"shipping-taxable","15":"purchasable","16":"product-type-simple"},"yoast_head":"<!-- This site is optimized with the Yoast SEO plugin v25.4 - https:\/\/yoast.com\/wordpress\/plugins\/seo\/ -->\n<title>TRUUSK Rund V\u00e4ggspegel i Guld - Metallram - \u03a665 cm - V\u00e4ggdekoration - TRUUSK - Hem, Tr\u00e4dg\u00e5rd &amp; Fritid<\/title>\n<meta name=\"robots\" content=\"index, follow, max-snippet:-1, max-image-preview:large, max-video-preview:-1\" \/>\n<link rel=\"canonical\" href=\"https:\/\/truusk.store\/sv\/produkt\/truusk-rund-vaggspegel-i-guld-metallram-%cf%8665-cm-vaggdekoration\/\" \/>\n<meta property=\"og:locale\" content=\"sv_SE\" \/>\n<meta property=\"og:type\" content=\"article\" \/>\n<meta property=\"og:title\" content=\"TRUUSK Rund V\u00e4ggspegel i Guld - Metallram - \u03a665 cm - V\u00e4ggdekoration - TRUUSK - Hem, Tr\u00e4dg\u00e5rd &amp; Fritid\" \/>\n<meta property=\"og:description\" content=\"Letar du efter en smakfull v\u00e4ggdekoration? Du har hittat den: Denna klara, runda spegel, inramad av en unikt asymmetrisk metallram,...\" \/>\n<meta property=\"og:url\" content=\"https:\/\/truusk.store\/sv\/produkt\/truusk-rund-vaggspegel-i-guld-metallram-%cf%8665-cm-vaggdekoration\/\" \/>\n<meta property=\"og:site_name\" content=\"TRUUSK - Hem, Tr\u00e4dg\u00e5rd &amp; Fritid\" \/>\n<meta property=\"article:modified_time\" content=\"2026-03-12T08:40:33+00:00\" \/>\n<meta property=\"og:image\" content=\"https:\/\/i0.wp.com\/truusk.se\/wp-content\/uploads\/2025\/08\/vaggdekoration-rund-vaggspegel-metallram-cf8665-cm-farg-guld-1.webp?fit=2000%2C2000&ssl=1\" \/>\n\t<meta property=\"og:image:width\" content=\"2000\" \/>\n\t<meta property=\"og:image:height\" content=\"2000\" \/>\n\t<meta property=\"og:image:type\" content=\"image\/webp\" \/>\n<meta name=\"twitter:card\" content=\"summary_large_image\" \/>\n<meta name=\"twitter:label1\" content=\"Ber\u00e4knad l\u00e4stid\" \/>\n\t<meta name=\"twitter:data1\" content=\"1 minut\" \/>\n<!-- \/ Yoast SEO plugin. -->","yoast_head_json":{"title":"TRUUSK Rund V\u00e4ggspegel i Guld - Metallram - \u03a665 cm - V\u00e4ggdekoration - TRUUSK - Hem, Tr\u00e4dg\u00e5rd &amp; Fritid","robots":{"index":"index","follow":"follow","max-snippet":"max-snippet:-1","max-image-preview":"max-image-preview:large","max-video-preview":"max-video-preview:-1"},"canonical":"https:\/\/truusk.store\/sv\/produkt\/truusk-rund-vaggspegel-i-guld-metallram-%cf%8665-cm-vaggdekoration\/","og_locale":"sv_SE","og_type":"article","og_title":"TRUUSK Rund V\u00e4ggspegel i Guld - Metallram - \u03a665 cm - V\u00e4ggdekoration - TRUUSK - Hem, Tr\u00e4dg\u00e5rd &amp; Fritid","og_description":"Letar du efter en smakfull v\u00e4ggdekoration? Du har hittat den: Denna klara, runda spegel, inramad av en unikt asymmetrisk metallram,...","og_url":"https:\/\/truusk.store\/sv\/produkt\/truusk-rund-vaggspegel-i-guld-metallram-%cf%8665-cm-vaggdekoration\/","og_site_name":"TRUUSK - Hem, Tr\u00e4dg\u00e5rd &amp; Fritid","article_modified_time":"2026-03-12T08:40:33+00:00","og_image":[{"width":2000,"height":2000,"url":"https:\/\/i0.wp.com\/truusk.se\/wp-content\/uploads\/2025\/08\/vaggdekoration-rund-vaggspegel-metallram-cf8665-cm-farg-guld-1.webp?fit=2000%2C2000&ssl=1","type":"image\/webp"}],"twitter_card":"summary_large_image","twitter_misc":{"Ber\u00e4knad l\u00e4stid":"1 minut"},"schema":{"@context":"https:\/\/schema.org","@graph":[{"@type":"WebPage","@id":"https:\/\/truusk.store\/sv\/produkt\/truusk-rund-vaggspegel-i-guld-metallram-%cf%8665-cm-vaggdekoration\/","url":"https:\/\/truusk.store\/sv\/produkt\/truusk-rund-vaggspegel-i-guld-metallram-%cf%8665-cm-vaggdekoration\/","name":"TRUUSK Rund V\u00e4ggspegel i Guld - Metallram - \u03a665 cm - V\u00e4ggdekoration - TRUUSK - Hem, Tr\u00e4dg\u00e5rd &amp; Fritid","isPartOf":{"@id":"https:\/\/truusk.store\/sv\/#website"},"primaryImageOfPage":{"@id":"https:\/\/truusk.store\/sv\/produkt\/truusk-rund-vaggspegel-i-guld-metallram-%cf%8665-cm-vaggdekoration\/#primaryimage"},"image":{"@id":"https:\/\/truusk.store\/sv\/produkt\/truusk-rund-vaggspegel-i-guld-metallram-%cf%8665-cm-vaggdekoration\/#primaryimage"},"thumbnailUrl":"https:\/\/i0.wp.com\/truusk.store\/wp-content\/uploads\/2025\/08\/vaggdekoration-rund-vaggspegel-metallram-cf8665-cm-farg-guld-1.webp?fit=2000%2C2000&ssl=1","datePublished":"2025-08-20T05:08:18+00:00","dateModified":"2026-03-12T08:40:33+00:00","breadcrumb":{"@id":"https:\/\/truusk.store\/sv\/produkt\/truusk-rund-vaggspegel-i-guld-metallram-%cf%8665-cm-vaggdekoration\/#breadcrumb"},"inLanguage":"sv-SE","potentialAction":[{"@type":"ReadAction","target":["https:\/\/truusk.store\/sv\/produkt\/truusk-rund-vaggspegel-i-guld-metallram-%cf%8665-cm-vaggdekoration\/"]}]},{"@type":"ImageObject","inLanguage":"sv-SE","@id":"https:\/\/truusk.store\/sv\/produkt\/truusk-rund-vaggspegel-i-guld-metallram-%cf%8665-cm-vaggdekoration\/#primaryimage","url":"https:\/\/i0.wp.com\/truusk.store\/wp-content\/uploads\/2025\/08\/vaggdekoration-rund-vaggspegel-metallram-cf8665-cm-farg-guld-1.webp?fit=2000%2C2000&ssl=1","contentUrl":"https:\/\/i0.wp.com\/truusk.store\/wp-content\/uploads\/2025\/08\/vaggdekoration-rund-vaggspegel-metallram-cf8665-cm-farg-guld-1.webp?fit=2000%2C2000&ssl=1","width":2000,"height":2000},{"@type":"BreadcrumbList","@id":"https:\/\/truusk.store\/sv\/produkt\/truusk-rund-vaggspegel-i-guld-metallram-%cf%8665-cm-vaggdekoration\/#breadcrumb","itemListElement":[{"@type":"ListItem","position":1,"name":"Home","item":"https:\/\/truusk.store\/sv\/"},{"@type":"ListItem","position":2,"name":"Shop","item":"https:\/\/truusk.store\/shop\/"},{"@type":"ListItem","position":3,"name":"TRUUSK Rund V\u00e4ggspegel i Guld &#8211; Metallram &#8211; \u03a665 cm &#8211; V\u00e4ggdekoration"}]},{"@type":"WebSite","@id":"https:\/\/truusk.store\/sv\/#website","url":"https:\/\/truusk.store\/sv\/","name":"TRUUSK - Hem, Tr\u00e4dg\u00e5rd & Fritid","description":"","publisher":{"@id":"https:\/\/truusk.store\/sv\/#organization"},"potentialAction":[{"@type":"SearchAction","target":{"@type":"EntryPoint","urlTemplate":"https:\/\/truusk.store\/sv\/?s={search_term_string}"},"query-input":{"@type":"PropertyValueSpecification","valueRequired":true,"valueName":"search_term_string"}}],"inLanguage":"sv-SE"},{"@type":"Organization","@id":"https:\/\/truusk.store\/sv\/#organization","name":"TRUUSK - Hem, Tr\u00e4dg\u00e5rd & Fritid","url":"https:\/\/truusk.store\/sv\/","logo":{"@type":"ImageObject","inLanguage":"sv-SE","@id":"https:\/\/truusk.store\/sv\/#\/schema\/logo\/image\/","url":"https:\/\/i0.wp.com\/truusk.store\/wp-content\/uploads\/2026\/03\/cropped-TRUUSK.png?fit=2032%2C917&ssl=1","contentUrl":"https:\/\/i0.wp.com\/truusk.store\/wp-content\/uploads\/2026\/03\/cropped-TRUUSK.png?fit=2032%2C917&ssl=1","width":2032,"height":917,"caption":"TRUUSK - Hem, Tr\u00e4dg\u00e5rd & Fritid"},"image":{"@id":"https:\/\/truusk.store\/sv\/#\/schema\/logo\/image\/"}}]}},"jetpack_sharing_enabled":true,"_links":{"self":[{"href":"https:\/\/truusk.store\/sv\/wp-json\/wp\/v2\/product\/87315","targetHints":{"allow":["GET"]}}],"collection":[{"href":"https:\/\/truusk.store\/sv\/wp-json\/wp\/v2\/product"}],"about":[{"href":"https:\/\/truusk.store\/sv\/wp-json\/wp\/v2\/types\/product"}],"wp:featuredmedia":[{"embeddable":true,"href":"https:\/\/truusk.store\/sv\/wp-json\/wp\/v2\/media\/87306"}],"wp:attachment":[{"href":"https:\/\/truusk.store\/sv\/wp-json\/wp\/v2\/media?parent=87315"}],"wp:term":[{"taxonomy":"product_brand","embeddable":true,"href":"https:\/\/truusk.store\/sv\/wp-json\/wp\/v2\/product_brand?post=87315"},{"taxonomy":"product_cat","embeddable":true,"href":"https:\/\/truusk.store\/sv\/wp-json\/wp\/v2\/product_cat?post=87315"},{"taxonomy":"product_tag","embeddable":true,"href":"https:\/\/truusk.store\/sv\/wp-json\/wp\/v2\/product_tag?post=87315"}],"curies":[{"name":"wp","href":"https:\/\/api.w.org\/{rel}","templated":true}]}}