{"id":87355,"date":"2025-08-20T06:12:31","date_gmt":"2025-08-20T05:12:31","guid":{"rendered":"https:\/\/truusk.store\/product\/motorcykelstall-for-17-21-430-530-mm-framhjul-justerbar-tillverkad-av-metall-rod\/"},"modified":"2026-03-12T09:41:07","modified_gmt":"2026-03-12T08:41:07","slug":"truusk-motorcykelstall-for-17-21-framhjul-justerbar-metall-rod","status":"publish","type":"product","link":"https:\/\/truusk.store\/sv\/produkt\/truusk-motorcykelstall-for-17-21-framhjul-justerbar-metall-rod\/","title":{"rendered":"TRUUSK Motorcykelst\u00e4ll f\u00f6r 17-21&#8243; Framhjul &#8211; Justerbar &#8211; Metall &#8211; R\u00f6d"},"content":{"rendered":"<p>Den universella st\u00f6dskenan f\u00f6r motorcykelst\u00f6det f\u00f6r 17-21 tum (43 till 53 cm) hjul underl\u00e4ttar lyft av motorcykelns framhjul f\u00f6r enklare reparation och underh\u00e5ll. Idealisk motorcykelrockare \u00e4ven f\u00f6r l\u00e5ngvarig lagring \u00f6ver vintern. Kan ocks\u00e5 f\u00f6rankras fast i marken.<\/p>\n<p>Beskrivning:<\/p>\n<ul>\n<li> Enkel och modern design, kompakt storlek f\u00f6r att ta upp s\u00e5 lite utrymme som m\u00f6jligt<\/li>\n<li> Utm\u00e4rkt design och tillverkningskvalitet: Ram av rektangul\u00e4rt, rostfritt epoximetallr\u00f6r, robusthet f\u00f6r en optimerad livsl\u00e4ngd<\/li>\n<li> Monteringsst\u00e4llet m\u00f6jligg\u00f6r en enkel och s\u00e4ker lyftning av ditt motorcykels framhjul f\u00f6r att underl\u00e4tta reparation och underh\u00e5ll<\/li>\n<li> Monteringsst\u00e4llet \u00e4r ocks\u00e5 l\u00e4mpligt f\u00f6r l\u00e5ngtidsf\u00f6rvaring av din motorcykel (till exempel \u00f6ver vintern)<\/li>\n<li> Utvecklad f\u00f6r golvinstallation, men kan ocks\u00e5 f\u00e4stas p\u00e5 baksidan av en sl\u00e4pvagn (monteringskit ing\u00e5r)<\/li>\n<li> Universell form, detta robusta st\u00f6dskenesystem (nettovikt 6,5 kg) passar f\u00f6r de flesta motorcyklar<\/li>\n<li> Halkfria kuddar: optimal stabilitet<\/li>\n<li> Enkel och snabb montering och demontering (illustrerad instruktion medf\u00f6ljer)<\/li>\n<\/ul>\n<p> Tekniska data:<\/p>\n<ul>\n<li> F\u00e4rg: R\u00f6d<\/li>\n<li> Material: Metall<\/li>\n<li> Totala dimensioner: 60L x 55B x 43H cm<\/li>\n<li> Rekommenderad maximal belastning: 250 kg<\/li>\n<\/ul>\n<p>Ing\u00e5r i leveransen:<\/p>\n<ul>\n<li> 1 x Motorcykelst\u00f6d<\/li>\n<li> 1 x Handbok<\/li>\n<\/ul>\n","protected":false},"excerpt":{"rendered":"<p>Den universella st\u00f6dskenan f\u00f6r motorcykelst\u00f6det f\u00f6r 17-21 tum (43 till 53 cm) hjul underl\u00e4ttar lyft av motorcykelns framhjul f\u00f6r enklare&#8230;<\/p>\n","protected":false},"featured_media":87346,"template":"","meta":[],"product_brand":[],"product_cat":[684,867],"product_tag":[],"class_list":{"0":"post-87355","1":"product","2":"type-product","3":"status-publish","4":"has-post-thumbnail","6":"product_cat-biltillbehor","7":"product_cat-byggmarknad","9":"first","10":"instock","11":"sale","12":"taxable","13":"shipping-taxable","14":"purchasable","15":"product-type-simple"},"yoast_head":"<!-- This site is optimized with the Yoast SEO plugin v25.4 - https:\/\/yoast.com\/wordpress\/plugins\/seo\/ -->\n<title>TRUUSK Motorcykelst\u00e4ll f\u00f6r 17-21&quot; Framhjul - Justerbar - Metall - R\u00f6d - TRUUSK - Hem, Tr\u00e4dg\u00e5rd &amp; Fritid<\/title>\n<meta name=\"robots\" content=\"index, follow, max-snippet:-1, max-image-preview:large, max-video-preview:-1\" \/>\n<link rel=\"canonical\" href=\"https:\/\/truusk.store\/sv\/produkt\/truusk-motorcykelstall-for-17-21-framhjul-justerbar-metall-rod\/\" \/>\n<meta property=\"og:locale\" content=\"sv_SE\" \/>\n<meta property=\"og:type\" content=\"article\" \/>\n<meta property=\"og:title\" content=\"TRUUSK Motorcykelst\u00e4ll f\u00f6r 17-21&quot; Framhjul - Justerbar - Metall - R\u00f6d - TRUUSK - Hem, Tr\u00e4dg\u00e5rd &amp; Fritid\" \/>\n<meta property=\"og:description\" content=\"Den universella st\u00f6dskenan f\u00f6r motorcykelst\u00f6det f\u00f6r 17-21 tum (43 till 53 cm) hjul underl\u00e4ttar lyft av motorcykelns framhjul f\u00f6r enklare...\" \/>\n<meta property=\"og:url\" content=\"https:\/\/truusk.store\/sv\/produkt\/truusk-motorcykelstall-for-17-21-framhjul-justerbar-metall-rod\/\" \/>\n<meta property=\"og:site_name\" content=\"TRUUSK - Hem, Tr\u00e4dg\u00e5rd &amp; Fritid\" \/>\n<meta property=\"article:modified_time\" content=\"2026-03-12T08:41:07+00:00\" \/>\n<meta property=\"og:image\" content=\"https:\/\/i0.wp.com\/truusk.se\/wp-content\/uploads\/2025\/08\/motorcykelstall-for-17-21-430-530-mm-framhjul-justerbar-tillverkad-av-metall-rod-1.webp?fit=2000%2C2000&ssl=1\" \/>\n\t<meta property=\"og:image:width\" content=\"2000\" \/>\n\t<meta property=\"og:image:height\" content=\"2000\" \/>\n\t<meta property=\"og:image:type\" content=\"image\/webp\" \/>\n<meta name=\"twitter:card\" content=\"summary_large_image\" \/>\n<meta name=\"twitter:label1\" content=\"Ber\u00e4knad l\u00e4stid\" \/>\n\t<meta name=\"twitter:data1\" content=\"1 minut\" \/>\n<!-- \/ Yoast SEO plugin. -->","yoast_head_json":{"title":"TRUUSK Motorcykelst\u00e4ll f\u00f6r 17-21\" Framhjul - Justerbar - Metall - R\u00f6d - TRUUSK - Hem, Tr\u00e4dg\u00e5rd &amp; Fritid","robots":{"index":"index","follow":"follow","max-snippet":"max-snippet:-1","max-image-preview":"max-image-preview:large","max-video-preview":"max-video-preview:-1"},"canonical":"https:\/\/truusk.store\/sv\/produkt\/truusk-motorcykelstall-for-17-21-framhjul-justerbar-metall-rod\/","og_locale":"sv_SE","og_type":"article","og_title":"TRUUSK Motorcykelst\u00e4ll f\u00f6r 17-21\" Framhjul - Justerbar - Metall - R\u00f6d - TRUUSK - Hem, Tr\u00e4dg\u00e5rd &amp; Fritid","og_description":"Den universella st\u00f6dskenan f\u00f6r motorcykelst\u00f6det f\u00f6r 17-21 tum (43 till 53 cm) hjul underl\u00e4ttar lyft av motorcykelns framhjul f\u00f6r enklare...","og_url":"https:\/\/truusk.store\/sv\/produkt\/truusk-motorcykelstall-for-17-21-framhjul-justerbar-metall-rod\/","og_site_name":"TRUUSK - Hem, Tr\u00e4dg\u00e5rd &amp; Fritid","article_modified_time":"2026-03-12T08:41:07+00:00","og_image":[{"width":2000,"height":2000,"url":"https:\/\/i0.wp.com\/truusk.se\/wp-content\/uploads\/2025\/08\/motorcykelstall-for-17-21-430-530-mm-framhjul-justerbar-tillverkad-av-metall-rod-1.webp?fit=2000%2C2000&ssl=1","type":"image\/webp"}],"twitter_card":"summary_large_image","twitter_misc":{"Ber\u00e4knad l\u00e4stid":"1 minut"},"schema":{"@context":"https:\/\/schema.org","@graph":[{"@type":"WebPage","@id":"https:\/\/truusk.store\/sv\/produkt\/truusk-motorcykelstall-for-17-21-framhjul-justerbar-metall-rod\/","url":"https:\/\/truusk.store\/sv\/produkt\/truusk-motorcykelstall-for-17-21-framhjul-justerbar-metall-rod\/","name":"TRUUSK Motorcykelst\u00e4ll f\u00f6r 17-21\" Framhjul - Justerbar - Metall - R\u00f6d - TRUUSK - Hem, Tr\u00e4dg\u00e5rd &amp; Fritid","isPartOf":{"@id":"https:\/\/truusk.store\/sv\/#website"},"primaryImageOfPage":{"@id":"https:\/\/truusk.store\/sv\/produkt\/truusk-motorcykelstall-for-17-21-framhjul-justerbar-metall-rod\/#primaryimage"},"image":{"@id":"https:\/\/truusk.store\/sv\/produkt\/truusk-motorcykelstall-for-17-21-framhjul-justerbar-metall-rod\/#primaryimage"},"thumbnailUrl":"https:\/\/i0.wp.com\/truusk.store\/wp-content\/uploads\/2025\/08\/motorcykelstall-for-17-21-430-530-mm-framhjul-justerbar-tillverkad-av-metall-rod-1.webp?fit=2000%2C2000&ssl=1","datePublished":"2025-08-20T05:12:31+00:00","dateModified":"2026-03-12T08:41:07+00:00","breadcrumb":{"@id":"https:\/\/truusk.store\/sv\/produkt\/truusk-motorcykelstall-for-17-21-framhjul-justerbar-metall-rod\/#breadcrumb"},"inLanguage":"sv-SE","potentialAction":[{"@type":"ReadAction","target":["https:\/\/truusk.store\/sv\/produkt\/truusk-motorcykelstall-for-17-21-framhjul-justerbar-metall-rod\/"]}]},{"@type":"ImageObject","inLanguage":"sv-SE","@id":"https:\/\/truusk.store\/sv\/produkt\/truusk-motorcykelstall-for-17-21-framhjul-justerbar-metall-rod\/#primaryimage","url":"https:\/\/i0.wp.com\/truusk.store\/wp-content\/uploads\/2025\/08\/motorcykelstall-for-17-21-430-530-mm-framhjul-justerbar-tillverkad-av-metall-rod-1.webp?fit=2000%2C2000&ssl=1","contentUrl":"https:\/\/i0.wp.com\/truusk.store\/wp-content\/uploads\/2025\/08\/motorcykelstall-for-17-21-430-530-mm-framhjul-justerbar-tillverkad-av-metall-rod-1.webp?fit=2000%2C2000&ssl=1","width":2000,"height":2000},{"@type":"BreadcrumbList","@id":"https:\/\/truusk.store\/sv\/produkt\/truusk-motorcykelstall-for-17-21-framhjul-justerbar-metall-rod\/#breadcrumb","itemListElement":[{"@type":"ListItem","position":1,"name":"Home","item":"https:\/\/truusk.store\/sv\/"},{"@type":"ListItem","position":2,"name":"Shop","item":"https:\/\/truusk.store\/shop\/"},{"@type":"ListItem","position":3,"name":"TRUUSK Motorcykelst\u00e4ll f\u00f6r 17-21&#8243; Framhjul &#8211; Justerbar &#8211; Metall &#8211; R\u00f6d"}]},{"@type":"WebSite","@id":"https:\/\/truusk.store\/sv\/#website","url":"https:\/\/truusk.store\/sv\/","name":"TRUUSK - Hem, Tr\u00e4dg\u00e5rd & Fritid","description":"","publisher":{"@id":"https:\/\/truusk.store\/sv\/#organization"},"potentialAction":[{"@type":"SearchAction","target":{"@type":"EntryPoint","urlTemplate":"https:\/\/truusk.store\/sv\/?s={search_term_string}"},"query-input":{"@type":"PropertyValueSpecification","valueRequired":true,"valueName":"search_term_string"}}],"inLanguage":"sv-SE"},{"@type":"Organization","@id":"https:\/\/truusk.store\/sv\/#organization","name":"TRUUSK - Hem, Tr\u00e4dg\u00e5rd & Fritid","url":"https:\/\/truusk.store\/sv\/","logo":{"@type":"ImageObject","inLanguage":"sv-SE","@id":"https:\/\/truusk.store\/sv\/#\/schema\/logo\/image\/","url":"https:\/\/i0.wp.com\/truusk.store\/wp-content\/uploads\/2026\/03\/cropped-TRUUSK.png?fit=2032%2C917&ssl=1","contentUrl":"https:\/\/i0.wp.com\/truusk.store\/wp-content\/uploads\/2026\/03\/cropped-TRUUSK.png?fit=2032%2C917&ssl=1","width":2032,"height":917,"caption":"TRUUSK - Hem, Tr\u00e4dg\u00e5rd & Fritid"},"image":{"@id":"https:\/\/truusk.store\/sv\/#\/schema\/logo\/image\/"}}]}},"jetpack_sharing_enabled":true,"_links":{"self":[{"href":"https:\/\/truusk.store\/sv\/wp-json\/wp\/v2\/product\/87355","targetHints":{"allow":["GET"]}}],"collection":[{"href":"https:\/\/truusk.store\/sv\/wp-json\/wp\/v2\/product"}],"about":[{"href":"https:\/\/truusk.store\/sv\/wp-json\/wp\/v2\/types\/product"}],"wp:featuredmedia":[{"embeddable":true,"href":"https:\/\/truusk.store\/sv\/wp-json\/wp\/v2\/media\/87346"}],"wp:attachment":[{"href":"https:\/\/truusk.store\/sv\/wp-json\/wp\/v2\/media?parent=87355"}],"wp:term":[{"taxonomy":"product_brand","embeddable":true,"href":"https:\/\/truusk.store\/sv\/wp-json\/wp\/v2\/product_brand?post=87355"},{"taxonomy":"product_cat","embeddable":true,"href":"https:\/\/truusk.store\/sv\/wp-json\/wp\/v2\/product_cat?post=87355"},{"taxonomy":"product_tag","embeddable":true,"href":"https:\/\/truusk.store\/sv\/wp-json\/wp\/v2\/product_tag?post=87355"}],"curies":[{"name":"wp","href":"https:\/\/api.w.org\/{rel}","templated":true}]}}