{"id":87375,"date":"2025-08-20T06:14:23","date_gmt":"2025-08-20T05:14:23","guid":{"rendered":"https:\/\/truusk.store\/product\/aiyaplay-balanscykel-justerbart-sate-viskande-hjul-for-1-3-ar-upp-till-20-kg-gron-vit\/"},"modified":"2026-03-12T09:41:09","modified_gmt":"2026-03-12T08:41:09","slug":"truusk-balanscykel-for-smabarn-justerbart-sate-viskande-hjul-for-1-3-ar-upp-till-20-kg-gron-vit","status":"publish","type":"product","link":"https:\/\/truusk.store\/sv\/produkt\/truusk-balanscykel-for-smabarn-justerbart-sate-viskande-hjul-for-1-3-ar-upp-till-20-kg-gron-vit\/","title":{"rendered":"TRUUSK Balanscykel f\u00f6r Sm\u00e5barn &#8211; Justerbart S\u00e4te &#8211; Viskande Hjul &#8211; F\u00f6r 1-3 \u00e5r &#8211; Upp Till 20 Kg &#8211; Gr\u00f6n\/Vit"},"content":{"rendered":"<p>L\u00e5t oss b\u00f6rja, p\u00e5 AIYAPLAY Balanscykel! Perfekt f\u00f6r ditt sm\u00e5barns f\u00f6rsta steg &#8211; fr\u00e5n att skjuta till att g\u00e5 s\u00e4kert. Den 2 cm justerbara s\u00e4tet anpassar sig till ditt barn fr\u00e5n 1-3 \u00e5r. De tysta d\u00e4cken \u00e4r idealiska f\u00f6r inomhus och utomhus, medan den s\u00e4kra designen s\u00e4kerst\u00e4ller en smidig \u00e5ktur. I den avtagbara korgen finns plats f\u00f6r favoritleksakerna. Starta ditt lilla \u00e4ventyrars cykelkarri\u00e4r idag.<\/p>\n<p>Beskrivning:<\/p>\n<ul>\n<li> Fr\u00e4mjar s\u00e4kert och mjukt l\u00e4rande av k\u00f6rning f\u00f6r barn<\/li>\n<li> Balanscykelns s\u00e4te \u00e4r justerbart f\u00f6r barn mellan 1 och 3 \u00e5r<\/li>\n<li> Inneh\u00e5ller en avtagbar korg f\u00f6r leksaker och viktiga saker<\/li>\n<li> Balanscykelns viskard\u00e4ck \u00e4r l\u00e4mpliga f\u00f6r inomhus och utomhus<\/li>\n<li> Balanscykelns s\u00e4kerhetsdesign med begr\u00e4nsad styrning och st\u00e4ngda hjul<\/li>\n<li> Montering kr\u00e4vs<\/li>\n<\/ul>\n<p> Tekniska specifikationer:<\/p>\n<ul>\n<li> F\u00e4rg: Gr\u00f6n+Vit<\/li>\n<li> Material: Aluminiumlegering, Plast<\/li>\n<li> Totala m\u00e5tt: 56L x 27B x 39H cm<\/li>\n<li> Sitsstorlek: 17,5L x 10B x 24,5H cm<\/li>\n<li> Hjulstorlek: \u00d817,5 cm<\/li>\n<li> Max. styrningsvinkel: 115\u00b0<\/li>\n<li> Maximal belastning: 20 kg<\/li>\n<li> Rekommenderad \u00e5lder: 1-3 \u00e5r<\/li>\n<\/ul>\n<p>Leveransinneh\u00e5ll:<\/p>\n<ul>\n<li> 1 x Balanscykel<\/li>\n<li> 1 x Bruksanvisning<\/li>\n<\/ul>\n","protected":false},"excerpt":{"rendered":"<p>L\u00e5t oss b\u00f6rja, p\u00e5 AIYAPLAY Balanscykel! Perfekt f\u00f6r ditt sm\u00e5barns f\u00f6rsta steg &#8211; fr\u00e5n att skjuta till att g\u00e5 s\u00e4kert&#8230;.<\/p>\n","protected":false},"featured_media":87366,"template":"","meta":[],"product_brand":[],"product_cat":[880,952,610],"product_tag":[],"class_list":{"0":"post-87375","1":"product","2":"type-product","3":"status-publish","4":"has-post-thumbnail","6":"product_cat-baby-barn-2","7":"product_cat-balanscyklar-och-akfordon","8":"product_cat-barnfordon","10":"first","11":"instock","12":"sale","13":"taxable","14":"shipping-taxable","15":"purchasable","16":"product-type-simple"},"yoast_head":"<!-- This site is optimized with the Yoast SEO plugin v25.4 - https:\/\/yoast.com\/wordpress\/plugins\/seo\/ -->\n<title>TRUUSK Balanscykel f\u00f6r Sm\u00e5barn - Justerbart S\u00e4te - Viskande Hjul - F\u00f6r 1-3 \u00e5r - Upp Till 20 Kg - Gr\u00f6n\/Vit - TRUUSK - Hem, Tr\u00e4dg\u00e5rd &amp; Fritid<\/title>\n<meta name=\"robots\" content=\"index, follow, max-snippet:-1, max-image-preview:large, max-video-preview:-1\" \/>\n<link rel=\"canonical\" href=\"https:\/\/truusk.store\/sv\/produkt\/truusk-balanscykel-for-smabarn-justerbart-sate-viskande-hjul-for-1-3-ar-upp-till-20-kg-gron-vit\/\" \/>\n<meta property=\"og:locale\" content=\"sv_SE\" \/>\n<meta property=\"og:type\" content=\"article\" \/>\n<meta property=\"og:title\" content=\"TRUUSK Balanscykel f\u00f6r Sm\u00e5barn - Justerbart S\u00e4te - Viskande Hjul - F\u00f6r 1-3 \u00e5r - Upp Till 20 Kg - Gr\u00f6n\/Vit - TRUUSK - Hem, Tr\u00e4dg\u00e5rd &amp; Fritid\" \/>\n<meta property=\"og:description\" content=\"L\u00e5t oss b\u00f6rja, p\u00e5 AIYAPLAY Balanscykel! Perfekt f\u00f6r ditt sm\u00e5barns f\u00f6rsta steg &#8211; fr\u00e5n att skjuta till att g\u00e5 s\u00e4kert....\" \/>\n<meta property=\"og:url\" content=\"https:\/\/truusk.store\/sv\/produkt\/truusk-balanscykel-for-smabarn-justerbart-sate-viskande-hjul-for-1-3-ar-upp-till-20-kg-gron-vit\/\" \/>\n<meta property=\"og:site_name\" content=\"TRUUSK - Hem, Tr\u00e4dg\u00e5rd &amp; Fritid\" \/>\n<meta property=\"article:modified_time\" content=\"2026-03-12T08:41:09+00:00\" \/>\n<meta property=\"og:image\" content=\"https:\/\/i0.wp.com\/truusk.se\/wp-content\/uploads\/2025\/08\/aiyaplay-balanscykel-justerbart-sate-viskande-hjul-for-1-3-ar-upp-till-20-kg-gron-vit-1.webp?fit=2000%2C2000&ssl=1\" \/>\n\t<meta property=\"og:image:width\" content=\"2000\" \/>\n\t<meta property=\"og:image:height\" content=\"2000\" \/>\n\t<meta property=\"og:image:type\" content=\"image\/webp\" \/>\n<meta name=\"twitter:card\" content=\"summary_large_image\" \/>\n<meta name=\"twitter:label1\" content=\"Ber\u00e4knad l\u00e4stid\" \/>\n\t<meta name=\"twitter:data1\" content=\"1 minut\" \/>\n<!-- \/ Yoast SEO plugin. -->","yoast_head_json":{"title":"TRUUSK Balanscykel f\u00f6r Sm\u00e5barn - Justerbart S\u00e4te - Viskande Hjul - F\u00f6r 1-3 \u00e5r - Upp Till 20 Kg - Gr\u00f6n\/Vit - TRUUSK - Hem, Tr\u00e4dg\u00e5rd &amp; Fritid","robots":{"index":"index","follow":"follow","max-snippet":"max-snippet:-1","max-image-preview":"max-image-preview:large","max-video-preview":"max-video-preview:-1"},"canonical":"https:\/\/truusk.store\/sv\/produkt\/truusk-balanscykel-for-smabarn-justerbart-sate-viskande-hjul-for-1-3-ar-upp-till-20-kg-gron-vit\/","og_locale":"sv_SE","og_type":"article","og_title":"TRUUSK Balanscykel f\u00f6r Sm\u00e5barn - Justerbart S\u00e4te - Viskande Hjul - F\u00f6r 1-3 \u00e5r - Upp Till 20 Kg - Gr\u00f6n\/Vit - TRUUSK - Hem, Tr\u00e4dg\u00e5rd &amp; Fritid","og_description":"L\u00e5t oss b\u00f6rja, p\u00e5 AIYAPLAY Balanscykel! Perfekt f\u00f6r ditt sm\u00e5barns f\u00f6rsta steg &#8211; fr\u00e5n att skjuta till att g\u00e5 s\u00e4kert....","og_url":"https:\/\/truusk.store\/sv\/produkt\/truusk-balanscykel-for-smabarn-justerbart-sate-viskande-hjul-for-1-3-ar-upp-till-20-kg-gron-vit\/","og_site_name":"TRUUSK - Hem, Tr\u00e4dg\u00e5rd &amp; Fritid","article_modified_time":"2026-03-12T08:41:09+00:00","og_image":[{"width":2000,"height":2000,"url":"https:\/\/i0.wp.com\/truusk.se\/wp-content\/uploads\/2025\/08\/aiyaplay-balanscykel-justerbart-sate-viskande-hjul-for-1-3-ar-upp-till-20-kg-gron-vit-1.webp?fit=2000%2C2000&ssl=1","type":"image\/webp"}],"twitter_card":"summary_large_image","twitter_misc":{"Ber\u00e4knad l\u00e4stid":"1 minut"},"schema":{"@context":"https:\/\/schema.org","@graph":[{"@type":"WebPage","@id":"https:\/\/truusk.store\/sv\/produkt\/truusk-balanscykel-for-smabarn-justerbart-sate-viskande-hjul-for-1-3-ar-upp-till-20-kg-gron-vit\/","url":"https:\/\/truusk.store\/sv\/produkt\/truusk-balanscykel-for-smabarn-justerbart-sate-viskande-hjul-for-1-3-ar-upp-till-20-kg-gron-vit\/","name":"TRUUSK Balanscykel f\u00f6r Sm\u00e5barn - Justerbart S\u00e4te - Viskande Hjul - F\u00f6r 1-3 \u00e5r - Upp Till 20 Kg - Gr\u00f6n\/Vit - TRUUSK - Hem, Tr\u00e4dg\u00e5rd &amp; Fritid","isPartOf":{"@id":"https:\/\/truusk.store\/sv\/#website"},"primaryImageOfPage":{"@id":"https:\/\/truusk.store\/sv\/produkt\/truusk-balanscykel-for-smabarn-justerbart-sate-viskande-hjul-for-1-3-ar-upp-till-20-kg-gron-vit\/#primaryimage"},"image":{"@id":"https:\/\/truusk.store\/sv\/produkt\/truusk-balanscykel-for-smabarn-justerbart-sate-viskande-hjul-for-1-3-ar-upp-till-20-kg-gron-vit\/#primaryimage"},"thumbnailUrl":"https:\/\/i0.wp.com\/truusk.store\/wp-content\/uploads\/2025\/08\/aiyaplay-balanscykel-justerbart-sate-viskande-hjul-for-1-3-ar-upp-till-20-kg-gron-vit-1.webp?fit=2000%2C2000&ssl=1","datePublished":"2025-08-20T05:14:23+00:00","dateModified":"2026-03-12T08:41:09+00:00","breadcrumb":{"@id":"https:\/\/truusk.store\/sv\/produkt\/truusk-balanscykel-for-smabarn-justerbart-sate-viskande-hjul-for-1-3-ar-upp-till-20-kg-gron-vit\/#breadcrumb"},"inLanguage":"sv-SE","potentialAction":[{"@type":"ReadAction","target":["https:\/\/truusk.store\/sv\/produkt\/truusk-balanscykel-for-smabarn-justerbart-sate-viskande-hjul-for-1-3-ar-upp-till-20-kg-gron-vit\/"]}]},{"@type":"ImageObject","inLanguage":"sv-SE","@id":"https:\/\/truusk.store\/sv\/produkt\/truusk-balanscykel-for-smabarn-justerbart-sate-viskande-hjul-for-1-3-ar-upp-till-20-kg-gron-vit\/#primaryimage","url":"https:\/\/i0.wp.com\/truusk.store\/wp-content\/uploads\/2025\/08\/aiyaplay-balanscykel-justerbart-sate-viskande-hjul-for-1-3-ar-upp-till-20-kg-gron-vit-1.webp?fit=2000%2C2000&ssl=1","contentUrl":"https:\/\/i0.wp.com\/truusk.store\/wp-content\/uploads\/2025\/08\/aiyaplay-balanscykel-justerbart-sate-viskande-hjul-for-1-3-ar-upp-till-20-kg-gron-vit-1.webp?fit=2000%2C2000&ssl=1","width":2000,"height":2000},{"@type":"BreadcrumbList","@id":"https:\/\/truusk.store\/sv\/produkt\/truusk-balanscykel-for-smabarn-justerbart-sate-viskande-hjul-for-1-3-ar-upp-till-20-kg-gron-vit\/#breadcrumb","itemListElement":[{"@type":"ListItem","position":1,"name":"Home","item":"https:\/\/truusk.store\/sv\/"},{"@type":"ListItem","position":2,"name":"Shop","item":"https:\/\/truusk.store\/shop\/"},{"@type":"ListItem","position":3,"name":"TRUUSK Balanscykel f\u00f6r Sm\u00e5barn &#8211; Justerbart S\u00e4te &#8211; Viskande Hjul &#8211; F\u00f6r 1-3 \u00e5r &#8211; Upp Till 20 Kg &#8211; Gr\u00f6n\/Vit"}]},{"@type":"WebSite","@id":"https:\/\/truusk.store\/sv\/#website","url":"https:\/\/truusk.store\/sv\/","name":"TRUUSK - Hem, Tr\u00e4dg\u00e5rd & Fritid","description":"","publisher":{"@id":"https:\/\/truusk.store\/sv\/#organization"},"potentialAction":[{"@type":"SearchAction","target":{"@type":"EntryPoint","urlTemplate":"https:\/\/truusk.store\/sv\/?s={search_term_string}"},"query-input":{"@type":"PropertyValueSpecification","valueRequired":true,"valueName":"search_term_string"}}],"inLanguage":"sv-SE"},{"@type":"Organization","@id":"https:\/\/truusk.store\/sv\/#organization","name":"TRUUSK - Hem, Tr\u00e4dg\u00e5rd & Fritid","url":"https:\/\/truusk.store\/sv\/","logo":{"@type":"ImageObject","inLanguage":"sv-SE","@id":"https:\/\/truusk.store\/sv\/#\/schema\/logo\/image\/","url":"https:\/\/i0.wp.com\/truusk.store\/wp-content\/uploads\/2026\/03\/cropped-TRUUSK.png?fit=2032%2C917&ssl=1","contentUrl":"https:\/\/i0.wp.com\/truusk.store\/wp-content\/uploads\/2026\/03\/cropped-TRUUSK.png?fit=2032%2C917&ssl=1","width":2032,"height":917,"caption":"TRUUSK - Hem, Tr\u00e4dg\u00e5rd & Fritid"},"image":{"@id":"https:\/\/truusk.store\/sv\/#\/schema\/logo\/image\/"}}]}},"jetpack_sharing_enabled":true,"_links":{"self":[{"href":"https:\/\/truusk.store\/sv\/wp-json\/wp\/v2\/product\/87375","targetHints":{"allow":["GET"]}}],"collection":[{"href":"https:\/\/truusk.store\/sv\/wp-json\/wp\/v2\/product"}],"about":[{"href":"https:\/\/truusk.store\/sv\/wp-json\/wp\/v2\/types\/product"}],"wp:featuredmedia":[{"embeddable":true,"href":"https:\/\/truusk.store\/sv\/wp-json\/wp\/v2\/media\/87366"}],"wp:attachment":[{"href":"https:\/\/truusk.store\/sv\/wp-json\/wp\/v2\/media?parent=87375"}],"wp:term":[{"taxonomy":"product_brand","embeddable":true,"href":"https:\/\/truusk.store\/sv\/wp-json\/wp\/v2\/product_brand?post=87375"},{"taxonomy":"product_cat","embeddable":true,"href":"https:\/\/truusk.store\/sv\/wp-json\/wp\/v2\/product_cat?post=87375"},{"taxonomy":"product_tag","embeddable":true,"href":"https:\/\/truusk.store\/sv\/wp-json\/wp\/v2\/product_tag?post=87375"}],"curies":[{"name":"wp","href":"https:\/\/api.w.org\/{rel}","templated":true}]}}