{"id":87415,"date":"2025-08-20T06:18:46","date_gmt":"2025-08-20T05:18:46","guid":{"rendered":"https:\/\/truusk.store\/product\/aiyaplay-elektrisk-barnmotorcykel-honda-3-km-h-musik-ljus-3-6-ar-upp-till-30-kg-rod\/"},"modified":"2026-03-12T09:41:13","modified_gmt":"2026-03-12T08:41:13","slug":"truusk-elektrisk-barnmotorcykel-honda-3-km-h-musik-ljus-for-barn-3-6-ar-upp-till-30-kg-rod","status":"publish","type":"product","link":"https:\/\/truusk.store\/sv\/produkt\/truusk-elektrisk-barnmotorcykel-honda-3-km-h-musik-ljus-for-barn-3-6-ar-upp-till-30-kg-rod\/","title":{"rendered":"TRUUSK Elektrisk Barnmotorcykel Honda &#8211; 3 Km\/h &#8211; Musik &amp; Ljus &#8211; F\u00f6r Barn 3-6 \u00e5r &#8211; Upp Till 30 Kg &#8211; R\u00f6d"},"content":{"rendered":"<p>G\u00f6r spelet \u00e4nnu mer sp\u00e4nnande med det Honda-licensierade AIYAPLAY elektriska motorcykeln. \u00c4ventyret b\u00f6rjar med ett enkelt knapptryck: fungerande str\u00e5lkastare och glada melodier f\u00f6ljer varje \u00e5ktur. Speciellt designad f\u00f6r asfalt, tegel eller betong, ger de medf\u00f6ljande st\u00f6dhjulen p\u00e5 barnens elektriska motorcykel en s\u00e4ker och sp\u00e4nnande \u00e5ktur med 3 km\/h. En sp\u00e4nnande upplevelse f\u00f6r sm\u00e5 racerk\u00f6rare!<\/p>\n<p>Beskrivning:<\/p>\n<ul>\n<li> Hondas licens garanterar kvalitet och f\u00f6rtroende f\u00f6r denna barnmotorcykel<\/li>\n<li> Startknapp, musik och lysande str\u00e5lkastare p\u00e5 den elektriska motorcykeln f\u00f6r barn berikar roliga och l\u00e4rande upplevelser<\/li>\n<li> Kommer med tv\u00e5 st\u00f6dhjul, \u00f6kar s\u00e4kerheten f\u00f6r nyb\u00f6rjare<\/li>\n<li> L\u00e4mplig f\u00f6r asfalt, tegel eller cement, m\u00e5ngsidig anv\u00e4ndning<\/li>\n<li> K\u00f6r med 3 km\/h tack vare dubbla motorer, en l\u00e4mplig hastighet f\u00f6r barn<\/li>\n<li> Har en energiindikator som bekv\u00e4mt sp\u00e5rar anv\u00e4ndningen<\/li>\n<li> Montering kr\u00e4vs<\/li>\n<\/ul>\n<p> Tekniska data:<\/p>\n<ul>\n<li> F\u00e4rg: R\u00f6d<\/li>\n<li> Material: Plast, metall<\/li>\n<li> Totala dimensioner: 107L x 46B x 75H cm<\/li>\n<li> Sitsstorlek: 34L x 12,8B x 43,1H cm (fr\u00e5n golvet)<\/li>\n<li> Laddningstid: 8-12 timmar<\/li>\n<li> Batteri: 12V 4,5AH<\/li>\n<li> Motor: 12V<\/li>\n<li> Drifttid: 45 Min.<\/li>\n<li> Hastighet: 3 km\/h<\/li>\n<li> Hjuldiameter: \u00d831 cm<\/li>\n<li> Belastningskapacitet: 30 kg<\/li>\n<li> Rekommenderad \u00e5lder: 3-6 \u00e5r gammal<\/li>\n<li> Notera: \u00d6vervaka alltid dina barn n\u00e4r de k\u00f6r<\/li>\n<\/ul>\n<p>Leveransinneh\u00e5ll:<\/p>\n<ul>\n<li> 1 x Elektrisk ride-on motorcykel<\/li>\n<li> 1 x Handbok<\/li>\n<\/ul>\n","protected":false},"excerpt":{"rendered":"<p>G\u00f6r spelet \u00e4nnu mer sp\u00e4nnande med det Honda-licensierade AIYAPLAY elektriska motorcykeln. \u00c4ventyret b\u00f6rjar med ett enkelt knapptryck: fungerande str\u00e5lkastare och&#8230;<\/p>\n","protected":false},"featured_media":87406,"template":"","meta":[],"product_brand":[],"product_cat":[880,610,1070],"product_tag":[],"class_list":{"0":"post-87415","1":"product","2":"type-product","3":"status-publish","4":"has-post-thumbnail","6":"product_cat-baby-barn-2","7":"product_cat-barnfordon","8":"product_cat-barns-elektriska-motorcyklar","10":"first","11":"instock","12":"sale","13":"taxable","14":"shipping-taxable","15":"purchasable","16":"product-type-simple"},"yoast_head":"<!-- This site is optimized with the Yoast SEO plugin v25.4 - https:\/\/yoast.com\/wordpress\/plugins\/seo\/ -->\n<title>TRUUSK Elektrisk Barnmotorcykel Honda - 3 Km\/h - Musik &amp; Ljus - F\u00f6r Barn 3-6 \u00e5r - Upp Till 30 Kg - R\u00f6d - TRUUSK - Hem, Tr\u00e4dg\u00e5rd &amp; Fritid<\/title>\n<meta name=\"robots\" content=\"index, follow, max-snippet:-1, max-image-preview:large, max-video-preview:-1\" \/>\n<link rel=\"canonical\" href=\"https:\/\/truusk.store\/sv\/produkt\/truusk-elektrisk-barnmotorcykel-honda-3-km-h-musik-ljus-for-barn-3-6-ar-upp-till-30-kg-rod\/\" \/>\n<meta property=\"og:locale\" content=\"sv_SE\" \/>\n<meta property=\"og:type\" content=\"article\" \/>\n<meta property=\"og:title\" content=\"TRUUSK Elektrisk Barnmotorcykel Honda - 3 Km\/h - Musik &amp; Ljus - F\u00f6r Barn 3-6 \u00e5r - Upp Till 30 Kg - R\u00f6d - TRUUSK - Hem, Tr\u00e4dg\u00e5rd &amp; Fritid\" \/>\n<meta property=\"og:description\" content=\"G\u00f6r spelet \u00e4nnu mer sp\u00e4nnande med det Honda-licensierade AIYAPLAY elektriska motorcykeln. \u00c4ventyret b\u00f6rjar med ett enkelt knapptryck: fungerande str\u00e5lkastare och...\" \/>\n<meta property=\"og:url\" content=\"https:\/\/truusk.store\/sv\/produkt\/truusk-elektrisk-barnmotorcykel-honda-3-km-h-musik-ljus-for-barn-3-6-ar-upp-till-30-kg-rod\/\" \/>\n<meta property=\"og:site_name\" content=\"TRUUSK - Hem, Tr\u00e4dg\u00e5rd &amp; Fritid\" \/>\n<meta property=\"article:modified_time\" content=\"2026-03-12T08:41:13+00:00\" \/>\n<meta property=\"og:image\" content=\"https:\/\/i0.wp.com\/truusk.se\/wp-content\/uploads\/2025\/08\/aiyaplay-elektrisk-barnmotorcykel-honda-3-km-h-musik-ljus-3-6-ar-upp-till-30-kg-rod-1.webp?fit=2000%2C2000&ssl=1\" \/>\n\t<meta property=\"og:image:width\" content=\"2000\" \/>\n\t<meta property=\"og:image:height\" content=\"2000\" \/>\n\t<meta property=\"og:image:type\" content=\"image\/webp\" \/>\n<meta name=\"twitter:card\" content=\"summary_large_image\" \/>\n<meta name=\"twitter:label1\" content=\"Ber\u00e4knad l\u00e4stid\" \/>\n\t<meta name=\"twitter:data1\" content=\"1 minut\" \/>\n<!-- \/ Yoast SEO plugin. -->","yoast_head_json":{"title":"TRUUSK Elektrisk Barnmotorcykel Honda - 3 Km\/h - Musik &amp; Ljus - F\u00f6r Barn 3-6 \u00e5r - Upp Till 30 Kg - R\u00f6d - TRUUSK - Hem, Tr\u00e4dg\u00e5rd &amp; Fritid","robots":{"index":"index","follow":"follow","max-snippet":"max-snippet:-1","max-image-preview":"max-image-preview:large","max-video-preview":"max-video-preview:-1"},"canonical":"https:\/\/truusk.store\/sv\/produkt\/truusk-elektrisk-barnmotorcykel-honda-3-km-h-musik-ljus-for-barn-3-6-ar-upp-till-30-kg-rod\/","og_locale":"sv_SE","og_type":"article","og_title":"TRUUSK Elektrisk Barnmotorcykel Honda - 3 Km\/h - Musik &amp; Ljus - F\u00f6r Barn 3-6 \u00e5r - Upp Till 30 Kg - R\u00f6d - TRUUSK - Hem, Tr\u00e4dg\u00e5rd &amp; Fritid","og_description":"G\u00f6r spelet \u00e4nnu mer sp\u00e4nnande med det Honda-licensierade AIYAPLAY elektriska motorcykeln. \u00c4ventyret b\u00f6rjar med ett enkelt knapptryck: fungerande str\u00e5lkastare och...","og_url":"https:\/\/truusk.store\/sv\/produkt\/truusk-elektrisk-barnmotorcykel-honda-3-km-h-musik-ljus-for-barn-3-6-ar-upp-till-30-kg-rod\/","og_site_name":"TRUUSK - Hem, Tr\u00e4dg\u00e5rd &amp; Fritid","article_modified_time":"2026-03-12T08:41:13+00:00","og_image":[{"width":2000,"height":2000,"url":"https:\/\/i0.wp.com\/truusk.se\/wp-content\/uploads\/2025\/08\/aiyaplay-elektrisk-barnmotorcykel-honda-3-km-h-musik-ljus-3-6-ar-upp-till-30-kg-rod-1.webp?fit=2000%2C2000&ssl=1","type":"image\/webp"}],"twitter_card":"summary_large_image","twitter_misc":{"Ber\u00e4knad l\u00e4stid":"1 minut"},"schema":{"@context":"https:\/\/schema.org","@graph":[{"@type":"WebPage","@id":"https:\/\/truusk.store\/sv\/produkt\/truusk-elektrisk-barnmotorcykel-honda-3-km-h-musik-ljus-for-barn-3-6-ar-upp-till-30-kg-rod\/","url":"https:\/\/truusk.store\/sv\/produkt\/truusk-elektrisk-barnmotorcykel-honda-3-km-h-musik-ljus-for-barn-3-6-ar-upp-till-30-kg-rod\/","name":"TRUUSK Elektrisk Barnmotorcykel Honda - 3 Km\/h - Musik &amp; Ljus - F\u00f6r Barn 3-6 \u00e5r - Upp Till 30 Kg - R\u00f6d - TRUUSK - Hem, Tr\u00e4dg\u00e5rd &amp; Fritid","isPartOf":{"@id":"https:\/\/truusk.store\/sv\/#website"},"primaryImageOfPage":{"@id":"https:\/\/truusk.store\/sv\/produkt\/truusk-elektrisk-barnmotorcykel-honda-3-km-h-musik-ljus-for-barn-3-6-ar-upp-till-30-kg-rod\/#primaryimage"},"image":{"@id":"https:\/\/truusk.store\/sv\/produkt\/truusk-elektrisk-barnmotorcykel-honda-3-km-h-musik-ljus-for-barn-3-6-ar-upp-till-30-kg-rod\/#primaryimage"},"thumbnailUrl":"https:\/\/i0.wp.com\/truusk.store\/wp-content\/uploads\/2025\/08\/aiyaplay-elektrisk-barnmotorcykel-honda-3-km-h-musik-ljus-3-6-ar-upp-till-30-kg-rod-1.webp?fit=2000%2C2000&ssl=1","datePublished":"2025-08-20T05:18:46+00:00","dateModified":"2026-03-12T08:41:13+00:00","breadcrumb":{"@id":"https:\/\/truusk.store\/sv\/produkt\/truusk-elektrisk-barnmotorcykel-honda-3-km-h-musik-ljus-for-barn-3-6-ar-upp-till-30-kg-rod\/#breadcrumb"},"inLanguage":"sv-SE","potentialAction":[{"@type":"ReadAction","target":["https:\/\/truusk.store\/sv\/produkt\/truusk-elektrisk-barnmotorcykel-honda-3-km-h-musik-ljus-for-barn-3-6-ar-upp-till-30-kg-rod\/"]}]},{"@type":"ImageObject","inLanguage":"sv-SE","@id":"https:\/\/truusk.store\/sv\/produkt\/truusk-elektrisk-barnmotorcykel-honda-3-km-h-musik-ljus-for-barn-3-6-ar-upp-till-30-kg-rod\/#primaryimage","url":"https:\/\/i0.wp.com\/truusk.store\/wp-content\/uploads\/2025\/08\/aiyaplay-elektrisk-barnmotorcykel-honda-3-km-h-musik-ljus-3-6-ar-upp-till-30-kg-rod-1.webp?fit=2000%2C2000&ssl=1","contentUrl":"https:\/\/i0.wp.com\/truusk.store\/wp-content\/uploads\/2025\/08\/aiyaplay-elektrisk-barnmotorcykel-honda-3-km-h-musik-ljus-3-6-ar-upp-till-30-kg-rod-1.webp?fit=2000%2C2000&ssl=1","width":2000,"height":2000},{"@type":"BreadcrumbList","@id":"https:\/\/truusk.store\/sv\/produkt\/truusk-elektrisk-barnmotorcykel-honda-3-km-h-musik-ljus-for-barn-3-6-ar-upp-till-30-kg-rod\/#breadcrumb","itemListElement":[{"@type":"ListItem","position":1,"name":"Home","item":"https:\/\/truusk.store\/sv\/"},{"@type":"ListItem","position":2,"name":"Shop","item":"https:\/\/truusk.store\/shop\/"},{"@type":"ListItem","position":3,"name":"TRUUSK Elektrisk Barnmotorcykel Honda &#8211; 3 Km\/h &#8211; Musik &amp; Ljus &#8211; F\u00f6r Barn 3-6 \u00e5r &#8211; Upp Till 30 Kg &#8211; R\u00f6d"}]},{"@type":"WebSite","@id":"https:\/\/truusk.store\/sv\/#website","url":"https:\/\/truusk.store\/sv\/","name":"TRUUSK - Hem, Tr\u00e4dg\u00e5rd & Fritid","description":"","publisher":{"@id":"https:\/\/truusk.store\/sv\/#organization"},"potentialAction":[{"@type":"SearchAction","target":{"@type":"EntryPoint","urlTemplate":"https:\/\/truusk.store\/sv\/?s={search_term_string}"},"query-input":{"@type":"PropertyValueSpecification","valueRequired":true,"valueName":"search_term_string"}}],"inLanguage":"sv-SE"},{"@type":"Organization","@id":"https:\/\/truusk.store\/sv\/#organization","name":"TRUUSK - Hem, Tr\u00e4dg\u00e5rd & Fritid","url":"https:\/\/truusk.store\/sv\/","logo":{"@type":"ImageObject","inLanguage":"sv-SE","@id":"https:\/\/truusk.store\/sv\/#\/schema\/logo\/image\/","url":"https:\/\/i0.wp.com\/truusk.store\/wp-content\/uploads\/2026\/03\/cropped-TRUUSK.png?fit=2032%2C917&ssl=1","contentUrl":"https:\/\/i0.wp.com\/truusk.store\/wp-content\/uploads\/2026\/03\/cropped-TRUUSK.png?fit=2032%2C917&ssl=1","width":2032,"height":917,"caption":"TRUUSK - Hem, Tr\u00e4dg\u00e5rd & Fritid"},"image":{"@id":"https:\/\/truusk.store\/sv\/#\/schema\/logo\/image\/"}}]}},"jetpack_sharing_enabled":true,"_links":{"self":[{"href":"https:\/\/truusk.store\/sv\/wp-json\/wp\/v2\/product\/87415","targetHints":{"allow":["GET"]}}],"collection":[{"href":"https:\/\/truusk.store\/sv\/wp-json\/wp\/v2\/product"}],"about":[{"href":"https:\/\/truusk.store\/sv\/wp-json\/wp\/v2\/types\/product"}],"wp:featuredmedia":[{"embeddable":true,"href":"https:\/\/truusk.store\/sv\/wp-json\/wp\/v2\/media\/87406"}],"wp:attachment":[{"href":"https:\/\/truusk.store\/sv\/wp-json\/wp\/v2\/media?parent=87415"}],"wp:term":[{"taxonomy":"product_brand","embeddable":true,"href":"https:\/\/truusk.store\/sv\/wp-json\/wp\/v2\/product_brand?post=87415"},{"taxonomy":"product_cat","embeddable":true,"href":"https:\/\/truusk.store\/sv\/wp-json\/wp\/v2\/product_cat?post=87415"},{"taxonomy":"product_tag","embeddable":true,"href":"https:\/\/truusk.store\/sv\/wp-json\/wp\/v2\/product_tag?post=87415"}],"curies":[{"name":"wp","href":"https:\/\/api.w.org\/{rel}","templated":true}]}}