{"id":87435,"date":"2025-08-20T06:20:20","date_gmt":"2025-08-20T05:20:20","guid":{"rendered":"https:\/\/truusk.store\/product\/2-pack-vikstolar-barbara-kontorsstolar-metallben-vikstol-for-kontor-reception-vantrum-konstlader-vit\/"},"modified":"2026-03-12T09:41:14","modified_gmt":"2026-03-12T08:41:14","slug":"truusk-2-pack-vikstolar-barbara-och-eleganta-perfekt-for-kontor-och-reception-konstlader-vit","status":"publish","type":"product","link":"https:\/\/truusk.store\/sv\/produkt\/truusk-2-pack-vikstolar-barbara-och-eleganta-perfekt-for-kontor-och-reception-konstlader-vit\/","title":{"rendered":"TRUUSK 2-pack Vikstolar &#8211; B\u00e4rbara och eleganta &#8211; Perfekt f\u00f6r kontor och reception &#8211; Konstl\u00e4der &#8211; Vit"},"content":{"rendered":"<p>Forma om dina rum med de eleganta, praktiska hopf\u00e4llbara stolarna fr\u00e5n TRUUSK. Bekv\u00e4mt vadderade, dessa m\u00e5ngsidiga hopf\u00e4llbara stolar \u00e4r idealiska f\u00f6r extra sittplatser vid alla typer av evenemang. Tillverkade av robust metall, lovar de h\u00e5llbarhet och \u00e4r enkla att lagra. Perfekt f\u00f6r spontana eller planerade tillf\u00e4llen, kombinerar hopf\u00e4llbara stolar funktionalitet med modern design.<\/p>\n<p>Beskrivning:<\/p>\n<ul>\n<li> Tv\u00e5-set: Idealisk f\u00f6r evenemang eller som extra sittplatser hemma<\/li>\n<li> Vadderade sits och ryggst\u00f6d p\u00e5 hopf\u00e4llbara stolar, kl\u00e4dda med konstl\u00e4der, ger komfort och avkoppling<\/li>\n<li> \u00d6ppet ryggst\u00f6d och bred sits p\u00e5 hopf\u00e4llbara stolar m\u00f6jligg\u00f6r bekv\u00e4mt sittande<\/li>\n<li> Hopf\u00e4llbar och l\u00e4tt, f\u00f6r enkel omplacering och lagring<\/li>\n<li> Ram av pulverlackerat metall p\u00e5 hopf\u00e4llbara stolar garanterar h\u00e5llbarhet<\/li>\n<li> Ingen montering kr\u00e4vs<\/li>\n<\/ul>\n<p> Tekniska data:<\/p>\n<ul>\n<li> F\u00e4rg: Vit<\/li>\n<li> Material: St\u00e5l, konstl\u00e4der, skum<\/li>\n<li> Stolm\u00e5tt: 45B x 46D x 78H cm<\/li>\n<li> Sitsstorlek: 37B x 37D x 45H cm<\/li>\n<li> Ryggst\u00f6dsstorlek: 42B x 36H cm<\/li>\n<li> Hopf\u00e4lld storlek: 45B x 97D x 9H cm<\/li>\n<li> B\u00e4rkapacitet: 120 kg<\/li>\n<\/ul>\n<p>Leveransinneh\u00e5ll:<\/p>\n<ul>\n<li> 2 x Hopf\u00e4llbar stol<\/li>\n<li> 1 x Handbok<\/li>\n<\/ul>\n","protected":false},"excerpt":{"rendered":"<p>Forma om dina rum med de eleganta, praktiska hopf\u00e4llbara stolarna fr\u00e5n TRUUSK. Bekv\u00e4mt vadderade, dessa m\u00e5ngsidiga hopf\u00e4llbara stolar \u00e4r idealiska&#8230;<\/p>\n","protected":false},"featured_media":87426,"template":"","meta":[],"product_brand":[],"product_cat":[451,858,450],"product_tag":[],"class_list":{"0":"post-87435","1":"product","2":"type-product","3":"status-publish","4":"has-post-thumbnail","6":"product_cat-solstolar","7":"product_cat-tradgard-terrass","8":"product_cat-tradgardsmobler","10":"first","11":"instock","12":"sale","13":"taxable","14":"shipping-taxable","15":"purchasable","16":"product-type-simple"},"yoast_head":"<!-- This site is optimized with the Yoast SEO plugin v25.4 - https:\/\/yoast.com\/wordpress\/plugins\/seo\/ -->\n<title>TRUUSK 2-pack Vikstolar - B\u00e4rbara och eleganta - Perfekt f\u00f6r kontor och reception - Konstl\u00e4der - Vit - TRUUSK - Hem, Tr\u00e4dg\u00e5rd &amp; Fritid<\/title>\n<meta name=\"robots\" content=\"index, follow, max-snippet:-1, max-image-preview:large, max-video-preview:-1\" \/>\n<link rel=\"canonical\" href=\"https:\/\/truusk.store\/sv\/produkt\/truusk-2-pack-vikstolar-barbara-och-eleganta-perfekt-for-kontor-och-reception-konstlader-vit\/\" \/>\n<meta property=\"og:locale\" content=\"sv_SE\" \/>\n<meta property=\"og:type\" content=\"article\" \/>\n<meta property=\"og:title\" content=\"TRUUSK 2-pack Vikstolar - B\u00e4rbara och eleganta - Perfekt f\u00f6r kontor och reception - Konstl\u00e4der - Vit - TRUUSK - Hem, Tr\u00e4dg\u00e5rd &amp; Fritid\" \/>\n<meta property=\"og:description\" content=\"Forma om dina rum med de eleganta, praktiska hopf\u00e4llbara stolarna fr\u00e5n TRUUSK. Bekv\u00e4mt vadderade, dessa m\u00e5ngsidiga hopf\u00e4llbara stolar \u00e4r idealiska...\" \/>\n<meta property=\"og:url\" content=\"https:\/\/truusk.store\/sv\/produkt\/truusk-2-pack-vikstolar-barbara-och-eleganta-perfekt-for-kontor-och-reception-konstlader-vit\/\" \/>\n<meta property=\"og:site_name\" content=\"TRUUSK - Hem, Tr\u00e4dg\u00e5rd &amp; Fritid\" \/>\n<meta property=\"article:modified_time\" content=\"2026-03-12T08:41:14+00:00\" \/>\n<meta property=\"og:image\" content=\"https:\/\/i0.wp.com\/truusk.se\/wp-content\/uploads\/2025\/08\/2-pack-vikstolar-barbara-kontorsstolar-metallben-vikstol-for-kontor-reception-vantrum-konstlader-vit-1.webp?fit=2000%2C2000&ssl=1\" \/>\n\t<meta property=\"og:image:width\" content=\"2000\" \/>\n\t<meta property=\"og:image:height\" content=\"2000\" \/>\n\t<meta property=\"og:image:type\" content=\"image\/webp\" \/>\n<meta name=\"twitter:card\" content=\"summary_large_image\" \/>\n<meta name=\"twitter:label1\" content=\"Ber\u00e4knad l\u00e4stid\" \/>\n\t<meta name=\"twitter:data1\" content=\"1 minut\" \/>\n<!-- \/ Yoast SEO plugin. -->","yoast_head_json":{"title":"TRUUSK 2-pack Vikstolar - B\u00e4rbara och eleganta - Perfekt f\u00f6r kontor och reception - Konstl\u00e4der - Vit - TRUUSK - Hem, Tr\u00e4dg\u00e5rd &amp; Fritid","robots":{"index":"index","follow":"follow","max-snippet":"max-snippet:-1","max-image-preview":"max-image-preview:large","max-video-preview":"max-video-preview:-1"},"canonical":"https:\/\/truusk.store\/sv\/produkt\/truusk-2-pack-vikstolar-barbara-och-eleganta-perfekt-for-kontor-och-reception-konstlader-vit\/","og_locale":"sv_SE","og_type":"article","og_title":"TRUUSK 2-pack Vikstolar - B\u00e4rbara och eleganta - Perfekt f\u00f6r kontor och reception - Konstl\u00e4der - Vit - TRUUSK - Hem, Tr\u00e4dg\u00e5rd &amp; Fritid","og_description":"Forma om dina rum med de eleganta, praktiska hopf\u00e4llbara stolarna fr\u00e5n TRUUSK. Bekv\u00e4mt vadderade, dessa m\u00e5ngsidiga hopf\u00e4llbara stolar \u00e4r idealiska...","og_url":"https:\/\/truusk.store\/sv\/produkt\/truusk-2-pack-vikstolar-barbara-och-eleganta-perfekt-for-kontor-och-reception-konstlader-vit\/","og_site_name":"TRUUSK - Hem, Tr\u00e4dg\u00e5rd &amp; Fritid","article_modified_time":"2026-03-12T08:41:14+00:00","og_image":[{"width":2000,"height":2000,"url":"https:\/\/i0.wp.com\/truusk.se\/wp-content\/uploads\/2025\/08\/2-pack-vikstolar-barbara-kontorsstolar-metallben-vikstol-for-kontor-reception-vantrum-konstlader-vit-1.webp?fit=2000%2C2000&ssl=1","type":"image\/webp"}],"twitter_card":"summary_large_image","twitter_misc":{"Ber\u00e4knad l\u00e4stid":"1 minut"},"schema":{"@context":"https:\/\/schema.org","@graph":[{"@type":"WebPage","@id":"https:\/\/truusk.store\/sv\/produkt\/truusk-2-pack-vikstolar-barbara-och-eleganta-perfekt-for-kontor-och-reception-konstlader-vit\/","url":"https:\/\/truusk.store\/sv\/produkt\/truusk-2-pack-vikstolar-barbara-och-eleganta-perfekt-for-kontor-och-reception-konstlader-vit\/","name":"TRUUSK 2-pack Vikstolar - B\u00e4rbara och eleganta - Perfekt f\u00f6r kontor och reception - Konstl\u00e4der - Vit - TRUUSK - Hem, Tr\u00e4dg\u00e5rd &amp; Fritid","isPartOf":{"@id":"https:\/\/truusk.store\/sv\/#website"},"primaryImageOfPage":{"@id":"https:\/\/truusk.store\/sv\/produkt\/truusk-2-pack-vikstolar-barbara-och-eleganta-perfekt-for-kontor-och-reception-konstlader-vit\/#primaryimage"},"image":{"@id":"https:\/\/truusk.store\/sv\/produkt\/truusk-2-pack-vikstolar-barbara-och-eleganta-perfekt-for-kontor-och-reception-konstlader-vit\/#primaryimage"},"thumbnailUrl":"https:\/\/i0.wp.com\/truusk.store\/wp-content\/uploads\/2025\/08\/2-pack-vikstolar-barbara-kontorsstolar-metallben-vikstol-for-kontor-reception-vantrum-konstlader-vit-1.webp?fit=2000%2C2000&ssl=1","datePublished":"2025-08-20T05:20:20+00:00","dateModified":"2026-03-12T08:41:14+00:00","breadcrumb":{"@id":"https:\/\/truusk.store\/sv\/produkt\/truusk-2-pack-vikstolar-barbara-och-eleganta-perfekt-for-kontor-och-reception-konstlader-vit\/#breadcrumb"},"inLanguage":"sv-SE","potentialAction":[{"@type":"ReadAction","target":["https:\/\/truusk.store\/sv\/produkt\/truusk-2-pack-vikstolar-barbara-och-eleganta-perfekt-for-kontor-och-reception-konstlader-vit\/"]}]},{"@type":"ImageObject","inLanguage":"sv-SE","@id":"https:\/\/truusk.store\/sv\/produkt\/truusk-2-pack-vikstolar-barbara-och-eleganta-perfekt-for-kontor-och-reception-konstlader-vit\/#primaryimage","url":"https:\/\/i0.wp.com\/truusk.store\/wp-content\/uploads\/2025\/08\/2-pack-vikstolar-barbara-kontorsstolar-metallben-vikstol-for-kontor-reception-vantrum-konstlader-vit-1.webp?fit=2000%2C2000&ssl=1","contentUrl":"https:\/\/i0.wp.com\/truusk.store\/wp-content\/uploads\/2025\/08\/2-pack-vikstolar-barbara-kontorsstolar-metallben-vikstol-for-kontor-reception-vantrum-konstlader-vit-1.webp?fit=2000%2C2000&ssl=1","width":2000,"height":2000},{"@type":"BreadcrumbList","@id":"https:\/\/truusk.store\/sv\/produkt\/truusk-2-pack-vikstolar-barbara-och-eleganta-perfekt-for-kontor-och-reception-konstlader-vit\/#breadcrumb","itemListElement":[{"@type":"ListItem","position":1,"name":"Home","item":"https:\/\/truusk.store\/sv\/"},{"@type":"ListItem","position":2,"name":"Shop","item":"https:\/\/truusk.store\/shop\/"},{"@type":"ListItem","position":3,"name":"TRUUSK 2-pack Vikstolar &#8211; B\u00e4rbara och eleganta &#8211; Perfekt f\u00f6r kontor och reception &#8211; Konstl\u00e4der &#8211; Vit"}]},{"@type":"WebSite","@id":"https:\/\/truusk.store\/sv\/#website","url":"https:\/\/truusk.store\/sv\/","name":"TRUUSK - Hem, Tr\u00e4dg\u00e5rd & Fritid","description":"","publisher":{"@id":"https:\/\/truusk.store\/sv\/#organization"},"potentialAction":[{"@type":"SearchAction","target":{"@type":"EntryPoint","urlTemplate":"https:\/\/truusk.store\/sv\/?s={search_term_string}"},"query-input":{"@type":"PropertyValueSpecification","valueRequired":true,"valueName":"search_term_string"}}],"inLanguage":"sv-SE"},{"@type":"Organization","@id":"https:\/\/truusk.store\/sv\/#organization","name":"TRUUSK - Hem, Tr\u00e4dg\u00e5rd & Fritid","url":"https:\/\/truusk.store\/sv\/","logo":{"@type":"ImageObject","inLanguage":"sv-SE","@id":"https:\/\/truusk.store\/sv\/#\/schema\/logo\/image\/","url":"https:\/\/i0.wp.com\/truusk.store\/wp-content\/uploads\/2026\/03\/cropped-TRUUSK.png?fit=2032%2C917&ssl=1","contentUrl":"https:\/\/i0.wp.com\/truusk.store\/wp-content\/uploads\/2026\/03\/cropped-TRUUSK.png?fit=2032%2C917&ssl=1","width":2032,"height":917,"caption":"TRUUSK - Hem, Tr\u00e4dg\u00e5rd & Fritid"},"image":{"@id":"https:\/\/truusk.store\/sv\/#\/schema\/logo\/image\/"}}]}},"jetpack_sharing_enabled":true,"_links":{"self":[{"href":"https:\/\/truusk.store\/sv\/wp-json\/wp\/v2\/product\/87435","targetHints":{"allow":["GET"]}}],"collection":[{"href":"https:\/\/truusk.store\/sv\/wp-json\/wp\/v2\/product"}],"about":[{"href":"https:\/\/truusk.store\/sv\/wp-json\/wp\/v2\/types\/product"}],"wp:featuredmedia":[{"embeddable":true,"href":"https:\/\/truusk.store\/sv\/wp-json\/wp\/v2\/media\/87426"}],"wp:attachment":[{"href":"https:\/\/truusk.store\/sv\/wp-json\/wp\/v2\/media?parent=87435"}],"wp:term":[{"taxonomy":"product_brand","embeddable":true,"href":"https:\/\/truusk.store\/sv\/wp-json\/wp\/v2\/product_brand?post=87435"},{"taxonomy":"product_cat","embeddable":true,"href":"https:\/\/truusk.store\/sv\/wp-json\/wp\/v2\/product_cat?post=87435"},{"taxonomy":"product_tag","embeddable":true,"href":"https:\/\/truusk.store\/sv\/wp-json\/wp\/v2\/product_tag?post=87435"}],"curies":[{"name":"wp","href":"https:\/\/api.w.org\/{rel}","templated":true}]}}