{"id":87445,"date":"2025-08-20T06:21:39","date_gmt":"2025-08-20T05:21:39","guid":{"rendered":"https:\/\/truusk.store\/product\/aiyaplay-elektrisk-barngravmaskin-caterpillar-dumptruck-3-5-km-h-med-fjarrkontroll-3-6-ar-gul\/"},"modified":"2026-03-12T09:41:14","modified_gmt":"2026-03-12T08:41:14","slug":"truusk-elektrisk-barngravmaskin-och-caterpillar-dumptruck-fjarrkontroll-3-5-km-h-3-6-ar-gul","status":"publish","type":"product","link":"https:\/\/truusk.store\/sv\/produkt\/truusk-elektrisk-barngravmaskin-och-caterpillar-dumptruck-fjarrkontroll-3-5-km-h-3-6-ar-gul\/","title":{"rendered":"TRUUSK Elektrisk Barngr\u00e4vmaskin och Caterpillar Dumptruck &#8211; Fj\u00e4rrkontroll &#8211; 3-5 Km\/h &#8211; 3-6 \u00e5r &#8211; Gul"},"content":{"rendered":"<p>Plats fri f\u00f6r riktig bygg-action med denna elektriska \u00e5kgr\u00e4vmaskin fr\u00e5n AIYAPLAY! Denna officiellt licensierade Caterpillar-hjullastare g\u00f6r det m\u00f6jligt f\u00f6r din lilla byggm\u00e4stare att gr\u00e4va och transportera byggmaterial med en styrbar skopa och tippvagn. \u00c4kta ljudeffekter och musik fr\u00e5n elbilen h\u00f6gtalare, samt ljusa str\u00e5lkastare ger massor av byggkul. Perfekt f\u00f6r unga konstrukt\u00f6rer som \u00e4r redo att utforska alla typer av terr\u00e4ng, fr\u00e5n asfalt till betong. Ett m\u00e5ste f\u00f6r sm\u00e5 byggfans!<\/p>\n<p>Beskrivning:<\/p>\n<ul>\n<li> Licensiering av Caterpillar garanterar en autentisk design och p\u00e5litlig kvalitet<\/li>\n<li> Inkluderar fj\u00e4rrkontroll f\u00f6r enkel styrning av f\u00f6r\u00e4ldrarna<\/li>\n<li> Skopa och tippvagn p\u00e5 \u00e5kgr\u00e4vmaskinen m\u00f6jligg\u00f6r sp\u00e4nnande, interaktivt byggspel<\/li>\n<li> H\u00f6gtalare och musik ger en f\u00f6rh\u00f6jd underh\u00e5llningsupplevelse<\/li>\n<li> Fyra str\u00e5lkastare p\u00e5 \u00e5kgr\u00e4vmaskinen f\u00f6r sp\u00e4nnande spel p\u00e5 natten<\/li>\n<li> 12V dubbelmotorer med tv\u00e5 hastighetsinst\u00e4llningar, 3-5 km\/h<\/li>\n<li> L\u00e4mplig f\u00f6r asfalt, gatsten och betongunderlag<\/li>\n<li> Montering kr\u00e4vs<\/li>\n<\/ul>\n<p>Tekniska data:<\/p>\n<ul>\n<li> F\u00e4rg: Gul<\/li>\n<li> Material: Plast, metall<\/li>\n<li> Totala dimensioner: 110L x 70,5B x 61,5H cm<\/li>\n<li> Sitsstorlek: 29L x 20B x 19H cm (fr\u00e5n golvet)<\/li>\n<li> Tippvagn: 35L x 55B x 18,5H cm<\/li>\n<li> Laddningstid: 6-8 timmar (f\u00f6rsta g\u00e5ngen), 8-12 timmar (regelbundet)<\/li>\n<li> Batteri: 12V 4,5AH<\/li>\n<li> Motor: 12V<\/li>\n<li> Drifttid: 45 minuter<\/li>\n<li> Hastighet: 3-5 km\/h<\/li>\n<li> Hjuldiameter: \u00d828 cm<\/li>\n<li> B\u00e4rkapacitet: 30 kg<\/li>\n<li> Kvalificerad\/Rekommenderad \u00e5lder: 3-6 \u00e5r<\/li>\n<li> Obs: L\u00e4mna aldrig dina barn obevakade under k\u00f6rning<\/li>\n<\/ul>\n<p>Leveransinneh\u00e5ll:<\/p>\n<ul>\n<li> 1 x Fj\u00e4rrkontroll<\/li>\n<li> 1 x Skopa<\/li>\n<li> 1 x Elektrisk barngr\u00e4vmaskin<\/li>\n<li> 1 x Bruksanvisning<\/li>\n<\/ul>\n","protected":false},"excerpt":{"rendered":"<p>Plats fri f\u00f6r riktig bygg-action med denna elektriska \u00e5kgr\u00e4vmaskin fr\u00e5n AIYAPLAY! Denna officiellt licensierade Caterpillar-hjullastare g\u00f6r det m\u00f6jligt f\u00f6r din&#8230;<\/p>\n","protected":false},"featured_media":87436,"template":"","meta":[],"product_brand":[],"product_cat":[880,610,1066],"product_tag":[],"class_list":{"0":"post-87445","1":"product","2":"type-product","3":"status-publish","4":"has-post-thumbnail","6":"product_cat-baby-barn-2","7":"product_cat-barnfordon","8":"product_cat-barns-elbilar","10":"first","11":"instock","12":"sale","13":"taxable","14":"shipping-taxable","15":"purchasable","16":"product-type-simple"},"yoast_head":"<!-- This site is optimized with the Yoast SEO plugin v25.4 - https:\/\/yoast.com\/wordpress\/plugins\/seo\/ -->\n<title>TRUUSK Elektrisk Barngr\u00e4vmaskin och Caterpillar Dumptruck - Fj\u00e4rrkontroll - 3-5 Km\/h - 3-6 \u00e5r - Gul - TRUUSK - Hem, Tr\u00e4dg\u00e5rd &amp; Fritid<\/title>\n<meta name=\"robots\" content=\"index, follow, max-snippet:-1, max-image-preview:large, max-video-preview:-1\" \/>\n<link rel=\"canonical\" href=\"https:\/\/truusk.store\/sv\/produkt\/truusk-elektrisk-barngravmaskin-och-caterpillar-dumptruck-fjarrkontroll-3-5-km-h-3-6-ar-gul\/\" \/>\n<meta property=\"og:locale\" content=\"sv_SE\" \/>\n<meta property=\"og:type\" content=\"article\" \/>\n<meta property=\"og:title\" content=\"TRUUSK Elektrisk Barngr\u00e4vmaskin och Caterpillar Dumptruck - Fj\u00e4rrkontroll - 3-5 Km\/h - 3-6 \u00e5r - Gul - TRUUSK - Hem, Tr\u00e4dg\u00e5rd &amp; Fritid\" \/>\n<meta property=\"og:description\" content=\"Plats fri f\u00f6r riktig bygg-action med denna elektriska \u00e5kgr\u00e4vmaskin fr\u00e5n AIYAPLAY! Denna officiellt licensierade Caterpillar-hjullastare g\u00f6r det m\u00f6jligt f\u00f6r din...\" \/>\n<meta property=\"og:url\" content=\"https:\/\/truusk.store\/sv\/produkt\/truusk-elektrisk-barngravmaskin-och-caterpillar-dumptruck-fjarrkontroll-3-5-km-h-3-6-ar-gul\/\" \/>\n<meta property=\"og:site_name\" content=\"TRUUSK - Hem, Tr\u00e4dg\u00e5rd &amp; Fritid\" \/>\n<meta property=\"article:modified_time\" content=\"2026-03-12T08:41:14+00:00\" \/>\n<meta property=\"og:image\" content=\"https:\/\/i0.wp.com\/truusk.se\/wp-content\/uploads\/2025\/08\/aiyaplay-elektrisk-barngravmaskin-caterpillar-dumptruck-3-5-km-h-med-fjarrkontroll-3-6-ar-gul-1.webp?fit=2000%2C2000&ssl=1\" \/>\n\t<meta property=\"og:image:width\" content=\"2000\" \/>\n\t<meta property=\"og:image:height\" content=\"2000\" \/>\n\t<meta property=\"og:image:type\" content=\"image\/webp\" \/>\n<meta name=\"twitter:card\" content=\"summary_large_image\" \/>\n<meta name=\"twitter:label1\" content=\"Ber\u00e4knad l\u00e4stid\" \/>\n\t<meta name=\"twitter:data1\" content=\"1 minut\" \/>\n<!-- \/ Yoast SEO plugin. -->","yoast_head_json":{"title":"TRUUSK Elektrisk Barngr\u00e4vmaskin och Caterpillar Dumptruck - Fj\u00e4rrkontroll - 3-5 Km\/h - 3-6 \u00e5r - Gul - TRUUSK - Hem, Tr\u00e4dg\u00e5rd &amp; Fritid","robots":{"index":"index","follow":"follow","max-snippet":"max-snippet:-1","max-image-preview":"max-image-preview:large","max-video-preview":"max-video-preview:-1"},"canonical":"https:\/\/truusk.store\/sv\/produkt\/truusk-elektrisk-barngravmaskin-och-caterpillar-dumptruck-fjarrkontroll-3-5-km-h-3-6-ar-gul\/","og_locale":"sv_SE","og_type":"article","og_title":"TRUUSK Elektrisk Barngr\u00e4vmaskin och Caterpillar Dumptruck - Fj\u00e4rrkontroll - 3-5 Km\/h - 3-6 \u00e5r - Gul - TRUUSK - Hem, Tr\u00e4dg\u00e5rd &amp; Fritid","og_description":"Plats fri f\u00f6r riktig bygg-action med denna elektriska \u00e5kgr\u00e4vmaskin fr\u00e5n AIYAPLAY! Denna officiellt licensierade Caterpillar-hjullastare g\u00f6r det m\u00f6jligt f\u00f6r din...","og_url":"https:\/\/truusk.store\/sv\/produkt\/truusk-elektrisk-barngravmaskin-och-caterpillar-dumptruck-fjarrkontroll-3-5-km-h-3-6-ar-gul\/","og_site_name":"TRUUSK - Hem, Tr\u00e4dg\u00e5rd &amp; Fritid","article_modified_time":"2026-03-12T08:41:14+00:00","og_image":[{"width":2000,"height":2000,"url":"https:\/\/i0.wp.com\/truusk.se\/wp-content\/uploads\/2025\/08\/aiyaplay-elektrisk-barngravmaskin-caterpillar-dumptruck-3-5-km-h-med-fjarrkontroll-3-6-ar-gul-1.webp?fit=2000%2C2000&ssl=1","type":"image\/webp"}],"twitter_card":"summary_large_image","twitter_misc":{"Ber\u00e4knad l\u00e4stid":"1 minut"},"schema":{"@context":"https:\/\/schema.org","@graph":[{"@type":"WebPage","@id":"https:\/\/truusk.store\/sv\/produkt\/truusk-elektrisk-barngravmaskin-och-caterpillar-dumptruck-fjarrkontroll-3-5-km-h-3-6-ar-gul\/","url":"https:\/\/truusk.store\/sv\/produkt\/truusk-elektrisk-barngravmaskin-och-caterpillar-dumptruck-fjarrkontroll-3-5-km-h-3-6-ar-gul\/","name":"TRUUSK Elektrisk Barngr\u00e4vmaskin och Caterpillar Dumptruck - Fj\u00e4rrkontroll - 3-5 Km\/h - 3-6 \u00e5r - Gul - TRUUSK - Hem, Tr\u00e4dg\u00e5rd &amp; Fritid","isPartOf":{"@id":"https:\/\/truusk.store\/sv\/#website"},"primaryImageOfPage":{"@id":"https:\/\/truusk.store\/sv\/produkt\/truusk-elektrisk-barngravmaskin-och-caterpillar-dumptruck-fjarrkontroll-3-5-km-h-3-6-ar-gul\/#primaryimage"},"image":{"@id":"https:\/\/truusk.store\/sv\/produkt\/truusk-elektrisk-barngravmaskin-och-caterpillar-dumptruck-fjarrkontroll-3-5-km-h-3-6-ar-gul\/#primaryimage"},"thumbnailUrl":"https:\/\/i0.wp.com\/truusk.store\/wp-content\/uploads\/2025\/08\/aiyaplay-elektrisk-barngravmaskin-caterpillar-dumptruck-3-5-km-h-med-fjarrkontroll-3-6-ar-gul-1.webp?fit=2000%2C2000&ssl=1","datePublished":"2025-08-20T05:21:39+00:00","dateModified":"2026-03-12T08:41:14+00:00","breadcrumb":{"@id":"https:\/\/truusk.store\/sv\/produkt\/truusk-elektrisk-barngravmaskin-och-caterpillar-dumptruck-fjarrkontroll-3-5-km-h-3-6-ar-gul\/#breadcrumb"},"inLanguage":"sv-SE","potentialAction":[{"@type":"ReadAction","target":["https:\/\/truusk.store\/sv\/produkt\/truusk-elektrisk-barngravmaskin-och-caterpillar-dumptruck-fjarrkontroll-3-5-km-h-3-6-ar-gul\/"]}]},{"@type":"ImageObject","inLanguage":"sv-SE","@id":"https:\/\/truusk.store\/sv\/produkt\/truusk-elektrisk-barngravmaskin-och-caterpillar-dumptruck-fjarrkontroll-3-5-km-h-3-6-ar-gul\/#primaryimage","url":"https:\/\/i0.wp.com\/truusk.store\/wp-content\/uploads\/2025\/08\/aiyaplay-elektrisk-barngravmaskin-caterpillar-dumptruck-3-5-km-h-med-fjarrkontroll-3-6-ar-gul-1.webp?fit=2000%2C2000&ssl=1","contentUrl":"https:\/\/i0.wp.com\/truusk.store\/wp-content\/uploads\/2025\/08\/aiyaplay-elektrisk-barngravmaskin-caterpillar-dumptruck-3-5-km-h-med-fjarrkontroll-3-6-ar-gul-1.webp?fit=2000%2C2000&ssl=1","width":2000,"height":2000},{"@type":"BreadcrumbList","@id":"https:\/\/truusk.store\/sv\/produkt\/truusk-elektrisk-barngravmaskin-och-caterpillar-dumptruck-fjarrkontroll-3-5-km-h-3-6-ar-gul\/#breadcrumb","itemListElement":[{"@type":"ListItem","position":1,"name":"Home","item":"https:\/\/truusk.store\/sv\/"},{"@type":"ListItem","position":2,"name":"Shop","item":"https:\/\/truusk.store\/shop\/"},{"@type":"ListItem","position":3,"name":"TRUUSK Elektrisk Barngr\u00e4vmaskin och Caterpillar Dumptruck &#8211; Fj\u00e4rrkontroll &#8211; 3-5 Km\/h &#8211; 3-6 \u00e5r &#8211; Gul"}]},{"@type":"WebSite","@id":"https:\/\/truusk.store\/sv\/#website","url":"https:\/\/truusk.store\/sv\/","name":"TRUUSK - Hem, Tr\u00e4dg\u00e5rd & Fritid","description":"","publisher":{"@id":"https:\/\/truusk.store\/sv\/#organization"},"potentialAction":[{"@type":"SearchAction","target":{"@type":"EntryPoint","urlTemplate":"https:\/\/truusk.store\/sv\/?s={search_term_string}"},"query-input":{"@type":"PropertyValueSpecification","valueRequired":true,"valueName":"search_term_string"}}],"inLanguage":"sv-SE"},{"@type":"Organization","@id":"https:\/\/truusk.store\/sv\/#organization","name":"TRUUSK - Hem, Tr\u00e4dg\u00e5rd & Fritid","url":"https:\/\/truusk.store\/sv\/","logo":{"@type":"ImageObject","inLanguage":"sv-SE","@id":"https:\/\/truusk.store\/sv\/#\/schema\/logo\/image\/","url":"https:\/\/i0.wp.com\/truusk.store\/wp-content\/uploads\/2026\/03\/cropped-TRUUSK.png?fit=2032%2C917&ssl=1","contentUrl":"https:\/\/i0.wp.com\/truusk.store\/wp-content\/uploads\/2026\/03\/cropped-TRUUSK.png?fit=2032%2C917&ssl=1","width":2032,"height":917,"caption":"TRUUSK - Hem, Tr\u00e4dg\u00e5rd & Fritid"},"image":{"@id":"https:\/\/truusk.store\/sv\/#\/schema\/logo\/image\/"}}]}},"jetpack_sharing_enabled":true,"_links":{"self":[{"href":"https:\/\/truusk.store\/sv\/wp-json\/wp\/v2\/product\/87445","targetHints":{"allow":["GET"]}}],"collection":[{"href":"https:\/\/truusk.store\/sv\/wp-json\/wp\/v2\/product"}],"about":[{"href":"https:\/\/truusk.store\/sv\/wp-json\/wp\/v2\/types\/product"}],"wp:featuredmedia":[{"embeddable":true,"href":"https:\/\/truusk.store\/sv\/wp-json\/wp\/v2\/media\/87436"}],"wp:attachment":[{"href":"https:\/\/truusk.store\/sv\/wp-json\/wp\/v2\/media?parent=87445"}],"wp:term":[{"taxonomy":"product_brand","embeddable":true,"href":"https:\/\/truusk.store\/sv\/wp-json\/wp\/v2\/product_brand?post=87445"},{"taxonomy":"product_cat","embeddable":true,"href":"https:\/\/truusk.store\/sv\/wp-json\/wp\/v2\/product_cat?post=87445"},{"taxonomy":"product_tag","embeddable":true,"href":"https:\/\/truusk.store\/sv\/wp-json\/wp\/v2\/product_tag?post=87445"}],"curies":[{"name":"wp","href":"https:\/\/api.w.org\/{rel}","templated":true}]}}