{"id":87455,"date":"2025-08-20T06:22:32","date_gmt":"2025-08-20T05:22:32","guid":{"rendered":"https:\/\/truusk.store\/product\/hund-agility-set-hinder-slalomstanger-markstanger-barbar-vaska-robust-gul\/"},"modified":"2026-03-12T09:41:17","modified_gmt":"2026-03-12T08:41:17","slug":"truusk-hund-agility-set-hinder-slalomstanger-markstanger-barbar-vaska-robust-gul","status":"publish","type":"product","link":"https:\/\/truusk.store\/sv\/produkt\/truusk-hund-agility-set-hinder-slalomstanger-markstanger-barbar-vaska-robust-gul\/","title":{"rendered":"TRUUSK Hund Agility-Set &#8211; Hinder\/Slalomst\u00e4nger\/Markst\u00e4nger &#8211; B\u00e4rbar V\u00e4ska &#8211; Robust &#8211; Gul"},"content":{"rendered":"<p>Har du en livlig hund som vill bli utmanad och uppmuntrad? D\u00e5 erbjuder detta fantastiska Agility-set fr\u00e5n TRUUSK det perfekta ombytet. Detta 4-delade set best\u00e5r av 2 hinderst\u00e4nger, 2 slalomst\u00e4nger och 4 markst\u00e4nger: utm\u00e4rkt f\u00f6r att introducera dina fyrbenta v\u00e4nner till v\u00e4rlden av agilitytr\u00e4ning. P\u00e5 s\u00e5 s\u00e4tt st\u00e4rker du inte bara bandet mellan dig och ditt djur, utan fr\u00e4mjar ocks\u00e5 spelbart din p\u00e4lsn\u00e4sas h\u00e4lsa.<\/p>\n<p>Beskrivning:<\/p>\n<ul>\n<li> 4 x hinderupps\u00e4ttning f\u00f6r att tr\u00e4na din hunds smidighet<\/li>\n<li> Varje set best\u00e5r av 2 hinderst\u00e4nger, 2 slalomst\u00e4nger och 4 markst\u00e4nger<\/li>\n<li> H\u00f6jden p\u00e5 hinderst\u00e4ngerna kan justeras med r\u00f6rkl\u00e4mmor<\/li>\n<li> Frist\u00e5ende och stabil, l\u00e4mplig f\u00f6r inomhus och utomhus<\/li>\n<li> L\u00e4tt att transportera tack vare den l\u00e4tta vikten<\/li>\n<li> Inkl. b\u00e4rv\u00e4ska f\u00f6r enkel f\u00f6rvaring<\/li>\n<li> Enkel montering<\/li>\n<\/ul>\n<p> Tekniska data:<\/p>\n<ul>\n<li> Material: Plast (PE, ABS)<\/li>\n<li> F\u00e4rg:Gul<\/li>\n<li> M\u00e5tt per set: L99 x B65 x H94cm<\/li>\n<li> Netto vikt: ca. 4,5kg<\/li>\n<\/ul>\n<p>Leveransinneh\u00e5ll:<\/p>\n<ul>\n<li> 4 x hundhinderupps\u00e4ttning<\/li>\n<li> 1 x b\u00e4rv\u00e4ska<\/li>\n<\/ul>\n","protected":false},"excerpt":{"rendered":"<p>Har du en livlig hund som vill bli utmanad och uppmuntrad? D\u00e5 erbjuder detta fantastiska Agility-set fr\u00e5n TRUUSK det perfekta&#8230;<\/p>\n","protected":false},"featured_media":87446,"template":"","meta":[],"product_brand":[],"product_cat":[578,878,574],"product_tag":[],"class_list":{"0":"post-87455","1":"product","2":"type-product","3":"status-publish","4":"has-post-thumbnail","6":"product_cat-agility-set","7":"product_cat-djurbehov","8":"product_cat-hundtillbehor","10":"first","11":"instock","12":"sale","13":"taxable","14":"shipping-taxable","15":"purchasable","16":"product-type-simple"},"yoast_head":"<!-- This site is optimized with the Yoast SEO plugin v25.4 - https:\/\/yoast.com\/wordpress\/plugins\/seo\/ -->\n<title>TRUUSK Hund Agility-Set - Hinder\/Slalomst\u00e4nger\/Markst\u00e4nger - B\u00e4rbar V\u00e4ska - Robust - Gul - TRUUSK - Hem, Tr\u00e4dg\u00e5rd &amp; Fritid<\/title>\n<meta name=\"robots\" content=\"index, follow, max-snippet:-1, max-image-preview:large, max-video-preview:-1\" \/>\n<link rel=\"canonical\" href=\"https:\/\/truusk.store\/sv\/produkt\/truusk-hund-agility-set-hinder-slalomstanger-markstanger-barbar-vaska-robust-gul\/\" \/>\n<meta property=\"og:locale\" content=\"sv_SE\" \/>\n<meta property=\"og:type\" content=\"article\" \/>\n<meta property=\"og:title\" content=\"TRUUSK Hund Agility-Set - Hinder\/Slalomst\u00e4nger\/Markst\u00e4nger - B\u00e4rbar V\u00e4ska - Robust - Gul - TRUUSK - Hem, Tr\u00e4dg\u00e5rd &amp; Fritid\" \/>\n<meta property=\"og:description\" content=\"Har du en livlig hund som vill bli utmanad och uppmuntrad? D\u00e5 erbjuder detta fantastiska Agility-set fr\u00e5n TRUUSK det perfekta...\" \/>\n<meta property=\"og:url\" content=\"https:\/\/truusk.store\/sv\/produkt\/truusk-hund-agility-set-hinder-slalomstanger-markstanger-barbar-vaska-robust-gul\/\" \/>\n<meta property=\"og:site_name\" content=\"TRUUSK - Hem, Tr\u00e4dg\u00e5rd &amp; Fritid\" \/>\n<meta property=\"article:modified_time\" content=\"2026-03-12T08:41:17+00:00\" \/>\n<meta property=\"og:image\" content=\"https:\/\/i0.wp.com\/truusk.se\/wp-content\/uploads\/2025\/08\/hund-agility-set-hinder-slalomstanger-markstanger-barbar-vaska-robust-gul-1.webp?fit=2000%2C2000&ssl=1\" \/>\n\t<meta property=\"og:image:width\" content=\"2000\" \/>\n\t<meta property=\"og:image:height\" content=\"2000\" \/>\n\t<meta property=\"og:image:type\" content=\"image\/webp\" \/>\n<meta name=\"twitter:card\" content=\"summary_large_image\" \/>\n<meta name=\"twitter:label1\" content=\"Ber\u00e4knad l\u00e4stid\" \/>\n\t<meta name=\"twitter:data1\" content=\"1 minut\" \/>\n<!-- \/ Yoast SEO plugin. -->","yoast_head_json":{"title":"TRUUSK Hund Agility-Set - Hinder\/Slalomst\u00e4nger\/Markst\u00e4nger - B\u00e4rbar V\u00e4ska - Robust - Gul - TRUUSK - Hem, Tr\u00e4dg\u00e5rd &amp; Fritid","robots":{"index":"index","follow":"follow","max-snippet":"max-snippet:-1","max-image-preview":"max-image-preview:large","max-video-preview":"max-video-preview:-1"},"canonical":"https:\/\/truusk.store\/sv\/produkt\/truusk-hund-agility-set-hinder-slalomstanger-markstanger-barbar-vaska-robust-gul\/","og_locale":"sv_SE","og_type":"article","og_title":"TRUUSK Hund Agility-Set - Hinder\/Slalomst\u00e4nger\/Markst\u00e4nger - B\u00e4rbar V\u00e4ska - Robust - Gul - TRUUSK - Hem, Tr\u00e4dg\u00e5rd &amp; Fritid","og_description":"Har du en livlig hund som vill bli utmanad och uppmuntrad? D\u00e5 erbjuder detta fantastiska Agility-set fr\u00e5n TRUUSK det perfekta...","og_url":"https:\/\/truusk.store\/sv\/produkt\/truusk-hund-agility-set-hinder-slalomstanger-markstanger-barbar-vaska-robust-gul\/","og_site_name":"TRUUSK - Hem, Tr\u00e4dg\u00e5rd &amp; Fritid","article_modified_time":"2026-03-12T08:41:17+00:00","og_image":[{"width":2000,"height":2000,"url":"https:\/\/i0.wp.com\/truusk.se\/wp-content\/uploads\/2025\/08\/hund-agility-set-hinder-slalomstanger-markstanger-barbar-vaska-robust-gul-1.webp?fit=2000%2C2000&ssl=1","type":"image\/webp"}],"twitter_card":"summary_large_image","twitter_misc":{"Ber\u00e4knad l\u00e4stid":"1 minut"},"schema":{"@context":"https:\/\/schema.org","@graph":[{"@type":"WebPage","@id":"https:\/\/truusk.store\/sv\/produkt\/truusk-hund-agility-set-hinder-slalomstanger-markstanger-barbar-vaska-robust-gul\/","url":"https:\/\/truusk.store\/sv\/produkt\/truusk-hund-agility-set-hinder-slalomstanger-markstanger-barbar-vaska-robust-gul\/","name":"TRUUSK Hund Agility-Set - Hinder\/Slalomst\u00e4nger\/Markst\u00e4nger - B\u00e4rbar V\u00e4ska - Robust - Gul - TRUUSK - Hem, Tr\u00e4dg\u00e5rd &amp; Fritid","isPartOf":{"@id":"https:\/\/truusk.store\/sv\/#website"},"primaryImageOfPage":{"@id":"https:\/\/truusk.store\/sv\/produkt\/truusk-hund-agility-set-hinder-slalomstanger-markstanger-barbar-vaska-robust-gul\/#primaryimage"},"image":{"@id":"https:\/\/truusk.store\/sv\/produkt\/truusk-hund-agility-set-hinder-slalomstanger-markstanger-barbar-vaska-robust-gul\/#primaryimage"},"thumbnailUrl":"https:\/\/i0.wp.com\/truusk.store\/wp-content\/uploads\/2025\/08\/hund-agility-set-hinder-slalomstanger-markstanger-barbar-vaska-robust-gul-1.webp?fit=2000%2C2000&ssl=1","datePublished":"2025-08-20T05:22:32+00:00","dateModified":"2026-03-12T08:41:17+00:00","breadcrumb":{"@id":"https:\/\/truusk.store\/sv\/produkt\/truusk-hund-agility-set-hinder-slalomstanger-markstanger-barbar-vaska-robust-gul\/#breadcrumb"},"inLanguage":"sv-SE","potentialAction":[{"@type":"ReadAction","target":["https:\/\/truusk.store\/sv\/produkt\/truusk-hund-agility-set-hinder-slalomstanger-markstanger-barbar-vaska-robust-gul\/"]}]},{"@type":"ImageObject","inLanguage":"sv-SE","@id":"https:\/\/truusk.store\/sv\/produkt\/truusk-hund-agility-set-hinder-slalomstanger-markstanger-barbar-vaska-robust-gul\/#primaryimage","url":"https:\/\/i0.wp.com\/truusk.store\/wp-content\/uploads\/2025\/08\/hund-agility-set-hinder-slalomstanger-markstanger-barbar-vaska-robust-gul-1.webp?fit=2000%2C2000&ssl=1","contentUrl":"https:\/\/i0.wp.com\/truusk.store\/wp-content\/uploads\/2025\/08\/hund-agility-set-hinder-slalomstanger-markstanger-barbar-vaska-robust-gul-1.webp?fit=2000%2C2000&ssl=1","width":2000,"height":2000},{"@type":"BreadcrumbList","@id":"https:\/\/truusk.store\/sv\/produkt\/truusk-hund-agility-set-hinder-slalomstanger-markstanger-barbar-vaska-robust-gul\/#breadcrumb","itemListElement":[{"@type":"ListItem","position":1,"name":"Home","item":"https:\/\/truusk.store\/sv\/"},{"@type":"ListItem","position":2,"name":"Shop","item":"https:\/\/truusk.store\/shop\/"},{"@type":"ListItem","position":3,"name":"TRUUSK Hund Agility-Set &#8211; Hinder\/Slalomst\u00e4nger\/Markst\u00e4nger &#8211; B\u00e4rbar V\u00e4ska &#8211; Robust &#8211; Gul"}]},{"@type":"WebSite","@id":"https:\/\/truusk.store\/sv\/#website","url":"https:\/\/truusk.store\/sv\/","name":"TRUUSK - Hem, Tr\u00e4dg\u00e5rd & Fritid","description":"","publisher":{"@id":"https:\/\/truusk.store\/sv\/#organization"},"potentialAction":[{"@type":"SearchAction","target":{"@type":"EntryPoint","urlTemplate":"https:\/\/truusk.store\/sv\/?s={search_term_string}"},"query-input":{"@type":"PropertyValueSpecification","valueRequired":true,"valueName":"search_term_string"}}],"inLanguage":"sv-SE"},{"@type":"Organization","@id":"https:\/\/truusk.store\/sv\/#organization","name":"TRUUSK - Hem, Tr\u00e4dg\u00e5rd & Fritid","url":"https:\/\/truusk.store\/sv\/","logo":{"@type":"ImageObject","inLanguage":"sv-SE","@id":"https:\/\/truusk.store\/sv\/#\/schema\/logo\/image\/","url":"https:\/\/i0.wp.com\/truusk.store\/wp-content\/uploads\/2026\/03\/cropped-TRUUSK.png?fit=2032%2C917&ssl=1","contentUrl":"https:\/\/i0.wp.com\/truusk.store\/wp-content\/uploads\/2026\/03\/cropped-TRUUSK.png?fit=2032%2C917&ssl=1","width":2032,"height":917,"caption":"TRUUSK - Hem, Tr\u00e4dg\u00e5rd & Fritid"},"image":{"@id":"https:\/\/truusk.store\/sv\/#\/schema\/logo\/image\/"}}]}},"jetpack_sharing_enabled":true,"_links":{"self":[{"href":"https:\/\/truusk.store\/sv\/wp-json\/wp\/v2\/product\/87455","targetHints":{"allow":["GET"]}}],"collection":[{"href":"https:\/\/truusk.store\/sv\/wp-json\/wp\/v2\/product"}],"about":[{"href":"https:\/\/truusk.store\/sv\/wp-json\/wp\/v2\/types\/product"}],"wp:featuredmedia":[{"embeddable":true,"href":"https:\/\/truusk.store\/sv\/wp-json\/wp\/v2\/media\/87446"}],"wp:attachment":[{"href":"https:\/\/truusk.store\/sv\/wp-json\/wp\/v2\/media?parent=87455"}],"wp:term":[{"taxonomy":"product_brand","embeddable":true,"href":"https:\/\/truusk.store\/sv\/wp-json\/wp\/v2\/product_brand?post=87455"},{"taxonomy":"product_cat","embeddable":true,"href":"https:\/\/truusk.store\/sv\/wp-json\/wp\/v2\/product_cat?post=87455"},{"taxonomy":"product_tag","embeddable":true,"href":"https:\/\/truusk.store\/sv\/wp-json\/wp\/v2\/product_tag?post=87455"}],"curies":[{"name":"wp","href":"https:\/\/api.w.org\/{rel}","templated":true}]}}