{"id":87475,"date":"2025-08-20T06:24:27","date_gmt":"2025-08-20T05:24:27","guid":{"rendered":"https:\/\/truusk.store\/product\/rullpall-sadelformad-sits-hojdjusterbar-360-roterbar-konstlader-gra-48-x-47-x-45-59-cm\/"},"modified":"2026-03-12T09:41:22","modified_gmt":"2026-03-12T08:41:22","slug":"truusk-rullpall-med-sadelformad-sits-hojdjusterbar-och-360-roterbar-konstlader-gra-48-x-47-x-45-59-cm","status":"publish","type":"product","link":"https:\/\/truusk.store\/sv\/produkt\/truusk-rullpall-med-sadelformad-sits-hojdjusterbar-och-360-roterbar-konstlader-gra-48-x-47-x-45-59-cm\/","title":{"rendered":"TRUUSK Rullpall med Sadelformad Sits &#8211; H\u00f6jdjusterbar och 360\u00b0 Roterbar &#8211; Konstl\u00e4der &#8211; Gr\u00e5 &#8211; 48 x 47 x 45-59 cm"},"content":{"rendered":"<p>Den h\u00e4r m\u00e5ngsidiga rullpallen fr\u00e5n TRUUSK \u00e4r idealisk f\u00f6r fris\u00f6rsalonger, tatueringsstudior eller mottagningar. Den kombinerar stabilitet med obegr\u00e4nsad r\u00f6relsefrihet, \u00e4ven vid l\u00e5ngvarigt sittande. En helt justerbar lyft g\u00f6r att du snabbt kan st\u00e4lla in den optimala h\u00f6jden. Den fritt roterande, sadelformade s\u00e4tet fr\u00e4mjar en ergonomisk kroppsh\u00e5llning och ger samtidigt st\u00f6d f\u00f6r rygg och ben. De smidiga hjulen l\u00e5ter dig dessutom glida mjukt \u00f6ver golvet.<\/p>\n<p>Beskrivning:<\/p>\n<ul>\n<li> Idealisk f\u00f6r fris\u00f6rsalonger, sk\u00f6nhetssalonger, tatueringsstudior och l\u00e4karmottagningar<\/li>\n<li> H\u00f6jden \u00e4r helt justerbar och g\u00f6r det m\u00f6jligt f\u00f6r kunder att n\u00e5s bekv\u00e4mt n\u00e4r de sitter<\/li>\n<li> Pallens ryggst\u00f6dsl\u00f6sa design till\u00e5ter obegr\u00e4nsad r\u00f6relsefrihet n\u00e4r man sitter<\/li>\n<li> 5 smidiga dubbelhjul<\/li>\n<li> Halkfria hjul f\u00f6r extra s\u00e4kerhet<\/li>\n<li> H\u00f6jdjusteringen sker enkelt tack vare den praktiska gasfj\u00e4dern<\/li>\n<li> Enkel att montera, l\u00e4tt och platsbesparande f\u00f6rvaring<\/li>\n<\/ul>\n<p> Tekniska data:<\/p>\n<ul>\n<li> F\u00e4rg: Svart<\/li>\n<li> Material: Konstl\u00e4der<\/li>\n<li> Totala dimensioner: 48L x 47B x 45-59H cm<\/li>\n<li> Sitsdimensioner: 35B x 36T cm<\/li>\n<li> B\u00e4rf\u00f6rm\u00e5ga: 120 kg<\/li>\n<\/ul>\n<p>Leveransinneh\u00e5ll:<\/p>\n<ul>\n<li> 1 x rullpall;<\/li>\n<\/ul>\n","protected":false},"excerpt":{"rendered":"<p>Den h\u00e4r m\u00e5ngsidiga rullpallen fr\u00e5n TRUUSK \u00e4r idealisk f\u00f6r fris\u00f6rsalonger, tatueringsstudior eller mottagningar. Den kombinerar stabilitet med obegr\u00e4nsad r\u00f6relsefrihet, \u00e4ven&#8230;<\/p>\n","protected":false},"featured_media":87466,"template":"","meta":[],"product_brand":[],"product_cat":[872,871,961],"product_tag":[],"class_list":{"0":"post-87475","1":"product","2":"type-product","3":"status-publish","4":"has-post-thumbnail","6":"product_cat-hemmakontor-arbetsplats","7":"product_cat-hus-hem","8":"product_cat-rullpallar","10":"first","11":"instock","12":"sale","13":"taxable","14":"shipping-taxable","15":"purchasable","16":"product-type-simple"},"yoast_head":"<!-- This site is optimized with the Yoast SEO plugin v25.4 - https:\/\/yoast.com\/wordpress\/plugins\/seo\/ -->\n<title>TRUUSK Rullpall med Sadelformad Sits - H\u00f6jdjusterbar och 360\u00b0 Roterbar - Konstl\u00e4der - Gr\u00e5 - 48 x 47 x 45-59 cm - TRUUSK - Hem, Tr\u00e4dg\u00e5rd &amp; Fritid<\/title>\n<meta name=\"robots\" content=\"index, follow, max-snippet:-1, max-image-preview:large, max-video-preview:-1\" \/>\n<link rel=\"canonical\" href=\"https:\/\/truusk.store\/sv\/produkt\/truusk-rullpall-med-sadelformad-sits-hojdjusterbar-och-360-roterbar-konstlader-gra-48-x-47-x-45-59-cm\/\" \/>\n<meta property=\"og:locale\" content=\"sv_SE\" \/>\n<meta property=\"og:type\" content=\"article\" \/>\n<meta property=\"og:title\" content=\"TRUUSK Rullpall med Sadelformad Sits - H\u00f6jdjusterbar och 360\u00b0 Roterbar - Konstl\u00e4der - Gr\u00e5 - 48 x 47 x 45-59 cm - TRUUSK - Hem, Tr\u00e4dg\u00e5rd &amp; Fritid\" \/>\n<meta property=\"og:description\" content=\"Den h\u00e4r m\u00e5ngsidiga rullpallen fr\u00e5n TRUUSK \u00e4r idealisk f\u00f6r fris\u00f6rsalonger, tatueringsstudior eller mottagningar. Den kombinerar stabilitet med obegr\u00e4nsad r\u00f6relsefrihet, \u00e4ven...\" \/>\n<meta property=\"og:url\" content=\"https:\/\/truusk.store\/sv\/produkt\/truusk-rullpall-med-sadelformad-sits-hojdjusterbar-och-360-roterbar-konstlader-gra-48-x-47-x-45-59-cm\/\" \/>\n<meta property=\"og:site_name\" content=\"TRUUSK - Hem, Tr\u00e4dg\u00e5rd &amp; Fritid\" \/>\n<meta property=\"article:modified_time\" content=\"2026-03-12T08:41:22+00:00\" \/>\n<meta property=\"og:image\" content=\"https:\/\/i0.wp.com\/truusk.se\/wp-content\/uploads\/2025\/08\/rullpall-sadelformad-sits-hojdjusterbar-360-roterbar-konstlader-gra-48-x-47-x-45-59-cm-1.webp?fit=2000%2C2000&ssl=1\" \/>\n\t<meta property=\"og:image:width\" content=\"2000\" \/>\n\t<meta property=\"og:image:height\" content=\"2000\" \/>\n\t<meta property=\"og:image:type\" content=\"image\/webp\" \/>\n<meta name=\"twitter:card\" content=\"summary_large_image\" \/>\n<meta name=\"twitter:label1\" content=\"Ber\u00e4knad l\u00e4stid\" \/>\n\t<meta name=\"twitter:data1\" content=\"1 minut\" \/>\n<!-- \/ Yoast SEO plugin. -->","yoast_head_json":{"title":"TRUUSK Rullpall med Sadelformad Sits - H\u00f6jdjusterbar och 360\u00b0 Roterbar - Konstl\u00e4der - Gr\u00e5 - 48 x 47 x 45-59 cm - TRUUSK - Hem, Tr\u00e4dg\u00e5rd &amp; Fritid","robots":{"index":"index","follow":"follow","max-snippet":"max-snippet:-1","max-image-preview":"max-image-preview:large","max-video-preview":"max-video-preview:-1"},"canonical":"https:\/\/truusk.store\/sv\/produkt\/truusk-rullpall-med-sadelformad-sits-hojdjusterbar-och-360-roterbar-konstlader-gra-48-x-47-x-45-59-cm\/","og_locale":"sv_SE","og_type":"article","og_title":"TRUUSK Rullpall med Sadelformad Sits - H\u00f6jdjusterbar och 360\u00b0 Roterbar - Konstl\u00e4der - Gr\u00e5 - 48 x 47 x 45-59 cm - TRUUSK - Hem, Tr\u00e4dg\u00e5rd &amp; Fritid","og_description":"Den h\u00e4r m\u00e5ngsidiga rullpallen fr\u00e5n TRUUSK \u00e4r idealisk f\u00f6r fris\u00f6rsalonger, tatueringsstudior eller mottagningar. Den kombinerar stabilitet med obegr\u00e4nsad r\u00f6relsefrihet, \u00e4ven...","og_url":"https:\/\/truusk.store\/sv\/produkt\/truusk-rullpall-med-sadelformad-sits-hojdjusterbar-och-360-roterbar-konstlader-gra-48-x-47-x-45-59-cm\/","og_site_name":"TRUUSK - Hem, Tr\u00e4dg\u00e5rd &amp; Fritid","article_modified_time":"2026-03-12T08:41:22+00:00","og_image":[{"width":2000,"height":2000,"url":"https:\/\/i0.wp.com\/truusk.se\/wp-content\/uploads\/2025\/08\/rullpall-sadelformad-sits-hojdjusterbar-360-roterbar-konstlader-gra-48-x-47-x-45-59-cm-1.webp?fit=2000%2C2000&ssl=1","type":"image\/webp"}],"twitter_card":"summary_large_image","twitter_misc":{"Ber\u00e4knad l\u00e4stid":"1 minut"},"schema":{"@context":"https:\/\/schema.org","@graph":[{"@type":"WebPage","@id":"https:\/\/truusk.store\/sv\/produkt\/truusk-rullpall-med-sadelformad-sits-hojdjusterbar-och-360-roterbar-konstlader-gra-48-x-47-x-45-59-cm\/","url":"https:\/\/truusk.store\/sv\/produkt\/truusk-rullpall-med-sadelformad-sits-hojdjusterbar-och-360-roterbar-konstlader-gra-48-x-47-x-45-59-cm\/","name":"TRUUSK Rullpall med Sadelformad Sits - H\u00f6jdjusterbar och 360\u00b0 Roterbar - Konstl\u00e4der - Gr\u00e5 - 48 x 47 x 45-59 cm - TRUUSK - Hem, Tr\u00e4dg\u00e5rd &amp; Fritid","isPartOf":{"@id":"https:\/\/truusk.store\/sv\/#website"},"primaryImageOfPage":{"@id":"https:\/\/truusk.store\/sv\/produkt\/truusk-rullpall-med-sadelformad-sits-hojdjusterbar-och-360-roterbar-konstlader-gra-48-x-47-x-45-59-cm\/#primaryimage"},"image":{"@id":"https:\/\/truusk.store\/sv\/produkt\/truusk-rullpall-med-sadelformad-sits-hojdjusterbar-och-360-roterbar-konstlader-gra-48-x-47-x-45-59-cm\/#primaryimage"},"thumbnailUrl":"https:\/\/i0.wp.com\/truusk.store\/wp-content\/uploads\/2025\/08\/rullpall-sadelformad-sits-hojdjusterbar-360-roterbar-konstlader-gra-48-x-47-x-45-59-cm-1.webp?fit=2000%2C2000&ssl=1","datePublished":"2025-08-20T05:24:27+00:00","dateModified":"2026-03-12T08:41:22+00:00","breadcrumb":{"@id":"https:\/\/truusk.store\/sv\/produkt\/truusk-rullpall-med-sadelformad-sits-hojdjusterbar-och-360-roterbar-konstlader-gra-48-x-47-x-45-59-cm\/#breadcrumb"},"inLanguage":"sv-SE","potentialAction":[{"@type":"ReadAction","target":["https:\/\/truusk.store\/sv\/produkt\/truusk-rullpall-med-sadelformad-sits-hojdjusterbar-och-360-roterbar-konstlader-gra-48-x-47-x-45-59-cm\/"]}]},{"@type":"ImageObject","inLanguage":"sv-SE","@id":"https:\/\/truusk.store\/sv\/produkt\/truusk-rullpall-med-sadelformad-sits-hojdjusterbar-och-360-roterbar-konstlader-gra-48-x-47-x-45-59-cm\/#primaryimage","url":"https:\/\/i0.wp.com\/truusk.store\/wp-content\/uploads\/2025\/08\/rullpall-sadelformad-sits-hojdjusterbar-360-roterbar-konstlader-gra-48-x-47-x-45-59-cm-1.webp?fit=2000%2C2000&ssl=1","contentUrl":"https:\/\/i0.wp.com\/truusk.store\/wp-content\/uploads\/2025\/08\/rullpall-sadelformad-sits-hojdjusterbar-360-roterbar-konstlader-gra-48-x-47-x-45-59-cm-1.webp?fit=2000%2C2000&ssl=1","width":2000,"height":2000},{"@type":"BreadcrumbList","@id":"https:\/\/truusk.store\/sv\/produkt\/truusk-rullpall-med-sadelformad-sits-hojdjusterbar-och-360-roterbar-konstlader-gra-48-x-47-x-45-59-cm\/#breadcrumb","itemListElement":[{"@type":"ListItem","position":1,"name":"Home","item":"https:\/\/truusk.store\/sv\/"},{"@type":"ListItem","position":2,"name":"Shop","item":"https:\/\/truusk.store\/shop\/"},{"@type":"ListItem","position":3,"name":"TRUUSK Rullpall med Sadelformad Sits &#8211; H\u00f6jdjusterbar och 360\u00b0 Roterbar &#8211; Konstl\u00e4der &#8211; Gr\u00e5 &#8211; 48 x 47 x 45-59 cm"}]},{"@type":"WebSite","@id":"https:\/\/truusk.store\/sv\/#website","url":"https:\/\/truusk.store\/sv\/","name":"TRUUSK - Hem, Tr\u00e4dg\u00e5rd & Fritid","description":"","publisher":{"@id":"https:\/\/truusk.store\/sv\/#organization"},"potentialAction":[{"@type":"SearchAction","target":{"@type":"EntryPoint","urlTemplate":"https:\/\/truusk.store\/sv\/?s={search_term_string}"},"query-input":{"@type":"PropertyValueSpecification","valueRequired":true,"valueName":"search_term_string"}}],"inLanguage":"sv-SE"},{"@type":"Organization","@id":"https:\/\/truusk.store\/sv\/#organization","name":"TRUUSK - Hem, Tr\u00e4dg\u00e5rd & Fritid","url":"https:\/\/truusk.store\/sv\/","logo":{"@type":"ImageObject","inLanguage":"sv-SE","@id":"https:\/\/truusk.store\/sv\/#\/schema\/logo\/image\/","url":"https:\/\/i0.wp.com\/truusk.store\/wp-content\/uploads\/2026\/03\/cropped-TRUUSK.png?fit=2032%2C917&ssl=1","contentUrl":"https:\/\/i0.wp.com\/truusk.store\/wp-content\/uploads\/2026\/03\/cropped-TRUUSK.png?fit=2032%2C917&ssl=1","width":2032,"height":917,"caption":"TRUUSK - Hem, Tr\u00e4dg\u00e5rd & Fritid"},"image":{"@id":"https:\/\/truusk.store\/sv\/#\/schema\/logo\/image\/"}}]}},"jetpack_sharing_enabled":true,"_links":{"self":[{"href":"https:\/\/truusk.store\/sv\/wp-json\/wp\/v2\/product\/87475","targetHints":{"allow":["GET"]}}],"collection":[{"href":"https:\/\/truusk.store\/sv\/wp-json\/wp\/v2\/product"}],"about":[{"href":"https:\/\/truusk.store\/sv\/wp-json\/wp\/v2\/types\/product"}],"wp:featuredmedia":[{"embeddable":true,"href":"https:\/\/truusk.store\/sv\/wp-json\/wp\/v2\/media\/87466"}],"wp:attachment":[{"href":"https:\/\/truusk.store\/sv\/wp-json\/wp\/v2\/media?parent=87475"}],"wp:term":[{"taxonomy":"product_brand","embeddable":true,"href":"https:\/\/truusk.store\/sv\/wp-json\/wp\/v2\/product_brand?post=87475"},{"taxonomy":"product_cat","embeddable":true,"href":"https:\/\/truusk.store\/sv\/wp-json\/wp\/v2\/product_cat?post=87475"},{"taxonomy":"product_tag","embeddable":true,"href":"https:\/\/truusk.store\/sv\/wp-json\/wp\/v2\/product_tag?post=87475"}],"curies":[{"name":"wp","href":"https:\/\/api.w.org\/{rel}","templated":true}]}}