{"id":87535,"date":"2025-08-20T06:30:39","date_gmt":"2025-08-20T05:30:39","guid":{"rendered":"https:\/\/truusk.store\/product\/tradgardsskjul-forvaringstalt-robust-vaderbestandig-stalram-12x18x16m-morkgra\/"},"modified":"2026-03-12T09:41:29","modified_gmt":"2026-03-12T08:41:29","slug":"truusk-tradgardsskjul-forvaringstalt-12x18x16m-robust-vaderbestandig-stalram-morkgra","status":"publish","type":"product","link":"https:\/\/truusk.store\/sv\/produkt\/truusk-tradgardsskjul-forvaringstalt-12x18x16m-robust-vaderbestandig-stalram-morkgra\/","title":{"rendered":"TRUUSK Tr\u00e4dg\u00e5rdsskjul &#8211; F\u00f6rvaringst\u00e4lt 1,2&#215;1,8&#215;1,6m &#8211; Robust &amp; V\u00e4derbest\u00e4ndig &#8211; St\u00e5lram &#8211; M\u00f6rkgr\u00e5"},"content":{"rendered":"<p>Uppt\u00e4ck komforten med TRUUSK f\u00f6rr\u00e5d, ett rymligt paradis f\u00f6r din cykel, motorcykel eller dina tr\u00e4dg\u00e5rdsverktyg. Med en UV-resistent presenning och en robust, galvaniserad st\u00e5lram skyddar den dina f\u00f6rem\u00e5l fr\u00e5n l\u00e4tt vind, regn och smuts. Den stora ing\u00e5ngen med dragkedja m\u00f6jligg\u00f6r enkel \u00e5tkomst och enkel f\u00f6rvaring. Idealisk f\u00f6r alla utomhusomr\u00e5den!<\/p>\n<p>Beskrivning:<\/p>\n<ul>\n<li> Rymmer l\u00e4tt tv\u00e5 cyklar, en motorcykel eller tr\u00e4dg\u00e5rdsverktyg<\/li>\n<li> UV-resistent presenning skyddar mot v\u00e4der och smuts<\/li>\n<li> Galvaniserad st\u00e5lram \u00e4r rostfri och formstabil<\/li>\n<li> Stor dragkedja d\u00f6rr f\u00f6r enkel \u00e5tkomst<\/li>\n<li> Markankare och skruvar s\u00e4kerst\u00e4ller en s\u00e4ker fasts\u00e4ttning<\/li>\n<li> Enkel montering<\/li>\n<\/ul>\n<p> Tekniska data:<\/p>\n<ul>\n<li> F\u00e4rg: M\u00f6rkgr\u00e5<\/li>\n<li> Material: Galvaniserat st\u00e5l, PE-presenning<\/li>\n<li> Totala m\u00e5tt: 120B x 179D x 165H cm<\/li>\n<li> Takets h\u00f6jd: 134H cm<\/li>\n<li> D\u00f6rm\u00e5tt: 106B x 126H cm<\/li>\n<\/ul>\n<p>Leveransinneh\u00e5ll:<\/p>\n<ul>\n<li> 1 x F\u00f6rr\u00e5d<\/li>\n<li> 6 x Markankare<\/li>\n<li> 6 x Skruv<\/li>\n<li> 15 x Sp\u00e4nnlina<\/li>\n<li> 1 x Instruktioner<\/li>\n<\/ul>\n","protected":false},"excerpt":{"rendered":"<p>Uppt\u00e4ck komforten med TRUUSK f\u00f6rr\u00e5d, ett rymligt paradis f\u00f6r din cykel, motorcykel eller dina tr\u00e4dg\u00e5rdsverktyg. Med en UV-resistent presenning och&#8230;<\/p>\n","protected":false},"featured_media":87526,"template":"","meta":[],"product_brand":[],"product_cat":[477,858,476],"product_tag":[],"class_list":{"0":"post-87535","1":"product","2":"type-product","3":"status-publish","4":"has-post-thumbnail","6":"product_cat-paviljonger-partytalt","7":"product_cat-tradgard-terrass","8":"product_cat-tradgardspaviljonger","10":"first","11":"instock","12":"sale","13":"taxable","14":"shipping-taxable","15":"purchasable","16":"product-type-simple"},"yoast_head":"<!-- This site is optimized with the Yoast SEO plugin v25.4 - https:\/\/yoast.com\/wordpress\/plugins\/seo\/ -->\n<title>TRUUSK Tr\u00e4dg\u00e5rdsskjul - F\u00f6rvaringst\u00e4lt 1,2x1,8x1,6m - Robust &amp; V\u00e4derbest\u00e4ndig - St\u00e5lram - M\u00f6rkgr\u00e5 - TRUUSK - Hem, Tr\u00e4dg\u00e5rd &amp; Fritid<\/title>\n<meta name=\"robots\" content=\"index, follow, max-snippet:-1, max-image-preview:large, max-video-preview:-1\" \/>\n<link rel=\"canonical\" href=\"https:\/\/truusk.store\/sv\/produkt\/truusk-tradgardsskjul-forvaringstalt-12x18x16m-robust-vaderbestandig-stalram-morkgra\/\" \/>\n<meta property=\"og:locale\" content=\"sv_SE\" \/>\n<meta property=\"og:type\" content=\"article\" \/>\n<meta property=\"og:title\" content=\"TRUUSK Tr\u00e4dg\u00e5rdsskjul - F\u00f6rvaringst\u00e4lt 1,2x1,8x1,6m - Robust &amp; V\u00e4derbest\u00e4ndig - St\u00e5lram - M\u00f6rkgr\u00e5 - TRUUSK - Hem, Tr\u00e4dg\u00e5rd &amp; Fritid\" \/>\n<meta property=\"og:description\" content=\"Uppt\u00e4ck komforten med TRUUSK f\u00f6rr\u00e5d, ett rymligt paradis f\u00f6r din cykel, motorcykel eller dina tr\u00e4dg\u00e5rdsverktyg. Med en UV-resistent presenning och...\" \/>\n<meta property=\"og:url\" content=\"https:\/\/truusk.store\/sv\/produkt\/truusk-tradgardsskjul-forvaringstalt-12x18x16m-robust-vaderbestandig-stalram-morkgra\/\" \/>\n<meta property=\"og:site_name\" content=\"TRUUSK - Hem, Tr\u00e4dg\u00e5rd &amp; Fritid\" \/>\n<meta property=\"article:modified_time\" content=\"2026-03-12T08:41:29+00:00\" \/>\n<meta property=\"og:image\" content=\"https:\/\/i0.wp.com\/truusk.se\/wp-content\/uploads\/2025\/08\/tradgardsskjul-forvaringstalt-robust-vaderbestandig-stalram-12x18x16m-morkgra-1.webp?fit=2000%2C2000&ssl=1\" \/>\n\t<meta property=\"og:image:width\" content=\"2000\" \/>\n\t<meta property=\"og:image:height\" content=\"2000\" \/>\n\t<meta property=\"og:image:type\" content=\"image\/webp\" \/>\n<meta name=\"twitter:card\" content=\"summary_large_image\" \/>\n<meta name=\"twitter:label1\" content=\"Ber\u00e4knad l\u00e4stid\" \/>\n\t<meta name=\"twitter:data1\" content=\"1 minut\" \/>\n<!-- \/ Yoast SEO plugin. -->","yoast_head_json":{"title":"TRUUSK Tr\u00e4dg\u00e5rdsskjul - F\u00f6rvaringst\u00e4lt 1,2x1,8x1,6m - Robust &amp; V\u00e4derbest\u00e4ndig - St\u00e5lram - M\u00f6rkgr\u00e5 - TRUUSK - Hem, Tr\u00e4dg\u00e5rd &amp; Fritid","robots":{"index":"index","follow":"follow","max-snippet":"max-snippet:-1","max-image-preview":"max-image-preview:large","max-video-preview":"max-video-preview:-1"},"canonical":"https:\/\/truusk.store\/sv\/produkt\/truusk-tradgardsskjul-forvaringstalt-12x18x16m-robust-vaderbestandig-stalram-morkgra\/","og_locale":"sv_SE","og_type":"article","og_title":"TRUUSK Tr\u00e4dg\u00e5rdsskjul - F\u00f6rvaringst\u00e4lt 1,2x1,8x1,6m - Robust &amp; V\u00e4derbest\u00e4ndig - St\u00e5lram - M\u00f6rkgr\u00e5 - TRUUSK - Hem, Tr\u00e4dg\u00e5rd &amp; Fritid","og_description":"Uppt\u00e4ck komforten med TRUUSK f\u00f6rr\u00e5d, ett rymligt paradis f\u00f6r din cykel, motorcykel eller dina tr\u00e4dg\u00e5rdsverktyg. Med en UV-resistent presenning och...","og_url":"https:\/\/truusk.store\/sv\/produkt\/truusk-tradgardsskjul-forvaringstalt-12x18x16m-robust-vaderbestandig-stalram-morkgra\/","og_site_name":"TRUUSK - Hem, Tr\u00e4dg\u00e5rd &amp; Fritid","article_modified_time":"2026-03-12T08:41:29+00:00","og_image":[{"width":2000,"height":2000,"url":"https:\/\/i0.wp.com\/truusk.se\/wp-content\/uploads\/2025\/08\/tradgardsskjul-forvaringstalt-robust-vaderbestandig-stalram-12x18x16m-morkgra-1.webp?fit=2000%2C2000&ssl=1","type":"image\/webp"}],"twitter_card":"summary_large_image","twitter_misc":{"Ber\u00e4knad l\u00e4stid":"1 minut"},"schema":{"@context":"https:\/\/schema.org","@graph":[{"@type":"WebPage","@id":"https:\/\/truusk.store\/sv\/produkt\/truusk-tradgardsskjul-forvaringstalt-12x18x16m-robust-vaderbestandig-stalram-morkgra\/","url":"https:\/\/truusk.store\/sv\/produkt\/truusk-tradgardsskjul-forvaringstalt-12x18x16m-robust-vaderbestandig-stalram-morkgra\/","name":"TRUUSK Tr\u00e4dg\u00e5rdsskjul - F\u00f6rvaringst\u00e4lt 1,2x1,8x1,6m - Robust &amp; V\u00e4derbest\u00e4ndig - St\u00e5lram - M\u00f6rkgr\u00e5 - TRUUSK - Hem, Tr\u00e4dg\u00e5rd &amp; Fritid","isPartOf":{"@id":"https:\/\/truusk.store\/sv\/#website"},"primaryImageOfPage":{"@id":"https:\/\/truusk.store\/sv\/produkt\/truusk-tradgardsskjul-forvaringstalt-12x18x16m-robust-vaderbestandig-stalram-morkgra\/#primaryimage"},"image":{"@id":"https:\/\/truusk.store\/sv\/produkt\/truusk-tradgardsskjul-forvaringstalt-12x18x16m-robust-vaderbestandig-stalram-morkgra\/#primaryimage"},"thumbnailUrl":"https:\/\/i0.wp.com\/truusk.store\/wp-content\/uploads\/2025\/08\/tradgardsskjul-forvaringstalt-robust-vaderbestandig-stalram-12x18x16m-morkgra-1.webp?fit=2000%2C2000&ssl=1","datePublished":"2025-08-20T05:30:39+00:00","dateModified":"2026-03-12T08:41:29+00:00","breadcrumb":{"@id":"https:\/\/truusk.store\/sv\/produkt\/truusk-tradgardsskjul-forvaringstalt-12x18x16m-robust-vaderbestandig-stalram-morkgra\/#breadcrumb"},"inLanguage":"sv-SE","potentialAction":[{"@type":"ReadAction","target":["https:\/\/truusk.store\/sv\/produkt\/truusk-tradgardsskjul-forvaringstalt-12x18x16m-robust-vaderbestandig-stalram-morkgra\/"]}]},{"@type":"ImageObject","inLanguage":"sv-SE","@id":"https:\/\/truusk.store\/sv\/produkt\/truusk-tradgardsskjul-forvaringstalt-12x18x16m-robust-vaderbestandig-stalram-morkgra\/#primaryimage","url":"https:\/\/i0.wp.com\/truusk.store\/wp-content\/uploads\/2025\/08\/tradgardsskjul-forvaringstalt-robust-vaderbestandig-stalram-12x18x16m-morkgra-1.webp?fit=2000%2C2000&ssl=1","contentUrl":"https:\/\/i0.wp.com\/truusk.store\/wp-content\/uploads\/2025\/08\/tradgardsskjul-forvaringstalt-robust-vaderbestandig-stalram-12x18x16m-morkgra-1.webp?fit=2000%2C2000&ssl=1","width":2000,"height":2000},{"@type":"BreadcrumbList","@id":"https:\/\/truusk.store\/sv\/produkt\/truusk-tradgardsskjul-forvaringstalt-12x18x16m-robust-vaderbestandig-stalram-morkgra\/#breadcrumb","itemListElement":[{"@type":"ListItem","position":1,"name":"Home","item":"https:\/\/truusk.store\/sv\/"},{"@type":"ListItem","position":2,"name":"Shop","item":"https:\/\/truusk.store\/shop\/"},{"@type":"ListItem","position":3,"name":"TRUUSK Tr\u00e4dg\u00e5rdsskjul &#8211; F\u00f6rvaringst\u00e4lt 1,2&#215;1,8&#215;1,6m &#8211; Robust &amp; V\u00e4derbest\u00e4ndig &#8211; St\u00e5lram &#8211; M\u00f6rkgr\u00e5"}]},{"@type":"WebSite","@id":"https:\/\/truusk.store\/sv\/#website","url":"https:\/\/truusk.store\/sv\/","name":"TRUUSK - Hem, Tr\u00e4dg\u00e5rd & Fritid","description":"","publisher":{"@id":"https:\/\/truusk.store\/sv\/#organization"},"potentialAction":[{"@type":"SearchAction","target":{"@type":"EntryPoint","urlTemplate":"https:\/\/truusk.store\/sv\/?s={search_term_string}"},"query-input":{"@type":"PropertyValueSpecification","valueRequired":true,"valueName":"search_term_string"}}],"inLanguage":"sv-SE"},{"@type":"Organization","@id":"https:\/\/truusk.store\/sv\/#organization","name":"TRUUSK - Hem, Tr\u00e4dg\u00e5rd & Fritid","url":"https:\/\/truusk.store\/sv\/","logo":{"@type":"ImageObject","inLanguage":"sv-SE","@id":"https:\/\/truusk.store\/sv\/#\/schema\/logo\/image\/","url":"https:\/\/i0.wp.com\/truusk.store\/wp-content\/uploads\/2026\/03\/cropped-TRUUSK.png?fit=2032%2C917&ssl=1","contentUrl":"https:\/\/i0.wp.com\/truusk.store\/wp-content\/uploads\/2026\/03\/cropped-TRUUSK.png?fit=2032%2C917&ssl=1","width":2032,"height":917,"caption":"TRUUSK - Hem, Tr\u00e4dg\u00e5rd & Fritid"},"image":{"@id":"https:\/\/truusk.store\/sv\/#\/schema\/logo\/image\/"}}]}},"jetpack_sharing_enabled":true,"_links":{"self":[{"href":"https:\/\/truusk.store\/sv\/wp-json\/wp\/v2\/product\/87535","targetHints":{"allow":["GET"]}}],"collection":[{"href":"https:\/\/truusk.store\/sv\/wp-json\/wp\/v2\/product"}],"about":[{"href":"https:\/\/truusk.store\/sv\/wp-json\/wp\/v2\/types\/product"}],"wp:featuredmedia":[{"embeddable":true,"href":"https:\/\/truusk.store\/sv\/wp-json\/wp\/v2\/media\/87526"}],"wp:attachment":[{"href":"https:\/\/truusk.store\/sv\/wp-json\/wp\/v2\/media?parent=87535"}],"wp:term":[{"taxonomy":"product_brand","embeddable":true,"href":"https:\/\/truusk.store\/sv\/wp-json\/wp\/v2\/product_brand?post=87535"},{"taxonomy":"product_cat","embeddable":true,"href":"https:\/\/truusk.store\/sv\/wp-json\/wp\/v2\/product_cat?post=87535"},{"taxonomy":"product_tag","embeddable":true,"href":"https:\/\/truusk.store\/sv\/wp-json\/wp\/v2\/product_tag?post=87535"}],"curies":[{"name":"wp","href":"https:\/\/api.w.org\/{rel}","templated":true}]}}