{"id":87605,"date":"2025-08-20T06:37:48","date_gmt":"2025-08-20T05:37:48","guid":{"rendered":"https:\/\/truusk.store\/product\/led-badrumsspegel-dimbar-anti-imma-touch-omkopplare-hylla-50-x-70-cm-silver\/"},"modified":"2026-03-12T09:42:32","modified_gmt":"2026-03-12T08:42:32","slug":"truusk-led-badrumsspegel-dimbar-anti-imma-touch-omkopplare-hylla-50-x-70-cm-silver","status":"publish","type":"product","link":"https:\/\/truusk.store\/sv\/produkt\/truusk-led-badrumsspegel-dimbar-anti-imma-touch-omkopplare-hylla-50-x-70-cm-silver\/","title":{"rendered":"TRUUSK LED-Badrumsspegel &#8211; Dimbar &#8211; Anti-imma &#8211; Touch-omkopplare &#8211; Hylla &#8211; 50 x 70 cm &#8211; Silver"},"content":{"rendered":"<p>Modern elegans f\u00f6r ditt badrum. V\u00e5r LED-badrumspegel \u00f6vertygar med kombinationen av vacker design och smart vardagsanv\u00e4ndning. Ramen \u00e4r gjord av rostfritt och l\u00e4tt aluminium. I den stora v\u00e4ggpegeln \u00e4r en rektangul\u00e4r LED-list inb\u00e4ddad, som ger ett behagligt diskret ljus &#8211; s\u00e5 du har alltid en bra vy av dig sj\u00e4lv. Glasinl\u00e4ggshyllan i spegeln erbjuder tillr\u00e4ckligt med utrymme f\u00f6r dina badrumsartiklar och v\u00e4ggmonteringen \u00e4r m\u00f6jlig \u00e4ven utan hantverksf\u00e4rdigheter.<\/p>\n<p>Beskrivning:<\/p>\n<ul>\n<li> Badrumspegel med LED ljusremsa i enkel design<\/li>\n<li> L\u00e4mplig f\u00f6r fuktiga utrymmen som badrum eller toalett<\/li>\n<li> Med glashylla f\u00f6r dina toalettartiklar<\/li>\n<li> Touchbrytare f\u00f6r bekv\u00e4m p\u00e5 och avst\u00e4ngning<\/li>\n<li> Stegl\u00f6st dimbar<\/li>\n<li> Med anti-imma funktion<\/li>\n<li> Ramen p\u00e5 badrumsspegeln \u00e4r gjord av rostbest\u00e4ndigt aluminium<\/li>\n<li> F\u00f6r enkel v\u00e4ggmontering, inklusive monteringsutrustning<\/li>\n<li> Temperaturf\u00e4rg p\u00e5 badrumsspegeln 3000k\/4500k\/6500k<\/li>\n<li> Observera: LED-belysningen \u00e4r inte avsedd f\u00f6r att belysa badrummet<\/li>\n<\/ul>\n<p>Tekniska data:<\/p>\n<ul>\n<li> F\u00e4rg: Silver<\/li>\n<li> Material: Aluminium, h\u00e4rdat glas, plast<\/li>\n<li> Totala m\u00e5tt: 50L x 2,7B x 70Hcm<\/li>\n<li> M\u00e5tt p\u00e5 hyllan: 46L x 12Bcm<\/li>\n<li> Effekt: 20W<\/li>\n<li> Skyddsklass: IP44<\/li>\n<li> Kabell\u00e4ngd: 0,45m<\/li>\n<li> max. Belastningskapacitet: 3kg<\/li>\n<\/ul>\n<p>Leveransinneh\u00e5ll:<\/p>\n<ul>\n<li> 1 x LED badrumsspegel (tr\u00e5d ansluten, plugg ing\u00e5r inte)<\/li>\n<li> Monteringsutrustning<\/li>\n<\/ul>\n","protected":false},"excerpt":{"rendered":"<p>Modern elegans f\u00f6r ditt badrum. V\u00e5r LED-badrumspegel \u00f6vertygar med kombinationen av vacker design och smart vardagsanv\u00e4ndning. Ramen \u00e4r gjord av&#8230;<\/p>\n","protected":false},"featured_media":87596,"template":"","meta":[],"product_brand":[],"product_cat":[915,969,871],"product_tag":[],"class_list":{"0":"post-87605","1":"product","2":"type-product","3":"status-publish","4":"has-post-thumbnail","6":"product_cat-badrum","7":"product_cat-badrumsspegel","8":"product_cat-hus-hem","10":"first","11":"instock","12":"sale","13":"taxable","14":"shipping-taxable","15":"purchasable","16":"product-type-simple"},"yoast_head":"<!-- This site is optimized with the Yoast SEO plugin v25.4 - https:\/\/yoast.com\/wordpress\/plugins\/seo\/ -->\n<title>TRUUSK LED-Badrumsspegel - Dimbar - Anti-imma - Touch-omkopplare - Hylla - 50 x 70 cm - Silver - TRUUSK - Hem, Tr\u00e4dg\u00e5rd &amp; Fritid<\/title>\n<meta name=\"robots\" content=\"index, follow, max-snippet:-1, max-image-preview:large, max-video-preview:-1\" \/>\n<link rel=\"canonical\" href=\"https:\/\/truusk.store\/sv\/produkt\/truusk-led-badrumsspegel-dimbar-anti-imma-touch-omkopplare-hylla-50-x-70-cm-silver\/\" \/>\n<meta property=\"og:locale\" content=\"sv_SE\" \/>\n<meta property=\"og:type\" content=\"article\" \/>\n<meta property=\"og:title\" content=\"TRUUSK LED-Badrumsspegel - Dimbar - Anti-imma - Touch-omkopplare - Hylla - 50 x 70 cm - Silver - TRUUSK - Hem, Tr\u00e4dg\u00e5rd &amp; Fritid\" \/>\n<meta property=\"og:description\" content=\"Modern elegans f\u00f6r ditt badrum. V\u00e5r LED-badrumspegel \u00f6vertygar med kombinationen av vacker design och smart vardagsanv\u00e4ndning. Ramen \u00e4r gjord av...\" \/>\n<meta property=\"og:url\" content=\"https:\/\/truusk.store\/sv\/produkt\/truusk-led-badrumsspegel-dimbar-anti-imma-touch-omkopplare-hylla-50-x-70-cm-silver\/\" \/>\n<meta property=\"og:site_name\" content=\"TRUUSK - Hem, Tr\u00e4dg\u00e5rd &amp; Fritid\" \/>\n<meta property=\"article:modified_time\" content=\"2026-03-12T08:42:32+00:00\" \/>\n<meta property=\"og:image\" content=\"https:\/\/i0.wp.com\/truusk.se\/wp-content\/uploads\/2025\/08\/led-badrumsspegel-dimbar-anti-imma-touch-omkopplare-hylla-50-x-70-cm-silver-1.webp?fit=2000%2C2000&ssl=1\" \/>\n\t<meta property=\"og:image:width\" content=\"2000\" \/>\n\t<meta property=\"og:image:height\" content=\"2000\" \/>\n\t<meta property=\"og:image:type\" content=\"image\/webp\" \/>\n<meta name=\"twitter:card\" content=\"summary_large_image\" \/>\n<meta name=\"twitter:label1\" content=\"Ber\u00e4knad l\u00e4stid\" \/>\n\t<meta name=\"twitter:data1\" content=\"1 minut\" \/>\n<!-- \/ Yoast SEO plugin. -->","yoast_head_json":{"title":"TRUUSK LED-Badrumsspegel - Dimbar - Anti-imma - Touch-omkopplare - Hylla - 50 x 70 cm - Silver - TRUUSK - Hem, Tr\u00e4dg\u00e5rd &amp; Fritid","robots":{"index":"index","follow":"follow","max-snippet":"max-snippet:-1","max-image-preview":"max-image-preview:large","max-video-preview":"max-video-preview:-1"},"canonical":"https:\/\/truusk.store\/sv\/produkt\/truusk-led-badrumsspegel-dimbar-anti-imma-touch-omkopplare-hylla-50-x-70-cm-silver\/","og_locale":"sv_SE","og_type":"article","og_title":"TRUUSK LED-Badrumsspegel - Dimbar - Anti-imma - Touch-omkopplare - Hylla - 50 x 70 cm - Silver - TRUUSK - Hem, Tr\u00e4dg\u00e5rd &amp; Fritid","og_description":"Modern elegans f\u00f6r ditt badrum. V\u00e5r LED-badrumspegel \u00f6vertygar med kombinationen av vacker design och smart vardagsanv\u00e4ndning. Ramen \u00e4r gjord av...","og_url":"https:\/\/truusk.store\/sv\/produkt\/truusk-led-badrumsspegel-dimbar-anti-imma-touch-omkopplare-hylla-50-x-70-cm-silver\/","og_site_name":"TRUUSK - Hem, Tr\u00e4dg\u00e5rd &amp; Fritid","article_modified_time":"2026-03-12T08:42:32+00:00","og_image":[{"width":2000,"height":2000,"url":"https:\/\/i0.wp.com\/truusk.se\/wp-content\/uploads\/2025\/08\/led-badrumsspegel-dimbar-anti-imma-touch-omkopplare-hylla-50-x-70-cm-silver-1.webp?fit=2000%2C2000&ssl=1","type":"image\/webp"}],"twitter_card":"summary_large_image","twitter_misc":{"Ber\u00e4knad l\u00e4stid":"1 minut"},"schema":{"@context":"https:\/\/schema.org","@graph":[{"@type":"WebPage","@id":"https:\/\/truusk.store\/sv\/produkt\/truusk-led-badrumsspegel-dimbar-anti-imma-touch-omkopplare-hylla-50-x-70-cm-silver\/","url":"https:\/\/truusk.store\/sv\/produkt\/truusk-led-badrumsspegel-dimbar-anti-imma-touch-omkopplare-hylla-50-x-70-cm-silver\/","name":"TRUUSK LED-Badrumsspegel - Dimbar - Anti-imma - Touch-omkopplare - Hylla - 50 x 70 cm - Silver - TRUUSK - Hem, Tr\u00e4dg\u00e5rd &amp; Fritid","isPartOf":{"@id":"https:\/\/truusk.store\/sv\/#website"},"primaryImageOfPage":{"@id":"https:\/\/truusk.store\/sv\/produkt\/truusk-led-badrumsspegel-dimbar-anti-imma-touch-omkopplare-hylla-50-x-70-cm-silver\/#primaryimage"},"image":{"@id":"https:\/\/truusk.store\/sv\/produkt\/truusk-led-badrumsspegel-dimbar-anti-imma-touch-omkopplare-hylla-50-x-70-cm-silver\/#primaryimage"},"thumbnailUrl":"https:\/\/i0.wp.com\/truusk.store\/wp-content\/uploads\/2025\/08\/led-badrumsspegel-dimbar-anti-imma-touch-omkopplare-hylla-50-x-70-cm-silver-1.webp?fit=2000%2C2000&ssl=1","datePublished":"2025-08-20T05:37:48+00:00","dateModified":"2026-03-12T08:42:32+00:00","breadcrumb":{"@id":"https:\/\/truusk.store\/sv\/produkt\/truusk-led-badrumsspegel-dimbar-anti-imma-touch-omkopplare-hylla-50-x-70-cm-silver\/#breadcrumb"},"inLanguage":"sv-SE","potentialAction":[{"@type":"ReadAction","target":["https:\/\/truusk.store\/sv\/produkt\/truusk-led-badrumsspegel-dimbar-anti-imma-touch-omkopplare-hylla-50-x-70-cm-silver\/"]}]},{"@type":"ImageObject","inLanguage":"sv-SE","@id":"https:\/\/truusk.store\/sv\/produkt\/truusk-led-badrumsspegel-dimbar-anti-imma-touch-omkopplare-hylla-50-x-70-cm-silver\/#primaryimage","url":"https:\/\/i0.wp.com\/truusk.store\/wp-content\/uploads\/2025\/08\/led-badrumsspegel-dimbar-anti-imma-touch-omkopplare-hylla-50-x-70-cm-silver-1.webp?fit=2000%2C2000&ssl=1","contentUrl":"https:\/\/i0.wp.com\/truusk.store\/wp-content\/uploads\/2025\/08\/led-badrumsspegel-dimbar-anti-imma-touch-omkopplare-hylla-50-x-70-cm-silver-1.webp?fit=2000%2C2000&ssl=1","width":2000,"height":2000},{"@type":"BreadcrumbList","@id":"https:\/\/truusk.store\/sv\/produkt\/truusk-led-badrumsspegel-dimbar-anti-imma-touch-omkopplare-hylla-50-x-70-cm-silver\/#breadcrumb","itemListElement":[{"@type":"ListItem","position":1,"name":"Home","item":"https:\/\/truusk.store\/sv\/"},{"@type":"ListItem","position":2,"name":"Shop","item":"https:\/\/truusk.store\/shop\/"},{"@type":"ListItem","position":3,"name":"TRUUSK LED-Badrumsspegel &#8211; Dimbar &#8211; Anti-imma &#8211; Touch-omkopplare &#8211; Hylla &#8211; 50 x 70 cm &#8211; Silver"}]},{"@type":"WebSite","@id":"https:\/\/truusk.store\/sv\/#website","url":"https:\/\/truusk.store\/sv\/","name":"TRUUSK - Hem, Tr\u00e4dg\u00e5rd & Fritid","description":"","publisher":{"@id":"https:\/\/truusk.store\/sv\/#organization"},"potentialAction":[{"@type":"SearchAction","target":{"@type":"EntryPoint","urlTemplate":"https:\/\/truusk.store\/sv\/?s={search_term_string}"},"query-input":{"@type":"PropertyValueSpecification","valueRequired":true,"valueName":"search_term_string"}}],"inLanguage":"sv-SE"},{"@type":"Organization","@id":"https:\/\/truusk.store\/sv\/#organization","name":"TRUUSK - Hem, Tr\u00e4dg\u00e5rd & Fritid","url":"https:\/\/truusk.store\/sv\/","logo":{"@type":"ImageObject","inLanguage":"sv-SE","@id":"https:\/\/truusk.store\/sv\/#\/schema\/logo\/image\/","url":"https:\/\/i0.wp.com\/truusk.store\/wp-content\/uploads\/2026\/03\/cropped-TRUUSK.png?fit=2032%2C917&ssl=1","contentUrl":"https:\/\/i0.wp.com\/truusk.store\/wp-content\/uploads\/2026\/03\/cropped-TRUUSK.png?fit=2032%2C917&ssl=1","width":2032,"height":917,"caption":"TRUUSK - Hem, Tr\u00e4dg\u00e5rd & Fritid"},"image":{"@id":"https:\/\/truusk.store\/sv\/#\/schema\/logo\/image\/"}}]}},"jetpack_sharing_enabled":true,"_links":{"self":[{"href":"https:\/\/truusk.store\/sv\/wp-json\/wp\/v2\/product\/87605","targetHints":{"allow":["GET"]}}],"collection":[{"href":"https:\/\/truusk.store\/sv\/wp-json\/wp\/v2\/product"}],"about":[{"href":"https:\/\/truusk.store\/sv\/wp-json\/wp\/v2\/types\/product"}],"wp:featuredmedia":[{"embeddable":true,"href":"https:\/\/truusk.store\/sv\/wp-json\/wp\/v2\/media\/87596"}],"wp:attachment":[{"href":"https:\/\/truusk.store\/sv\/wp-json\/wp\/v2\/media?parent=87605"}],"wp:term":[{"taxonomy":"product_brand","embeddable":true,"href":"https:\/\/truusk.store\/sv\/wp-json\/wp\/v2\/product_brand?post=87605"},{"taxonomy":"product_cat","embeddable":true,"href":"https:\/\/truusk.store\/sv\/wp-json\/wp\/v2\/product_cat?post=87605"},{"taxonomy":"product_tag","embeddable":true,"href":"https:\/\/truusk.store\/sv\/wp-json\/wp\/v2\/product_tag?post=87605"}],"curies":[{"name":"wp","href":"https:\/\/api.w.org\/{rel}","templated":true}]}}