{"id":87635,"date":"2025-08-20T06:40:37","date_gmt":"2025-08-20T05:40:37","guid":{"rendered":"https:\/\/truusk.store\/product\/soffa-sang-gastmadrass-3-ganger-vikbar-kompakt-metallram-80x75x74-cm-gra\/"},"modified":"2026-03-12T09:43:25","modified_gmt":"2026-03-12T08:43:25","slug":"truusk-soffa-sang-gastmadrass-3-ganger-vikbar-kompakt-metallram-80x75x74-cm-gra","status":"publish","type":"product","link":"https:\/\/truusk.store\/sv\/produkt\/truusk-soffa-sang-gastmadrass-3-ganger-vikbar-kompakt-metallram-80x75x74-cm-gra\/","title":{"rendered":"TRUUSK Soffa-s\u00e4ng &#8211; G\u00e4stmadrass 3-g\u00e5nger Vikbar &#8211; Kompakt Metallram &#8211; 80x75x74 Cm &#8211; Gr\u00e5"},"content":{"rendered":"<p>Uppt\u00e4ck komforten och m\u00e5ngsidigheten med v\u00e5r innovativa TRUUSK golvstol! Detta utrymmesbesparande underverk kan anv\u00e4ndas som en bekv\u00e4m stol eller praktisk enkels\u00e4ng f\u00f6r \u00f6vernattande g\u00e4ster. Med sin smarta design och tjocka stoppning \u00e4r golvl\u00e4genheten idealisk f\u00f6r filmkv\u00e4llar, spelmaraton eller bara f\u00f6r att koppla av. Kompakt men \u00e4nd\u00e5 bekv\u00e4m, v\u00e5r sovstol ger gl\u00e4dje och avkoppling till ditt hem.<\/p>\n<p>Beskrivning:<\/p>\n<ul>\n<li> Trefaldigt vikbar design<\/li>\n<li> Kompakt och l\u00e4tt<\/li>\n<li> Tjock stoppning ger o\u00f6vertr\u00e4ffad komfort<\/li>\n<li> Med en kudde f\u00f6r st\u00f6d till nedre ryggen eller huvudet<\/li>\n<li> Andningsbart tyg\u00f6verdrag f\u00f6r golvl\u00e4genheten i linneutseende, rynkfritt och formstabilt<\/li>\n<li> Metallram f\u00f6r golvstolen f\u00f6r fast st\u00f6d<\/li>\n<li> L\u00e4mplig f\u00f6r l\u00e4genheter, studentbost\u00e4der, sm\u00e5 rum och f\u00f6r resor<\/li>\n<li> Ingen montering kr\u00e4vs<\/li>\n<\/ul>\n<p>Tekniska data:<\/p>\n<ul>\n<li> F\u00e4rg: Gr\u00e5<\/li>\n<li> Material: Linneimitation (100% polyester), skum, metall<\/li>\n<li> Storlek p\u00e5 soffa: 80B x 75T x 74H cm<\/li>\n<li> Storlek p\u00e5 s\u00e4ng: 80B x 203T x 74H cm<\/li>\n<li> Sitsstorlek: 78B x 65T cm<\/li>\n<li> Sitth\u00f6jd: 45 cm<\/li>\n<li> Ryggstorlek: 80B x 33H x 10T cm<\/li>\n<li> B\u00e4rkapacitet: 240 kg<\/li>\n<\/ul>\n<p>Leveransinneh\u00e5ll:<\/p>\n<ul>\n<li> 1 x Relaxstol<\/li>\n<li> 1 x Kudde<\/li>\n<li> 1 x Handbok<\/li>\n<\/ul>\n","protected":false},"excerpt":{"rendered":"<p>Uppt\u00e4ck komforten och m\u00e5ngsidigheten med v\u00e5r innovativa TRUUSK golvstol! Detta utrymmesbesparande underverk kan anv\u00e4ndas som en bekv\u00e4m stol eller praktisk&#8230;<\/p>\n","protected":false},"featured_media":87626,"template":"","meta":[],"product_brand":[],"product_cat":[521,871,951,910],"product_tag":[],"class_list":{"0":"post-87635","1":"product","2":"type-product","3":"status-publish","4":"has-post-thumbnail","6":"product_cat-fatolj","7":"product_cat-hus-hem","8":"product_cat-schlafsessel","9":"product_cat-vardagsrum","11":"first","12":"instock","13":"sale","14":"taxable","15":"shipping-taxable","16":"purchasable","17":"product-type-simple"},"yoast_head":"<!-- This site is optimized with the Yoast SEO plugin v25.4 - https:\/\/yoast.com\/wordpress\/plugins\/seo\/ -->\n<title>TRUUSK Soffa-s\u00e4ng - G\u00e4stmadrass 3-g\u00e5nger Vikbar - Kompakt Metallram - 80x75x74 Cm - Gr\u00e5 - TRUUSK - Hem, Tr\u00e4dg\u00e5rd &amp; Fritid<\/title>\n<meta name=\"robots\" content=\"index, follow, max-snippet:-1, max-image-preview:large, max-video-preview:-1\" \/>\n<link rel=\"canonical\" href=\"https:\/\/truusk.store\/sv\/produkt\/truusk-soffa-sang-gastmadrass-3-ganger-vikbar-kompakt-metallram-80x75x74-cm-gra\/\" \/>\n<meta property=\"og:locale\" content=\"sv_SE\" \/>\n<meta property=\"og:type\" content=\"article\" \/>\n<meta property=\"og:title\" content=\"TRUUSK Soffa-s\u00e4ng - G\u00e4stmadrass 3-g\u00e5nger Vikbar - Kompakt Metallram - 80x75x74 Cm - Gr\u00e5 - TRUUSK - Hem, Tr\u00e4dg\u00e5rd &amp; Fritid\" \/>\n<meta property=\"og:description\" content=\"Uppt\u00e4ck komforten och m\u00e5ngsidigheten med v\u00e5r innovativa TRUUSK golvstol! Detta utrymmesbesparande underverk kan anv\u00e4ndas som en bekv\u00e4m stol eller praktisk...\" \/>\n<meta property=\"og:url\" content=\"https:\/\/truusk.store\/sv\/produkt\/truusk-soffa-sang-gastmadrass-3-ganger-vikbar-kompakt-metallram-80x75x74-cm-gra\/\" \/>\n<meta property=\"og:site_name\" content=\"TRUUSK - Hem, Tr\u00e4dg\u00e5rd &amp; Fritid\" \/>\n<meta property=\"article:modified_time\" content=\"2026-03-12T08:43:25+00:00\" \/>\n<meta property=\"og:image\" content=\"https:\/\/i0.wp.com\/truusk.se\/wp-content\/uploads\/2025\/08\/soffa-sang-gastmadrass-3-ganger-vikbar-kompakt-metallram-80x75x74-cm-gra-1.webp?fit=2000%2C2000&ssl=1\" \/>\n\t<meta property=\"og:image:width\" content=\"2000\" \/>\n\t<meta property=\"og:image:height\" content=\"2000\" \/>\n\t<meta property=\"og:image:type\" content=\"image\/webp\" \/>\n<meta name=\"twitter:card\" content=\"summary_large_image\" \/>\n<meta name=\"twitter:label1\" content=\"Ber\u00e4knad l\u00e4stid\" \/>\n\t<meta name=\"twitter:data1\" content=\"1 minut\" \/>\n<!-- \/ Yoast SEO plugin. -->","yoast_head_json":{"title":"TRUUSK Soffa-s\u00e4ng - G\u00e4stmadrass 3-g\u00e5nger Vikbar - Kompakt Metallram - 80x75x74 Cm - Gr\u00e5 - TRUUSK - Hem, Tr\u00e4dg\u00e5rd &amp; Fritid","robots":{"index":"index","follow":"follow","max-snippet":"max-snippet:-1","max-image-preview":"max-image-preview:large","max-video-preview":"max-video-preview:-1"},"canonical":"https:\/\/truusk.store\/sv\/produkt\/truusk-soffa-sang-gastmadrass-3-ganger-vikbar-kompakt-metallram-80x75x74-cm-gra\/","og_locale":"sv_SE","og_type":"article","og_title":"TRUUSK Soffa-s\u00e4ng - G\u00e4stmadrass 3-g\u00e5nger Vikbar - Kompakt Metallram - 80x75x74 Cm - Gr\u00e5 - TRUUSK - Hem, Tr\u00e4dg\u00e5rd &amp; Fritid","og_description":"Uppt\u00e4ck komforten och m\u00e5ngsidigheten med v\u00e5r innovativa TRUUSK golvstol! Detta utrymmesbesparande underverk kan anv\u00e4ndas som en bekv\u00e4m stol eller praktisk...","og_url":"https:\/\/truusk.store\/sv\/produkt\/truusk-soffa-sang-gastmadrass-3-ganger-vikbar-kompakt-metallram-80x75x74-cm-gra\/","og_site_name":"TRUUSK - Hem, Tr\u00e4dg\u00e5rd &amp; Fritid","article_modified_time":"2026-03-12T08:43:25+00:00","og_image":[{"width":2000,"height":2000,"url":"https:\/\/i0.wp.com\/truusk.se\/wp-content\/uploads\/2025\/08\/soffa-sang-gastmadrass-3-ganger-vikbar-kompakt-metallram-80x75x74-cm-gra-1.webp?fit=2000%2C2000&ssl=1","type":"image\/webp"}],"twitter_card":"summary_large_image","twitter_misc":{"Ber\u00e4knad l\u00e4stid":"1 minut"},"schema":{"@context":"https:\/\/schema.org","@graph":[{"@type":"WebPage","@id":"https:\/\/truusk.store\/sv\/produkt\/truusk-soffa-sang-gastmadrass-3-ganger-vikbar-kompakt-metallram-80x75x74-cm-gra\/","url":"https:\/\/truusk.store\/sv\/produkt\/truusk-soffa-sang-gastmadrass-3-ganger-vikbar-kompakt-metallram-80x75x74-cm-gra\/","name":"TRUUSK Soffa-s\u00e4ng - G\u00e4stmadrass 3-g\u00e5nger Vikbar - Kompakt Metallram - 80x75x74 Cm - Gr\u00e5 - TRUUSK - Hem, Tr\u00e4dg\u00e5rd &amp; Fritid","isPartOf":{"@id":"https:\/\/truusk.store\/sv\/#website"},"primaryImageOfPage":{"@id":"https:\/\/truusk.store\/sv\/produkt\/truusk-soffa-sang-gastmadrass-3-ganger-vikbar-kompakt-metallram-80x75x74-cm-gra\/#primaryimage"},"image":{"@id":"https:\/\/truusk.store\/sv\/produkt\/truusk-soffa-sang-gastmadrass-3-ganger-vikbar-kompakt-metallram-80x75x74-cm-gra\/#primaryimage"},"thumbnailUrl":"https:\/\/i0.wp.com\/truusk.store\/wp-content\/uploads\/2025\/08\/soffa-sang-gastmadrass-3-ganger-vikbar-kompakt-metallram-80x75x74-cm-gra-1.webp?fit=2000%2C2000&ssl=1","datePublished":"2025-08-20T05:40:37+00:00","dateModified":"2026-03-12T08:43:25+00:00","breadcrumb":{"@id":"https:\/\/truusk.store\/sv\/produkt\/truusk-soffa-sang-gastmadrass-3-ganger-vikbar-kompakt-metallram-80x75x74-cm-gra\/#breadcrumb"},"inLanguage":"sv-SE","potentialAction":[{"@type":"ReadAction","target":["https:\/\/truusk.store\/sv\/produkt\/truusk-soffa-sang-gastmadrass-3-ganger-vikbar-kompakt-metallram-80x75x74-cm-gra\/"]}]},{"@type":"ImageObject","inLanguage":"sv-SE","@id":"https:\/\/truusk.store\/sv\/produkt\/truusk-soffa-sang-gastmadrass-3-ganger-vikbar-kompakt-metallram-80x75x74-cm-gra\/#primaryimage","url":"https:\/\/i0.wp.com\/truusk.store\/wp-content\/uploads\/2025\/08\/soffa-sang-gastmadrass-3-ganger-vikbar-kompakt-metallram-80x75x74-cm-gra-1.webp?fit=2000%2C2000&ssl=1","contentUrl":"https:\/\/i0.wp.com\/truusk.store\/wp-content\/uploads\/2025\/08\/soffa-sang-gastmadrass-3-ganger-vikbar-kompakt-metallram-80x75x74-cm-gra-1.webp?fit=2000%2C2000&ssl=1","width":2000,"height":2000},{"@type":"BreadcrumbList","@id":"https:\/\/truusk.store\/sv\/produkt\/truusk-soffa-sang-gastmadrass-3-ganger-vikbar-kompakt-metallram-80x75x74-cm-gra\/#breadcrumb","itemListElement":[{"@type":"ListItem","position":1,"name":"Home","item":"https:\/\/truusk.store\/sv\/"},{"@type":"ListItem","position":2,"name":"Shop","item":"https:\/\/truusk.store\/shop\/"},{"@type":"ListItem","position":3,"name":"TRUUSK Soffa-s\u00e4ng &#8211; G\u00e4stmadrass 3-g\u00e5nger Vikbar &#8211; Kompakt Metallram &#8211; 80x75x74 Cm &#8211; Gr\u00e5"}]},{"@type":"WebSite","@id":"https:\/\/truusk.store\/sv\/#website","url":"https:\/\/truusk.store\/sv\/","name":"TRUUSK - Hem, Tr\u00e4dg\u00e5rd & Fritid","description":"","publisher":{"@id":"https:\/\/truusk.store\/sv\/#organization"},"potentialAction":[{"@type":"SearchAction","target":{"@type":"EntryPoint","urlTemplate":"https:\/\/truusk.store\/sv\/?s={search_term_string}"},"query-input":{"@type":"PropertyValueSpecification","valueRequired":true,"valueName":"search_term_string"}}],"inLanguage":"sv-SE"},{"@type":"Organization","@id":"https:\/\/truusk.store\/sv\/#organization","name":"TRUUSK - Hem, Tr\u00e4dg\u00e5rd & Fritid","url":"https:\/\/truusk.store\/sv\/","logo":{"@type":"ImageObject","inLanguage":"sv-SE","@id":"https:\/\/truusk.store\/sv\/#\/schema\/logo\/image\/","url":"https:\/\/i0.wp.com\/truusk.store\/wp-content\/uploads\/2026\/03\/cropped-TRUUSK.png?fit=2032%2C917&ssl=1","contentUrl":"https:\/\/i0.wp.com\/truusk.store\/wp-content\/uploads\/2026\/03\/cropped-TRUUSK.png?fit=2032%2C917&ssl=1","width":2032,"height":917,"caption":"TRUUSK - Hem, Tr\u00e4dg\u00e5rd & Fritid"},"image":{"@id":"https:\/\/truusk.store\/sv\/#\/schema\/logo\/image\/"}}]}},"jetpack_sharing_enabled":true,"_links":{"self":[{"href":"https:\/\/truusk.store\/sv\/wp-json\/wp\/v2\/product\/87635","targetHints":{"allow":["GET"]}}],"collection":[{"href":"https:\/\/truusk.store\/sv\/wp-json\/wp\/v2\/product"}],"about":[{"href":"https:\/\/truusk.store\/sv\/wp-json\/wp\/v2\/types\/product"}],"wp:featuredmedia":[{"embeddable":true,"href":"https:\/\/truusk.store\/sv\/wp-json\/wp\/v2\/media\/87626"}],"wp:attachment":[{"href":"https:\/\/truusk.store\/sv\/wp-json\/wp\/v2\/media?parent=87635"}],"wp:term":[{"taxonomy":"product_brand","embeddable":true,"href":"https:\/\/truusk.store\/sv\/wp-json\/wp\/v2\/product_brand?post=87635"},{"taxonomy":"product_cat","embeddable":true,"href":"https:\/\/truusk.store\/sv\/wp-json\/wp\/v2\/product_cat?post=87635"},{"taxonomy":"product_tag","embeddable":true,"href":"https:\/\/truusk.store\/sv\/wp-json\/wp\/v2\/product_tag?post=87635"}],"curies":[{"name":"wp","href":"https:\/\/api.w.org\/{rel}","templated":true}]}}