{"id":8766,"date":"2024-02-13T09:26:59","date_gmt":"2024-02-13T08:26:59","guid":{"rendered":"https:\/\/truusk.store\/product\/go-kart-barnfordon-pedalbil-med-pedalbromsar-barnleksak-for-3-8-ar-stal-vit-104-x-66-x-57-cm\/"},"modified":"2026-03-12T08:55:51","modified_gmt":"2026-03-12T07:55:51","slug":"truusk-barnfordon-pedalbil-for-barn-pedalbromsar-stal-vit-104-x-66-x-57-cm-leksak-for-3-8-ar","status":"publish","type":"product","link":"https:\/\/truusk.store\/sv\/produkt\/truusk-barnfordon-pedalbil-for-barn-pedalbromsar-stal-vit-104-x-66-x-57-cm-leksak-for-3-8-ar\/","title":{"rendered":"TRUUSK Barnfordon Pedalbil f\u00f6r Barn &#8211; Pedalbromsar &#8211; St\u00e5l &#8211; Vit &#8211; 104 x 66 x 57 cm &#8211; Leksak f\u00f6r 3-8 \u00e5r"},"content":{"rendered":"<p>Vill du att ditt barn ska st\u00e4nga av sin mobiltelefon och h\u00e5lla sig borta fr\u00e5n TV:n och datorn? Vill du att dina barn ska f\u00e5 en mer intressant barndom? Ta en titt p\u00e5 pedal-gokarten. Den \u00e4r gjord av h\u00f6gkvalitativ metallram och plastmaterial f\u00f6r att s\u00e4kerst\u00e4lla s\u00e4kerhet och h\u00e5llbarhet. Den \u00e4r mycket l\u00e4mplig f\u00f6r att tr\u00e4na reaktions- och kontrollf\u00f6rm\u00e5ga inom sport samtidigt som den uppn\u00e5r h\u00e4lsa och lycka.<\/p>\n<h3>Beskrivning:<\/h3>\n<ul>\n<li>H\u00f6gkvalitativ metallram och plastmaterial s\u00e4kerst\u00e4ller h\u00e5llbarhet i m\u00e5nga \u00e5r fram\u00f6ver<\/li>\n<li>Slitstarka plasthjul m\u00f6jligg\u00f6r tyst k\u00f6rning med l\u00e5g ljudniv\u00e5 \u00e4ven p\u00e5 oj\u00e4mna underlag<\/li>\n<li>L\u00e4tta och b\u00e4rbara kartar som enkelt kan tas med var som helst, perfekta f\u00f6r inomhus- och utomhusaktiviteter<\/li>\n<li>Pedalman\u00f6vrerad kart, l\u00e4tt att anv\u00e4nda genom att trampa fram\u00e5t och bak\u00e5t och anv\u00e4nda ratten f\u00f6r att styra kartens riktning<\/li>\n<li>Enkel montering kr\u00e4vs<\/li>\n<li>Rekommenderas f\u00f6r barn mellan 3 och 8 \u00e5r och mindre \u00e4n 35 kg<\/li>\n<\/ul>\n<h3>Teknisk data:<\/h3>\n<ul>\n<li>F\u00e4rg vit<\/li>\n<li>Material: st\u00e5l<\/li>\n<li>\u00d6vergripande m\u00e5tt: 104L x 66W x 57H cm<\/li>\n<li>Sitsm\u00e5tt: 34,5L x 31,5W x 35H cm<\/li>\n<li>H\u00f6jd fr\u00e5n marken: 25 cm<\/li>\n<li>Lastkapacitet: 35 kg<\/li>\n<li>G\u00e4llande \u00e5lder: 3-8 \u00e5r<\/li>\n<\/ul>\n<h3>Leveransens omfattning:<\/h3>\n<ul>\n<li>1 x Go Kart;<\/li>\n<\/ul>\n","protected":false},"excerpt":{"rendered":"<p>Vill du att ditt barn ska st\u00e4nga av sin mobiltelefon och h\u00e5lla sig borta fr\u00e5n TV:n och datorn? Vill du&#8230;<\/p>\n","protected":false},"featured_media":8767,"template":"","meta":[],"product_brand":[],"product_cat":[609,610,614],"product_tag":[],"class_list":{"0":"post-8766","1":"product","2":"type-product","3":"status-publish","4":"has-post-thumbnail","6":"product_cat-baby-barn","7":"product_cat-barnfordon","8":"product_cat-gokart-och-trampfordon","10":"first","11":"instock","12":"sale","13":"taxable","14":"shipping-taxable","15":"purchasable","16":"product-type-simple"},"yoast_head":"<!-- This site is optimized with the Yoast SEO plugin v25.4 - https:\/\/yoast.com\/wordpress\/plugins\/seo\/ -->\n<title>TRUUSK Barnfordon Pedalbil f\u00f6r Barn - Pedalbromsar - St\u00e5l - Vit - 104 x 66 x 57 cm - Leksak f\u00f6r 3-8 \u00e5r - TRUUSK - Hem, Tr\u00e4dg\u00e5rd &amp; Fritid<\/title>\n<meta name=\"robots\" content=\"index, follow, max-snippet:-1, max-image-preview:large, max-video-preview:-1\" \/>\n<link rel=\"canonical\" href=\"https:\/\/truusk.store\/sv\/produkt\/truusk-barnfordon-pedalbil-for-barn-pedalbromsar-stal-vit-104-x-66-x-57-cm-leksak-for-3-8-ar\/\" \/>\n<meta property=\"og:locale\" content=\"sv_SE\" \/>\n<meta property=\"og:type\" content=\"article\" \/>\n<meta property=\"og:title\" content=\"TRUUSK Barnfordon Pedalbil f\u00f6r Barn - Pedalbromsar - St\u00e5l - Vit - 104 x 66 x 57 cm - Leksak f\u00f6r 3-8 \u00e5r - TRUUSK - Hem, Tr\u00e4dg\u00e5rd &amp; Fritid\" \/>\n<meta property=\"og:description\" content=\"Vill du att ditt barn ska st\u00e4nga av sin mobiltelefon och h\u00e5lla sig borta fr\u00e5n TV:n och datorn? Vill du...\" \/>\n<meta property=\"og:url\" content=\"https:\/\/truusk.store\/sv\/produkt\/truusk-barnfordon-pedalbil-for-barn-pedalbromsar-stal-vit-104-x-66-x-57-cm-leksak-for-3-8-ar\/\" \/>\n<meta property=\"og:site_name\" content=\"TRUUSK - Hem, Tr\u00e4dg\u00e5rd &amp; Fritid\" \/>\n<meta property=\"article:modified_time\" content=\"2026-03-12T07:55:51+00:00\" \/>\n<meta property=\"og:image\" content=\"https:\/\/i0.wp.com\/truusk.se\/wp-content\/uploads\/2024\/02\/go-kart-barnfordon-pedalbil-med-pedalbromsar-barnleksak-for-3-8-ar-stal-vit-104-x-66-x-57-cm.webp?fit=800%2C800&ssl=1\" \/>\n\t<meta property=\"og:image:width\" content=\"800\" \/>\n\t<meta property=\"og:image:height\" content=\"800\" \/>\n\t<meta property=\"og:image:type\" content=\"image\/webp\" \/>\n<meta name=\"twitter:card\" content=\"summary_large_image\" \/>\n<meta name=\"twitter:label1\" content=\"Ber\u00e4knad l\u00e4stid\" \/>\n\t<meta name=\"twitter:data1\" content=\"1 minut\" \/>\n<!-- \/ Yoast SEO plugin. -->","yoast_head_json":{"title":"TRUUSK Barnfordon Pedalbil f\u00f6r Barn - Pedalbromsar - St\u00e5l - Vit - 104 x 66 x 57 cm - Leksak f\u00f6r 3-8 \u00e5r - TRUUSK - Hem, Tr\u00e4dg\u00e5rd &amp; Fritid","robots":{"index":"index","follow":"follow","max-snippet":"max-snippet:-1","max-image-preview":"max-image-preview:large","max-video-preview":"max-video-preview:-1"},"canonical":"https:\/\/truusk.store\/sv\/produkt\/truusk-barnfordon-pedalbil-for-barn-pedalbromsar-stal-vit-104-x-66-x-57-cm-leksak-for-3-8-ar\/","og_locale":"sv_SE","og_type":"article","og_title":"TRUUSK Barnfordon Pedalbil f\u00f6r Barn - Pedalbromsar - St\u00e5l - Vit - 104 x 66 x 57 cm - Leksak f\u00f6r 3-8 \u00e5r - TRUUSK - Hem, Tr\u00e4dg\u00e5rd &amp; Fritid","og_description":"Vill du att ditt barn ska st\u00e4nga av sin mobiltelefon och h\u00e5lla sig borta fr\u00e5n TV:n och datorn? Vill du...","og_url":"https:\/\/truusk.store\/sv\/produkt\/truusk-barnfordon-pedalbil-for-barn-pedalbromsar-stal-vit-104-x-66-x-57-cm-leksak-for-3-8-ar\/","og_site_name":"TRUUSK - Hem, Tr\u00e4dg\u00e5rd &amp; Fritid","article_modified_time":"2026-03-12T07:55:51+00:00","og_image":[{"width":800,"height":800,"url":"https:\/\/i0.wp.com\/truusk.se\/wp-content\/uploads\/2024\/02\/go-kart-barnfordon-pedalbil-med-pedalbromsar-barnleksak-for-3-8-ar-stal-vit-104-x-66-x-57-cm.webp?fit=800%2C800&ssl=1","type":"image\/webp"}],"twitter_card":"summary_large_image","twitter_misc":{"Ber\u00e4knad l\u00e4stid":"1 minut"},"schema":{"@context":"https:\/\/schema.org","@graph":[{"@type":"WebPage","@id":"https:\/\/truusk.store\/sv\/produkt\/truusk-barnfordon-pedalbil-for-barn-pedalbromsar-stal-vit-104-x-66-x-57-cm-leksak-for-3-8-ar\/","url":"https:\/\/truusk.store\/sv\/produkt\/truusk-barnfordon-pedalbil-for-barn-pedalbromsar-stal-vit-104-x-66-x-57-cm-leksak-for-3-8-ar\/","name":"TRUUSK Barnfordon Pedalbil f\u00f6r Barn - Pedalbromsar - St\u00e5l - Vit - 104 x 66 x 57 cm - Leksak f\u00f6r 3-8 \u00e5r - TRUUSK - Hem, Tr\u00e4dg\u00e5rd &amp; Fritid","isPartOf":{"@id":"https:\/\/truusk.store\/sv\/#website"},"primaryImageOfPage":{"@id":"https:\/\/truusk.store\/sv\/produkt\/truusk-barnfordon-pedalbil-for-barn-pedalbromsar-stal-vit-104-x-66-x-57-cm-leksak-for-3-8-ar\/#primaryimage"},"image":{"@id":"https:\/\/truusk.store\/sv\/produkt\/truusk-barnfordon-pedalbil-for-barn-pedalbromsar-stal-vit-104-x-66-x-57-cm-leksak-for-3-8-ar\/#primaryimage"},"thumbnailUrl":"https:\/\/i0.wp.com\/truusk.store\/wp-content\/uploads\/2024\/02\/go-kart-barnfordon-pedalbil-med-pedalbromsar-barnleksak-for-3-8-ar-stal-vit-104-x-66-x-57-cm.webp?fit=800%2C800&ssl=1","datePublished":"2024-02-13T08:26:59+00:00","dateModified":"2026-03-12T07:55:51+00:00","breadcrumb":{"@id":"https:\/\/truusk.store\/sv\/produkt\/truusk-barnfordon-pedalbil-for-barn-pedalbromsar-stal-vit-104-x-66-x-57-cm-leksak-for-3-8-ar\/#breadcrumb"},"inLanguage":"sv-SE","potentialAction":[{"@type":"ReadAction","target":["https:\/\/truusk.store\/sv\/produkt\/truusk-barnfordon-pedalbil-for-barn-pedalbromsar-stal-vit-104-x-66-x-57-cm-leksak-for-3-8-ar\/"]}]},{"@type":"ImageObject","inLanguage":"sv-SE","@id":"https:\/\/truusk.store\/sv\/produkt\/truusk-barnfordon-pedalbil-for-barn-pedalbromsar-stal-vit-104-x-66-x-57-cm-leksak-for-3-8-ar\/#primaryimage","url":"https:\/\/i0.wp.com\/truusk.store\/wp-content\/uploads\/2024\/02\/go-kart-barnfordon-pedalbil-med-pedalbromsar-barnleksak-for-3-8-ar-stal-vit-104-x-66-x-57-cm.webp?fit=800%2C800&ssl=1","contentUrl":"https:\/\/i0.wp.com\/truusk.store\/wp-content\/uploads\/2024\/02\/go-kart-barnfordon-pedalbil-med-pedalbromsar-barnleksak-for-3-8-ar-stal-vit-104-x-66-x-57-cm.webp?fit=800%2C800&ssl=1","width":800,"height":800,"caption":"Go Kart Barnfordon Pedalbil Med Pedalbromsar Barnleksak F\u00f6r 3-8 \u00e5r St\u00e5l Vit 104 X 66 X 57 Cm 1"},{"@type":"BreadcrumbList","@id":"https:\/\/truusk.store\/sv\/produkt\/truusk-barnfordon-pedalbil-for-barn-pedalbromsar-stal-vit-104-x-66-x-57-cm-leksak-for-3-8-ar\/#breadcrumb","itemListElement":[{"@type":"ListItem","position":1,"name":"Home","item":"https:\/\/truusk.store\/sv\/"},{"@type":"ListItem","position":2,"name":"Shop","item":"https:\/\/truusk.store\/shop\/"},{"@type":"ListItem","position":3,"name":"TRUUSK Barnfordon Pedalbil f\u00f6r Barn &#8211; Pedalbromsar &#8211; St\u00e5l &#8211; Vit &#8211; 104 x 66 x 57 cm &#8211; Leksak f\u00f6r 3-8 \u00e5r"}]},{"@type":"WebSite","@id":"https:\/\/truusk.store\/sv\/#website","url":"https:\/\/truusk.store\/sv\/","name":"TRUUSK - Hem, Tr\u00e4dg\u00e5rd & Fritid","description":"","publisher":{"@id":"https:\/\/truusk.store\/sv\/#organization"},"potentialAction":[{"@type":"SearchAction","target":{"@type":"EntryPoint","urlTemplate":"https:\/\/truusk.store\/sv\/?s={search_term_string}"},"query-input":{"@type":"PropertyValueSpecification","valueRequired":true,"valueName":"search_term_string"}}],"inLanguage":"sv-SE"},{"@type":"Organization","@id":"https:\/\/truusk.store\/sv\/#organization","name":"TRUUSK - Hem, Tr\u00e4dg\u00e5rd & Fritid","url":"https:\/\/truusk.store\/sv\/","logo":{"@type":"ImageObject","inLanguage":"sv-SE","@id":"https:\/\/truusk.store\/sv\/#\/schema\/logo\/image\/","url":"https:\/\/i0.wp.com\/truusk.store\/wp-content\/uploads\/2026\/03\/cropped-TRUUSK.png?fit=2032%2C917&ssl=1","contentUrl":"https:\/\/i0.wp.com\/truusk.store\/wp-content\/uploads\/2026\/03\/cropped-TRUUSK.png?fit=2032%2C917&ssl=1","width":2032,"height":917,"caption":"TRUUSK - Hem, Tr\u00e4dg\u00e5rd & Fritid"},"image":{"@id":"https:\/\/truusk.store\/sv\/#\/schema\/logo\/image\/"}}]}},"jetpack_sharing_enabled":true,"_links":{"self":[{"href":"https:\/\/truusk.store\/sv\/wp-json\/wp\/v2\/product\/8766","targetHints":{"allow":["GET"]}}],"collection":[{"href":"https:\/\/truusk.store\/sv\/wp-json\/wp\/v2\/product"}],"about":[{"href":"https:\/\/truusk.store\/sv\/wp-json\/wp\/v2\/types\/product"}],"wp:featuredmedia":[{"embeddable":true,"href":"https:\/\/truusk.store\/sv\/wp-json\/wp\/v2\/media\/8767"}],"wp:attachment":[{"href":"https:\/\/truusk.store\/sv\/wp-json\/wp\/v2\/media?parent=8766"}],"wp:term":[{"taxonomy":"product_brand","embeddable":true,"href":"https:\/\/truusk.store\/sv\/wp-json\/wp\/v2\/product_brand?post=8766"},{"taxonomy":"product_cat","embeddable":true,"href":"https:\/\/truusk.store\/sv\/wp-json\/wp\/v2\/product_cat?post=8766"},{"taxonomy":"product_tag","embeddable":true,"href":"https:\/\/truusk.store\/sv\/wp-json\/wp\/v2\/product_tag?post=8766"}],"curies":[{"name":"wp","href":"https:\/\/api.w.org\/{rel}","templated":true}]}}