{"id":87665,"date":"2025-08-20T06:43:54","date_gmt":"2025-08-20T05:43:54","guid":{"rendered":"https:\/\/truusk.store\/product\/hemmakontorsstol-hojdjusterbar-kontorsstol-med-hjul-sammetsliknande-kladsel-metallbas-kramvit\/"},"modified":"2026-03-12T09:44:44","modified_gmt":"2026-03-12T08:44:44","slug":"truusk-hemmakontorsstol-justerbar-hojd-hjul-sammetsliknande-kladsel-metallbas-kramvit","status":"publish","type":"product","link":"https:\/\/truusk.store\/sv\/produkt\/truusk-hemmakontorsstol-justerbar-hojd-hjul-sammetsliknande-kladsel-metallbas-kramvit\/","title":{"rendered":"TRUUSK Hemmakontorsstol &#8211; Justerbar h\u00f6jd &#8211; Hjul &#8211; Sammetsliknande kl\u00e4dsel &#8211; Metallbas &#8211; Kr\u00e4mvit"},"content":{"rendered":"<p>Njut av den lyxiga komforten med TRUUSK kontorsstolen med dess extra tjocka sits i mjukt \u00f6verdrag. H\u00f6jdjusteringen av svivelstolen g\u00f6rs enkelt med en h\u00f6gkvalitativ gaslyft. Den 360\u00b0 roterande sitsen och hjulen p\u00e5 datorstolen erbjuder ocks\u00e5 flexibel r\u00f6relsefrihet. Perfekt f\u00f6r hemmakontoret eller arbetsrummet, kombinerar denna kontorsstol elegans med bekv\u00e4mlighet.<\/p>\n<p>Beskrivning:<\/p>\n<ul>\n<li> Tjockt stoppad rygg, armar och tv\u00e5stegssits f\u00f6r optimal komfort<\/li>\n<li> Mjukt, sammetliknande \u00f6verdrag p\u00e5 skrivbordsstolen ger en lyxig k\u00e4nsla och textur<\/li>\n<li> Justerbar sitth\u00f6jd p\u00e5 svivelstolen med hjul med mjuk gaslyft<\/li>\n<li> 360\u00b0 roterande sits och hjul p\u00e5 PC-stolen f\u00f6r enkel r\u00f6rlighet<\/li>\n<li> Elektropl\u00e4terad femstj\u00e4rnig metallbas \u00f6kar h\u00e5llbarheten<\/li>\n<li> Montering kr\u00e4vs<\/li>\n<\/ul>\n<p> Tekniska data:<\/p>\n<ul>\n<li> F\u00e4rg: Kr\u00e4mvit<\/li>\n<li> Material: Polyester, skum, flerskiktsplatta, st\u00e5l<\/li>\n<li> Totala dimensioner: 60L x 61B x 79-88H cm<\/li>\n<li> Sitsstorlek: 45L x 44B x 49,5-58,5H cm<\/li>\n<li> Sittstjocklek: 11,5T cm<\/li>\n<li> Ryggstorlek: 43B x 42H cm<\/li>\n<li> Ryggtjocklek: 6T cm<\/li>\n<li> Armh\u00f6jd: (till sits) 14,5 cm<\/li>\n<li> B\u00e4rkapacitet: 120 kg<\/li>\n<\/ul>\n<p>Leveransinneh\u00e5ll:<\/p>\n<ul>\n<li> 1 x Kontorsstol<\/li>\n<li> 1 x Handbok<\/li>\n<\/ul>\n","protected":false},"excerpt":{"rendered":"<p>Njut av den lyxiga komforten med TRUUSK kontorsstolen med dess extra tjocka sits i mjukt \u00f6verdrag. H\u00f6jdjusteringen av svivelstolen g\u00f6rs&#8230;<\/p>\n","protected":false},"featured_media":87656,"template":"","meta":[],"product_brand":[],"product_cat":[872,871,516],"product_tag":[],"class_list":{"0":"post-87665","1":"product","2":"type-product","3":"status-publish","4":"has-post-thumbnail","6":"product_cat-hemmakontor-arbetsplats","7":"product_cat-hus-hem","8":"product_cat-kontorsstolar","10":"first","11":"instock","12":"sale","13":"taxable","14":"shipping-taxable","15":"purchasable","16":"product-type-simple"},"yoast_head":"<!-- This site is optimized with the Yoast SEO plugin v25.4 - https:\/\/yoast.com\/wordpress\/plugins\/seo\/ -->\n<title>TRUUSK Hemmakontorsstol - Justerbar h\u00f6jd - Hjul - Sammetsliknande kl\u00e4dsel - Metallbas - Kr\u00e4mvit - TRUUSK - Hem, Tr\u00e4dg\u00e5rd &amp; Fritid<\/title>\n<meta name=\"robots\" content=\"index, follow, max-snippet:-1, max-image-preview:large, max-video-preview:-1\" \/>\n<link rel=\"canonical\" href=\"https:\/\/truusk.store\/sv\/produkt\/truusk-hemmakontorsstol-justerbar-hojd-hjul-sammetsliknande-kladsel-metallbas-kramvit\/\" \/>\n<meta property=\"og:locale\" content=\"sv_SE\" \/>\n<meta property=\"og:type\" content=\"article\" \/>\n<meta property=\"og:title\" content=\"TRUUSK Hemmakontorsstol - Justerbar h\u00f6jd - Hjul - Sammetsliknande kl\u00e4dsel - Metallbas - Kr\u00e4mvit - TRUUSK - Hem, Tr\u00e4dg\u00e5rd &amp; Fritid\" \/>\n<meta property=\"og:description\" content=\"Njut av den lyxiga komforten med TRUUSK kontorsstolen med dess extra tjocka sits i mjukt \u00f6verdrag. H\u00f6jdjusteringen av svivelstolen g\u00f6rs...\" \/>\n<meta property=\"og:url\" content=\"https:\/\/truusk.store\/sv\/produkt\/truusk-hemmakontorsstol-justerbar-hojd-hjul-sammetsliknande-kladsel-metallbas-kramvit\/\" \/>\n<meta property=\"og:site_name\" content=\"TRUUSK - Hem, Tr\u00e4dg\u00e5rd &amp; Fritid\" \/>\n<meta property=\"article:modified_time\" content=\"2026-03-12T08:44:44+00:00\" \/>\n<meta property=\"og:image\" content=\"https:\/\/i0.wp.com\/truusk.se\/wp-content\/uploads\/2025\/08\/hemmakontorsstol-hojdjusterbar-kontorsstol-med-hjul-sammetsliknande-kladsel-metallbas-kramvit-1.webp?fit=2000%2C2000&ssl=1\" \/>\n\t<meta property=\"og:image:width\" content=\"2000\" \/>\n\t<meta property=\"og:image:height\" content=\"2000\" \/>\n\t<meta property=\"og:image:type\" content=\"image\/webp\" \/>\n<meta name=\"twitter:card\" content=\"summary_large_image\" \/>\n<meta name=\"twitter:label1\" content=\"Ber\u00e4knad l\u00e4stid\" \/>\n\t<meta name=\"twitter:data1\" content=\"1 minut\" \/>\n<!-- \/ Yoast SEO plugin. -->","yoast_head_json":{"title":"TRUUSK Hemmakontorsstol - Justerbar h\u00f6jd - Hjul - Sammetsliknande kl\u00e4dsel - Metallbas - Kr\u00e4mvit - TRUUSK - Hem, Tr\u00e4dg\u00e5rd &amp; Fritid","robots":{"index":"index","follow":"follow","max-snippet":"max-snippet:-1","max-image-preview":"max-image-preview:large","max-video-preview":"max-video-preview:-1"},"canonical":"https:\/\/truusk.store\/sv\/produkt\/truusk-hemmakontorsstol-justerbar-hojd-hjul-sammetsliknande-kladsel-metallbas-kramvit\/","og_locale":"sv_SE","og_type":"article","og_title":"TRUUSK Hemmakontorsstol - Justerbar h\u00f6jd - Hjul - Sammetsliknande kl\u00e4dsel - Metallbas - Kr\u00e4mvit - TRUUSK - Hem, Tr\u00e4dg\u00e5rd &amp; Fritid","og_description":"Njut av den lyxiga komforten med TRUUSK kontorsstolen med dess extra tjocka sits i mjukt \u00f6verdrag. H\u00f6jdjusteringen av svivelstolen g\u00f6rs...","og_url":"https:\/\/truusk.store\/sv\/produkt\/truusk-hemmakontorsstol-justerbar-hojd-hjul-sammetsliknande-kladsel-metallbas-kramvit\/","og_site_name":"TRUUSK - Hem, Tr\u00e4dg\u00e5rd &amp; Fritid","article_modified_time":"2026-03-12T08:44:44+00:00","og_image":[{"width":2000,"height":2000,"url":"https:\/\/i0.wp.com\/truusk.se\/wp-content\/uploads\/2025\/08\/hemmakontorsstol-hojdjusterbar-kontorsstol-med-hjul-sammetsliknande-kladsel-metallbas-kramvit-1.webp?fit=2000%2C2000&ssl=1","type":"image\/webp"}],"twitter_card":"summary_large_image","twitter_misc":{"Ber\u00e4knad l\u00e4stid":"1 minut"},"schema":{"@context":"https:\/\/schema.org","@graph":[{"@type":"WebPage","@id":"https:\/\/truusk.store\/sv\/produkt\/truusk-hemmakontorsstol-justerbar-hojd-hjul-sammetsliknande-kladsel-metallbas-kramvit\/","url":"https:\/\/truusk.store\/sv\/produkt\/truusk-hemmakontorsstol-justerbar-hojd-hjul-sammetsliknande-kladsel-metallbas-kramvit\/","name":"TRUUSK Hemmakontorsstol - Justerbar h\u00f6jd - Hjul - Sammetsliknande kl\u00e4dsel - Metallbas - Kr\u00e4mvit - TRUUSK - Hem, Tr\u00e4dg\u00e5rd &amp; Fritid","isPartOf":{"@id":"https:\/\/truusk.store\/sv\/#website"},"primaryImageOfPage":{"@id":"https:\/\/truusk.store\/sv\/produkt\/truusk-hemmakontorsstol-justerbar-hojd-hjul-sammetsliknande-kladsel-metallbas-kramvit\/#primaryimage"},"image":{"@id":"https:\/\/truusk.store\/sv\/produkt\/truusk-hemmakontorsstol-justerbar-hojd-hjul-sammetsliknande-kladsel-metallbas-kramvit\/#primaryimage"},"thumbnailUrl":"https:\/\/i0.wp.com\/truusk.store\/wp-content\/uploads\/2025\/08\/hemmakontorsstol-hojdjusterbar-kontorsstol-med-hjul-sammetsliknande-kladsel-metallbas-kramvit-1.webp?fit=2000%2C2000&ssl=1","datePublished":"2025-08-20T05:43:54+00:00","dateModified":"2026-03-12T08:44:44+00:00","breadcrumb":{"@id":"https:\/\/truusk.store\/sv\/produkt\/truusk-hemmakontorsstol-justerbar-hojd-hjul-sammetsliknande-kladsel-metallbas-kramvit\/#breadcrumb"},"inLanguage":"sv-SE","potentialAction":[{"@type":"ReadAction","target":["https:\/\/truusk.store\/sv\/produkt\/truusk-hemmakontorsstol-justerbar-hojd-hjul-sammetsliknande-kladsel-metallbas-kramvit\/"]}]},{"@type":"ImageObject","inLanguage":"sv-SE","@id":"https:\/\/truusk.store\/sv\/produkt\/truusk-hemmakontorsstol-justerbar-hojd-hjul-sammetsliknande-kladsel-metallbas-kramvit\/#primaryimage","url":"https:\/\/i0.wp.com\/truusk.store\/wp-content\/uploads\/2025\/08\/hemmakontorsstol-hojdjusterbar-kontorsstol-med-hjul-sammetsliknande-kladsel-metallbas-kramvit-1.webp?fit=2000%2C2000&ssl=1","contentUrl":"https:\/\/i0.wp.com\/truusk.store\/wp-content\/uploads\/2025\/08\/hemmakontorsstol-hojdjusterbar-kontorsstol-med-hjul-sammetsliknande-kladsel-metallbas-kramvit-1.webp?fit=2000%2C2000&ssl=1","width":2000,"height":2000},{"@type":"BreadcrumbList","@id":"https:\/\/truusk.store\/sv\/produkt\/truusk-hemmakontorsstol-justerbar-hojd-hjul-sammetsliknande-kladsel-metallbas-kramvit\/#breadcrumb","itemListElement":[{"@type":"ListItem","position":1,"name":"Home","item":"https:\/\/truusk.store\/sv\/"},{"@type":"ListItem","position":2,"name":"Shop","item":"https:\/\/truusk.store\/shop\/"},{"@type":"ListItem","position":3,"name":"TRUUSK Hemmakontorsstol &#8211; Justerbar h\u00f6jd &#8211; Hjul &#8211; Sammetsliknande kl\u00e4dsel &#8211; Metallbas &#8211; Kr\u00e4mvit"}]},{"@type":"WebSite","@id":"https:\/\/truusk.store\/sv\/#website","url":"https:\/\/truusk.store\/sv\/","name":"TRUUSK - Hem, Tr\u00e4dg\u00e5rd & Fritid","description":"","publisher":{"@id":"https:\/\/truusk.store\/sv\/#organization"},"potentialAction":[{"@type":"SearchAction","target":{"@type":"EntryPoint","urlTemplate":"https:\/\/truusk.store\/sv\/?s={search_term_string}"},"query-input":{"@type":"PropertyValueSpecification","valueRequired":true,"valueName":"search_term_string"}}],"inLanguage":"sv-SE"},{"@type":"Organization","@id":"https:\/\/truusk.store\/sv\/#organization","name":"TRUUSK - Hem, Tr\u00e4dg\u00e5rd & Fritid","url":"https:\/\/truusk.store\/sv\/","logo":{"@type":"ImageObject","inLanguage":"sv-SE","@id":"https:\/\/truusk.store\/sv\/#\/schema\/logo\/image\/","url":"https:\/\/i0.wp.com\/truusk.store\/wp-content\/uploads\/2026\/03\/cropped-TRUUSK.png?fit=2032%2C917&ssl=1","contentUrl":"https:\/\/i0.wp.com\/truusk.store\/wp-content\/uploads\/2026\/03\/cropped-TRUUSK.png?fit=2032%2C917&ssl=1","width":2032,"height":917,"caption":"TRUUSK - Hem, Tr\u00e4dg\u00e5rd & Fritid"},"image":{"@id":"https:\/\/truusk.store\/sv\/#\/schema\/logo\/image\/"}}]}},"jetpack_sharing_enabled":true,"_links":{"self":[{"href":"https:\/\/truusk.store\/sv\/wp-json\/wp\/v2\/product\/87665","targetHints":{"allow":["GET"]}}],"collection":[{"href":"https:\/\/truusk.store\/sv\/wp-json\/wp\/v2\/product"}],"about":[{"href":"https:\/\/truusk.store\/sv\/wp-json\/wp\/v2\/types\/product"}],"wp:featuredmedia":[{"embeddable":true,"href":"https:\/\/truusk.store\/sv\/wp-json\/wp\/v2\/media\/87656"}],"wp:attachment":[{"href":"https:\/\/truusk.store\/sv\/wp-json\/wp\/v2\/media?parent=87665"}],"wp:term":[{"taxonomy":"product_brand","embeddable":true,"href":"https:\/\/truusk.store\/sv\/wp-json\/wp\/v2\/product_brand?post=87665"},{"taxonomy":"product_cat","embeddable":true,"href":"https:\/\/truusk.store\/sv\/wp-json\/wp\/v2\/product_cat?post=87665"},{"taxonomy":"product_tag","embeddable":true,"href":"https:\/\/truusk.store\/sv\/wp-json\/wp\/v2\/product_tag?post=87665"}],"curies":[{"name":"wp","href":"https:\/\/api.w.org\/{rel}","templated":true}]}}