{"id":87685,"date":"2025-08-20T06:45:33","date_gmt":"2025-08-20T05:45:33","guid":{"rendered":"https:\/\/truusk.store\/product\/hopfallbart-matbord-lampligt-for-upp-till-6-personer-med-6-hjul-och-bromsar-for-sma-utrymmen-brun\/"},"modified":"2026-03-12T09:44:45","modified_gmt":"2026-03-12T08:44:45","slug":"truusk-hopfallbart-matbord-for-upp-till-6-personer-6-hjul-med-bromsar-sma-utrymmen-brun","status":"publish","type":"product","link":"https:\/\/truusk.store\/sv\/produkt\/truusk-hopfallbart-matbord-for-upp-till-6-personer-6-hjul-med-bromsar-sma-utrymmen-brun\/","title":{"rendered":"TRUUSK Hopf\u00e4llbart Matbord &#8211; F\u00f6r Upp Till 6 Personer &#8211; 6 Hjul Med Bromsar &#8211; Sm\u00e5 Utrymmen &#8211; Brun"},"content":{"rendered":"<p>Upplev m\u00e5ngsidigheten hos TRUUSK k\u00f6ksbordet. Detta hopf\u00e4llbara matbord rymmer upp till sex personer. Perfekt f\u00f6r tr\u00e5nga utrymmen, det kan f\u00e4llas ihop till en smal 26 cm. Utrustad med stabila st\u00e5lbens och smidiga hjul med bromsar, kombinerar detta hopf\u00e4llbara bord flexibilitet med enkel hantering &#8211; ett idealiskt val f\u00f6r sm\u00e5 k\u00f6k eller matplatser.<\/p>\n<p>Beskrivning:<\/p>\n<ul>\n<li> Det hopf\u00e4llbara designen av matbordet m\u00f6jligg\u00f6r m\u00e5ngsidiga mat- och sittalternativ<\/li>\n<li> Rymmer upp till sex personer<\/li>\n<li> Starka st\u00e5lbens kan b\u00e4ra upp till 100 kg<\/li>\n<li> Sex hjul p\u00e5 matbordet underl\u00e4ttar flyttning<\/li>\n<li> Bromsar p\u00e5 varje hjul s\u00e4kerst\u00e4ller stabil och s\u00e4ker placering<\/li>\n<li> F\u00e4lls ihop till endast 26 cm tjocklek, idealisk f\u00f6r kompakt f\u00f6rvaring<\/li>\n<\/ul>\n<p>Tekniska data:<\/p>\n<ul>\n<li> F\u00e4rg: Rustik brun<\/li>\n<li> Material: MDF, st\u00e5l<\/li>\n<li> Fullt utvikt storlek: 120B x 80T x 73H cm<\/li>\n<li> Hopf\u00e4lld storlek: 80B x 26B x 73H cm<\/li>\n<li> Ensidig hopf\u00e4llbar platta: 52,5L x 80B cm<\/li>\n<li> B\u00e4rkapacitet: 100 kg<\/li>\n<\/ul>\n<p>Leveransinneh\u00e5ll:<\/p>\n<ul>\n<li> 1 x Hopf\u00e4llbart matbord<\/li>\n<li> 1 x Bruksanvisning<\/li>\n<\/ul>\n","protected":false},"excerpt":{"rendered":"<p>Upplev m\u00e5ngsidigheten hos TRUUSK k\u00f6ksbordet. Detta hopf\u00e4llbara matbord rymmer upp till sex personer. Perfekt f\u00f6r tr\u00e5nga utrymmen, det kan f\u00e4llas&#8230;<\/p>\n","protected":false},"featured_media":87676,"template":"","meta":[],"product_brand":[],"product_cat":[871,889,509],"product_tag":[],"class_list":{"0":"post-87685","1":"product","2":"type-product","3":"status-publish","4":"has-post-thumbnail","6":"product_cat-hus-hem","7":"product_cat-kok-matsal","8":"product_cat-matbord","10":"first","11":"instock","12":"sale","13":"taxable","14":"shipping-taxable","15":"purchasable","16":"product-type-simple"},"yoast_head":"<!-- This site is optimized with the Yoast SEO plugin v25.4 - https:\/\/yoast.com\/wordpress\/plugins\/seo\/ -->\n<title>TRUUSK Hopf\u00e4llbart Matbord - F\u00f6r Upp Till 6 Personer - 6 Hjul Med Bromsar - Sm\u00e5 Utrymmen - Brun - TRUUSK - Hem, Tr\u00e4dg\u00e5rd &amp; Fritid<\/title>\n<meta name=\"robots\" content=\"index, follow, max-snippet:-1, max-image-preview:large, max-video-preview:-1\" \/>\n<link rel=\"canonical\" href=\"https:\/\/truusk.store\/sv\/produkt\/truusk-hopfallbart-matbord-for-upp-till-6-personer-6-hjul-med-bromsar-sma-utrymmen-brun\/\" \/>\n<meta property=\"og:locale\" content=\"sv_SE\" \/>\n<meta property=\"og:type\" content=\"article\" \/>\n<meta property=\"og:title\" content=\"TRUUSK Hopf\u00e4llbart Matbord - F\u00f6r Upp Till 6 Personer - 6 Hjul Med Bromsar - Sm\u00e5 Utrymmen - Brun - TRUUSK - Hem, Tr\u00e4dg\u00e5rd &amp; Fritid\" \/>\n<meta property=\"og:description\" content=\"Upplev m\u00e5ngsidigheten hos TRUUSK k\u00f6ksbordet. Detta hopf\u00e4llbara matbord rymmer upp till sex personer. Perfekt f\u00f6r tr\u00e5nga utrymmen, det kan f\u00e4llas...\" \/>\n<meta property=\"og:url\" content=\"https:\/\/truusk.store\/sv\/produkt\/truusk-hopfallbart-matbord-for-upp-till-6-personer-6-hjul-med-bromsar-sma-utrymmen-brun\/\" \/>\n<meta property=\"og:site_name\" content=\"TRUUSK - Hem, Tr\u00e4dg\u00e5rd &amp; Fritid\" \/>\n<meta property=\"article:modified_time\" content=\"2026-03-12T08:44:45+00:00\" \/>\n<meta property=\"og:image\" content=\"https:\/\/i0.wp.com\/truusk.se\/wp-content\/uploads\/2025\/08\/hopfallbart-matbord-lampligt-for-upp-till-6-personer-med-6-hjul-och-bromsar-for-sma-utrymmen-brun-1.webp?fit=2000%2C2000&ssl=1\" \/>\n\t<meta property=\"og:image:width\" content=\"2000\" \/>\n\t<meta property=\"og:image:height\" content=\"2000\" \/>\n\t<meta property=\"og:image:type\" content=\"image\/webp\" \/>\n<meta name=\"twitter:card\" content=\"summary_large_image\" \/>\n<meta name=\"twitter:label1\" content=\"Ber\u00e4knad l\u00e4stid\" \/>\n\t<meta name=\"twitter:data1\" content=\"1 minut\" \/>\n<!-- \/ Yoast SEO plugin. -->","yoast_head_json":{"title":"TRUUSK Hopf\u00e4llbart Matbord - F\u00f6r Upp Till 6 Personer - 6 Hjul Med Bromsar - Sm\u00e5 Utrymmen - Brun - TRUUSK - Hem, Tr\u00e4dg\u00e5rd &amp; Fritid","robots":{"index":"index","follow":"follow","max-snippet":"max-snippet:-1","max-image-preview":"max-image-preview:large","max-video-preview":"max-video-preview:-1"},"canonical":"https:\/\/truusk.store\/sv\/produkt\/truusk-hopfallbart-matbord-for-upp-till-6-personer-6-hjul-med-bromsar-sma-utrymmen-brun\/","og_locale":"sv_SE","og_type":"article","og_title":"TRUUSK Hopf\u00e4llbart Matbord - F\u00f6r Upp Till 6 Personer - 6 Hjul Med Bromsar - Sm\u00e5 Utrymmen - Brun - TRUUSK - Hem, Tr\u00e4dg\u00e5rd &amp; Fritid","og_description":"Upplev m\u00e5ngsidigheten hos TRUUSK k\u00f6ksbordet. Detta hopf\u00e4llbara matbord rymmer upp till sex personer. Perfekt f\u00f6r tr\u00e5nga utrymmen, det kan f\u00e4llas...","og_url":"https:\/\/truusk.store\/sv\/produkt\/truusk-hopfallbart-matbord-for-upp-till-6-personer-6-hjul-med-bromsar-sma-utrymmen-brun\/","og_site_name":"TRUUSK - Hem, Tr\u00e4dg\u00e5rd &amp; Fritid","article_modified_time":"2026-03-12T08:44:45+00:00","og_image":[{"width":2000,"height":2000,"url":"https:\/\/i0.wp.com\/truusk.se\/wp-content\/uploads\/2025\/08\/hopfallbart-matbord-lampligt-for-upp-till-6-personer-med-6-hjul-och-bromsar-for-sma-utrymmen-brun-1.webp?fit=2000%2C2000&ssl=1","type":"image\/webp"}],"twitter_card":"summary_large_image","twitter_misc":{"Ber\u00e4knad l\u00e4stid":"1 minut"},"schema":{"@context":"https:\/\/schema.org","@graph":[{"@type":"WebPage","@id":"https:\/\/truusk.store\/sv\/produkt\/truusk-hopfallbart-matbord-for-upp-till-6-personer-6-hjul-med-bromsar-sma-utrymmen-brun\/","url":"https:\/\/truusk.store\/sv\/produkt\/truusk-hopfallbart-matbord-for-upp-till-6-personer-6-hjul-med-bromsar-sma-utrymmen-brun\/","name":"TRUUSK Hopf\u00e4llbart Matbord - F\u00f6r Upp Till 6 Personer - 6 Hjul Med Bromsar - Sm\u00e5 Utrymmen - Brun - TRUUSK - Hem, Tr\u00e4dg\u00e5rd &amp; Fritid","isPartOf":{"@id":"https:\/\/truusk.store\/sv\/#website"},"primaryImageOfPage":{"@id":"https:\/\/truusk.store\/sv\/produkt\/truusk-hopfallbart-matbord-for-upp-till-6-personer-6-hjul-med-bromsar-sma-utrymmen-brun\/#primaryimage"},"image":{"@id":"https:\/\/truusk.store\/sv\/produkt\/truusk-hopfallbart-matbord-for-upp-till-6-personer-6-hjul-med-bromsar-sma-utrymmen-brun\/#primaryimage"},"thumbnailUrl":"https:\/\/i0.wp.com\/truusk.store\/wp-content\/uploads\/2025\/08\/hopfallbart-matbord-lampligt-for-upp-till-6-personer-med-6-hjul-och-bromsar-for-sma-utrymmen-brun-1.webp?fit=2000%2C2000&ssl=1","datePublished":"2025-08-20T05:45:33+00:00","dateModified":"2026-03-12T08:44:45+00:00","breadcrumb":{"@id":"https:\/\/truusk.store\/sv\/produkt\/truusk-hopfallbart-matbord-for-upp-till-6-personer-6-hjul-med-bromsar-sma-utrymmen-brun\/#breadcrumb"},"inLanguage":"sv-SE","potentialAction":[{"@type":"ReadAction","target":["https:\/\/truusk.store\/sv\/produkt\/truusk-hopfallbart-matbord-for-upp-till-6-personer-6-hjul-med-bromsar-sma-utrymmen-brun\/"]}]},{"@type":"ImageObject","inLanguage":"sv-SE","@id":"https:\/\/truusk.store\/sv\/produkt\/truusk-hopfallbart-matbord-for-upp-till-6-personer-6-hjul-med-bromsar-sma-utrymmen-brun\/#primaryimage","url":"https:\/\/i0.wp.com\/truusk.store\/wp-content\/uploads\/2025\/08\/hopfallbart-matbord-lampligt-for-upp-till-6-personer-med-6-hjul-och-bromsar-for-sma-utrymmen-brun-1.webp?fit=2000%2C2000&ssl=1","contentUrl":"https:\/\/i0.wp.com\/truusk.store\/wp-content\/uploads\/2025\/08\/hopfallbart-matbord-lampligt-for-upp-till-6-personer-med-6-hjul-och-bromsar-for-sma-utrymmen-brun-1.webp?fit=2000%2C2000&ssl=1","width":2000,"height":2000},{"@type":"BreadcrumbList","@id":"https:\/\/truusk.store\/sv\/produkt\/truusk-hopfallbart-matbord-for-upp-till-6-personer-6-hjul-med-bromsar-sma-utrymmen-brun\/#breadcrumb","itemListElement":[{"@type":"ListItem","position":1,"name":"Home","item":"https:\/\/truusk.store\/sv\/"},{"@type":"ListItem","position":2,"name":"Shop","item":"https:\/\/truusk.store\/shop\/"},{"@type":"ListItem","position":3,"name":"TRUUSK Hopf\u00e4llbart Matbord &#8211; F\u00f6r Upp Till 6 Personer &#8211; 6 Hjul Med Bromsar &#8211; Sm\u00e5 Utrymmen &#8211; Brun"}]},{"@type":"WebSite","@id":"https:\/\/truusk.store\/sv\/#website","url":"https:\/\/truusk.store\/sv\/","name":"TRUUSK - Hem, Tr\u00e4dg\u00e5rd & Fritid","description":"","publisher":{"@id":"https:\/\/truusk.store\/sv\/#organization"},"potentialAction":[{"@type":"SearchAction","target":{"@type":"EntryPoint","urlTemplate":"https:\/\/truusk.store\/sv\/?s={search_term_string}"},"query-input":{"@type":"PropertyValueSpecification","valueRequired":true,"valueName":"search_term_string"}}],"inLanguage":"sv-SE"},{"@type":"Organization","@id":"https:\/\/truusk.store\/sv\/#organization","name":"TRUUSK - Hem, Tr\u00e4dg\u00e5rd & Fritid","url":"https:\/\/truusk.store\/sv\/","logo":{"@type":"ImageObject","inLanguage":"sv-SE","@id":"https:\/\/truusk.store\/sv\/#\/schema\/logo\/image\/","url":"https:\/\/i0.wp.com\/truusk.store\/wp-content\/uploads\/2026\/03\/cropped-TRUUSK.png?fit=2032%2C917&ssl=1","contentUrl":"https:\/\/i0.wp.com\/truusk.store\/wp-content\/uploads\/2026\/03\/cropped-TRUUSK.png?fit=2032%2C917&ssl=1","width":2032,"height":917,"caption":"TRUUSK - Hem, Tr\u00e4dg\u00e5rd & Fritid"},"image":{"@id":"https:\/\/truusk.store\/sv\/#\/schema\/logo\/image\/"}}]}},"jetpack_sharing_enabled":true,"_links":{"self":[{"href":"https:\/\/truusk.store\/sv\/wp-json\/wp\/v2\/product\/87685","targetHints":{"allow":["GET"]}}],"collection":[{"href":"https:\/\/truusk.store\/sv\/wp-json\/wp\/v2\/product"}],"about":[{"href":"https:\/\/truusk.store\/sv\/wp-json\/wp\/v2\/types\/product"}],"wp:featuredmedia":[{"embeddable":true,"href":"https:\/\/truusk.store\/sv\/wp-json\/wp\/v2\/media\/87676"}],"wp:attachment":[{"href":"https:\/\/truusk.store\/sv\/wp-json\/wp\/v2\/media?parent=87685"}],"wp:term":[{"taxonomy":"product_brand","embeddable":true,"href":"https:\/\/truusk.store\/sv\/wp-json\/wp\/v2\/product_brand?post=87685"},{"taxonomy":"product_cat","embeddable":true,"href":"https:\/\/truusk.store\/sv\/wp-json\/wp\/v2\/product_cat?post=87685"},{"taxonomy":"product_tag","embeddable":true,"href":"https:\/\/truusk.store\/sv\/wp-json\/wp\/v2\/product_tag?post=87685"}],"curies":[{"name":"wp","href":"https:\/\/api.w.org\/{rel}","templated":true}]}}