{"id":87695,"date":"2025-08-20T06:46:31","date_gmt":"2025-08-20T05:46:31","guid":{"rendered":"https:\/\/truusk.store\/product\/sportnow-roddmaskin-med-16-justerbara-nivaer-lcd-skarm-och-mobilhallare-for-hemtraning-150-kg-belastningskapacitet\/"},"modified":"2026-03-12T09:45:36","modified_gmt":"2026-03-12T08:45:36","slug":"truusk-roddmaskin-med-16-justerbara-nivaer-lcd-skarm-och-mobilhallare-for-hemtraning-150-kg-belastningskapacitet","status":"publish","type":"product","link":"https:\/\/truusk.store\/sv\/produkt\/truusk-roddmaskin-med-16-justerbara-nivaer-lcd-skarm-och-mobilhallare-for-hemtraning-150-kg-belastningskapacitet\/","title":{"rendered":"TRUUSK Roddmaskin med 16 Justerbara Niv\u00e5er &#8211; LCD-sk\u00e4rm och Mobilh\u00e5llare &#8211; F\u00f6r Hemtr\u00e4ning &#8211; 150 Kg Belastningskapacitet"},"content":{"rendered":"<p>Upplev SPORTNOW-roddmaskinen med 16 behagligt tysta magnetmotst\u00e5ndsniv\u00e5er f\u00f6r individuell tr\u00e4ning. Den kan f\u00f6rvaras vertikalt f\u00f6r att spara utrymme och st\u00e5lramen b\u00e4r upp till 150 kg. Med praktisk h\u00e5llare f\u00f6r telefon eller iPad! Anti-glid fotdynor p\u00e5 roddmaskinen ger ocks\u00e5 s\u00e4kerhet och skyddar golvet mot repor.<\/p>\n<p>Beskrivning:<\/p>\n<ul>\n<li> 16 tysta magnetmotst\u00e5ndsniv\u00e5er p\u00e5 hemroddmaskinen \u00f6kar tr\u00e4ningsintensiteten mjukt<\/li>\n<li> Till\u00e5ter vertikal lagring f\u00f6r att spara utrymme<\/li>\n<li> Inbyggd h\u00e5llare p\u00e5 roddmaskinen f\u00f6rhindrar nackbelastning genom ergonomisk positionering av underh\u00e5llningsenheter<\/li>\n<li> LCD-sk\u00e4rm visar tr\u00e4ningsdata f\u00f6r prestanda\u00f6vervakning<\/li>\n<li> Halkfria pedaler med remmar \u00f6kar s\u00e4kerheten under anv\u00e4ndning<\/li>\n<li> B\u00e4r upp till 150 kg<\/li>\n<\/ul>\n<p>Tekniska data:<\/p>\n<ul>\n<li> F\u00e4rg: Vit+Gr\u00e5<\/li>\n<li> Material: St\u00e5l, Plast<\/li>\n<li> Totala dimensioner: 150L x 45B x 64H cm<\/li>\n<li> Sitsstorlek: 34L x 26,5B cm<\/li>\n<li> Skensl\u00e4ngd: 66 cm<\/li>\n<li> Storlek p\u00e5 fotpedaler: 32L x 13B cm<\/li>\n<li> Belastningskapacitet: 150 kg<\/li>\n<\/ul>\n<p>Leveransinneh\u00e5ll:<\/p>\n<ul>\n<li> 1 x Roddmaskin<\/li>\n<li> 1 x Handbok<\/li>\n<\/ul>\n","protected":false},"excerpt":{"rendered":"<p>Upplev SPORTNOW-roddmaskinen med 16 behagligt tysta magnetmotst\u00e5ndsniv\u00e5er f\u00f6r individuell tr\u00e4ning. Den kan f\u00f6rvaras vertikalt f\u00f6r att spara utrymme och st\u00e5lramen&#8230;<\/p>\n","protected":false},"featured_media":87686,"template":"","meta":[],"product_brand":[],"product_cat":[891,873,647],"product_tag":[],"class_list":{"0":"post-87695","1":"product","2":"type-product","3":"status-publish","4":"has-post-thumbnail","6":"product_cat-ergometer-hemtranare","7":"product_cat-fitness-styrketraning","8":"product_cat-sport-fritid","10":"first","11":"instock","12":"sale","13":"taxable","14":"shipping-taxable","15":"purchasable","16":"product-type-simple"},"yoast_head":"<!-- This site is optimized with the Yoast SEO plugin v25.4 - https:\/\/yoast.com\/wordpress\/plugins\/seo\/ -->\n<title>TRUUSK Roddmaskin med 16 Justerbara Niv\u00e5er - LCD-sk\u00e4rm och Mobilh\u00e5llare - F\u00f6r Hemtr\u00e4ning - 150 Kg Belastningskapacitet - TRUUSK - Hem, Tr\u00e4dg\u00e5rd &amp; Fritid<\/title>\n<meta name=\"robots\" content=\"index, follow, max-snippet:-1, max-image-preview:large, max-video-preview:-1\" \/>\n<link rel=\"canonical\" href=\"https:\/\/truusk.store\/sv\/produkt\/truusk-roddmaskin-med-16-justerbara-nivaer-lcd-skarm-och-mobilhallare-for-hemtraning-150-kg-belastningskapacitet\/\" \/>\n<meta property=\"og:locale\" content=\"sv_SE\" \/>\n<meta property=\"og:type\" content=\"article\" \/>\n<meta property=\"og:title\" content=\"TRUUSK Roddmaskin med 16 Justerbara Niv\u00e5er - LCD-sk\u00e4rm och Mobilh\u00e5llare - F\u00f6r Hemtr\u00e4ning - 150 Kg Belastningskapacitet - TRUUSK - Hem, Tr\u00e4dg\u00e5rd &amp; Fritid\" \/>\n<meta property=\"og:description\" content=\"Upplev SPORTNOW-roddmaskinen med 16 behagligt tysta magnetmotst\u00e5ndsniv\u00e5er f\u00f6r individuell tr\u00e4ning. Den kan f\u00f6rvaras vertikalt f\u00f6r att spara utrymme och st\u00e5lramen...\" \/>\n<meta property=\"og:url\" content=\"https:\/\/truusk.store\/sv\/produkt\/truusk-roddmaskin-med-16-justerbara-nivaer-lcd-skarm-och-mobilhallare-for-hemtraning-150-kg-belastningskapacitet\/\" \/>\n<meta property=\"og:site_name\" content=\"TRUUSK - Hem, Tr\u00e4dg\u00e5rd &amp; Fritid\" \/>\n<meta property=\"article:modified_time\" content=\"2026-03-12T08:45:36+00:00\" \/>\n<meta property=\"og:image\" content=\"https:\/\/i0.wp.com\/truusk.se\/wp-content\/uploads\/2025\/08\/sportnow-roddmaskin-med-16-justerbara-nivaer-lcd-skarm-och-mobilhallare-for-hemtraning-150-kg-belastningskapacitet-1.webp?fit=2000%2C2000&ssl=1\" \/>\n\t<meta property=\"og:image:width\" content=\"2000\" \/>\n\t<meta property=\"og:image:height\" content=\"2000\" \/>\n\t<meta property=\"og:image:type\" content=\"image\/webp\" \/>\n<meta name=\"twitter:card\" content=\"summary_large_image\" \/>\n<meta name=\"twitter:label1\" content=\"Ber\u00e4knad l\u00e4stid\" \/>\n\t<meta name=\"twitter:data1\" content=\"1 minut\" \/>\n<!-- \/ Yoast SEO plugin. -->","yoast_head_json":{"title":"TRUUSK Roddmaskin med 16 Justerbara Niv\u00e5er - LCD-sk\u00e4rm och Mobilh\u00e5llare - F\u00f6r Hemtr\u00e4ning - 150 Kg Belastningskapacitet - TRUUSK - Hem, Tr\u00e4dg\u00e5rd &amp; Fritid","robots":{"index":"index","follow":"follow","max-snippet":"max-snippet:-1","max-image-preview":"max-image-preview:large","max-video-preview":"max-video-preview:-1"},"canonical":"https:\/\/truusk.store\/sv\/produkt\/truusk-roddmaskin-med-16-justerbara-nivaer-lcd-skarm-och-mobilhallare-for-hemtraning-150-kg-belastningskapacitet\/","og_locale":"sv_SE","og_type":"article","og_title":"TRUUSK Roddmaskin med 16 Justerbara Niv\u00e5er - LCD-sk\u00e4rm och Mobilh\u00e5llare - F\u00f6r Hemtr\u00e4ning - 150 Kg Belastningskapacitet - TRUUSK - Hem, Tr\u00e4dg\u00e5rd &amp; Fritid","og_description":"Upplev SPORTNOW-roddmaskinen med 16 behagligt tysta magnetmotst\u00e5ndsniv\u00e5er f\u00f6r individuell tr\u00e4ning. Den kan f\u00f6rvaras vertikalt f\u00f6r att spara utrymme och st\u00e5lramen...","og_url":"https:\/\/truusk.store\/sv\/produkt\/truusk-roddmaskin-med-16-justerbara-nivaer-lcd-skarm-och-mobilhallare-for-hemtraning-150-kg-belastningskapacitet\/","og_site_name":"TRUUSK - Hem, Tr\u00e4dg\u00e5rd &amp; Fritid","article_modified_time":"2026-03-12T08:45:36+00:00","og_image":[{"width":2000,"height":2000,"url":"https:\/\/i0.wp.com\/truusk.se\/wp-content\/uploads\/2025\/08\/sportnow-roddmaskin-med-16-justerbara-nivaer-lcd-skarm-och-mobilhallare-for-hemtraning-150-kg-belastningskapacitet-1.webp?fit=2000%2C2000&ssl=1","type":"image\/webp"}],"twitter_card":"summary_large_image","twitter_misc":{"Ber\u00e4knad l\u00e4stid":"1 minut"},"schema":{"@context":"https:\/\/schema.org","@graph":[{"@type":"WebPage","@id":"https:\/\/truusk.store\/sv\/produkt\/truusk-roddmaskin-med-16-justerbara-nivaer-lcd-skarm-och-mobilhallare-for-hemtraning-150-kg-belastningskapacitet\/","url":"https:\/\/truusk.store\/sv\/produkt\/truusk-roddmaskin-med-16-justerbara-nivaer-lcd-skarm-och-mobilhallare-for-hemtraning-150-kg-belastningskapacitet\/","name":"TRUUSK Roddmaskin med 16 Justerbara Niv\u00e5er - LCD-sk\u00e4rm och Mobilh\u00e5llare - F\u00f6r Hemtr\u00e4ning - 150 Kg Belastningskapacitet - TRUUSK - Hem, Tr\u00e4dg\u00e5rd &amp; Fritid","isPartOf":{"@id":"https:\/\/truusk.store\/sv\/#website"},"primaryImageOfPage":{"@id":"https:\/\/truusk.store\/sv\/produkt\/truusk-roddmaskin-med-16-justerbara-nivaer-lcd-skarm-och-mobilhallare-for-hemtraning-150-kg-belastningskapacitet\/#primaryimage"},"image":{"@id":"https:\/\/truusk.store\/sv\/produkt\/truusk-roddmaskin-med-16-justerbara-nivaer-lcd-skarm-och-mobilhallare-for-hemtraning-150-kg-belastningskapacitet\/#primaryimage"},"thumbnailUrl":"https:\/\/i0.wp.com\/truusk.store\/wp-content\/uploads\/2025\/08\/sportnow-roddmaskin-med-16-justerbara-nivaer-lcd-skarm-och-mobilhallare-for-hemtraning-150-kg-belastningskapacitet-1.webp?fit=2000%2C2000&ssl=1","datePublished":"2025-08-20T05:46:31+00:00","dateModified":"2026-03-12T08:45:36+00:00","breadcrumb":{"@id":"https:\/\/truusk.store\/sv\/produkt\/truusk-roddmaskin-med-16-justerbara-nivaer-lcd-skarm-och-mobilhallare-for-hemtraning-150-kg-belastningskapacitet\/#breadcrumb"},"inLanguage":"sv-SE","potentialAction":[{"@type":"ReadAction","target":["https:\/\/truusk.store\/sv\/produkt\/truusk-roddmaskin-med-16-justerbara-nivaer-lcd-skarm-och-mobilhallare-for-hemtraning-150-kg-belastningskapacitet\/"]}]},{"@type":"ImageObject","inLanguage":"sv-SE","@id":"https:\/\/truusk.store\/sv\/produkt\/truusk-roddmaskin-med-16-justerbara-nivaer-lcd-skarm-och-mobilhallare-for-hemtraning-150-kg-belastningskapacitet\/#primaryimage","url":"https:\/\/i0.wp.com\/truusk.store\/wp-content\/uploads\/2025\/08\/sportnow-roddmaskin-med-16-justerbara-nivaer-lcd-skarm-och-mobilhallare-for-hemtraning-150-kg-belastningskapacitet-1.webp?fit=2000%2C2000&ssl=1","contentUrl":"https:\/\/i0.wp.com\/truusk.store\/wp-content\/uploads\/2025\/08\/sportnow-roddmaskin-med-16-justerbara-nivaer-lcd-skarm-och-mobilhallare-for-hemtraning-150-kg-belastningskapacitet-1.webp?fit=2000%2C2000&ssl=1","width":2000,"height":2000},{"@type":"BreadcrumbList","@id":"https:\/\/truusk.store\/sv\/produkt\/truusk-roddmaskin-med-16-justerbara-nivaer-lcd-skarm-och-mobilhallare-for-hemtraning-150-kg-belastningskapacitet\/#breadcrumb","itemListElement":[{"@type":"ListItem","position":1,"name":"Home","item":"https:\/\/truusk.store\/sv\/"},{"@type":"ListItem","position":2,"name":"Shop","item":"https:\/\/truusk.store\/shop\/"},{"@type":"ListItem","position":3,"name":"TRUUSK Roddmaskin med 16 Justerbara Niv\u00e5er &#8211; LCD-sk\u00e4rm och Mobilh\u00e5llare &#8211; F\u00f6r Hemtr\u00e4ning &#8211; 150 Kg Belastningskapacitet"}]},{"@type":"WebSite","@id":"https:\/\/truusk.store\/sv\/#website","url":"https:\/\/truusk.store\/sv\/","name":"TRUUSK - Hem, Tr\u00e4dg\u00e5rd & Fritid","description":"","publisher":{"@id":"https:\/\/truusk.store\/sv\/#organization"},"potentialAction":[{"@type":"SearchAction","target":{"@type":"EntryPoint","urlTemplate":"https:\/\/truusk.store\/sv\/?s={search_term_string}"},"query-input":{"@type":"PropertyValueSpecification","valueRequired":true,"valueName":"search_term_string"}}],"inLanguage":"sv-SE"},{"@type":"Organization","@id":"https:\/\/truusk.store\/sv\/#organization","name":"TRUUSK - Hem, Tr\u00e4dg\u00e5rd & Fritid","url":"https:\/\/truusk.store\/sv\/","logo":{"@type":"ImageObject","inLanguage":"sv-SE","@id":"https:\/\/truusk.store\/sv\/#\/schema\/logo\/image\/","url":"https:\/\/i0.wp.com\/truusk.store\/wp-content\/uploads\/2026\/03\/cropped-TRUUSK.png?fit=2032%2C917&ssl=1","contentUrl":"https:\/\/i0.wp.com\/truusk.store\/wp-content\/uploads\/2026\/03\/cropped-TRUUSK.png?fit=2032%2C917&ssl=1","width":2032,"height":917,"caption":"TRUUSK - Hem, Tr\u00e4dg\u00e5rd & Fritid"},"image":{"@id":"https:\/\/truusk.store\/sv\/#\/schema\/logo\/image\/"}}]}},"jetpack_sharing_enabled":true,"_links":{"self":[{"href":"https:\/\/truusk.store\/sv\/wp-json\/wp\/v2\/product\/87695","targetHints":{"allow":["GET"]}}],"collection":[{"href":"https:\/\/truusk.store\/sv\/wp-json\/wp\/v2\/product"}],"about":[{"href":"https:\/\/truusk.store\/sv\/wp-json\/wp\/v2\/types\/product"}],"wp:featuredmedia":[{"embeddable":true,"href":"https:\/\/truusk.store\/sv\/wp-json\/wp\/v2\/media\/87686"}],"wp:attachment":[{"href":"https:\/\/truusk.store\/sv\/wp-json\/wp\/v2\/media?parent=87695"}],"wp:term":[{"taxonomy":"product_brand","embeddable":true,"href":"https:\/\/truusk.store\/sv\/wp-json\/wp\/v2\/product_brand?post=87695"},{"taxonomy":"product_cat","embeddable":true,"href":"https:\/\/truusk.store\/sv\/wp-json\/wp\/v2\/product_cat?post=87695"},{"taxonomy":"product_tag","embeddable":true,"href":"https:\/\/truusk.store\/sv\/wp-json\/wp\/v2\/product_tag?post=87695"}],"curies":[{"name":"wp","href":"https:\/\/api.w.org\/{rel}","templated":true}]}}