{"id":87715,"date":"2025-08-20T06:48:48","date_gmt":"2025-08-20T05:48:48","guid":{"rendered":"https:\/\/truusk.store\/product\/sittbank-med-viklock-och-forvaringsutrymme-tygoverdrag-tra-metall-morkgronguldfargad\/"},"modified":"2026-03-12T09:46:37","modified_gmt":"2026-03-12T08:46:37","slug":"truusk-sittbank-med-viklock-forvaringsutrymme-tygoverdrag-tra-metall-morkgronguldfargad","status":"publish","type":"product","link":"https:\/\/truusk.store\/sv\/produkt\/truusk-sittbank-med-viklock-forvaringsutrymme-tygoverdrag-tra-metall-morkgronguldfargad\/","title":{"rendered":"TRUUSK Sittb\u00e4nk med Viklock &#8211; F\u00f6rvaringsutrymme &#8211; Tyg\u00f6verdrag &#8211; Tr\u00e4 &#8211; Metall &#8211; M\u00f6rkgr\u00f6n+guldf\u00e4rgad"},"content":{"rendered":"<p>Ge liv \u00e5t varje rum med den ovala TRUUSK-b\u00e4nken, som har elegant kanal-tufting och chic guldiga ben. Ideal som s\u00e4ngb\u00e4nk, hallb\u00e4nk eller mysig f\u00f6nsterplats, kombinerar den stil med praktikalitet. Det dolda f\u00f6rvaringsutrymmet under den f\u00e4llbara sittytan och den sammetsmjuka, skumstoppade ytan p\u00e5 stoppade b\u00e4nken erbjuder komfort och lyx. En perfekt kombination av elegans och funktionalitet!<\/p>\n<p>Beskrivning:<\/p>\n<ul>\n<li> Den ovala formen, kanalquiltade designen p\u00e5 sittkistan \u00f6kar elegansen i varje rum<\/li>\n<li> Guldiga ben ger en sofistikerad touch f\u00f6r ett chic utseende<\/li>\n<li> F\u00e4llbart lock-design med dubbla g\u00e5ngj\u00e4rn p\u00e5 f\u00f6rvaringskistan f\u00f6r s\u00e4ker, l\u00e4tt \u00e5tkomst<\/li>\n<li> Erbjuder 19-gallons f\u00f6rvaringsutrymme f\u00f6r att organisera sovrumsartiklar<\/li>\n<li> Mjukt, sammetliknande tyg erbjuder lyxig, hudv\u00e4nlig komfort<\/li>\n<li> H\u00f6g densitet skum ger en behaglig sittupplevelse<\/li>\n<li> Robust ram av furu och plywood b\u00e4r upp till 220 kg<\/li>\n<li> Montering kr\u00e4vs<\/li>\n<\/ul>\n<p> Tekniska data:<\/p>\n<ul>\n<li> F\u00e4rg: Gr\u00f6n<\/li>\n<li> Material: Sammetliknande tyg (100% polyester), skum, plywood<\/li>\n<li> Totala dimensioner: 108B x 44T x 43,5H cm<\/li>\n<li> Sittstorlek: 108B x 42T x 43,5H cm<\/li>\n<li> F\u00f6rvaringsstorlek: 99,5B x 32,5T x 22,5H cm<\/li>\n<li> Benh\u00f6jd: 15 cm<\/li>\n<li> B\u00e4rkapacitet: 220 kg<\/li>\n<\/ul>\n<p>Leveransinneh\u00e5ll:<\/p>\n<ul>\n<li> 1 x Sovrumsb\u00e4nk<\/li>\n<li> 1 x Handbok<\/li>\n<\/ul>\n","protected":false},"excerpt":{"rendered":"<p>Ge liv \u00e5t varje rum med den ovala TRUUSK-b\u00e4nken, som har elegant kanal-tufting och chic guldiga ben. Ideal som s\u00e4ngb\u00e4nk,&#8230;<\/p>\n","protected":false},"featured_media":87706,"template":"","meta":[],"product_brand":[],"product_cat":[893,871,992],"product_tag":[],"class_list":{"0":"post-87715","1":"product","2":"type-product","3":"status-publish","4":"has-post-thumbnail","6":"product_cat-garderob-hall","7":"product_cat-hus-hem","8":"product_cat-sittkistor","10":"first","11":"instock","12":"sale","13":"taxable","14":"shipping-taxable","15":"purchasable","16":"product-type-simple"},"yoast_head":"<!-- This site is optimized with the Yoast SEO plugin v25.4 - https:\/\/yoast.com\/wordpress\/plugins\/seo\/ -->\n<title>TRUUSK Sittb\u00e4nk med Viklock - F\u00f6rvaringsutrymme - Tyg\u00f6verdrag - Tr\u00e4 - Metall - M\u00f6rkgr\u00f6n+guldf\u00e4rgad - TRUUSK - Hem, Tr\u00e4dg\u00e5rd &amp; Fritid<\/title>\n<meta name=\"robots\" content=\"index, follow, max-snippet:-1, max-image-preview:large, max-video-preview:-1\" \/>\n<link rel=\"canonical\" href=\"https:\/\/truusk.store\/sv\/produkt\/truusk-sittbank-med-viklock-forvaringsutrymme-tygoverdrag-tra-metall-morkgronguldfargad\/\" \/>\n<meta property=\"og:locale\" content=\"sv_SE\" \/>\n<meta property=\"og:type\" content=\"article\" \/>\n<meta property=\"og:title\" content=\"TRUUSK Sittb\u00e4nk med Viklock - F\u00f6rvaringsutrymme - Tyg\u00f6verdrag - Tr\u00e4 - Metall - M\u00f6rkgr\u00f6n+guldf\u00e4rgad - TRUUSK - Hem, Tr\u00e4dg\u00e5rd &amp; Fritid\" \/>\n<meta property=\"og:description\" content=\"Ge liv \u00e5t varje rum med den ovala TRUUSK-b\u00e4nken, som har elegant kanal-tufting och chic guldiga ben. Ideal som s\u00e4ngb\u00e4nk,...\" \/>\n<meta property=\"og:url\" content=\"https:\/\/truusk.store\/sv\/produkt\/truusk-sittbank-med-viklock-forvaringsutrymme-tygoverdrag-tra-metall-morkgronguldfargad\/\" \/>\n<meta property=\"og:site_name\" content=\"TRUUSK - Hem, Tr\u00e4dg\u00e5rd &amp; Fritid\" \/>\n<meta property=\"article:modified_time\" content=\"2026-03-12T08:46:37+00:00\" \/>\n<meta property=\"og:image\" content=\"https:\/\/i0.wp.com\/truusk.se\/wp-content\/uploads\/2025\/08\/sittbank-med-viklock-och-forvaringsutrymme-tygoverdrag-tra-metall-morkgronguldfargad-1.webp?fit=2000%2C2000&ssl=1\" \/>\n\t<meta property=\"og:image:width\" content=\"2000\" \/>\n\t<meta property=\"og:image:height\" content=\"2000\" \/>\n\t<meta property=\"og:image:type\" content=\"image\/webp\" \/>\n<meta name=\"twitter:card\" content=\"summary_large_image\" \/>\n<meta name=\"twitter:label1\" content=\"Ber\u00e4knad l\u00e4stid\" \/>\n\t<meta name=\"twitter:data1\" content=\"1 minut\" \/>\n<!-- \/ Yoast SEO plugin. -->","yoast_head_json":{"title":"TRUUSK Sittb\u00e4nk med Viklock - F\u00f6rvaringsutrymme - Tyg\u00f6verdrag - Tr\u00e4 - Metall - M\u00f6rkgr\u00f6n+guldf\u00e4rgad - TRUUSK - Hem, Tr\u00e4dg\u00e5rd &amp; Fritid","robots":{"index":"index","follow":"follow","max-snippet":"max-snippet:-1","max-image-preview":"max-image-preview:large","max-video-preview":"max-video-preview:-1"},"canonical":"https:\/\/truusk.store\/sv\/produkt\/truusk-sittbank-med-viklock-forvaringsutrymme-tygoverdrag-tra-metall-morkgronguldfargad\/","og_locale":"sv_SE","og_type":"article","og_title":"TRUUSK Sittb\u00e4nk med Viklock - F\u00f6rvaringsutrymme - Tyg\u00f6verdrag - Tr\u00e4 - Metall - M\u00f6rkgr\u00f6n+guldf\u00e4rgad - TRUUSK - Hem, Tr\u00e4dg\u00e5rd &amp; Fritid","og_description":"Ge liv \u00e5t varje rum med den ovala TRUUSK-b\u00e4nken, som har elegant kanal-tufting och chic guldiga ben. Ideal som s\u00e4ngb\u00e4nk,...","og_url":"https:\/\/truusk.store\/sv\/produkt\/truusk-sittbank-med-viklock-forvaringsutrymme-tygoverdrag-tra-metall-morkgronguldfargad\/","og_site_name":"TRUUSK - Hem, Tr\u00e4dg\u00e5rd &amp; Fritid","article_modified_time":"2026-03-12T08:46:37+00:00","og_image":[{"width":2000,"height":2000,"url":"https:\/\/i0.wp.com\/truusk.se\/wp-content\/uploads\/2025\/08\/sittbank-med-viklock-och-forvaringsutrymme-tygoverdrag-tra-metall-morkgronguldfargad-1.webp?fit=2000%2C2000&ssl=1","type":"image\/webp"}],"twitter_card":"summary_large_image","twitter_misc":{"Ber\u00e4knad l\u00e4stid":"1 minut"},"schema":{"@context":"https:\/\/schema.org","@graph":[{"@type":"WebPage","@id":"https:\/\/truusk.store\/sv\/produkt\/truusk-sittbank-med-viklock-forvaringsutrymme-tygoverdrag-tra-metall-morkgronguldfargad\/","url":"https:\/\/truusk.store\/sv\/produkt\/truusk-sittbank-med-viklock-forvaringsutrymme-tygoverdrag-tra-metall-morkgronguldfargad\/","name":"TRUUSK Sittb\u00e4nk med Viklock - F\u00f6rvaringsutrymme - Tyg\u00f6verdrag - Tr\u00e4 - Metall - M\u00f6rkgr\u00f6n+guldf\u00e4rgad - TRUUSK - Hem, Tr\u00e4dg\u00e5rd &amp; Fritid","isPartOf":{"@id":"https:\/\/truusk.store\/sv\/#website"},"primaryImageOfPage":{"@id":"https:\/\/truusk.store\/sv\/produkt\/truusk-sittbank-med-viklock-forvaringsutrymme-tygoverdrag-tra-metall-morkgronguldfargad\/#primaryimage"},"image":{"@id":"https:\/\/truusk.store\/sv\/produkt\/truusk-sittbank-med-viklock-forvaringsutrymme-tygoverdrag-tra-metall-morkgronguldfargad\/#primaryimage"},"thumbnailUrl":"https:\/\/i0.wp.com\/truusk.store\/wp-content\/uploads\/2025\/08\/sittbank-med-viklock-och-forvaringsutrymme-tygoverdrag-tra-metall-morkgronguldfargad-1.webp?fit=2000%2C2000&ssl=1","datePublished":"2025-08-20T05:48:48+00:00","dateModified":"2026-03-12T08:46:37+00:00","breadcrumb":{"@id":"https:\/\/truusk.store\/sv\/produkt\/truusk-sittbank-med-viklock-forvaringsutrymme-tygoverdrag-tra-metall-morkgronguldfargad\/#breadcrumb"},"inLanguage":"sv-SE","potentialAction":[{"@type":"ReadAction","target":["https:\/\/truusk.store\/sv\/produkt\/truusk-sittbank-med-viklock-forvaringsutrymme-tygoverdrag-tra-metall-morkgronguldfargad\/"]}]},{"@type":"ImageObject","inLanguage":"sv-SE","@id":"https:\/\/truusk.store\/sv\/produkt\/truusk-sittbank-med-viklock-forvaringsutrymme-tygoverdrag-tra-metall-morkgronguldfargad\/#primaryimage","url":"https:\/\/i0.wp.com\/truusk.store\/wp-content\/uploads\/2025\/08\/sittbank-med-viklock-och-forvaringsutrymme-tygoverdrag-tra-metall-morkgronguldfargad-1.webp?fit=2000%2C2000&ssl=1","contentUrl":"https:\/\/i0.wp.com\/truusk.store\/wp-content\/uploads\/2025\/08\/sittbank-med-viklock-och-forvaringsutrymme-tygoverdrag-tra-metall-morkgronguldfargad-1.webp?fit=2000%2C2000&ssl=1","width":2000,"height":2000},{"@type":"BreadcrumbList","@id":"https:\/\/truusk.store\/sv\/produkt\/truusk-sittbank-med-viklock-forvaringsutrymme-tygoverdrag-tra-metall-morkgronguldfargad\/#breadcrumb","itemListElement":[{"@type":"ListItem","position":1,"name":"Home","item":"https:\/\/truusk.store\/sv\/"},{"@type":"ListItem","position":2,"name":"Shop","item":"https:\/\/truusk.store\/shop\/"},{"@type":"ListItem","position":3,"name":"TRUUSK Sittb\u00e4nk med Viklock &#8211; F\u00f6rvaringsutrymme &#8211; Tyg\u00f6verdrag &#8211; Tr\u00e4 &#8211; Metall &#8211; M\u00f6rkgr\u00f6n+guldf\u00e4rgad"}]},{"@type":"WebSite","@id":"https:\/\/truusk.store\/sv\/#website","url":"https:\/\/truusk.store\/sv\/","name":"TRUUSK - Hem, Tr\u00e4dg\u00e5rd & Fritid","description":"","publisher":{"@id":"https:\/\/truusk.store\/sv\/#organization"},"potentialAction":[{"@type":"SearchAction","target":{"@type":"EntryPoint","urlTemplate":"https:\/\/truusk.store\/sv\/?s={search_term_string}"},"query-input":{"@type":"PropertyValueSpecification","valueRequired":true,"valueName":"search_term_string"}}],"inLanguage":"sv-SE"},{"@type":"Organization","@id":"https:\/\/truusk.store\/sv\/#organization","name":"TRUUSK - Hem, Tr\u00e4dg\u00e5rd & Fritid","url":"https:\/\/truusk.store\/sv\/","logo":{"@type":"ImageObject","inLanguage":"sv-SE","@id":"https:\/\/truusk.store\/sv\/#\/schema\/logo\/image\/","url":"https:\/\/i0.wp.com\/truusk.store\/wp-content\/uploads\/2026\/03\/cropped-TRUUSK.png?fit=2032%2C917&ssl=1","contentUrl":"https:\/\/i0.wp.com\/truusk.store\/wp-content\/uploads\/2026\/03\/cropped-TRUUSK.png?fit=2032%2C917&ssl=1","width":2032,"height":917,"caption":"TRUUSK - Hem, Tr\u00e4dg\u00e5rd & Fritid"},"image":{"@id":"https:\/\/truusk.store\/sv\/#\/schema\/logo\/image\/"}}]}},"jetpack_sharing_enabled":true,"_links":{"self":[{"href":"https:\/\/truusk.store\/sv\/wp-json\/wp\/v2\/product\/87715","targetHints":{"allow":["GET"]}}],"collection":[{"href":"https:\/\/truusk.store\/sv\/wp-json\/wp\/v2\/product"}],"about":[{"href":"https:\/\/truusk.store\/sv\/wp-json\/wp\/v2\/types\/product"}],"wp:featuredmedia":[{"embeddable":true,"href":"https:\/\/truusk.store\/sv\/wp-json\/wp\/v2\/media\/87706"}],"wp:attachment":[{"href":"https:\/\/truusk.store\/sv\/wp-json\/wp\/v2\/media?parent=87715"}],"wp:term":[{"taxonomy":"product_brand","embeddable":true,"href":"https:\/\/truusk.store\/sv\/wp-json\/wp\/v2\/product_brand?post=87715"},{"taxonomy":"product_cat","embeddable":true,"href":"https:\/\/truusk.store\/sv\/wp-json\/wp\/v2\/product_cat?post=87715"},{"taxonomy":"product_tag","embeddable":true,"href":"https:\/\/truusk.store\/sv\/wp-json\/wp\/v2\/product_tag?post=87715"}],"curies":[{"name":"wp","href":"https:\/\/api.w.org\/{rel}","templated":true}]}}