{"id":87745,"date":"2025-08-20T06:51:42","date_gmt":"2025-08-20T05:51:42","guid":{"rendered":"https:\/\/truusk.store\/product\/4-delat-set-med-matstolar-armfritt-design-tygpolstring-metallben-svart\/"},"modified":"2026-03-12T09:46:59","modified_gmt":"2026-03-12T08:46:59","slug":"truusk-4-delat-set-matstolar-armfritt-design-tygpolstring-metallben-svart","status":"publish","type":"product","link":"https:\/\/truusk.store\/sv\/produkt\/truusk-4-delat-set-matstolar-armfritt-design-tygpolstring-metallben-svart\/","title":{"rendered":"TRUUSK 4-delat Set Matstolar &#8211; Armfritt Design &#8211; Tygpolstring &#8211; Metallben &#8211; Svart"},"content":{"rendered":"<p>Dessa matsalsstolar f\u00f6rsk\u00f6nar ditt k\u00f6k eller erbjuder plats f\u00f6r g\u00e4ster. Deras klassiska, enkla design passar m\u00e5nga inredningsstilar. Tack vare metallkonstruktionen erbjuder de utm\u00e4rkt komfort med mjukt vadderade s\u00e4ten och sammetsliknande tyg. Den h\u00f6ga ryggst\u00f6det st\u00f6der idealiskt l\u00e4ndryggen, medan metallbenen f\u00f6rb\u00e4ttrar stabiliteten och h\u00e5llbarheten.<\/p>\n<p>Beskrivning:<\/p>\n<ul>\n<li> F\u00f6rpackad i set om 4<\/li>\n<li> Armst\u00f6dsl\u00f6sa h\u00f6gryggade stolar erbjuder utm\u00e4rkt l\u00e4ndryggsst\u00f6d<\/li>\n<li> Kanals\u00f6m f\u00f6rb\u00e4ttrar den moderna utseendet<\/li>\n<li> Mjukt sammetstyg ger h\u00f6g komfort<\/li>\n<li> Ben i pulverlackerat metall \u00f6kar stabilitet och h\u00e5llbarhet<\/li>\n<li> Montering kr\u00e4vs f\u00f6r stolben<\/li>\n<\/ul>\n<p> Tekniska specifikationer:<\/p>\n<ul>\n<li> F\u00e4rg: Svart<\/li>\n<li> Material: Sammet (100% Polyester), Metall<\/li>\n<li> Totala dimensioner: 41B x 50T x 97H cm<\/li>\n<li> Sitsstorlek: 41B x 42T x 47H cm<\/li>\n<li> Ryggstorlek: 52L x 36B cm<\/li>\n<li> Belastningskapacitet: 120 kg<\/li>\n<\/ul>\n<p>Leveransinneh\u00e5ll:<\/p>\n<ul>\n<li> 4 x matsalsstol<\/li>\n<li> 1 x bruksanvisning<\/li>\n<\/ul>\n","protected":false},"excerpt":{"rendered":"<p>Dessa matsalsstolar f\u00f6rsk\u00f6nar ditt k\u00f6k eller erbjuder plats f\u00f6r g\u00e4ster. Deras klassiska, enkla design passar m\u00e5nga inredningsstilar. Tack vare metallkonstruktionen&#8230;<\/p>\n","protected":false},"featured_media":87736,"template":"","meta":[],"product_brand":[],"product_cat":[871,889,518],"product_tag":[],"class_list":{"0":"post-87745","1":"product","2":"type-product","3":"status-publish","4":"has-post-thumbnail","6":"product_cat-hus-hem","7":"product_cat-kok-matsal","8":"product_cat-matsalsstolar","10":"first","11":"instock","12":"sale","13":"taxable","14":"shipping-taxable","15":"purchasable","16":"product-type-simple"},"yoast_head":"<!-- This site is optimized with the Yoast SEO plugin v25.4 - https:\/\/yoast.com\/wordpress\/plugins\/seo\/ -->\n<title>TRUUSK 4-delat Set Matstolar - Armfritt Design - Tygpolstring - Metallben - Svart - TRUUSK - Hem, Tr\u00e4dg\u00e5rd &amp; Fritid<\/title>\n<meta name=\"robots\" content=\"index, follow, max-snippet:-1, max-image-preview:large, max-video-preview:-1\" \/>\n<link rel=\"canonical\" href=\"https:\/\/truusk.store\/sv\/produkt\/truusk-4-delat-set-matstolar-armfritt-design-tygpolstring-metallben-svart\/\" \/>\n<meta property=\"og:locale\" content=\"sv_SE\" \/>\n<meta property=\"og:type\" content=\"article\" \/>\n<meta property=\"og:title\" content=\"TRUUSK 4-delat Set Matstolar - Armfritt Design - Tygpolstring - Metallben - Svart - TRUUSK - Hem, Tr\u00e4dg\u00e5rd &amp; Fritid\" \/>\n<meta property=\"og:description\" content=\"Dessa matsalsstolar f\u00f6rsk\u00f6nar ditt k\u00f6k eller erbjuder plats f\u00f6r g\u00e4ster. Deras klassiska, enkla design passar m\u00e5nga inredningsstilar. Tack vare metallkonstruktionen...\" \/>\n<meta property=\"og:url\" content=\"https:\/\/truusk.store\/sv\/produkt\/truusk-4-delat-set-matstolar-armfritt-design-tygpolstring-metallben-svart\/\" \/>\n<meta property=\"og:site_name\" content=\"TRUUSK - Hem, Tr\u00e4dg\u00e5rd &amp; Fritid\" \/>\n<meta property=\"article:modified_time\" content=\"2026-03-12T08:46:59+00:00\" \/>\n<meta property=\"og:image\" content=\"https:\/\/i0.wp.com\/truusk.se\/wp-content\/uploads\/2025\/08\/4-delat-set-med-matstolar-armfritt-design-tygpolstring-metallben-svart-1.webp?fit=2000%2C2000&ssl=1\" \/>\n\t<meta property=\"og:image:width\" content=\"2000\" \/>\n\t<meta property=\"og:image:height\" content=\"2000\" \/>\n\t<meta property=\"og:image:type\" content=\"image\/webp\" \/>\n<meta name=\"twitter:card\" content=\"summary_large_image\" \/>\n<meta name=\"twitter:label1\" content=\"Ber\u00e4knad l\u00e4stid\" \/>\n\t<meta name=\"twitter:data1\" content=\"1 minut\" \/>\n<!-- \/ Yoast SEO plugin. -->","yoast_head_json":{"title":"TRUUSK 4-delat Set Matstolar - Armfritt Design - Tygpolstring - Metallben - Svart - TRUUSK - Hem, Tr\u00e4dg\u00e5rd &amp; Fritid","robots":{"index":"index","follow":"follow","max-snippet":"max-snippet:-1","max-image-preview":"max-image-preview:large","max-video-preview":"max-video-preview:-1"},"canonical":"https:\/\/truusk.store\/sv\/produkt\/truusk-4-delat-set-matstolar-armfritt-design-tygpolstring-metallben-svart\/","og_locale":"sv_SE","og_type":"article","og_title":"TRUUSK 4-delat Set Matstolar - Armfritt Design - Tygpolstring - Metallben - Svart - TRUUSK - Hem, Tr\u00e4dg\u00e5rd &amp; Fritid","og_description":"Dessa matsalsstolar f\u00f6rsk\u00f6nar ditt k\u00f6k eller erbjuder plats f\u00f6r g\u00e4ster. Deras klassiska, enkla design passar m\u00e5nga inredningsstilar. Tack vare metallkonstruktionen...","og_url":"https:\/\/truusk.store\/sv\/produkt\/truusk-4-delat-set-matstolar-armfritt-design-tygpolstring-metallben-svart\/","og_site_name":"TRUUSK - Hem, Tr\u00e4dg\u00e5rd &amp; Fritid","article_modified_time":"2026-03-12T08:46:59+00:00","og_image":[{"width":2000,"height":2000,"url":"https:\/\/i0.wp.com\/truusk.se\/wp-content\/uploads\/2025\/08\/4-delat-set-med-matstolar-armfritt-design-tygpolstring-metallben-svart-1.webp?fit=2000%2C2000&ssl=1","type":"image\/webp"}],"twitter_card":"summary_large_image","twitter_misc":{"Ber\u00e4knad l\u00e4stid":"1 minut"},"schema":{"@context":"https:\/\/schema.org","@graph":[{"@type":"WebPage","@id":"https:\/\/truusk.store\/sv\/produkt\/truusk-4-delat-set-matstolar-armfritt-design-tygpolstring-metallben-svart\/","url":"https:\/\/truusk.store\/sv\/produkt\/truusk-4-delat-set-matstolar-armfritt-design-tygpolstring-metallben-svart\/","name":"TRUUSK 4-delat Set Matstolar - Armfritt Design - Tygpolstring - Metallben - Svart - TRUUSK - Hem, Tr\u00e4dg\u00e5rd &amp; Fritid","isPartOf":{"@id":"https:\/\/truusk.store\/sv\/#website"},"primaryImageOfPage":{"@id":"https:\/\/truusk.store\/sv\/produkt\/truusk-4-delat-set-matstolar-armfritt-design-tygpolstring-metallben-svart\/#primaryimage"},"image":{"@id":"https:\/\/truusk.store\/sv\/produkt\/truusk-4-delat-set-matstolar-armfritt-design-tygpolstring-metallben-svart\/#primaryimage"},"thumbnailUrl":"https:\/\/i0.wp.com\/truusk.store\/wp-content\/uploads\/2025\/08\/4-delat-set-med-matstolar-armfritt-design-tygpolstring-metallben-svart-1.webp?fit=2000%2C2000&ssl=1","datePublished":"2025-08-20T05:51:42+00:00","dateModified":"2026-03-12T08:46:59+00:00","breadcrumb":{"@id":"https:\/\/truusk.store\/sv\/produkt\/truusk-4-delat-set-matstolar-armfritt-design-tygpolstring-metallben-svart\/#breadcrumb"},"inLanguage":"sv-SE","potentialAction":[{"@type":"ReadAction","target":["https:\/\/truusk.store\/sv\/produkt\/truusk-4-delat-set-matstolar-armfritt-design-tygpolstring-metallben-svart\/"]}]},{"@type":"ImageObject","inLanguage":"sv-SE","@id":"https:\/\/truusk.store\/sv\/produkt\/truusk-4-delat-set-matstolar-armfritt-design-tygpolstring-metallben-svart\/#primaryimage","url":"https:\/\/i0.wp.com\/truusk.store\/wp-content\/uploads\/2025\/08\/4-delat-set-med-matstolar-armfritt-design-tygpolstring-metallben-svart-1.webp?fit=2000%2C2000&ssl=1","contentUrl":"https:\/\/i0.wp.com\/truusk.store\/wp-content\/uploads\/2025\/08\/4-delat-set-med-matstolar-armfritt-design-tygpolstring-metallben-svart-1.webp?fit=2000%2C2000&ssl=1","width":2000,"height":2000},{"@type":"BreadcrumbList","@id":"https:\/\/truusk.store\/sv\/produkt\/truusk-4-delat-set-matstolar-armfritt-design-tygpolstring-metallben-svart\/#breadcrumb","itemListElement":[{"@type":"ListItem","position":1,"name":"Home","item":"https:\/\/truusk.store\/sv\/"},{"@type":"ListItem","position":2,"name":"Shop","item":"https:\/\/truusk.store\/shop\/"},{"@type":"ListItem","position":3,"name":"TRUUSK 4-delat Set Matstolar &#8211; Armfritt Design &#8211; Tygpolstring &#8211; Metallben &#8211; Svart"}]},{"@type":"WebSite","@id":"https:\/\/truusk.store\/sv\/#website","url":"https:\/\/truusk.store\/sv\/","name":"TRUUSK - Hem, Tr\u00e4dg\u00e5rd & Fritid","description":"","publisher":{"@id":"https:\/\/truusk.store\/sv\/#organization"},"potentialAction":[{"@type":"SearchAction","target":{"@type":"EntryPoint","urlTemplate":"https:\/\/truusk.store\/sv\/?s={search_term_string}"},"query-input":{"@type":"PropertyValueSpecification","valueRequired":true,"valueName":"search_term_string"}}],"inLanguage":"sv-SE"},{"@type":"Organization","@id":"https:\/\/truusk.store\/sv\/#organization","name":"TRUUSK - Hem, Tr\u00e4dg\u00e5rd & Fritid","url":"https:\/\/truusk.store\/sv\/","logo":{"@type":"ImageObject","inLanguage":"sv-SE","@id":"https:\/\/truusk.store\/sv\/#\/schema\/logo\/image\/","url":"https:\/\/i0.wp.com\/truusk.store\/wp-content\/uploads\/2026\/03\/cropped-TRUUSK.png?fit=2032%2C917&ssl=1","contentUrl":"https:\/\/i0.wp.com\/truusk.store\/wp-content\/uploads\/2026\/03\/cropped-TRUUSK.png?fit=2032%2C917&ssl=1","width":2032,"height":917,"caption":"TRUUSK - Hem, Tr\u00e4dg\u00e5rd & Fritid"},"image":{"@id":"https:\/\/truusk.store\/sv\/#\/schema\/logo\/image\/"}}]}},"jetpack_sharing_enabled":true,"_links":{"self":[{"href":"https:\/\/truusk.store\/sv\/wp-json\/wp\/v2\/product\/87745","targetHints":{"allow":["GET"]}}],"collection":[{"href":"https:\/\/truusk.store\/sv\/wp-json\/wp\/v2\/product"}],"about":[{"href":"https:\/\/truusk.store\/sv\/wp-json\/wp\/v2\/types\/product"}],"wp:featuredmedia":[{"embeddable":true,"href":"https:\/\/truusk.store\/sv\/wp-json\/wp\/v2\/media\/87736"}],"wp:attachment":[{"href":"https:\/\/truusk.store\/sv\/wp-json\/wp\/v2\/media?parent=87745"}],"wp:term":[{"taxonomy":"product_brand","embeddable":true,"href":"https:\/\/truusk.store\/sv\/wp-json\/wp\/v2\/product_brand?post=87745"},{"taxonomy":"product_cat","embeddable":true,"href":"https:\/\/truusk.store\/sv\/wp-json\/wp\/v2\/product_cat?post=87745"},{"taxonomy":"product_tag","embeddable":true,"href":"https:\/\/truusk.store\/sv\/wp-json\/wp\/v2\/product_tag?post=87745"}],"curies":[{"name":"wp","href":"https:\/\/api.w.org\/{rel}","templated":true}]}}