{"id":87765,"date":"2025-08-20T06:53:46","date_gmt":"2025-08-20T05:53:46","guid":{"rendered":"https:\/\/truusk.store\/product\/70-x-50-cm-asymmetrisk-badrumsspegel-med-led-ljus-smart-touch-knapp-anti-dimfunktion-silver\/"},"modified":"2026-03-12T08:40:20","modified_gmt":"2026-03-12T07:40:20","slug":"truusk-badrumsspegel-70x50-cm-med-led-ljus-smart-touch-knapp-anti-dimfunktion-silver","status":"publish","type":"product","link":"https:\/\/truusk.store\/sv\/produkt\/truusk-badrumsspegel-70x50-cm-med-led-ljus-smart-touch-knapp-anti-dimfunktion-silver\/","title":{"rendered":"TRUUSK Badrumsspegel 70&#215;50 cm med LED-ljus &#8211; Smart Touch-knapp &#8211; Anti-dimfunktion &#8211; Silver"},"content":{"rendered":"<p>Optimera ditt badrum med v\u00e5r smarta spegel. Justera ljusstyrkan med bara en touch och v\u00e4lj mellan varmvitt (3000K), naturligt vitt (4500K) och kallvitt (6500K) f\u00f6r att skapa den perfekta st\u00e4mningen. Njut av alltid klar sikt, \u00e4ven efter duschen, tack vare anti-dim-paden. Den asymmetriska designen g\u00f6r spegeln till en modern blickf\u00e5ngare, med tre variabla monteringsalternativ. Denna eleganta, praktiska spegel f\u00f6rh\u00f6jer ditt hem.<\/p>\n<p>Beskrivning:<\/p>\n<ul>\n<li> Justerbar ljusstyrka och tre f\u00e4rgtemperaturer f\u00f6r individuell atmosf\u00e4r<\/li>\n<li> Minnesfunktion, ingen ny inst\u00e4llning kr\u00e4vs<\/li>\n<li> Anti-dim-funktionen h\u00e5ller spegeln klar \u00e4ven efter duschen<\/li>\n<li> IP44 vattenskyddsklass, l\u00e4mplig f\u00f6r fuktiga badrum<\/li>\n<li> Ger klar reflektion med h\u00e4rdat glas<\/li>\n<li> Asymmetrisk spegel \u00f6kar estetiken<\/li>\n<li> Tre olika v\u00e4ggmonteringsmetoder med tillh\u00f6rande tillbeh\u00f6r<\/li>\n<li> Ingen montering kr\u00e4vs. Fast kabelinstallation kr\u00e4vs (plugg ing\u00e5r ej)<\/li>\n<\/ul>\n<p>Tekniska data:<\/p>\n<ul>\n<li> F\u00e4rg: Silver<\/li>\n<li> Material: H\u00e4rdat glas<\/li>\n<li> Totala dimensioner: 70L x 5B x 50H cm<\/li>\n<li> Glasstjocklek: 4 mm<\/li>\n<li> Storlek p\u00e5 anti-dim-pad: 20L x 15B cm<\/li>\n<li> Effekt: 20W (totalt), 14W (ljus), 6W (avfuktare)<\/li>\n<li> Lumen: 1200 lm<\/li>\n<li> F\u00e4rgtemperatur: 3000K varmvitt \/ 4500K naturligt \/ 6500K kallvitt<\/li>\n<li> Skyddsklass: IP44<\/li>\n<li> Kabell\u00e4ngd: 0,5 m<\/li>\n<li> Ing\u00e5ng: AC 220-240V, 50\/60Hz<\/li>\n<li> Utg\u00e5ng: DC 12V, 1,75A, Max 25W<\/li>\n<\/ul>\n<p>Leverans inneh\u00e5ller:<\/p>\n<ul>\n<li> 1 x badrumsspegel<\/li>\n<li> 2 x skruvar<\/li>\n<li> 2 x plastpluggar<\/li>\n<li> 1 x f\u00f6rdelningsl\u00e5da<\/li>\n<li> 1 x bruksanvisning<\/li>\n<\/ul>\n","protected":false},"excerpt":{"rendered":"<p>Optimera ditt badrum med v\u00e5r smarta spegel. Justera ljusstyrkan med bara en touch och v\u00e4lj mellan varmvitt (3000K), naturligt vitt&#8230;<\/p>\n","protected":false},"featured_media":87756,"template":"","meta":[],"product_brand":[],"product_cat":[915,969,871],"product_tag":[],"class_list":{"0":"post-87765","1":"product","2":"type-product","3":"status-publish","4":"has-post-thumbnail","6":"product_cat-badrum","7":"product_cat-badrumsspegel","8":"product_cat-hus-hem","10":"first","11":"instock","12":"sale","13":"taxable","14":"shipping-taxable","15":"purchasable","16":"product-type-simple"},"yoast_head":"<!-- This site is optimized with the Yoast SEO plugin v25.4 - https:\/\/yoast.com\/wordpress\/plugins\/seo\/ -->\n<title>TRUUSK Badrumsspegel 70x50 cm med LED-ljus - Smart Touch-knapp - Anti-dimfunktion - Silver - TRUUSK - Hem, Tr\u00e4dg\u00e5rd &amp; Fritid<\/title>\n<meta name=\"robots\" content=\"index, follow, max-snippet:-1, max-image-preview:large, max-video-preview:-1\" \/>\n<link rel=\"canonical\" href=\"https:\/\/truusk.store\/sv\/produkt\/truusk-badrumsspegel-70x50-cm-med-led-ljus-smart-touch-knapp-anti-dimfunktion-silver\/\" \/>\n<meta property=\"og:locale\" content=\"sv_SE\" \/>\n<meta property=\"og:type\" content=\"article\" \/>\n<meta property=\"og:title\" content=\"TRUUSK Badrumsspegel 70x50 cm med LED-ljus - Smart Touch-knapp - Anti-dimfunktion - Silver - TRUUSK - Hem, Tr\u00e4dg\u00e5rd &amp; Fritid\" \/>\n<meta property=\"og:description\" content=\"Optimera ditt badrum med v\u00e5r smarta spegel. Justera ljusstyrkan med bara en touch och v\u00e4lj mellan varmvitt (3000K), naturligt vitt...\" \/>\n<meta property=\"og:url\" content=\"https:\/\/truusk.store\/sv\/produkt\/truusk-badrumsspegel-70x50-cm-med-led-ljus-smart-touch-knapp-anti-dimfunktion-silver\/\" \/>\n<meta property=\"og:site_name\" content=\"TRUUSK - Hem, Tr\u00e4dg\u00e5rd &amp; Fritid\" \/>\n<meta property=\"article:modified_time\" content=\"2026-03-12T07:40:20+00:00\" \/>\n<meta property=\"og:image\" content=\"https:\/\/i0.wp.com\/truusk.se\/wp-content\/uploads\/2025\/08\/70-x-50-cm-asymmetrisk-badrumsspegel-med-led-ljus-smart-touch-knapp-anti-dimfunktion-silver-1.webp?fit=2000%2C2000&ssl=1\" \/>\n\t<meta property=\"og:image:width\" content=\"2000\" \/>\n\t<meta property=\"og:image:height\" content=\"2000\" \/>\n\t<meta property=\"og:image:type\" content=\"image\/webp\" \/>\n<meta name=\"twitter:card\" content=\"summary_large_image\" \/>\n<meta name=\"twitter:label1\" content=\"Ber\u00e4knad l\u00e4stid\" \/>\n\t<meta name=\"twitter:data1\" content=\"1 minut\" \/>\n<!-- \/ Yoast SEO plugin. -->","yoast_head_json":{"title":"TRUUSK Badrumsspegel 70x50 cm med LED-ljus - Smart Touch-knapp - Anti-dimfunktion - Silver - TRUUSK - Hem, Tr\u00e4dg\u00e5rd &amp; Fritid","robots":{"index":"index","follow":"follow","max-snippet":"max-snippet:-1","max-image-preview":"max-image-preview:large","max-video-preview":"max-video-preview:-1"},"canonical":"https:\/\/truusk.store\/sv\/produkt\/truusk-badrumsspegel-70x50-cm-med-led-ljus-smart-touch-knapp-anti-dimfunktion-silver\/","og_locale":"sv_SE","og_type":"article","og_title":"TRUUSK Badrumsspegel 70x50 cm med LED-ljus - Smart Touch-knapp - Anti-dimfunktion - Silver - TRUUSK - Hem, Tr\u00e4dg\u00e5rd &amp; Fritid","og_description":"Optimera ditt badrum med v\u00e5r smarta spegel. Justera ljusstyrkan med bara en touch och v\u00e4lj mellan varmvitt (3000K), naturligt vitt...","og_url":"https:\/\/truusk.store\/sv\/produkt\/truusk-badrumsspegel-70x50-cm-med-led-ljus-smart-touch-knapp-anti-dimfunktion-silver\/","og_site_name":"TRUUSK - Hem, Tr\u00e4dg\u00e5rd &amp; Fritid","article_modified_time":"2026-03-12T07:40:20+00:00","og_image":[{"width":2000,"height":2000,"url":"https:\/\/i0.wp.com\/truusk.se\/wp-content\/uploads\/2025\/08\/70-x-50-cm-asymmetrisk-badrumsspegel-med-led-ljus-smart-touch-knapp-anti-dimfunktion-silver-1.webp?fit=2000%2C2000&ssl=1","type":"image\/webp"}],"twitter_card":"summary_large_image","twitter_misc":{"Ber\u00e4knad l\u00e4stid":"1 minut"},"schema":{"@context":"https:\/\/schema.org","@graph":[{"@type":"WebPage","@id":"https:\/\/truusk.store\/sv\/produkt\/truusk-badrumsspegel-70x50-cm-med-led-ljus-smart-touch-knapp-anti-dimfunktion-silver\/","url":"https:\/\/truusk.store\/sv\/produkt\/truusk-badrumsspegel-70x50-cm-med-led-ljus-smart-touch-knapp-anti-dimfunktion-silver\/","name":"TRUUSK Badrumsspegel 70x50 cm med LED-ljus - Smart Touch-knapp - Anti-dimfunktion - Silver - TRUUSK - Hem, Tr\u00e4dg\u00e5rd &amp; Fritid","isPartOf":{"@id":"https:\/\/truusk.store\/sv\/#website"},"primaryImageOfPage":{"@id":"https:\/\/truusk.store\/sv\/produkt\/truusk-badrumsspegel-70x50-cm-med-led-ljus-smart-touch-knapp-anti-dimfunktion-silver\/#primaryimage"},"image":{"@id":"https:\/\/truusk.store\/sv\/produkt\/truusk-badrumsspegel-70x50-cm-med-led-ljus-smart-touch-knapp-anti-dimfunktion-silver\/#primaryimage"},"thumbnailUrl":"https:\/\/i0.wp.com\/truusk.store\/wp-content\/uploads\/2025\/08\/70-x-50-cm-asymmetrisk-badrumsspegel-med-led-ljus-smart-touch-knapp-anti-dimfunktion-silver-1.webp?fit=2000%2C2000&ssl=1","datePublished":"2025-08-20T05:53:46+00:00","dateModified":"2026-03-12T07:40:20+00:00","breadcrumb":{"@id":"https:\/\/truusk.store\/sv\/produkt\/truusk-badrumsspegel-70x50-cm-med-led-ljus-smart-touch-knapp-anti-dimfunktion-silver\/#breadcrumb"},"inLanguage":"sv-SE","potentialAction":[{"@type":"ReadAction","target":["https:\/\/truusk.store\/sv\/produkt\/truusk-badrumsspegel-70x50-cm-med-led-ljus-smart-touch-knapp-anti-dimfunktion-silver\/"]}]},{"@type":"ImageObject","inLanguage":"sv-SE","@id":"https:\/\/truusk.store\/sv\/produkt\/truusk-badrumsspegel-70x50-cm-med-led-ljus-smart-touch-knapp-anti-dimfunktion-silver\/#primaryimage","url":"https:\/\/i0.wp.com\/truusk.store\/wp-content\/uploads\/2025\/08\/70-x-50-cm-asymmetrisk-badrumsspegel-med-led-ljus-smart-touch-knapp-anti-dimfunktion-silver-1.webp?fit=2000%2C2000&ssl=1","contentUrl":"https:\/\/i0.wp.com\/truusk.store\/wp-content\/uploads\/2025\/08\/70-x-50-cm-asymmetrisk-badrumsspegel-med-led-ljus-smart-touch-knapp-anti-dimfunktion-silver-1.webp?fit=2000%2C2000&ssl=1","width":2000,"height":2000},{"@type":"BreadcrumbList","@id":"https:\/\/truusk.store\/sv\/produkt\/truusk-badrumsspegel-70x50-cm-med-led-ljus-smart-touch-knapp-anti-dimfunktion-silver\/#breadcrumb","itemListElement":[{"@type":"ListItem","position":1,"name":"Home","item":"https:\/\/truusk.store\/sv\/"},{"@type":"ListItem","position":2,"name":"Shop","item":"https:\/\/truusk.store\/shop\/"},{"@type":"ListItem","position":3,"name":"TRUUSK Badrumsspegel 70&#215;50 cm med LED-ljus &#8211; Smart Touch-knapp &#8211; Anti-dimfunktion &#8211; Silver"}]},{"@type":"WebSite","@id":"https:\/\/truusk.store\/sv\/#website","url":"https:\/\/truusk.store\/sv\/","name":"TRUUSK - Hem, Tr\u00e4dg\u00e5rd & Fritid","description":"","publisher":{"@id":"https:\/\/truusk.store\/sv\/#organization"},"potentialAction":[{"@type":"SearchAction","target":{"@type":"EntryPoint","urlTemplate":"https:\/\/truusk.store\/sv\/?s={search_term_string}"},"query-input":{"@type":"PropertyValueSpecification","valueRequired":true,"valueName":"search_term_string"}}],"inLanguage":"sv-SE"},{"@type":"Organization","@id":"https:\/\/truusk.store\/sv\/#organization","name":"TRUUSK - Hem, Tr\u00e4dg\u00e5rd & Fritid","url":"https:\/\/truusk.store\/sv\/","logo":{"@type":"ImageObject","inLanguage":"sv-SE","@id":"https:\/\/truusk.store\/sv\/#\/schema\/logo\/image\/","url":"https:\/\/i0.wp.com\/truusk.store\/wp-content\/uploads\/2026\/03\/cropped-TRUUSK.png?fit=2032%2C917&ssl=1","contentUrl":"https:\/\/i0.wp.com\/truusk.store\/wp-content\/uploads\/2026\/03\/cropped-TRUUSK.png?fit=2032%2C917&ssl=1","width":2032,"height":917,"caption":"TRUUSK - Hem, Tr\u00e4dg\u00e5rd & Fritid"},"image":{"@id":"https:\/\/truusk.store\/sv\/#\/schema\/logo\/image\/"}}]}},"jetpack_sharing_enabled":true,"_links":{"self":[{"href":"https:\/\/truusk.store\/sv\/wp-json\/wp\/v2\/product\/87765","targetHints":{"allow":["GET"]}}],"collection":[{"href":"https:\/\/truusk.store\/sv\/wp-json\/wp\/v2\/product"}],"about":[{"href":"https:\/\/truusk.store\/sv\/wp-json\/wp\/v2\/types\/product"}],"wp:featuredmedia":[{"embeddable":true,"href":"https:\/\/truusk.store\/sv\/wp-json\/wp\/v2\/media\/87756"}],"wp:attachment":[{"href":"https:\/\/truusk.store\/sv\/wp-json\/wp\/v2\/media?parent=87765"}],"wp:term":[{"taxonomy":"product_brand","embeddable":true,"href":"https:\/\/truusk.store\/sv\/wp-json\/wp\/v2\/product_brand?post=87765"},{"taxonomy":"product_cat","embeddable":true,"href":"https:\/\/truusk.store\/sv\/wp-json\/wp\/v2\/product_cat?post=87765"},{"taxonomy":"product_tag","embeddable":true,"href":"https:\/\/truusk.store\/sv\/wp-json\/wp\/v2\/product_tag?post=87765"}],"curies":[{"name":"wp","href":"https:\/\/api.w.org\/{rel}","templated":true}]}}