{"id":87785,"date":"2025-08-20T06:56:04","date_gmt":"2025-08-20T05:56:04","guid":{"rendered":"https:\/\/truusk.store\/product\/agility-set-for-hundar-hundtraningskonstruktion-med-bro-trappa-plattform-grantra-for-stora-hundar-upp-till-40-kg\/"},"modified":"2026-03-12T08:42:19","modified_gmt":"2026-03-12T07:42:19","slug":"truusk-agility-set-for-hundar-hundtraningskonstruktion-med-bro-trappa-plattform-for-stora-hundar-upp-till-40-kg","status":"publish","type":"product","link":"https:\/\/truusk.store\/sv\/produkt\/truusk-agility-set-for-hundar-hundtraningskonstruktion-med-bro-trappa-plattform-for-stora-hundar-upp-till-40-kg\/","title":{"rendered":"TRUUSK Agility-set f\u00f6r hundar &#8211; Hundtr\u00e4ningskonstruktion med bro, trappa, plattform &#8211; F\u00f6r stora hundar upp till 40 kg"},"content":{"rendered":"<p>F\u00f6rb\u00e4ttra din hunds f\u00e4rdigheter med TRUUSK Agility-setet! Setet inkluderar en mjuk bro, en viloplattform och en trappa, utformad f\u00f6r att fr\u00e4mja olika kompetenser. Tillverkad av h\u00f6gkvalitativt grantr\u00e4, \u00e4r den l\u00e4mplig f\u00f6r medelstora till stora hundar upp till 40 kg och g\u00f6r varje tr\u00e4ningspass till ett n\u00f6je.<\/p>\n<p>Beskrivning:<\/p>\n<ul>\n<li> Tredelat set fr\u00e4mjar m\u00e5ngsidig f\u00e4rdighetstr\u00e4ning f\u00f6r hundar<\/li>\n<li> Inneh\u00e5ller en mjuk bro, en viloplattform och en husdjurstrappa f\u00f6r agility<\/li>\n<li> Passande tillbeh\u00f6r f\u00f6r olika tr\u00e4ningsbehov hos hundar<\/li>\n<li> Tillverkad av grantr\u00e4, f\u00f6r ett vackert utseende<\/li>\n<li> St\u00f6der medelstora till stora hundar upp till 40 kg<\/li>\n<li> Montering kr\u00e4vs<\/li>\n<\/ul>\n<p> Tekniska data:<\/p>\n<ul>\n<li> F\u00e4rg: Naturtr\u00e4<\/li>\n<li> Material: Grantr\u00e4<\/li>\n<li> Mjuk bro: 120B x 50T x 56H cm<\/li>\n<li> Viloplattform: 50B x 50T x 30H cm<\/li>\n<li> Husdjurstrappa: 90B x 50T x 56H cm<\/li>\n<li> Maximal belastning: 40 kg<\/li>\n<\/ul>\n<p>Leveransinneh\u00e5ll:<\/p>\n<ul>\n<li> 1 x Mjuk bro<\/li>\n<li> 1 x Viloplattform<\/li>\n<li> 1 x Trappa<\/li>\n<li> 1 x Handbok<\/li>\n<\/ul>\n","protected":false},"excerpt":{"rendered":"<p>F\u00f6rb\u00e4ttra din hunds f\u00e4rdigheter med TRUUSK Agility-setet! Setet inkluderar en mjuk bro, en viloplattform och en trappa, utformad f\u00f6r att&#8230;<\/p>\n","protected":false},"featured_media":87776,"template":"","meta":[],"product_brand":[],"product_cat":[578,878,574],"product_tag":[],"class_list":{"0":"post-87785","1":"product","2":"type-product","3":"status-publish","4":"has-post-thumbnail","6":"product_cat-agility-set","7":"product_cat-djurbehov","8":"product_cat-hundtillbehor","10":"first","11":"instock","12":"sale","13":"taxable","14":"shipping-taxable","15":"purchasable","16":"product-type-simple"},"yoast_head":"<!-- This site is optimized with the Yoast SEO plugin v25.4 - https:\/\/yoast.com\/wordpress\/plugins\/seo\/ -->\n<title>TRUUSK Agility-set f\u00f6r hundar - Hundtr\u00e4ningskonstruktion med bro, trappa, plattform - F\u00f6r stora hundar upp till 40 kg - TRUUSK - Hem, Tr\u00e4dg\u00e5rd &amp; Fritid<\/title>\n<meta name=\"robots\" content=\"index, follow, max-snippet:-1, max-image-preview:large, max-video-preview:-1\" \/>\n<link rel=\"canonical\" href=\"https:\/\/truusk.store\/sv\/produkt\/truusk-agility-set-for-hundar-hundtraningskonstruktion-med-bro-trappa-plattform-for-stora-hundar-upp-till-40-kg\/\" \/>\n<meta property=\"og:locale\" content=\"sv_SE\" \/>\n<meta property=\"og:type\" content=\"article\" \/>\n<meta property=\"og:title\" content=\"TRUUSK Agility-set f\u00f6r hundar - Hundtr\u00e4ningskonstruktion med bro, trappa, plattform - F\u00f6r stora hundar upp till 40 kg - TRUUSK - Hem, Tr\u00e4dg\u00e5rd &amp; Fritid\" \/>\n<meta property=\"og:description\" content=\"F\u00f6rb\u00e4ttra din hunds f\u00e4rdigheter med TRUUSK Agility-setet! Setet inkluderar en mjuk bro, en viloplattform och en trappa, utformad f\u00f6r att...\" \/>\n<meta property=\"og:url\" content=\"https:\/\/truusk.store\/sv\/produkt\/truusk-agility-set-for-hundar-hundtraningskonstruktion-med-bro-trappa-plattform-for-stora-hundar-upp-till-40-kg\/\" \/>\n<meta property=\"og:site_name\" content=\"TRUUSK - Hem, Tr\u00e4dg\u00e5rd &amp; Fritid\" \/>\n<meta property=\"article:modified_time\" content=\"2026-03-12T07:42:19+00:00\" \/>\n<meta property=\"og:image\" content=\"https:\/\/i0.wp.com\/truusk.se\/wp-content\/uploads\/2025\/08\/agility-set-for-hundar-hundtraningskonstruktion-med-bro-trappa-plattform-grantra-for-stora-hundar-upp-till-40-kg-1.webp?fit=2000%2C2000&ssl=1\" \/>\n\t<meta property=\"og:image:width\" content=\"2000\" \/>\n\t<meta property=\"og:image:height\" content=\"2000\" \/>\n\t<meta property=\"og:image:type\" content=\"image\/webp\" \/>\n<meta name=\"twitter:card\" content=\"summary_large_image\" \/>\n<meta name=\"twitter:label1\" content=\"Ber\u00e4knad l\u00e4stid\" \/>\n\t<meta name=\"twitter:data1\" content=\"1 minut\" \/>\n<!-- \/ Yoast SEO plugin. -->","yoast_head_json":{"title":"TRUUSK Agility-set f\u00f6r hundar - Hundtr\u00e4ningskonstruktion med bro, trappa, plattform - F\u00f6r stora hundar upp till 40 kg - TRUUSK - Hem, Tr\u00e4dg\u00e5rd &amp; Fritid","robots":{"index":"index","follow":"follow","max-snippet":"max-snippet:-1","max-image-preview":"max-image-preview:large","max-video-preview":"max-video-preview:-1"},"canonical":"https:\/\/truusk.store\/sv\/produkt\/truusk-agility-set-for-hundar-hundtraningskonstruktion-med-bro-trappa-plattform-for-stora-hundar-upp-till-40-kg\/","og_locale":"sv_SE","og_type":"article","og_title":"TRUUSK Agility-set f\u00f6r hundar - Hundtr\u00e4ningskonstruktion med bro, trappa, plattform - F\u00f6r stora hundar upp till 40 kg - TRUUSK - Hem, Tr\u00e4dg\u00e5rd &amp; Fritid","og_description":"F\u00f6rb\u00e4ttra din hunds f\u00e4rdigheter med TRUUSK Agility-setet! Setet inkluderar en mjuk bro, en viloplattform och en trappa, utformad f\u00f6r att...","og_url":"https:\/\/truusk.store\/sv\/produkt\/truusk-agility-set-for-hundar-hundtraningskonstruktion-med-bro-trappa-plattform-for-stora-hundar-upp-till-40-kg\/","og_site_name":"TRUUSK - Hem, Tr\u00e4dg\u00e5rd &amp; Fritid","article_modified_time":"2026-03-12T07:42:19+00:00","og_image":[{"width":2000,"height":2000,"url":"https:\/\/i0.wp.com\/truusk.se\/wp-content\/uploads\/2025\/08\/agility-set-for-hundar-hundtraningskonstruktion-med-bro-trappa-plattform-grantra-for-stora-hundar-upp-till-40-kg-1.webp?fit=2000%2C2000&ssl=1","type":"image\/webp"}],"twitter_card":"summary_large_image","twitter_misc":{"Ber\u00e4knad l\u00e4stid":"1 minut"},"schema":{"@context":"https:\/\/schema.org","@graph":[{"@type":"WebPage","@id":"https:\/\/truusk.store\/sv\/produkt\/truusk-agility-set-for-hundar-hundtraningskonstruktion-med-bro-trappa-plattform-for-stora-hundar-upp-till-40-kg\/","url":"https:\/\/truusk.store\/sv\/produkt\/truusk-agility-set-for-hundar-hundtraningskonstruktion-med-bro-trappa-plattform-for-stora-hundar-upp-till-40-kg\/","name":"TRUUSK Agility-set f\u00f6r hundar - Hundtr\u00e4ningskonstruktion med bro, trappa, plattform - F\u00f6r stora hundar upp till 40 kg - TRUUSK - Hem, Tr\u00e4dg\u00e5rd &amp; Fritid","isPartOf":{"@id":"https:\/\/truusk.store\/sv\/#website"},"primaryImageOfPage":{"@id":"https:\/\/truusk.store\/sv\/produkt\/truusk-agility-set-for-hundar-hundtraningskonstruktion-med-bro-trappa-plattform-for-stora-hundar-upp-till-40-kg\/#primaryimage"},"image":{"@id":"https:\/\/truusk.store\/sv\/produkt\/truusk-agility-set-for-hundar-hundtraningskonstruktion-med-bro-trappa-plattform-for-stora-hundar-upp-till-40-kg\/#primaryimage"},"thumbnailUrl":"https:\/\/i0.wp.com\/truusk.store\/wp-content\/uploads\/2025\/08\/agility-set-for-hundar-hundtraningskonstruktion-med-bro-trappa-plattform-grantra-for-stora-hundar-upp-till-40-kg-1.webp?fit=2000%2C2000&ssl=1","datePublished":"2025-08-20T05:56:04+00:00","dateModified":"2026-03-12T07:42:19+00:00","breadcrumb":{"@id":"https:\/\/truusk.store\/sv\/produkt\/truusk-agility-set-for-hundar-hundtraningskonstruktion-med-bro-trappa-plattform-for-stora-hundar-upp-till-40-kg\/#breadcrumb"},"inLanguage":"sv-SE","potentialAction":[{"@type":"ReadAction","target":["https:\/\/truusk.store\/sv\/produkt\/truusk-agility-set-for-hundar-hundtraningskonstruktion-med-bro-trappa-plattform-for-stora-hundar-upp-till-40-kg\/"]}]},{"@type":"ImageObject","inLanguage":"sv-SE","@id":"https:\/\/truusk.store\/sv\/produkt\/truusk-agility-set-for-hundar-hundtraningskonstruktion-med-bro-trappa-plattform-for-stora-hundar-upp-till-40-kg\/#primaryimage","url":"https:\/\/i0.wp.com\/truusk.store\/wp-content\/uploads\/2025\/08\/agility-set-for-hundar-hundtraningskonstruktion-med-bro-trappa-plattform-grantra-for-stora-hundar-upp-till-40-kg-1.webp?fit=2000%2C2000&ssl=1","contentUrl":"https:\/\/i0.wp.com\/truusk.store\/wp-content\/uploads\/2025\/08\/agility-set-for-hundar-hundtraningskonstruktion-med-bro-trappa-plattform-grantra-for-stora-hundar-upp-till-40-kg-1.webp?fit=2000%2C2000&ssl=1","width":2000,"height":2000},{"@type":"BreadcrumbList","@id":"https:\/\/truusk.store\/sv\/produkt\/truusk-agility-set-for-hundar-hundtraningskonstruktion-med-bro-trappa-plattform-for-stora-hundar-upp-till-40-kg\/#breadcrumb","itemListElement":[{"@type":"ListItem","position":1,"name":"Home","item":"https:\/\/truusk.store\/sv\/"},{"@type":"ListItem","position":2,"name":"Shop","item":"https:\/\/truusk.store\/shop\/"},{"@type":"ListItem","position":3,"name":"TRUUSK Agility-set f\u00f6r hundar &#8211; Hundtr\u00e4ningskonstruktion med bro, trappa, plattform &#8211; F\u00f6r stora hundar upp till 40 kg"}]},{"@type":"WebSite","@id":"https:\/\/truusk.store\/sv\/#website","url":"https:\/\/truusk.store\/sv\/","name":"TRUUSK - Hem, Tr\u00e4dg\u00e5rd & Fritid","description":"","publisher":{"@id":"https:\/\/truusk.store\/sv\/#organization"},"potentialAction":[{"@type":"SearchAction","target":{"@type":"EntryPoint","urlTemplate":"https:\/\/truusk.store\/sv\/?s={search_term_string}"},"query-input":{"@type":"PropertyValueSpecification","valueRequired":true,"valueName":"search_term_string"}}],"inLanguage":"sv-SE"},{"@type":"Organization","@id":"https:\/\/truusk.store\/sv\/#organization","name":"TRUUSK - Hem, Tr\u00e4dg\u00e5rd & Fritid","url":"https:\/\/truusk.store\/sv\/","logo":{"@type":"ImageObject","inLanguage":"sv-SE","@id":"https:\/\/truusk.store\/sv\/#\/schema\/logo\/image\/","url":"https:\/\/i0.wp.com\/truusk.store\/wp-content\/uploads\/2026\/03\/cropped-TRUUSK.png?fit=2032%2C917&ssl=1","contentUrl":"https:\/\/i0.wp.com\/truusk.store\/wp-content\/uploads\/2026\/03\/cropped-TRUUSK.png?fit=2032%2C917&ssl=1","width":2032,"height":917,"caption":"TRUUSK - Hem, Tr\u00e4dg\u00e5rd & Fritid"},"image":{"@id":"https:\/\/truusk.store\/sv\/#\/schema\/logo\/image\/"}}]}},"jetpack_sharing_enabled":true,"_links":{"self":[{"href":"https:\/\/truusk.store\/sv\/wp-json\/wp\/v2\/product\/87785","targetHints":{"allow":["GET"]}}],"collection":[{"href":"https:\/\/truusk.store\/sv\/wp-json\/wp\/v2\/product"}],"about":[{"href":"https:\/\/truusk.store\/sv\/wp-json\/wp\/v2\/types\/product"}],"wp:featuredmedia":[{"embeddable":true,"href":"https:\/\/truusk.store\/sv\/wp-json\/wp\/v2\/media\/87776"}],"wp:attachment":[{"href":"https:\/\/truusk.store\/sv\/wp-json\/wp\/v2\/media?parent=87785"}],"wp:term":[{"taxonomy":"product_brand","embeddable":true,"href":"https:\/\/truusk.store\/sv\/wp-json\/wp\/v2\/product_brand?post=87785"},{"taxonomy":"product_cat","embeddable":true,"href":"https:\/\/truusk.store\/sv\/wp-json\/wp\/v2\/product_cat?post=87785"},{"taxonomy":"product_tag","embeddable":true,"href":"https:\/\/truusk.store\/sv\/wp-json\/wp\/v2\/product_tag?post=87785"}],"curies":[{"name":"wp","href":"https:\/\/api.w.org\/{rel}","templated":true}]}}