{"id":87815,"date":"2025-08-20T06:58:26","date_gmt":"2025-08-20T05:58:26","guid":{"rendered":"https:\/\/truusk.store\/product\/rullpall-hojdjusterbar-med-ryggstod-svangbar-pall-83-98-cm-arbetspall-360-roterbar-for-kontor-salong\/"},"modified":"2026-03-12T08:42:42","modified_gmt":"2026-03-12T07:42:42","slug":"truusk-justerbar-rullpall-med-ryggstod-83-98-cm-360-roterbar-for-kontor-och-salong","status":"publish","type":"product","link":"https:\/\/truusk.store\/sv\/produkt\/truusk-justerbar-rullpall-med-ryggstod-83-98-cm-360-roterbar-for-kontor-och-salong\/","title":{"rendered":"TRUUSK Justerbar Rullpall med Ryggst\u00f6d &#8211; 83-98 cm &#8211; 360\u00b0 Roterbar &#8211; F\u00f6r Kontor och Salong"},"content":{"rendered":"<p>Upplev komforten med TRUUSK rullpall, din nya favoritstol i salongen! Denna rullpall med skumvaddering p\u00e5 sittplats och ryggst\u00f6d ger komfort hela dagen. Med en 360-graders sv\u00e4ngstol och mjukt glidande hjul \u00e4r rullpallen perfekt f\u00f6r varje r\u00f6relse. Oavsett om det \u00e4r en stol vid sminkbordet, en sminkstol eller fris\u00f6rstol &#8211; den h\u00f6jdjusterbara rullpallen \u00e4r idealisk f\u00f6r alla sk\u00f6nhetsexperter.<\/p>\n<p>Beskrivning:<\/p>\n<ul>\n<li> Skumvadderad sittplats och ryggst\u00f6d garanterar maximal komfort<\/li>\n<li> 360-graders sv\u00e4ngsits och hjul p\u00e5 rullpallen f\u00f6r smidig r\u00f6rlighet<\/li>\n<li> Stabil metallbas p\u00e5 rullpallen ger robust st\u00f6d<\/li>\n<li> Justerbar sitth\u00f6jd med mjuk gasfj\u00e4der av klass tre<\/li>\n<li> L\u00e4tt att underh\u00e5lla konstl\u00e4der p\u00e5 rullpallen f\u00f6renklar underh\u00e5llet<\/li>\n<li> Idealisk f\u00f6r sk\u00f6nhetssalonger, SPA och olika terapistudios<\/li>\n<li> Enkel montering<\/li>\n<\/ul>\n<p> Tekniska data:<\/p>\n<ul>\n<li> F\u00e4rg: Svart<\/li>\n<li> Material: Konstl\u00e4der, skum, flerskiktsplatta<\/li>\n<li> Totala dimensioner: 50L x 50B x 83-98H cm<\/li>\n<li> Sitsstorlek: \u00d835 x 51-67H cm<\/li>\n<li> Sittjocklek: 7 cm<\/li>\n<li> Ryggstorlek: 25B x 40H cm<\/li>\n<li> B\u00e4rkapacitet: 120 kg<\/li>\n<\/ul>\n<p>Leveransinneh\u00e5ll:<\/p>\n<ul>\n<li> 1 x Rullpall<\/li>\n<li> 1 x Bruksanvisning<\/li>\n<\/ul>\n","protected":false},"excerpt":{"rendered":"<p>Upplev komforten med TRUUSK rullpall, din nya favoritstol i salongen! Denna rullpall med skumvaddering p\u00e5 sittplats och ryggst\u00f6d ger komfort&#8230;<\/p>\n","protected":false},"featured_media":87806,"template":"","meta":[],"product_brand":[],"product_cat":[872,871,961],"product_tag":[],"class_list":{"0":"post-87815","1":"product","2":"type-product","3":"status-publish","4":"has-post-thumbnail","6":"product_cat-hemmakontor-arbetsplats","7":"product_cat-hus-hem","8":"product_cat-rullpallar","10":"first","11":"instock","12":"sale","13":"taxable","14":"shipping-taxable","15":"purchasable","16":"product-type-simple"},"yoast_head":"<!-- This site is optimized with the Yoast SEO plugin v25.4 - https:\/\/yoast.com\/wordpress\/plugins\/seo\/ -->\n<title>TRUUSK Justerbar Rullpall med Ryggst\u00f6d - 83-98 cm - 360\u00b0 Roterbar - F\u00f6r Kontor och Salong - TRUUSK - Hem, Tr\u00e4dg\u00e5rd &amp; Fritid<\/title>\n<meta name=\"robots\" content=\"index, follow, max-snippet:-1, max-image-preview:large, max-video-preview:-1\" \/>\n<link rel=\"canonical\" href=\"https:\/\/truusk.store\/sv\/produkt\/truusk-justerbar-rullpall-med-ryggstod-83-98-cm-360-roterbar-for-kontor-och-salong\/\" \/>\n<meta property=\"og:locale\" content=\"sv_SE\" \/>\n<meta property=\"og:type\" content=\"article\" \/>\n<meta property=\"og:title\" content=\"TRUUSK Justerbar Rullpall med Ryggst\u00f6d - 83-98 cm - 360\u00b0 Roterbar - F\u00f6r Kontor och Salong - TRUUSK - Hem, Tr\u00e4dg\u00e5rd &amp; Fritid\" \/>\n<meta property=\"og:description\" content=\"Upplev komforten med TRUUSK rullpall, din nya favoritstol i salongen! Denna rullpall med skumvaddering p\u00e5 sittplats och ryggst\u00f6d ger komfort...\" \/>\n<meta property=\"og:url\" content=\"https:\/\/truusk.store\/sv\/produkt\/truusk-justerbar-rullpall-med-ryggstod-83-98-cm-360-roterbar-for-kontor-och-salong\/\" \/>\n<meta property=\"og:site_name\" content=\"TRUUSK - Hem, Tr\u00e4dg\u00e5rd &amp; Fritid\" \/>\n<meta property=\"article:modified_time\" content=\"2026-03-12T07:42:42+00:00\" \/>\n<meta property=\"og:image\" content=\"https:\/\/i0.wp.com\/truusk.se\/wp-content\/uploads\/2025\/08\/rullpall-hojdjusterbar-med-ryggstod-svangbar-pall-83-98-cm-arbetspall-360-roterbar-for-kontor-salong-1.webp?fit=2000%2C2000&ssl=1\" \/>\n\t<meta property=\"og:image:width\" content=\"2000\" \/>\n\t<meta property=\"og:image:height\" content=\"2000\" \/>\n\t<meta property=\"og:image:type\" content=\"image\/webp\" \/>\n<meta name=\"twitter:card\" content=\"summary_large_image\" \/>\n<meta name=\"twitter:label1\" content=\"Ber\u00e4knad l\u00e4stid\" \/>\n\t<meta name=\"twitter:data1\" content=\"1 minut\" \/>\n<!-- \/ Yoast SEO plugin. -->","yoast_head_json":{"title":"TRUUSK Justerbar Rullpall med Ryggst\u00f6d - 83-98 cm - 360\u00b0 Roterbar - F\u00f6r Kontor och Salong - TRUUSK - Hem, Tr\u00e4dg\u00e5rd &amp; Fritid","robots":{"index":"index","follow":"follow","max-snippet":"max-snippet:-1","max-image-preview":"max-image-preview:large","max-video-preview":"max-video-preview:-1"},"canonical":"https:\/\/truusk.store\/sv\/produkt\/truusk-justerbar-rullpall-med-ryggstod-83-98-cm-360-roterbar-for-kontor-och-salong\/","og_locale":"sv_SE","og_type":"article","og_title":"TRUUSK Justerbar Rullpall med Ryggst\u00f6d - 83-98 cm - 360\u00b0 Roterbar - F\u00f6r Kontor och Salong - TRUUSK - Hem, Tr\u00e4dg\u00e5rd &amp; Fritid","og_description":"Upplev komforten med TRUUSK rullpall, din nya favoritstol i salongen! Denna rullpall med skumvaddering p\u00e5 sittplats och ryggst\u00f6d ger komfort...","og_url":"https:\/\/truusk.store\/sv\/produkt\/truusk-justerbar-rullpall-med-ryggstod-83-98-cm-360-roterbar-for-kontor-och-salong\/","og_site_name":"TRUUSK - Hem, Tr\u00e4dg\u00e5rd &amp; Fritid","article_modified_time":"2026-03-12T07:42:42+00:00","og_image":[{"width":2000,"height":2000,"url":"https:\/\/i0.wp.com\/truusk.se\/wp-content\/uploads\/2025\/08\/rullpall-hojdjusterbar-med-ryggstod-svangbar-pall-83-98-cm-arbetspall-360-roterbar-for-kontor-salong-1.webp?fit=2000%2C2000&ssl=1","type":"image\/webp"}],"twitter_card":"summary_large_image","twitter_misc":{"Ber\u00e4knad l\u00e4stid":"1 minut"},"schema":{"@context":"https:\/\/schema.org","@graph":[{"@type":"WebPage","@id":"https:\/\/truusk.store\/sv\/produkt\/truusk-justerbar-rullpall-med-ryggstod-83-98-cm-360-roterbar-for-kontor-och-salong\/","url":"https:\/\/truusk.store\/sv\/produkt\/truusk-justerbar-rullpall-med-ryggstod-83-98-cm-360-roterbar-for-kontor-och-salong\/","name":"TRUUSK Justerbar Rullpall med Ryggst\u00f6d - 83-98 cm - 360\u00b0 Roterbar - F\u00f6r Kontor och Salong - TRUUSK - Hem, Tr\u00e4dg\u00e5rd &amp; Fritid","isPartOf":{"@id":"https:\/\/truusk.store\/sv\/#website"},"primaryImageOfPage":{"@id":"https:\/\/truusk.store\/sv\/produkt\/truusk-justerbar-rullpall-med-ryggstod-83-98-cm-360-roterbar-for-kontor-och-salong\/#primaryimage"},"image":{"@id":"https:\/\/truusk.store\/sv\/produkt\/truusk-justerbar-rullpall-med-ryggstod-83-98-cm-360-roterbar-for-kontor-och-salong\/#primaryimage"},"thumbnailUrl":"https:\/\/i0.wp.com\/truusk.store\/wp-content\/uploads\/2025\/08\/rullpall-hojdjusterbar-med-ryggstod-svangbar-pall-83-98-cm-arbetspall-360-roterbar-for-kontor-salong-1.webp?fit=2000%2C2000&ssl=1","datePublished":"2025-08-20T05:58:26+00:00","dateModified":"2026-03-12T07:42:42+00:00","breadcrumb":{"@id":"https:\/\/truusk.store\/sv\/produkt\/truusk-justerbar-rullpall-med-ryggstod-83-98-cm-360-roterbar-for-kontor-och-salong\/#breadcrumb"},"inLanguage":"sv-SE","potentialAction":[{"@type":"ReadAction","target":["https:\/\/truusk.store\/sv\/produkt\/truusk-justerbar-rullpall-med-ryggstod-83-98-cm-360-roterbar-for-kontor-och-salong\/"]}]},{"@type":"ImageObject","inLanguage":"sv-SE","@id":"https:\/\/truusk.store\/sv\/produkt\/truusk-justerbar-rullpall-med-ryggstod-83-98-cm-360-roterbar-for-kontor-och-salong\/#primaryimage","url":"https:\/\/i0.wp.com\/truusk.store\/wp-content\/uploads\/2025\/08\/rullpall-hojdjusterbar-med-ryggstod-svangbar-pall-83-98-cm-arbetspall-360-roterbar-for-kontor-salong-1.webp?fit=2000%2C2000&ssl=1","contentUrl":"https:\/\/i0.wp.com\/truusk.store\/wp-content\/uploads\/2025\/08\/rullpall-hojdjusterbar-med-ryggstod-svangbar-pall-83-98-cm-arbetspall-360-roterbar-for-kontor-salong-1.webp?fit=2000%2C2000&ssl=1","width":2000,"height":2000},{"@type":"BreadcrumbList","@id":"https:\/\/truusk.store\/sv\/produkt\/truusk-justerbar-rullpall-med-ryggstod-83-98-cm-360-roterbar-for-kontor-och-salong\/#breadcrumb","itemListElement":[{"@type":"ListItem","position":1,"name":"Home","item":"https:\/\/truusk.store\/sv\/"},{"@type":"ListItem","position":2,"name":"Shop","item":"https:\/\/truusk.store\/shop\/"},{"@type":"ListItem","position":3,"name":"TRUUSK Justerbar Rullpall med Ryggst\u00f6d &#8211; 83-98 cm &#8211; 360\u00b0 Roterbar &#8211; F\u00f6r Kontor och Salong"}]},{"@type":"WebSite","@id":"https:\/\/truusk.store\/sv\/#website","url":"https:\/\/truusk.store\/sv\/","name":"TRUUSK - Hem, Tr\u00e4dg\u00e5rd & Fritid","description":"","publisher":{"@id":"https:\/\/truusk.store\/sv\/#organization"},"potentialAction":[{"@type":"SearchAction","target":{"@type":"EntryPoint","urlTemplate":"https:\/\/truusk.store\/sv\/?s={search_term_string}"},"query-input":{"@type":"PropertyValueSpecification","valueRequired":true,"valueName":"search_term_string"}}],"inLanguage":"sv-SE"},{"@type":"Organization","@id":"https:\/\/truusk.store\/sv\/#organization","name":"TRUUSK - Hem, Tr\u00e4dg\u00e5rd & Fritid","url":"https:\/\/truusk.store\/sv\/","logo":{"@type":"ImageObject","inLanguage":"sv-SE","@id":"https:\/\/truusk.store\/sv\/#\/schema\/logo\/image\/","url":"https:\/\/i0.wp.com\/truusk.store\/wp-content\/uploads\/2026\/03\/cropped-TRUUSK.png?fit=2032%2C917&ssl=1","contentUrl":"https:\/\/i0.wp.com\/truusk.store\/wp-content\/uploads\/2026\/03\/cropped-TRUUSK.png?fit=2032%2C917&ssl=1","width":2032,"height":917,"caption":"TRUUSK - Hem, Tr\u00e4dg\u00e5rd & Fritid"},"image":{"@id":"https:\/\/truusk.store\/sv\/#\/schema\/logo\/image\/"}}]}},"jetpack_sharing_enabled":true,"_links":{"self":[{"href":"https:\/\/truusk.store\/sv\/wp-json\/wp\/v2\/product\/87815","targetHints":{"allow":["GET"]}}],"collection":[{"href":"https:\/\/truusk.store\/sv\/wp-json\/wp\/v2\/product"}],"about":[{"href":"https:\/\/truusk.store\/sv\/wp-json\/wp\/v2\/types\/product"}],"wp:featuredmedia":[{"embeddable":true,"href":"https:\/\/truusk.store\/sv\/wp-json\/wp\/v2\/media\/87806"}],"wp:attachment":[{"href":"https:\/\/truusk.store\/sv\/wp-json\/wp\/v2\/media?parent=87815"}],"wp:term":[{"taxonomy":"product_brand","embeddable":true,"href":"https:\/\/truusk.store\/sv\/wp-json\/wp\/v2\/product_brand?post=87815"},{"taxonomy":"product_cat","embeddable":true,"href":"https:\/\/truusk.store\/sv\/wp-json\/wp\/v2\/product_cat?post=87815"},{"taxonomy":"product_tag","embeddable":true,"href":"https:\/\/truusk.store\/sv\/wp-json\/wp\/v2\/product_tag?post=87815"}],"curies":[{"name":"wp","href":"https:\/\/api.w.org\/{rel}","templated":true}]}}