{"id":87825,"date":"2025-08-20T07:00:04","date_gmt":"2025-08-20T06:00:04","guid":{"rendered":"https:\/\/truusk.store\/product\/elektrisk-hacksax-batteri-elektrisk-hackklippare-med-51cm-klipplangd-motor-batteri-bla\/"},"modified":"2026-03-12T08:44:15","modified_gmt":"2026-03-12T07:44:15","slug":"truusk-elektrisk-hacksax-51cm-klipplangd-batteridriven-bla","status":"publish","type":"product","link":"https:\/\/truusk.store\/sv\/produkt\/truusk-elektrisk-hacksax-51cm-klipplangd-batteridriven-bla\/","title":{"rendered":"TRUUSK Elektrisk H\u00e4cksax &#8211; 51cm Klippl\u00e4ngd &#8211; Batteridriven &#8211; Bl\u00e5"},"content":{"rendered":"<p>F\u00f6rb\u00e4ttra din framsida h\u00e4ck f\u00f6r mer estetik eller forma dina g\u00e5rdsbuskar f\u00f6r ett familjem\u00f6te &#8211; med TRUUSK tr\u00e5dl\u00f6s h\u00e4cksax blir arbetet snabbt och roligt. Tack vare tv\u00e5 kraftfulla 4 Ah batterier med kontinuerlig str\u00f6mf\u00f6rs\u00f6rjning och avancerat skydd mot kretsbrott kan du klippa dina h\u00e4ckar utan anstr\u00e4ngning. Njut av friheten att trimma tr\u00e5dl\u00f6st med den praktiska h\u00e4cksaxen.<\/p>\n<p>Beskrivning:<\/p>\n<ul>\n<li> H\u00e4cksaxens h\u00f6gpresterande motor \u00f6kar effektiviteten och minskar \u00f6verhettning<\/li>\n<li> Batteripaket med skyddskrets garanterar s\u00e4ker drift<\/li>\n<li> L\u00e5ngt, dubbelsidigt blad p\u00e5 h\u00e4cksaxen klipper h\u00f6ga h\u00e4ckar utan anstr\u00e4ngning<\/li>\n<li> Bladskydd, skyddsglas\u00f6gon och handskar f\u00f6r h\u00e4cksaxen \u00f6kar anv\u00e4ndarens s\u00e4kerhet<\/li>\n<li> Montering kr\u00e4vs<\/li>\n<\/ul>\n<p> Tekniska data:<\/p>\n<ul>\n<li>\u2013 F\u00e4rg: Bl\u00e5<\/li>\n<li>\u2013 Material: Metall, Nylon<\/li>\n<li>\u2013 Totala m\u00e5tt: 86L x 17B x 17H cm<\/li>\n<li>\u2013 Maximal klippdiameter: 1,8 cm<\/li>\n<li>\u2013 L\u00e4ngd p\u00e5 batteriladdare: 1,5 m<\/li>\n<\/ul>\n<p>Leveransinneh\u00e5ll:<\/p>\n<ul>\n<li> 1 x H\u00e4cksax<\/li>\n<li> 2 x Batteripaket<\/li>\n<li> 1 x Oljeflaska<\/li>\n<li> 1 par handskar<\/li>\n<li> 1 x Skyddsglas\u00f6gon<\/li>\n<li> 1 x Laddare<\/li>\n<li> 1 x Bruksanvisning<\/li>\n<\/ul>\n","protected":false},"excerpt":{"rendered":"<p>F\u00f6rb\u00e4ttra din framsida h\u00e4ck f\u00f6r mer estetik eller forma dina g\u00e5rdsbuskar f\u00f6r ett familjem\u00f6te &#8211; med TRUUSK tr\u00e5dl\u00f6s h\u00e4cksax blir&#8230;<\/p>\n","protected":false},"featured_media":87816,"template":"","meta":[],"product_brand":[],"product_cat":[858,1073,443],"product_tag":[],"class_list":{"0":"post-87825","1":"product","2":"type-product","3":"status-publish","4":"has-post-thumbnail","6":"product_cat-tradgard-terrass","7":"product_cat-tradgardsvard","8":"product_cat-vaxthus-tradgardsskotsel","10":"first","11":"instock","12":"sale","13":"taxable","14":"shipping-taxable","15":"purchasable","16":"product-type-simple"},"yoast_head":"<!-- This site is optimized with the Yoast SEO plugin v25.4 - https:\/\/yoast.com\/wordpress\/plugins\/seo\/ -->\n<title>TRUUSK Elektrisk H\u00e4cksax - 51cm Klippl\u00e4ngd - Batteridriven - Bl\u00e5 - TRUUSK - Hem, Tr\u00e4dg\u00e5rd &amp; Fritid<\/title>\n<meta name=\"robots\" content=\"index, follow, max-snippet:-1, max-image-preview:large, max-video-preview:-1\" \/>\n<link rel=\"canonical\" href=\"https:\/\/truusk.store\/sv\/produkt\/truusk-elektrisk-hacksax-51cm-klipplangd-batteridriven-bla\/\" \/>\n<meta property=\"og:locale\" content=\"sv_SE\" \/>\n<meta property=\"og:type\" content=\"article\" \/>\n<meta property=\"og:title\" content=\"TRUUSK Elektrisk H\u00e4cksax - 51cm Klippl\u00e4ngd - Batteridriven - Bl\u00e5 - TRUUSK - Hem, Tr\u00e4dg\u00e5rd &amp; Fritid\" \/>\n<meta property=\"og:description\" content=\"F\u00f6rb\u00e4ttra din framsida h\u00e4ck f\u00f6r mer estetik eller forma dina g\u00e5rdsbuskar f\u00f6r ett familjem\u00f6te &#8211; med TRUUSK tr\u00e5dl\u00f6s h\u00e4cksax blir...\" \/>\n<meta property=\"og:url\" content=\"https:\/\/truusk.store\/sv\/produkt\/truusk-elektrisk-hacksax-51cm-klipplangd-batteridriven-bla\/\" \/>\n<meta property=\"og:site_name\" content=\"TRUUSK - Hem, Tr\u00e4dg\u00e5rd &amp; Fritid\" \/>\n<meta property=\"article:modified_time\" content=\"2026-03-12T07:44:15+00:00\" \/>\n<meta property=\"og:image\" content=\"https:\/\/i0.wp.com\/truusk.se\/wp-content\/uploads\/2025\/08\/elektrisk-hacksax-batteri-elektrisk-hackklippare-med-51cm-klipplangd-motor-batteri-bla-1.webp?fit=2000%2C2000&ssl=1\" \/>\n\t<meta property=\"og:image:width\" content=\"2000\" \/>\n\t<meta property=\"og:image:height\" content=\"2000\" \/>\n\t<meta property=\"og:image:type\" content=\"image\/webp\" \/>\n<meta name=\"twitter:card\" content=\"summary_large_image\" \/>\n<meta name=\"twitter:label1\" content=\"Ber\u00e4knad l\u00e4stid\" \/>\n\t<meta name=\"twitter:data1\" content=\"1 minut\" \/>\n<!-- \/ Yoast SEO plugin. -->","yoast_head_json":{"title":"TRUUSK Elektrisk H\u00e4cksax - 51cm Klippl\u00e4ngd - Batteridriven - Bl\u00e5 - TRUUSK - Hem, Tr\u00e4dg\u00e5rd &amp; Fritid","robots":{"index":"index","follow":"follow","max-snippet":"max-snippet:-1","max-image-preview":"max-image-preview:large","max-video-preview":"max-video-preview:-1"},"canonical":"https:\/\/truusk.store\/sv\/produkt\/truusk-elektrisk-hacksax-51cm-klipplangd-batteridriven-bla\/","og_locale":"sv_SE","og_type":"article","og_title":"TRUUSK Elektrisk H\u00e4cksax - 51cm Klippl\u00e4ngd - Batteridriven - Bl\u00e5 - TRUUSK - Hem, Tr\u00e4dg\u00e5rd &amp; Fritid","og_description":"F\u00f6rb\u00e4ttra din framsida h\u00e4ck f\u00f6r mer estetik eller forma dina g\u00e5rdsbuskar f\u00f6r ett familjem\u00f6te &#8211; med TRUUSK tr\u00e5dl\u00f6s h\u00e4cksax blir...","og_url":"https:\/\/truusk.store\/sv\/produkt\/truusk-elektrisk-hacksax-51cm-klipplangd-batteridriven-bla\/","og_site_name":"TRUUSK - Hem, Tr\u00e4dg\u00e5rd &amp; Fritid","article_modified_time":"2026-03-12T07:44:15+00:00","og_image":[{"width":2000,"height":2000,"url":"https:\/\/i0.wp.com\/truusk.se\/wp-content\/uploads\/2025\/08\/elektrisk-hacksax-batteri-elektrisk-hackklippare-med-51cm-klipplangd-motor-batteri-bla-1.webp?fit=2000%2C2000&ssl=1","type":"image\/webp"}],"twitter_card":"summary_large_image","twitter_misc":{"Ber\u00e4knad l\u00e4stid":"1 minut"},"schema":{"@context":"https:\/\/schema.org","@graph":[{"@type":"WebPage","@id":"https:\/\/truusk.store\/sv\/produkt\/truusk-elektrisk-hacksax-51cm-klipplangd-batteridriven-bla\/","url":"https:\/\/truusk.store\/sv\/produkt\/truusk-elektrisk-hacksax-51cm-klipplangd-batteridriven-bla\/","name":"TRUUSK Elektrisk H\u00e4cksax - 51cm Klippl\u00e4ngd - Batteridriven - Bl\u00e5 - TRUUSK - Hem, Tr\u00e4dg\u00e5rd &amp; Fritid","isPartOf":{"@id":"https:\/\/truusk.store\/sv\/#website"},"primaryImageOfPage":{"@id":"https:\/\/truusk.store\/sv\/produkt\/truusk-elektrisk-hacksax-51cm-klipplangd-batteridriven-bla\/#primaryimage"},"image":{"@id":"https:\/\/truusk.store\/sv\/produkt\/truusk-elektrisk-hacksax-51cm-klipplangd-batteridriven-bla\/#primaryimage"},"thumbnailUrl":"https:\/\/i0.wp.com\/truusk.store\/wp-content\/uploads\/2025\/08\/elektrisk-hacksax-batteri-elektrisk-hackklippare-med-51cm-klipplangd-motor-batteri-bla-1.webp?fit=2000%2C2000&ssl=1","datePublished":"2025-08-20T06:00:04+00:00","dateModified":"2026-03-12T07:44:15+00:00","breadcrumb":{"@id":"https:\/\/truusk.store\/sv\/produkt\/truusk-elektrisk-hacksax-51cm-klipplangd-batteridriven-bla\/#breadcrumb"},"inLanguage":"sv-SE","potentialAction":[{"@type":"ReadAction","target":["https:\/\/truusk.store\/sv\/produkt\/truusk-elektrisk-hacksax-51cm-klipplangd-batteridriven-bla\/"]}]},{"@type":"ImageObject","inLanguage":"sv-SE","@id":"https:\/\/truusk.store\/sv\/produkt\/truusk-elektrisk-hacksax-51cm-klipplangd-batteridriven-bla\/#primaryimage","url":"https:\/\/i0.wp.com\/truusk.store\/wp-content\/uploads\/2025\/08\/elektrisk-hacksax-batteri-elektrisk-hackklippare-med-51cm-klipplangd-motor-batteri-bla-1.webp?fit=2000%2C2000&ssl=1","contentUrl":"https:\/\/i0.wp.com\/truusk.store\/wp-content\/uploads\/2025\/08\/elektrisk-hacksax-batteri-elektrisk-hackklippare-med-51cm-klipplangd-motor-batteri-bla-1.webp?fit=2000%2C2000&ssl=1","width":2000,"height":2000},{"@type":"BreadcrumbList","@id":"https:\/\/truusk.store\/sv\/produkt\/truusk-elektrisk-hacksax-51cm-klipplangd-batteridriven-bla\/#breadcrumb","itemListElement":[{"@type":"ListItem","position":1,"name":"Home","item":"https:\/\/truusk.store\/sv\/"},{"@type":"ListItem","position":2,"name":"Shop","item":"https:\/\/truusk.store\/shop\/"},{"@type":"ListItem","position":3,"name":"TRUUSK Elektrisk H\u00e4cksax &#8211; 51cm Klippl\u00e4ngd &#8211; Batteridriven &#8211; Bl\u00e5"}]},{"@type":"WebSite","@id":"https:\/\/truusk.store\/sv\/#website","url":"https:\/\/truusk.store\/sv\/","name":"TRUUSK - Hem, Tr\u00e4dg\u00e5rd & Fritid","description":"","publisher":{"@id":"https:\/\/truusk.store\/sv\/#organization"},"potentialAction":[{"@type":"SearchAction","target":{"@type":"EntryPoint","urlTemplate":"https:\/\/truusk.store\/sv\/?s={search_term_string}"},"query-input":{"@type":"PropertyValueSpecification","valueRequired":true,"valueName":"search_term_string"}}],"inLanguage":"sv-SE"},{"@type":"Organization","@id":"https:\/\/truusk.store\/sv\/#organization","name":"TRUUSK - Hem, Tr\u00e4dg\u00e5rd & Fritid","url":"https:\/\/truusk.store\/sv\/","logo":{"@type":"ImageObject","inLanguage":"sv-SE","@id":"https:\/\/truusk.store\/sv\/#\/schema\/logo\/image\/","url":"https:\/\/i0.wp.com\/truusk.store\/wp-content\/uploads\/2026\/03\/cropped-TRUUSK.png?fit=2032%2C917&ssl=1","contentUrl":"https:\/\/i0.wp.com\/truusk.store\/wp-content\/uploads\/2026\/03\/cropped-TRUUSK.png?fit=2032%2C917&ssl=1","width":2032,"height":917,"caption":"TRUUSK - Hem, Tr\u00e4dg\u00e5rd & Fritid"},"image":{"@id":"https:\/\/truusk.store\/sv\/#\/schema\/logo\/image\/"}}]}},"jetpack_sharing_enabled":true,"_links":{"self":[{"href":"https:\/\/truusk.store\/sv\/wp-json\/wp\/v2\/product\/87825","targetHints":{"allow":["GET"]}}],"collection":[{"href":"https:\/\/truusk.store\/sv\/wp-json\/wp\/v2\/product"}],"about":[{"href":"https:\/\/truusk.store\/sv\/wp-json\/wp\/v2\/types\/product"}],"wp:featuredmedia":[{"embeddable":true,"href":"https:\/\/truusk.store\/sv\/wp-json\/wp\/v2\/media\/87816"}],"wp:attachment":[{"href":"https:\/\/truusk.store\/sv\/wp-json\/wp\/v2\/media?parent=87825"}],"wp:term":[{"taxonomy":"product_brand","embeddable":true,"href":"https:\/\/truusk.store\/sv\/wp-json\/wp\/v2\/product_brand?post=87825"},{"taxonomy":"product_cat","embeddable":true,"href":"https:\/\/truusk.store\/sv\/wp-json\/wp\/v2\/product_cat?post=87825"},{"taxonomy":"product_tag","embeddable":true,"href":"https:\/\/truusk.store\/sv\/wp-json\/wp\/v2\/product_tag?post=87825"}],"curies":[{"name":"wp","href":"https:\/\/api.w.org\/{rel}","templated":true}]}}