{"id":87835,"date":"2025-08-20T07:01:12","date_gmt":"2025-08-20T06:01:12","guid":{"rendered":"https:\/\/truusk.store\/product\/vaggmonterat-badrumsskap-lackerad-yta-6-hyllor-mdf-vit\/"},"modified":"2026-03-12T08:44:30","modified_gmt":"2026-03-12T07:44:30","slug":"truusk-vaggmonterat-badrumsskap-lackerad-yta-6-hyllor-mdf-vit","status":"publish","type":"product","link":"https:\/\/truusk.store\/sv\/produkt\/truusk-vaggmonterat-badrumsskap-lackerad-yta-6-hyllor-mdf-vit\/","title":{"rendered":"TRUUSK V\u00e4ggmonterat Badrumssk\u00e5p &#8211; Lackerad Yta &#8211; 6 Hyllor &#8211; MDF &#8211; Vit"},"content":{"rendered":"<p>F\u00f6rvandla ditt \u00f6verfulla badrum till en avkopplande oas med det smala TRUUSK h\u00f6gsk\u00e5pet. Platsproblem? Den v\u00e4ggmonterade konstruktionen utnyttjar det vertikala utrymmet optimalt och frig\u00f6r golvet. Tack vare mjukst\u00e4ngande g\u00e5ngj\u00e4rn f\u00f6rblir ditt utrymme lugnt, och i de tv\u00e5 sk\u00e5pen med tre fack vardera kan du bekv\u00e4mt f\u00f6rvara alla n\u00f6dv\u00e4ndigheter. Perfekt f\u00f6r badrum eller k\u00f6k, kombinerar denna eleganta f\u00f6rvaringsmodul modern design med funktionalitet och berikar s\u00e5ledes din vardag.<\/p>\n<p>Beskrivning:<\/p>\n<ul>\n<li> V\u00e4ggmonterad design sparar golvutrymme<\/li>\n<li> Mjukst\u00e4ngande g\u00e5ngj\u00e4rn garanterar en tyst och mjuk d\u00f6rrst\u00e4ngning<\/li>\n<li> Tv\u00e5 enkeld\u00f6rrsk\u00e5p med tre hyllor vardera erbjuder mycket f\u00f6rvaringsutrymme<\/li>\n<li> Vertikalt r\u00e4fflade d\u00f6rrar i vit finish med svarta knoppar f\u00f6r ett modernt utseende<\/li>\n<li> Vattenavvisande lackerad yta \u00e4r utm\u00e4rkt f\u00f6r badrum och k\u00f6k<\/li>\n<li> MDF-konstruktion \u00e4r tillf\u00f6rlitlig f\u00f6r daglig anv\u00e4ndning<\/li>\n<li> Enkel montering, tv\u00e5 personer, 30 minuter kr\u00e4vs<\/li>\n<\/ul>\n<p> Tekniska data:<\/p>\n<ul>\n<li> F\u00e4rg: Vit<\/li>\n<li> Material: MDF<\/li>\n<li> Totala dimensioner: 30B x 30T x 161H cm<\/li>\n<li> Inre m\u00e5tt p\u00e5 sk\u00e5pet: 28,7B x 27T x 25\/25\/25H cm<\/li>\n<li> Maximal belastning: 5 kg (per hylla), 40 kg (totalt)<\/li>\n<\/ul>\n<p>Leveransinneh\u00e5ll:<\/p>\n<ul>\n<li> 1 x h\u00f6gt badrumssk\u00e5p<\/li>\n<li> 1 x bruksanvisning<\/li>\n<\/ul>\n","protected":false},"excerpt":{"rendered":"<p>F\u00f6rvandla ditt \u00f6verfulla badrum till en avkopplande oas med det smala TRUUSK h\u00f6gsk\u00e5pet. Platsproblem? Den v\u00e4ggmonterade konstruktionen utnyttjar det vertikala&#8230;<\/p>\n","protected":false},"featured_media":87826,"template":"","meta":[],"product_brand":[],"product_cat":[915,535,871],"product_tag":[],"class_list":{"0":"post-87835","1":"product","2":"type-product","3":"status-publish","4":"has-post-thumbnail","6":"product_cat-badrum","7":"product_cat-badrumsskap","8":"product_cat-hus-hem","10":"first","11":"instock","12":"sale","13":"taxable","14":"shipping-taxable","15":"purchasable","16":"product-type-simple"},"yoast_head":"<!-- This site is optimized with the Yoast SEO plugin v25.4 - https:\/\/yoast.com\/wordpress\/plugins\/seo\/ -->\n<title>TRUUSK V\u00e4ggmonterat Badrumssk\u00e5p - Lackerad Yta - 6 Hyllor - MDF - Vit - TRUUSK - Hem, Tr\u00e4dg\u00e5rd &amp; Fritid<\/title>\n<meta name=\"robots\" content=\"index, follow, max-snippet:-1, max-image-preview:large, max-video-preview:-1\" \/>\n<link rel=\"canonical\" href=\"https:\/\/truusk.store\/sv\/produkt\/truusk-vaggmonterat-badrumsskap-lackerad-yta-6-hyllor-mdf-vit\/\" \/>\n<meta property=\"og:locale\" content=\"sv_SE\" \/>\n<meta property=\"og:type\" content=\"article\" \/>\n<meta property=\"og:title\" content=\"TRUUSK V\u00e4ggmonterat Badrumssk\u00e5p - Lackerad Yta - 6 Hyllor - MDF - Vit - TRUUSK - Hem, Tr\u00e4dg\u00e5rd &amp; Fritid\" \/>\n<meta property=\"og:description\" content=\"F\u00f6rvandla ditt \u00f6verfulla badrum till en avkopplande oas med det smala TRUUSK h\u00f6gsk\u00e5pet. Platsproblem? Den v\u00e4ggmonterade konstruktionen utnyttjar det vertikala...\" \/>\n<meta property=\"og:url\" content=\"https:\/\/truusk.store\/sv\/produkt\/truusk-vaggmonterat-badrumsskap-lackerad-yta-6-hyllor-mdf-vit\/\" \/>\n<meta property=\"og:site_name\" content=\"TRUUSK - Hem, Tr\u00e4dg\u00e5rd &amp; Fritid\" \/>\n<meta property=\"article:modified_time\" content=\"2026-03-12T07:44:30+00:00\" \/>\n<meta property=\"og:image\" content=\"https:\/\/i0.wp.com\/truusk.se\/wp-content\/uploads\/2025\/08\/vaggmonterat-badrumsskap-lackerad-yta-6-hyllor-mdf-vit-1.webp?fit=2000%2C2000&ssl=1\" \/>\n\t<meta property=\"og:image:width\" content=\"2000\" \/>\n\t<meta property=\"og:image:height\" content=\"2000\" \/>\n\t<meta property=\"og:image:type\" content=\"image\/webp\" \/>\n<meta name=\"twitter:card\" content=\"summary_large_image\" \/>\n<meta name=\"twitter:label1\" content=\"Ber\u00e4knad l\u00e4stid\" \/>\n\t<meta name=\"twitter:data1\" content=\"1 minut\" \/>\n<!-- \/ Yoast SEO plugin. -->","yoast_head_json":{"title":"TRUUSK V\u00e4ggmonterat Badrumssk\u00e5p - Lackerad Yta - 6 Hyllor - MDF - Vit - TRUUSK - Hem, Tr\u00e4dg\u00e5rd &amp; Fritid","robots":{"index":"index","follow":"follow","max-snippet":"max-snippet:-1","max-image-preview":"max-image-preview:large","max-video-preview":"max-video-preview:-1"},"canonical":"https:\/\/truusk.store\/sv\/produkt\/truusk-vaggmonterat-badrumsskap-lackerad-yta-6-hyllor-mdf-vit\/","og_locale":"sv_SE","og_type":"article","og_title":"TRUUSK V\u00e4ggmonterat Badrumssk\u00e5p - Lackerad Yta - 6 Hyllor - MDF - Vit - TRUUSK - Hem, Tr\u00e4dg\u00e5rd &amp; Fritid","og_description":"F\u00f6rvandla ditt \u00f6verfulla badrum till en avkopplande oas med det smala TRUUSK h\u00f6gsk\u00e5pet. Platsproblem? Den v\u00e4ggmonterade konstruktionen utnyttjar det vertikala...","og_url":"https:\/\/truusk.store\/sv\/produkt\/truusk-vaggmonterat-badrumsskap-lackerad-yta-6-hyllor-mdf-vit\/","og_site_name":"TRUUSK - Hem, Tr\u00e4dg\u00e5rd &amp; Fritid","article_modified_time":"2026-03-12T07:44:30+00:00","og_image":[{"width":2000,"height":2000,"url":"https:\/\/i0.wp.com\/truusk.se\/wp-content\/uploads\/2025\/08\/vaggmonterat-badrumsskap-lackerad-yta-6-hyllor-mdf-vit-1.webp?fit=2000%2C2000&ssl=1","type":"image\/webp"}],"twitter_card":"summary_large_image","twitter_misc":{"Ber\u00e4knad l\u00e4stid":"1 minut"},"schema":{"@context":"https:\/\/schema.org","@graph":[{"@type":"WebPage","@id":"https:\/\/truusk.store\/sv\/produkt\/truusk-vaggmonterat-badrumsskap-lackerad-yta-6-hyllor-mdf-vit\/","url":"https:\/\/truusk.store\/sv\/produkt\/truusk-vaggmonterat-badrumsskap-lackerad-yta-6-hyllor-mdf-vit\/","name":"TRUUSK V\u00e4ggmonterat Badrumssk\u00e5p - Lackerad Yta - 6 Hyllor - MDF - Vit - TRUUSK - Hem, Tr\u00e4dg\u00e5rd &amp; Fritid","isPartOf":{"@id":"https:\/\/truusk.store\/sv\/#website"},"primaryImageOfPage":{"@id":"https:\/\/truusk.store\/sv\/produkt\/truusk-vaggmonterat-badrumsskap-lackerad-yta-6-hyllor-mdf-vit\/#primaryimage"},"image":{"@id":"https:\/\/truusk.store\/sv\/produkt\/truusk-vaggmonterat-badrumsskap-lackerad-yta-6-hyllor-mdf-vit\/#primaryimage"},"thumbnailUrl":"https:\/\/i0.wp.com\/truusk.store\/wp-content\/uploads\/2025\/08\/vaggmonterat-badrumsskap-lackerad-yta-6-hyllor-mdf-vit-1.webp?fit=2000%2C2000&ssl=1","datePublished":"2025-08-20T06:01:12+00:00","dateModified":"2026-03-12T07:44:30+00:00","breadcrumb":{"@id":"https:\/\/truusk.store\/sv\/produkt\/truusk-vaggmonterat-badrumsskap-lackerad-yta-6-hyllor-mdf-vit\/#breadcrumb"},"inLanguage":"sv-SE","potentialAction":[{"@type":"ReadAction","target":["https:\/\/truusk.store\/sv\/produkt\/truusk-vaggmonterat-badrumsskap-lackerad-yta-6-hyllor-mdf-vit\/"]}]},{"@type":"ImageObject","inLanguage":"sv-SE","@id":"https:\/\/truusk.store\/sv\/produkt\/truusk-vaggmonterat-badrumsskap-lackerad-yta-6-hyllor-mdf-vit\/#primaryimage","url":"https:\/\/i0.wp.com\/truusk.store\/wp-content\/uploads\/2025\/08\/vaggmonterat-badrumsskap-lackerad-yta-6-hyllor-mdf-vit-1.webp?fit=2000%2C2000&ssl=1","contentUrl":"https:\/\/i0.wp.com\/truusk.store\/wp-content\/uploads\/2025\/08\/vaggmonterat-badrumsskap-lackerad-yta-6-hyllor-mdf-vit-1.webp?fit=2000%2C2000&ssl=1","width":2000,"height":2000},{"@type":"BreadcrumbList","@id":"https:\/\/truusk.store\/sv\/produkt\/truusk-vaggmonterat-badrumsskap-lackerad-yta-6-hyllor-mdf-vit\/#breadcrumb","itemListElement":[{"@type":"ListItem","position":1,"name":"Home","item":"https:\/\/truusk.store\/sv\/"},{"@type":"ListItem","position":2,"name":"Shop","item":"https:\/\/truusk.store\/shop\/"},{"@type":"ListItem","position":3,"name":"TRUUSK V\u00e4ggmonterat Badrumssk\u00e5p &#8211; Lackerad Yta &#8211; 6 Hyllor &#8211; MDF &#8211; Vit"}]},{"@type":"WebSite","@id":"https:\/\/truusk.store\/sv\/#website","url":"https:\/\/truusk.store\/sv\/","name":"TRUUSK - Hem, Tr\u00e4dg\u00e5rd & Fritid","description":"","publisher":{"@id":"https:\/\/truusk.store\/sv\/#organization"},"potentialAction":[{"@type":"SearchAction","target":{"@type":"EntryPoint","urlTemplate":"https:\/\/truusk.store\/sv\/?s={search_term_string}"},"query-input":{"@type":"PropertyValueSpecification","valueRequired":true,"valueName":"search_term_string"}}],"inLanguage":"sv-SE"},{"@type":"Organization","@id":"https:\/\/truusk.store\/sv\/#organization","name":"TRUUSK - Hem, Tr\u00e4dg\u00e5rd & Fritid","url":"https:\/\/truusk.store\/sv\/","logo":{"@type":"ImageObject","inLanguage":"sv-SE","@id":"https:\/\/truusk.store\/sv\/#\/schema\/logo\/image\/","url":"https:\/\/i0.wp.com\/truusk.store\/wp-content\/uploads\/2026\/03\/cropped-TRUUSK.png?fit=2032%2C917&ssl=1","contentUrl":"https:\/\/i0.wp.com\/truusk.store\/wp-content\/uploads\/2026\/03\/cropped-TRUUSK.png?fit=2032%2C917&ssl=1","width":2032,"height":917,"caption":"TRUUSK - Hem, Tr\u00e4dg\u00e5rd & Fritid"},"image":{"@id":"https:\/\/truusk.store\/sv\/#\/schema\/logo\/image\/"}}]}},"jetpack_sharing_enabled":true,"_links":{"self":[{"href":"https:\/\/truusk.store\/sv\/wp-json\/wp\/v2\/product\/87835","targetHints":{"allow":["GET"]}}],"collection":[{"href":"https:\/\/truusk.store\/sv\/wp-json\/wp\/v2\/product"}],"about":[{"href":"https:\/\/truusk.store\/sv\/wp-json\/wp\/v2\/types\/product"}],"wp:featuredmedia":[{"embeddable":true,"href":"https:\/\/truusk.store\/sv\/wp-json\/wp\/v2\/media\/87826"}],"wp:attachment":[{"href":"https:\/\/truusk.store\/sv\/wp-json\/wp\/v2\/media?parent=87835"}],"wp:term":[{"taxonomy":"product_brand","embeddable":true,"href":"https:\/\/truusk.store\/sv\/wp-json\/wp\/v2\/product_brand?post=87835"},{"taxonomy":"product_cat","embeddable":true,"href":"https:\/\/truusk.store\/sv\/wp-json\/wp\/v2\/product_cat?post=87835"},{"taxonomy":"product_tag","embeddable":true,"href":"https:\/\/truusk.store\/sv\/wp-json\/wp\/v2\/product_tag?post=87835"}],"curies":[{"name":"wp","href":"https:\/\/api.w.org\/{rel}","templated":true}]}}