{"id":87855,"date":"2025-08-20T07:02:51","date_gmt":"2025-08-20T06:02:51","guid":{"rendered":"https:\/\/truusk.store\/product\/tv-skap-med-led-belysning-2-skapdorrar-glashylla-kabelhal-for-vardagsrum-spanskiva-vit\/"},"modified":"2026-03-12T08:44:37","modified_gmt":"2026-03-12T07:44:37","slug":"truusk-tv-skap-med-led-belysning-2-skapdorrar-glashylla-kabelhal-for-vardagsrum-spanskiva-vit","status":"publish","type":"product","link":"https:\/\/truusk.store\/sv\/produkt\/truusk-tv-skap-med-led-belysning-2-skapdorrar-glashylla-kabelhal-for-vardagsrum-spanskiva-vit\/","title":{"rendered":"TRUUSK TV-sk\u00e5p med LED-belysning &#8211; 2 sk\u00e5pd\u00f6rrar &#8211; Glashylla &#8211; Kabelh\u00e5l &#8211; F\u00f6r vardagsrum &#8211; Sp\u00e5nskiva &#8211; Vit"},"content":{"rendered":"<p>St\u00f6rd av ett kaotiskt, tr\u00e5kigt vardagsrum? Din underh\u00e5llningsdel f\u00f6rtj\u00e4nar mer: TRUUSK TV-b\u00e4nken med livliga RGB LED-lampor skapar en fantastisk atmosf\u00e4r f\u00f6r filmkv\u00e4llar. Den erbjuder gott om f\u00f6rvaringsutrymme och h\u00e5ller ditt hem ordnat. Med sin gl\u00e4nsande, vita yta och glashyllor blir l\u00e5gsk\u00e5pet ett elegant centrum som visuellt f\u00f6rb\u00e4ttrar ditt moderna vardagsrum.<\/p>\n<p>Beskrivning:<\/p>\n<ul>\n<li> Avtagbar RGB LED-belysning p\u00e5 TV-sk\u00e5pet med fj\u00e4rrkontroll skapar en anpassningsbar atmosf\u00e4r<\/li>\n<li> Tv\u00e5 sk\u00e5p och tv\u00e5 \u00f6ppna hyllor h\u00e5ller ditt vardagsrum organiserat<\/li>\n<li> Modern design av TV-bordet med h\u00f6gglansig yta och glashylla f\u00f6rb\u00e4ttrar alla rum dekorationer<\/li>\n<li> Tv\u00e5 praktiska kabelh\u00e5l h\u00e5ller kablarna ordnade och ditt rum st\u00e4dat<\/li>\n<li> Robust sp\u00e5nskive ram kan b\u00e4ra upp till 80 kg, h\u00e5llbart konstruerad<\/li>\n<li> Halkfria fotdynor skyddar ditt golv fr\u00e5n repor<\/li>\n<li> Montering kr\u00e4vs<\/li>\n<\/ul>\n<p> Tekniska data:<\/p>\n<ul>\n<li> F\u00e4rg: Vit<\/li>\n<li> Material: Sp\u00e5nskiva, Glas<\/li>\n<li> Totala dimensioner: 120B x 34T x 45H cm<\/li>\n<li> Sk\u00e5p inre dimensioner: 38B x 31T x 32,5H cm<\/li>\n<li> \u00d6ppen hyllstorlek: 37B x 31T x 14\/18H cm<\/li>\n<li> H\u00f6jd fr\u00e5n golvet: 3 cm<\/li>\n<li> Kabelh\u00e5lsdiameter: 5 cm<\/li>\n<li> Kabell\u00e4ngd: 1,5 m<\/li>\n<li> Ing\u00e5ng: AC 220V 60Hz<\/li>\n<li> Utg\u00e5ng: DC 12V 1A<\/li>\n<li> Maximal belastning: 80 kg (totalt), 50 kg (bordsskiva), 10 kg (sk\u00e5p), 3 kg (glashylla)<\/li>\n<\/ul>\n<p>Leverans inneh\u00e5ller:<\/p>\n<ul>\n<li> 1 x TV-sk\u00e5p<\/li>\n<li> 1 x Fj\u00e4rrkontroll f\u00f6r belysning<\/li>\n<li> 1 x Bruksanvisning<\/li>\n<\/ul>\n","protected":false},"excerpt":{"rendered":"<p>St\u00f6rd av ett kaotiskt, tr\u00e5kigt vardagsrum? Din underh\u00e5llningsdel f\u00f6rtj\u00e4nar mer: TRUUSK TV-b\u00e4nken med livliga RGB LED-lampor skapar en fantastisk atmosf\u00e4r&#8230;<\/p>\n","protected":false},"featured_media":87842,"template":"","meta":[],"product_brand":[],"product_cat":[871,1007,910],"product_tag":[],"class_list":{"0":"post-87855","1":"product","2":"type-product","3":"status-publish","4":"has-post-thumbnail","6":"product_cat-hus-hem","7":"product_cat-tv-mobler","8":"product_cat-vardagsrum","10":"first","11":"instock","12":"sale","13":"taxable","14":"shipping-taxable","15":"purchasable","16":"product-type-simple"},"yoast_head":"<!-- This site is optimized with the Yoast SEO plugin v25.4 - https:\/\/yoast.com\/wordpress\/plugins\/seo\/ -->\n<title>TRUUSK TV-sk\u00e5p med LED-belysning - 2 sk\u00e5pd\u00f6rrar - Glashylla - Kabelh\u00e5l - F\u00f6r vardagsrum - Sp\u00e5nskiva - Vit - TRUUSK - Hem, Tr\u00e4dg\u00e5rd &amp; Fritid<\/title>\n<meta name=\"robots\" content=\"index, follow, max-snippet:-1, max-image-preview:large, max-video-preview:-1\" \/>\n<link rel=\"canonical\" href=\"https:\/\/truusk.store\/sv\/produkt\/truusk-tv-skap-med-led-belysning-2-skapdorrar-glashylla-kabelhal-for-vardagsrum-spanskiva-vit\/\" \/>\n<meta property=\"og:locale\" content=\"sv_SE\" \/>\n<meta property=\"og:type\" content=\"article\" \/>\n<meta property=\"og:title\" content=\"TRUUSK TV-sk\u00e5p med LED-belysning - 2 sk\u00e5pd\u00f6rrar - Glashylla - Kabelh\u00e5l - F\u00f6r vardagsrum - Sp\u00e5nskiva - Vit - TRUUSK - Hem, Tr\u00e4dg\u00e5rd &amp; Fritid\" \/>\n<meta property=\"og:description\" content=\"St\u00f6rd av ett kaotiskt, tr\u00e5kigt vardagsrum? Din underh\u00e5llningsdel f\u00f6rtj\u00e4nar mer: TRUUSK TV-b\u00e4nken med livliga RGB LED-lampor skapar en fantastisk atmosf\u00e4r...\" \/>\n<meta property=\"og:url\" content=\"https:\/\/truusk.store\/sv\/produkt\/truusk-tv-skap-med-led-belysning-2-skapdorrar-glashylla-kabelhal-for-vardagsrum-spanskiva-vit\/\" \/>\n<meta property=\"og:site_name\" content=\"TRUUSK - Hem, Tr\u00e4dg\u00e5rd &amp; Fritid\" \/>\n<meta property=\"article:modified_time\" content=\"2026-03-12T07:44:37+00:00\" \/>\n<meta property=\"og:image\" content=\"https:\/\/i0.wp.com\/truusk.se\/wp-content\/uploads\/2025\/08\/tv-skap-med-led-belysning-2-skapdorrar-glashylla-kabelhal-for-vardagsrum-spanskiva-vit-1.webp?fit=2000%2C2000&ssl=1\" \/>\n\t<meta property=\"og:image:width\" content=\"2000\" \/>\n\t<meta property=\"og:image:height\" content=\"2000\" \/>\n\t<meta property=\"og:image:type\" content=\"image\/webp\" \/>\n<meta name=\"twitter:card\" content=\"summary_large_image\" \/>\n<meta name=\"twitter:label1\" content=\"Ber\u00e4knad l\u00e4stid\" \/>\n\t<meta name=\"twitter:data1\" content=\"1 minut\" \/>\n<!-- \/ Yoast SEO plugin. -->","yoast_head_json":{"title":"TRUUSK TV-sk\u00e5p med LED-belysning - 2 sk\u00e5pd\u00f6rrar - Glashylla - Kabelh\u00e5l - F\u00f6r vardagsrum - Sp\u00e5nskiva - Vit - TRUUSK - Hem, Tr\u00e4dg\u00e5rd &amp; Fritid","robots":{"index":"index","follow":"follow","max-snippet":"max-snippet:-1","max-image-preview":"max-image-preview:large","max-video-preview":"max-video-preview:-1"},"canonical":"https:\/\/truusk.store\/sv\/produkt\/truusk-tv-skap-med-led-belysning-2-skapdorrar-glashylla-kabelhal-for-vardagsrum-spanskiva-vit\/","og_locale":"sv_SE","og_type":"article","og_title":"TRUUSK TV-sk\u00e5p med LED-belysning - 2 sk\u00e5pd\u00f6rrar - Glashylla - Kabelh\u00e5l - F\u00f6r vardagsrum - Sp\u00e5nskiva - Vit - TRUUSK - Hem, Tr\u00e4dg\u00e5rd &amp; Fritid","og_description":"St\u00f6rd av ett kaotiskt, tr\u00e5kigt vardagsrum? Din underh\u00e5llningsdel f\u00f6rtj\u00e4nar mer: TRUUSK TV-b\u00e4nken med livliga RGB LED-lampor skapar en fantastisk atmosf\u00e4r...","og_url":"https:\/\/truusk.store\/sv\/produkt\/truusk-tv-skap-med-led-belysning-2-skapdorrar-glashylla-kabelhal-for-vardagsrum-spanskiva-vit\/","og_site_name":"TRUUSK - Hem, Tr\u00e4dg\u00e5rd &amp; Fritid","article_modified_time":"2026-03-12T07:44:37+00:00","og_image":[{"width":2000,"height":2000,"url":"https:\/\/i0.wp.com\/truusk.se\/wp-content\/uploads\/2025\/08\/tv-skap-med-led-belysning-2-skapdorrar-glashylla-kabelhal-for-vardagsrum-spanskiva-vit-1.webp?fit=2000%2C2000&ssl=1","type":"image\/webp"}],"twitter_card":"summary_large_image","twitter_misc":{"Ber\u00e4knad l\u00e4stid":"1 minut"},"schema":{"@context":"https:\/\/schema.org","@graph":[{"@type":"WebPage","@id":"https:\/\/truusk.store\/sv\/produkt\/truusk-tv-skap-med-led-belysning-2-skapdorrar-glashylla-kabelhal-for-vardagsrum-spanskiva-vit\/","url":"https:\/\/truusk.store\/sv\/produkt\/truusk-tv-skap-med-led-belysning-2-skapdorrar-glashylla-kabelhal-for-vardagsrum-spanskiva-vit\/","name":"TRUUSK TV-sk\u00e5p med LED-belysning - 2 sk\u00e5pd\u00f6rrar - Glashylla - Kabelh\u00e5l - F\u00f6r vardagsrum - Sp\u00e5nskiva - Vit - TRUUSK - Hem, Tr\u00e4dg\u00e5rd &amp; Fritid","isPartOf":{"@id":"https:\/\/truusk.store\/sv\/#website"},"primaryImageOfPage":{"@id":"https:\/\/truusk.store\/sv\/produkt\/truusk-tv-skap-med-led-belysning-2-skapdorrar-glashylla-kabelhal-for-vardagsrum-spanskiva-vit\/#primaryimage"},"image":{"@id":"https:\/\/truusk.store\/sv\/produkt\/truusk-tv-skap-med-led-belysning-2-skapdorrar-glashylla-kabelhal-for-vardagsrum-spanskiva-vit\/#primaryimage"},"thumbnailUrl":"https:\/\/i0.wp.com\/truusk.store\/wp-content\/uploads\/2025\/08\/tv-skap-med-led-belysning-2-skapdorrar-glashylla-kabelhal-for-vardagsrum-spanskiva-vit-1.webp?fit=2000%2C2000&ssl=1","datePublished":"2025-08-20T06:02:51+00:00","dateModified":"2026-03-12T07:44:37+00:00","breadcrumb":{"@id":"https:\/\/truusk.store\/sv\/produkt\/truusk-tv-skap-med-led-belysning-2-skapdorrar-glashylla-kabelhal-for-vardagsrum-spanskiva-vit\/#breadcrumb"},"inLanguage":"sv-SE","potentialAction":[{"@type":"ReadAction","target":["https:\/\/truusk.store\/sv\/produkt\/truusk-tv-skap-med-led-belysning-2-skapdorrar-glashylla-kabelhal-for-vardagsrum-spanskiva-vit\/"]}]},{"@type":"ImageObject","inLanguage":"sv-SE","@id":"https:\/\/truusk.store\/sv\/produkt\/truusk-tv-skap-med-led-belysning-2-skapdorrar-glashylla-kabelhal-for-vardagsrum-spanskiva-vit\/#primaryimage","url":"https:\/\/i0.wp.com\/truusk.store\/wp-content\/uploads\/2025\/08\/tv-skap-med-led-belysning-2-skapdorrar-glashylla-kabelhal-for-vardagsrum-spanskiva-vit-1.webp?fit=2000%2C2000&ssl=1","contentUrl":"https:\/\/i0.wp.com\/truusk.store\/wp-content\/uploads\/2025\/08\/tv-skap-med-led-belysning-2-skapdorrar-glashylla-kabelhal-for-vardagsrum-spanskiva-vit-1.webp?fit=2000%2C2000&ssl=1","width":2000,"height":2000},{"@type":"BreadcrumbList","@id":"https:\/\/truusk.store\/sv\/produkt\/truusk-tv-skap-med-led-belysning-2-skapdorrar-glashylla-kabelhal-for-vardagsrum-spanskiva-vit\/#breadcrumb","itemListElement":[{"@type":"ListItem","position":1,"name":"Home","item":"https:\/\/truusk.store\/sv\/"},{"@type":"ListItem","position":2,"name":"Shop","item":"https:\/\/truusk.store\/shop\/"},{"@type":"ListItem","position":3,"name":"TRUUSK TV-sk\u00e5p med LED-belysning &#8211; 2 sk\u00e5pd\u00f6rrar &#8211; Glashylla &#8211; Kabelh\u00e5l &#8211; F\u00f6r vardagsrum &#8211; Sp\u00e5nskiva &#8211; Vit"}]},{"@type":"WebSite","@id":"https:\/\/truusk.store\/sv\/#website","url":"https:\/\/truusk.store\/sv\/","name":"TRUUSK - Hem, Tr\u00e4dg\u00e5rd & Fritid","description":"","publisher":{"@id":"https:\/\/truusk.store\/sv\/#organization"},"potentialAction":[{"@type":"SearchAction","target":{"@type":"EntryPoint","urlTemplate":"https:\/\/truusk.store\/sv\/?s={search_term_string}"},"query-input":{"@type":"PropertyValueSpecification","valueRequired":true,"valueName":"search_term_string"}}],"inLanguage":"sv-SE"},{"@type":"Organization","@id":"https:\/\/truusk.store\/sv\/#organization","name":"TRUUSK - Hem, Tr\u00e4dg\u00e5rd & Fritid","url":"https:\/\/truusk.store\/sv\/","logo":{"@type":"ImageObject","inLanguage":"sv-SE","@id":"https:\/\/truusk.store\/sv\/#\/schema\/logo\/image\/","url":"https:\/\/i0.wp.com\/truusk.store\/wp-content\/uploads\/2026\/03\/cropped-TRUUSK.png?fit=2032%2C917&ssl=1","contentUrl":"https:\/\/i0.wp.com\/truusk.store\/wp-content\/uploads\/2026\/03\/cropped-TRUUSK.png?fit=2032%2C917&ssl=1","width":2032,"height":917,"caption":"TRUUSK - Hem, Tr\u00e4dg\u00e5rd & Fritid"},"image":{"@id":"https:\/\/truusk.store\/sv\/#\/schema\/logo\/image\/"}}]}},"jetpack_sharing_enabled":true,"_links":{"self":[{"href":"https:\/\/truusk.store\/sv\/wp-json\/wp\/v2\/product\/87855","targetHints":{"allow":["GET"]}}],"collection":[{"href":"https:\/\/truusk.store\/sv\/wp-json\/wp\/v2\/product"}],"about":[{"href":"https:\/\/truusk.store\/sv\/wp-json\/wp\/v2\/types\/product"}],"wp:featuredmedia":[{"embeddable":true,"href":"https:\/\/truusk.store\/sv\/wp-json\/wp\/v2\/media\/87842"}],"wp:attachment":[{"href":"https:\/\/truusk.store\/sv\/wp-json\/wp\/v2\/media?parent=87855"}],"wp:term":[{"taxonomy":"product_brand","embeddable":true,"href":"https:\/\/truusk.store\/sv\/wp-json\/wp\/v2\/product_brand?post=87855"},{"taxonomy":"product_cat","embeddable":true,"href":"https:\/\/truusk.store\/sv\/wp-json\/wp\/v2\/product_cat?post=87855"},{"taxonomy":"product_tag","embeddable":true,"href":"https:\/\/truusk.store\/sv\/wp-json\/wp\/v2\/product_tag?post=87855"}],"curies":[{"name":"wp","href":"https:\/\/api.w.org\/{rel}","templated":true}]}}