{"id":87895,"date":"2025-08-20T07:07:02","date_gmt":"2025-08-20T06:07:02","guid":{"rendered":"https:\/\/truusk.store\/product\/hantelset-6-delat-set-hantlar-med-vaska-vikter-05kg-1kg-15kg-justerbar-for-hemmet-gymmet\/"},"modified":"2026-03-12T08:45:25","modified_gmt":"2026-03-12T07:45:25","slug":"truusk-hantelset-6-delat-med-vaska-vikter-05kg-1kg-15kg-justerbar-for-hemmet-gymmet","status":"publish","type":"product","link":"https:\/\/truusk.store\/sv\/produkt\/truusk-hantelset-6-delat-med-vaska-vikter-05kg-1kg-15kg-justerbar-for-hemmet-gymmet\/","title":{"rendered":"TRUUSK Hantelset 6-delat &#8211; Med V\u00e4ska &#8211; Vikter 0,5kg, 1kg, 1,5kg &#8211; Justerbar &#8211; F\u00f6r Hemmet, Gymmet"},"content":{"rendered":"<p>Vill du ocks\u00e5 tr\u00e4na hemma? Prova d\u00e5 detta hantelset fr\u00e5n TRUUSK. De finns tillg\u00e4ngliga med vikter p\u00e5 0,5 kg, 1 kg och 1,5 kg f\u00f6r att m\u00f6ta dina behov av tr\u00e4ning med olika intensitet i olika tr\u00e4ningsfaser. Detta hantelset passar f\u00f6r viktlyftning, aerobics, yoga, kn\u00e4b\u00f6j och mer. Ljusa f\u00e4rger och l\u00e4ttf\u00f6rst\u00e5eliga siffror g\u00f6r tr\u00e4ningen roligare. Uppfyll dina tr\u00e4ningsbehov n\u00e4r som helst och var som helst.<\/p>\n<p>Beskrivning:<\/p>\n<ul>\n<li> Multi-funktionell, l\u00e4mplig f\u00f6r lyft, cardio, yoga, kn\u00e4b\u00f6j osv.<\/li>\n<li> 3 par f\u00e4rgglada hantlar, 0,5kg, 1kg, 1,5kg, tillfredsst\u00e4ller dina olika styrketr\u00e4ningsbehov i olika \u00f6vningsstadier<\/li>\n<li> Ljusa f\u00e4rger och l\u00e4ttl\u00e4sta siffror p\u00e5 de justerbara hantlarna g\u00f6r din tr\u00e4ning roligare<\/li>\n<li> Detta hantelset \u00e4r konstruerat av h\u00f6gkvalitativt st\u00e5l med konstl\u00e4der\u00f6verdrag f\u00f6r att minska korrosion och buller<\/li>\n<li> Inkluderar v\u00e4ska, f\u00f6r bekv\u00e4m transport p\u00e5 resor<\/li>\n<li> Avrundad design i oktagonform f\u00f6rhindrar att de rullar iv\u00e4g<\/li>\n<\/ul>\n<p> Tekniska data:<\/p>\n<ul>\n<li> F\u00e4rg: Rosa+Lila+Kaffe<\/li>\n<li> Material: St\u00e5l, konstl\u00e4der, plast<\/li>\n<li> Totala m\u00e5tt (l\u00e5da): 43L x 18B x 7,5H cm<\/li>\n<li> Hantelm\u00e5tt: 12,5L x 5B x 5H cm (0,5 kg), 13L x 6B x 6H cm (1 kg), 15L x 6,5B x 6,5H cm (1,5 kg)<\/li>\n<li> Vikt: 2 x 0,5 kg, 2 x 1 kg, 2 x 1,5 kg<\/li>\n<\/ul>\n<p>Leveransinneh\u00e5ll:<\/p>\n<ul>\n<li> 1 x Hantelset<\/li>\n<li> 1 x V\u00e4ska<\/li>\n<\/ul>\n","protected":false},"excerpt":{"rendered":"<p>Vill du ocks\u00e5 tr\u00e4na hemma? Prova d\u00e5 detta hantelset fr\u00e5n TRUUSK. De finns tillg\u00e4ngliga med vikter p\u00e5 0,5 kg, 1&#8230;<\/p>\n","protected":false},"featured_media":87886,"template":"","meta":[],"product_brand":[],"product_cat":[873,668,647],"product_tag":[],"class_list":{"0":"post-87895","1":"product","2":"type-product","3":"status-publish","4":"has-post-thumbnail","6":"product_cat-fitness-styrketraning","7":"product_cat-hantlar","8":"product_cat-sport-fritid","10":"first","11":"instock","12":"sale","13":"taxable","14":"shipping-taxable","15":"purchasable","16":"product-type-simple"},"yoast_head":"<!-- This site is optimized with the Yoast SEO plugin v25.4 - https:\/\/yoast.com\/wordpress\/plugins\/seo\/ -->\n<title>TRUUSK Hantelset 6-delat - Med V\u00e4ska - Vikter 0,5kg, 1kg, 1,5kg - Justerbar - F\u00f6r Hemmet, Gymmet - TRUUSK - Hem, Tr\u00e4dg\u00e5rd &amp; Fritid<\/title>\n<meta name=\"robots\" content=\"index, follow, max-snippet:-1, max-image-preview:large, max-video-preview:-1\" \/>\n<link rel=\"canonical\" href=\"https:\/\/truusk.store\/sv\/produkt\/truusk-hantelset-6-delat-med-vaska-vikter-05kg-1kg-15kg-justerbar-for-hemmet-gymmet\/\" \/>\n<meta property=\"og:locale\" content=\"sv_SE\" \/>\n<meta property=\"og:type\" content=\"article\" \/>\n<meta property=\"og:title\" content=\"TRUUSK Hantelset 6-delat - Med V\u00e4ska - Vikter 0,5kg, 1kg, 1,5kg - Justerbar - F\u00f6r Hemmet, Gymmet - TRUUSK - Hem, Tr\u00e4dg\u00e5rd &amp; Fritid\" \/>\n<meta property=\"og:description\" content=\"Vill du ocks\u00e5 tr\u00e4na hemma? Prova d\u00e5 detta hantelset fr\u00e5n TRUUSK. De finns tillg\u00e4ngliga med vikter p\u00e5 0,5 kg, 1...\" \/>\n<meta property=\"og:url\" content=\"https:\/\/truusk.store\/sv\/produkt\/truusk-hantelset-6-delat-med-vaska-vikter-05kg-1kg-15kg-justerbar-for-hemmet-gymmet\/\" \/>\n<meta property=\"og:site_name\" content=\"TRUUSK - Hem, Tr\u00e4dg\u00e5rd &amp; Fritid\" \/>\n<meta property=\"article:modified_time\" content=\"2026-03-12T07:45:25+00:00\" \/>\n<meta property=\"og:image\" content=\"https:\/\/i0.wp.com\/truusk.se\/wp-content\/uploads\/2025\/08\/hantelset-6-delat-set-hantlar-med-vaska-vikter-05kg-1kg-15kg-justerbar-for-hemmet-gymmet-1.webp?fit=2000%2C2000&ssl=1\" \/>\n\t<meta property=\"og:image:width\" content=\"2000\" \/>\n\t<meta property=\"og:image:height\" content=\"2000\" \/>\n\t<meta property=\"og:image:type\" content=\"image\/webp\" \/>\n<meta name=\"twitter:card\" content=\"summary_large_image\" \/>\n<meta name=\"twitter:label1\" content=\"Ber\u00e4knad l\u00e4stid\" \/>\n\t<meta name=\"twitter:data1\" content=\"1 minut\" \/>\n<!-- \/ Yoast SEO plugin. -->","yoast_head_json":{"title":"TRUUSK Hantelset 6-delat - Med V\u00e4ska - Vikter 0,5kg, 1kg, 1,5kg - Justerbar - F\u00f6r Hemmet, Gymmet - TRUUSK - Hem, Tr\u00e4dg\u00e5rd &amp; Fritid","robots":{"index":"index","follow":"follow","max-snippet":"max-snippet:-1","max-image-preview":"max-image-preview:large","max-video-preview":"max-video-preview:-1"},"canonical":"https:\/\/truusk.store\/sv\/produkt\/truusk-hantelset-6-delat-med-vaska-vikter-05kg-1kg-15kg-justerbar-for-hemmet-gymmet\/","og_locale":"sv_SE","og_type":"article","og_title":"TRUUSK Hantelset 6-delat - Med V\u00e4ska - Vikter 0,5kg, 1kg, 1,5kg - Justerbar - F\u00f6r Hemmet, Gymmet - TRUUSK - Hem, Tr\u00e4dg\u00e5rd &amp; Fritid","og_description":"Vill du ocks\u00e5 tr\u00e4na hemma? Prova d\u00e5 detta hantelset fr\u00e5n TRUUSK. De finns tillg\u00e4ngliga med vikter p\u00e5 0,5 kg, 1...","og_url":"https:\/\/truusk.store\/sv\/produkt\/truusk-hantelset-6-delat-med-vaska-vikter-05kg-1kg-15kg-justerbar-for-hemmet-gymmet\/","og_site_name":"TRUUSK - Hem, Tr\u00e4dg\u00e5rd &amp; Fritid","article_modified_time":"2026-03-12T07:45:25+00:00","og_image":[{"width":2000,"height":2000,"url":"https:\/\/i0.wp.com\/truusk.se\/wp-content\/uploads\/2025\/08\/hantelset-6-delat-set-hantlar-med-vaska-vikter-05kg-1kg-15kg-justerbar-for-hemmet-gymmet-1.webp?fit=2000%2C2000&ssl=1","type":"image\/webp"}],"twitter_card":"summary_large_image","twitter_misc":{"Ber\u00e4knad l\u00e4stid":"1 minut"},"schema":{"@context":"https:\/\/schema.org","@graph":[{"@type":"WebPage","@id":"https:\/\/truusk.store\/sv\/produkt\/truusk-hantelset-6-delat-med-vaska-vikter-05kg-1kg-15kg-justerbar-for-hemmet-gymmet\/","url":"https:\/\/truusk.store\/sv\/produkt\/truusk-hantelset-6-delat-med-vaska-vikter-05kg-1kg-15kg-justerbar-for-hemmet-gymmet\/","name":"TRUUSK Hantelset 6-delat - Med V\u00e4ska - Vikter 0,5kg, 1kg, 1,5kg - Justerbar - F\u00f6r Hemmet, Gymmet - TRUUSK - Hem, Tr\u00e4dg\u00e5rd &amp; Fritid","isPartOf":{"@id":"https:\/\/truusk.store\/sv\/#website"},"primaryImageOfPage":{"@id":"https:\/\/truusk.store\/sv\/produkt\/truusk-hantelset-6-delat-med-vaska-vikter-05kg-1kg-15kg-justerbar-for-hemmet-gymmet\/#primaryimage"},"image":{"@id":"https:\/\/truusk.store\/sv\/produkt\/truusk-hantelset-6-delat-med-vaska-vikter-05kg-1kg-15kg-justerbar-for-hemmet-gymmet\/#primaryimage"},"thumbnailUrl":"https:\/\/i0.wp.com\/truusk.store\/wp-content\/uploads\/2025\/08\/hantelset-6-delat-set-hantlar-med-vaska-vikter-05kg-1kg-15kg-justerbar-for-hemmet-gymmet-1.webp?fit=2000%2C2000&ssl=1","datePublished":"2025-08-20T06:07:02+00:00","dateModified":"2026-03-12T07:45:25+00:00","breadcrumb":{"@id":"https:\/\/truusk.store\/sv\/produkt\/truusk-hantelset-6-delat-med-vaska-vikter-05kg-1kg-15kg-justerbar-for-hemmet-gymmet\/#breadcrumb"},"inLanguage":"sv-SE","potentialAction":[{"@type":"ReadAction","target":["https:\/\/truusk.store\/sv\/produkt\/truusk-hantelset-6-delat-med-vaska-vikter-05kg-1kg-15kg-justerbar-for-hemmet-gymmet\/"]}]},{"@type":"ImageObject","inLanguage":"sv-SE","@id":"https:\/\/truusk.store\/sv\/produkt\/truusk-hantelset-6-delat-med-vaska-vikter-05kg-1kg-15kg-justerbar-for-hemmet-gymmet\/#primaryimage","url":"https:\/\/i0.wp.com\/truusk.store\/wp-content\/uploads\/2025\/08\/hantelset-6-delat-set-hantlar-med-vaska-vikter-05kg-1kg-15kg-justerbar-for-hemmet-gymmet-1.webp?fit=2000%2C2000&ssl=1","contentUrl":"https:\/\/i0.wp.com\/truusk.store\/wp-content\/uploads\/2025\/08\/hantelset-6-delat-set-hantlar-med-vaska-vikter-05kg-1kg-15kg-justerbar-for-hemmet-gymmet-1.webp?fit=2000%2C2000&ssl=1","width":2000,"height":2000},{"@type":"BreadcrumbList","@id":"https:\/\/truusk.store\/sv\/produkt\/truusk-hantelset-6-delat-med-vaska-vikter-05kg-1kg-15kg-justerbar-for-hemmet-gymmet\/#breadcrumb","itemListElement":[{"@type":"ListItem","position":1,"name":"Home","item":"https:\/\/truusk.store\/sv\/"},{"@type":"ListItem","position":2,"name":"Shop","item":"https:\/\/truusk.store\/shop\/"},{"@type":"ListItem","position":3,"name":"TRUUSK Hantelset 6-delat &#8211; Med V\u00e4ska &#8211; Vikter 0,5kg, 1kg, 1,5kg &#8211; Justerbar &#8211; F\u00f6r Hemmet, Gymmet"}]},{"@type":"WebSite","@id":"https:\/\/truusk.store\/sv\/#website","url":"https:\/\/truusk.store\/sv\/","name":"TRUUSK - Hem, Tr\u00e4dg\u00e5rd & Fritid","description":"","publisher":{"@id":"https:\/\/truusk.store\/sv\/#organization"},"potentialAction":[{"@type":"SearchAction","target":{"@type":"EntryPoint","urlTemplate":"https:\/\/truusk.store\/sv\/?s={search_term_string}"},"query-input":{"@type":"PropertyValueSpecification","valueRequired":true,"valueName":"search_term_string"}}],"inLanguage":"sv-SE"},{"@type":"Organization","@id":"https:\/\/truusk.store\/sv\/#organization","name":"TRUUSK - Hem, Tr\u00e4dg\u00e5rd & Fritid","url":"https:\/\/truusk.store\/sv\/","logo":{"@type":"ImageObject","inLanguage":"sv-SE","@id":"https:\/\/truusk.store\/sv\/#\/schema\/logo\/image\/","url":"https:\/\/i0.wp.com\/truusk.store\/wp-content\/uploads\/2026\/03\/cropped-TRUUSK.png?fit=2032%2C917&ssl=1","contentUrl":"https:\/\/i0.wp.com\/truusk.store\/wp-content\/uploads\/2026\/03\/cropped-TRUUSK.png?fit=2032%2C917&ssl=1","width":2032,"height":917,"caption":"TRUUSK - Hem, Tr\u00e4dg\u00e5rd & Fritid"},"image":{"@id":"https:\/\/truusk.store\/sv\/#\/schema\/logo\/image\/"}}]}},"jetpack_sharing_enabled":true,"_links":{"self":[{"href":"https:\/\/truusk.store\/sv\/wp-json\/wp\/v2\/product\/87895","targetHints":{"allow":["GET"]}}],"collection":[{"href":"https:\/\/truusk.store\/sv\/wp-json\/wp\/v2\/product"}],"about":[{"href":"https:\/\/truusk.store\/sv\/wp-json\/wp\/v2\/types\/product"}],"wp:featuredmedia":[{"embeddable":true,"href":"https:\/\/truusk.store\/sv\/wp-json\/wp\/v2\/media\/87886"}],"wp:attachment":[{"href":"https:\/\/truusk.store\/sv\/wp-json\/wp\/v2\/media?parent=87895"}],"wp:term":[{"taxonomy":"product_brand","embeddable":true,"href":"https:\/\/truusk.store\/sv\/wp-json\/wp\/v2\/product_brand?post=87895"},{"taxonomy":"product_cat","embeddable":true,"href":"https:\/\/truusk.store\/sv\/wp-json\/wp\/v2\/product_cat?post=87895"},{"taxonomy":"product_tag","embeddable":true,"href":"https:\/\/truusk.store\/sv\/wp-json\/wp\/v2\/product_tag?post=87895"}],"curies":[{"name":"wp","href":"https:\/\/api.w.org\/{rel}","templated":true}]}}