{"id":87965,"date":"2025-08-20T07:13:31","date_gmt":"2025-08-20T06:13:31","guid":{"rendered":"https:\/\/truusk.store\/product\/30-liter-sensor-soptunna-med-mjukstangningsfunktion-beroringsfri-avfallstunna-i-rostfritt-stal-for-hygieniska-kok\/"},"modified":"2026-03-12T08:46:15","modified_gmt":"2026-03-12T07:46:15","slug":"truusk-30-liter-sensor-soptunna-mjukstangningsfunktion-beroringsfri-rostfritt-stal-hygieniska-kok","status":"publish","type":"product","link":"https:\/\/truusk.store\/sv\/produkt\/truusk-30-liter-sensor-soptunna-mjukstangningsfunktion-beroringsfri-rostfritt-stal-hygieniska-kok\/","title":{"rendered":"TRUUSK 30 Liter Sensor-soptunna &#8211; Mjukst\u00e4ngningsfunktion &#8211; Ber\u00f6ringsfri &#8211; Rostfritt St\u00e5l &#8211; Hygieniska K\u00f6k"},"content":{"rendered":"<p>Att balansera k\u00f6ksavfall med fulla h\u00e4nder leder ofta till en besv\u00e4rlig kamp med soptunnans lock. TRUUSK sensor-soptunna l\u00f6ser detta problem elegant: Den \u00f6ppnar sig automatiskt p\u00e5 bara 0,5 sekunder och erbjuder med sin stora volym p\u00e5 30 L och den stabila p\u00e5sringen en effektiv hj\u00e4lp f\u00f6r den hektiska vardagen. Upplev ett renare, mer bekv\u00e4mt k\u00f6k med denna avancerade soptunna som underl\u00e4ttar din vardag.<\/p>\n<p>Beskrivning:<\/p>\n<ul>\n<li> Har en r\u00f6relsesensor f\u00f6r ber\u00f6ringsfri \u00f6ppning f\u00f6r att h\u00e5lla dina h\u00e4nder rena<\/li>\n<li> Designen p\u00e5 kosmetiktunnan rymmer mer avfall och f\u00f6renklar reng\u00f6ringen<\/li>\n<li> Den medf\u00f6ljande h\u00e5llringen h\u00e5ller p\u00e5sen fast f\u00f6r att s\u00e4kerst\u00e4lla en snygg inredning<\/li>\n<li> Tillverkad av fingeravtryckss\u00e4kert rostfritt st\u00e5l f\u00f6r h\u00e5llbarhet och enkel reng\u00f6ring<\/li>\n<li> Soft-Close locket p\u00e5 soptunnan h\u00e5lls \u00f6ppet i 5 sekunder, sedan st\u00e4nger det sig tyst<\/li>\n<li> Manuella \u00f6ppnings- och st\u00e4ngningsknappar ger mer kontroll f\u00f6r din bekv\u00e4mlighet<\/li>\n<li> Fungerar i \u00f6ver 2 \u00e5r med batterier, vilket sparar dig f\u00f6r ers\u00e4ttningskostnader<\/li>\n<li> Ingen montering kr\u00e4vs<\/li>\n<\/ul>\n<p> Tekniska data:<\/p>\n<ul>\n<li> F\u00e4rg: Silver+Svart<\/li>\n<li> Material: Rostfritt st\u00e5l, plast<\/li>\n<li> Totala dimensioner: 32B x 30,5T x 51H cm<\/li>\n<li> Kapacitet: 30 L<\/li>\n<li> Detekteringsavst\u00e5nd: 15 cm<\/li>\n<li> Detekteringstid: 0,5 s<\/li>\n<li> Batteri: 4 x AA (ing\u00e5r ej)<\/li>\n<\/ul>\n<p>Leveransinneh\u00e5ll:<\/p>\n<ul>\n<li> 1 x Sensor-soptunna<\/li>\n<li> 1 x Bruksanvisning<\/li>\n<\/ul>\n","protected":false},"excerpt":{"rendered":"<p>Att balansera k\u00f6ksavfall med fulla h\u00e4nder leder ofta till en besv\u00e4rlig kamp med soptunnans lock. TRUUSK sensor-soptunna l\u00f6ser detta problem&#8230;<\/p>\n","protected":false},"featured_media":87956,"template":"","meta":[],"product_brand":[],"product_cat":[867,869,870],"product_tag":[],"class_list":{"0":"post-87965","1":"product","2":"type-product","3":"status-publish","4":"has-post-thumbnail","6":"product_cat-byggmarknad","7":"product_cat-rengoring-ordning","8":"product_cat-sopkorgar","10":"first","11":"instock","12":"sale","13":"taxable","14":"shipping-taxable","15":"purchasable","16":"product-type-simple"},"yoast_head":"<!-- This site is optimized with the Yoast SEO plugin v25.4 - https:\/\/yoast.com\/wordpress\/plugins\/seo\/ -->\n<title>TRUUSK 30 Liter Sensor-soptunna - Mjukst\u00e4ngningsfunktion - Ber\u00f6ringsfri - Rostfritt St\u00e5l - Hygieniska K\u00f6k - TRUUSK - Hem, Tr\u00e4dg\u00e5rd &amp; Fritid<\/title>\n<meta name=\"robots\" content=\"index, follow, max-snippet:-1, max-image-preview:large, max-video-preview:-1\" \/>\n<link rel=\"canonical\" href=\"https:\/\/truusk.store\/sv\/produkt\/truusk-30-liter-sensor-soptunna-mjukstangningsfunktion-beroringsfri-rostfritt-stal-hygieniska-kok\/\" \/>\n<meta property=\"og:locale\" content=\"sv_SE\" \/>\n<meta property=\"og:type\" content=\"article\" \/>\n<meta property=\"og:title\" content=\"TRUUSK 30 Liter Sensor-soptunna - Mjukst\u00e4ngningsfunktion - Ber\u00f6ringsfri - Rostfritt St\u00e5l - Hygieniska K\u00f6k - TRUUSK - Hem, Tr\u00e4dg\u00e5rd &amp; Fritid\" \/>\n<meta property=\"og:description\" content=\"Att balansera k\u00f6ksavfall med fulla h\u00e4nder leder ofta till en besv\u00e4rlig kamp med soptunnans lock. TRUUSK sensor-soptunna l\u00f6ser detta problem...\" \/>\n<meta property=\"og:url\" content=\"https:\/\/truusk.store\/sv\/produkt\/truusk-30-liter-sensor-soptunna-mjukstangningsfunktion-beroringsfri-rostfritt-stal-hygieniska-kok\/\" \/>\n<meta property=\"og:site_name\" content=\"TRUUSK - Hem, Tr\u00e4dg\u00e5rd &amp; Fritid\" \/>\n<meta property=\"article:modified_time\" content=\"2026-03-12T07:46:15+00:00\" \/>\n<meta property=\"og:image\" content=\"https:\/\/i0.wp.com\/truusk.se\/wp-content\/uploads\/2025\/08\/30-liter-sensor-soptunna-med-mjukstangningsfunktion-beroringsfri-avfallstunna-i-rostfritt-stal-for-hygieniska-kok-1.webp?fit=2000%2C2000&ssl=1\" \/>\n\t<meta property=\"og:image:width\" content=\"2000\" \/>\n\t<meta property=\"og:image:height\" content=\"2000\" \/>\n\t<meta property=\"og:image:type\" content=\"image\/webp\" \/>\n<meta name=\"twitter:card\" content=\"summary_large_image\" \/>\n<meta name=\"twitter:label1\" content=\"Ber\u00e4knad l\u00e4stid\" \/>\n\t<meta name=\"twitter:data1\" content=\"1 minut\" \/>\n<!-- \/ Yoast SEO plugin. -->","yoast_head_json":{"title":"TRUUSK 30 Liter Sensor-soptunna - Mjukst\u00e4ngningsfunktion - Ber\u00f6ringsfri - Rostfritt St\u00e5l - Hygieniska K\u00f6k - TRUUSK - Hem, Tr\u00e4dg\u00e5rd &amp; Fritid","robots":{"index":"index","follow":"follow","max-snippet":"max-snippet:-1","max-image-preview":"max-image-preview:large","max-video-preview":"max-video-preview:-1"},"canonical":"https:\/\/truusk.store\/sv\/produkt\/truusk-30-liter-sensor-soptunna-mjukstangningsfunktion-beroringsfri-rostfritt-stal-hygieniska-kok\/","og_locale":"sv_SE","og_type":"article","og_title":"TRUUSK 30 Liter Sensor-soptunna - Mjukst\u00e4ngningsfunktion - Ber\u00f6ringsfri - Rostfritt St\u00e5l - Hygieniska K\u00f6k - TRUUSK - Hem, Tr\u00e4dg\u00e5rd &amp; Fritid","og_description":"Att balansera k\u00f6ksavfall med fulla h\u00e4nder leder ofta till en besv\u00e4rlig kamp med soptunnans lock. TRUUSK sensor-soptunna l\u00f6ser detta problem...","og_url":"https:\/\/truusk.store\/sv\/produkt\/truusk-30-liter-sensor-soptunna-mjukstangningsfunktion-beroringsfri-rostfritt-stal-hygieniska-kok\/","og_site_name":"TRUUSK - Hem, Tr\u00e4dg\u00e5rd &amp; Fritid","article_modified_time":"2026-03-12T07:46:15+00:00","og_image":[{"width":2000,"height":2000,"url":"https:\/\/i0.wp.com\/truusk.se\/wp-content\/uploads\/2025\/08\/30-liter-sensor-soptunna-med-mjukstangningsfunktion-beroringsfri-avfallstunna-i-rostfritt-stal-for-hygieniska-kok-1.webp?fit=2000%2C2000&ssl=1","type":"image\/webp"}],"twitter_card":"summary_large_image","twitter_misc":{"Ber\u00e4knad l\u00e4stid":"1 minut"},"schema":{"@context":"https:\/\/schema.org","@graph":[{"@type":"WebPage","@id":"https:\/\/truusk.store\/sv\/produkt\/truusk-30-liter-sensor-soptunna-mjukstangningsfunktion-beroringsfri-rostfritt-stal-hygieniska-kok\/","url":"https:\/\/truusk.store\/sv\/produkt\/truusk-30-liter-sensor-soptunna-mjukstangningsfunktion-beroringsfri-rostfritt-stal-hygieniska-kok\/","name":"TRUUSK 30 Liter Sensor-soptunna - Mjukst\u00e4ngningsfunktion - Ber\u00f6ringsfri - Rostfritt St\u00e5l - Hygieniska K\u00f6k - TRUUSK - Hem, Tr\u00e4dg\u00e5rd &amp; Fritid","isPartOf":{"@id":"https:\/\/truusk.store\/sv\/#website"},"primaryImageOfPage":{"@id":"https:\/\/truusk.store\/sv\/produkt\/truusk-30-liter-sensor-soptunna-mjukstangningsfunktion-beroringsfri-rostfritt-stal-hygieniska-kok\/#primaryimage"},"image":{"@id":"https:\/\/truusk.store\/sv\/produkt\/truusk-30-liter-sensor-soptunna-mjukstangningsfunktion-beroringsfri-rostfritt-stal-hygieniska-kok\/#primaryimage"},"thumbnailUrl":"https:\/\/i0.wp.com\/truusk.store\/wp-content\/uploads\/2025\/08\/30-liter-sensor-soptunna-med-mjukstangningsfunktion-beroringsfri-avfallstunna-i-rostfritt-stal-for-hygieniska-kok-1.webp?fit=2000%2C2000&ssl=1","datePublished":"2025-08-20T06:13:31+00:00","dateModified":"2026-03-12T07:46:15+00:00","breadcrumb":{"@id":"https:\/\/truusk.store\/sv\/produkt\/truusk-30-liter-sensor-soptunna-mjukstangningsfunktion-beroringsfri-rostfritt-stal-hygieniska-kok\/#breadcrumb"},"inLanguage":"sv-SE","potentialAction":[{"@type":"ReadAction","target":["https:\/\/truusk.store\/sv\/produkt\/truusk-30-liter-sensor-soptunna-mjukstangningsfunktion-beroringsfri-rostfritt-stal-hygieniska-kok\/"]}]},{"@type":"ImageObject","inLanguage":"sv-SE","@id":"https:\/\/truusk.store\/sv\/produkt\/truusk-30-liter-sensor-soptunna-mjukstangningsfunktion-beroringsfri-rostfritt-stal-hygieniska-kok\/#primaryimage","url":"https:\/\/i0.wp.com\/truusk.store\/wp-content\/uploads\/2025\/08\/30-liter-sensor-soptunna-med-mjukstangningsfunktion-beroringsfri-avfallstunna-i-rostfritt-stal-for-hygieniska-kok-1.webp?fit=2000%2C2000&ssl=1","contentUrl":"https:\/\/i0.wp.com\/truusk.store\/wp-content\/uploads\/2025\/08\/30-liter-sensor-soptunna-med-mjukstangningsfunktion-beroringsfri-avfallstunna-i-rostfritt-stal-for-hygieniska-kok-1.webp?fit=2000%2C2000&ssl=1","width":2000,"height":2000},{"@type":"BreadcrumbList","@id":"https:\/\/truusk.store\/sv\/produkt\/truusk-30-liter-sensor-soptunna-mjukstangningsfunktion-beroringsfri-rostfritt-stal-hygieniska-kok\/#breadcrumb","itemListElement":[{"@type":"ListItem","position":1,"name":"Home","item":"https:\/\/truusk.store\/sv\/"},{"@type":"ListItem","position":2,"name":"Shop","item":"https:\/\/truusk.store\/shop\/"},{"@type":"ListItem","position":3,"name":"TRUUSK 30 Liter Sensor-soptunna &#8211; Mjukst\u00e4ngningsfunktion &#8211; Ber\u00f6ringsfri &#8211; Rostfritt St\u00e5l &#8211; Hygieniska K\u00f6k"}]},{"@type":"WebSite","@id":"https:\/\/truusk.store\/sv\/#website","url":"https:\/\/truusk.store\/sv\/","name":"TRUUSK - Hem, Tr\u00e4dg\u00e5rd & Fritid","description":"","publisher":{"@id":"https:\/\/truusk.store\/sv\/#organization"},"potentialAction":[{"@type":"SearchAction","target":{"@type":"EntryPoint","urlTemplate":"https:\/\/truusk.store\/sv\/?s={search_term_string}"},"query-input":{"@type":"PropertyValueSpecification","valueRequired":true,"valueName":"search_term_string"}}],"inLanguage":"sv-SE"},{"@type":"Organization","@id":"https:\/\/truusk.store\/sv\/#organization","name":"TRUUSK - Hem, Tr\u00e4dg\u00e5rd & Fritid","url":"https:\/\/truusk.store\/sv\/","logo":{"@type":"ImageObject","inLanguage":"sv-SE","@id":"https:\/\/truusk.store\/sv\/#\/schema\/logo\/image\/","url":"https:\/\/i0.wp.com\/truusk.store\/wp-content\/uploads\/2026\/03\/cropped-TRUUSK.png?fit=2032%2C917&ssl=1","contentUrl":"https:\/\/i0.wp.com\/truusk.store\/wp-content\/uploads\/2026\/03\/cropped-TRUUSK.png?fit=2032%2C917&ssl=1","width":2032,"height":917,"caption":"TRUUSK - Hem, Tr\u00e4dg\u00e5rd & Fritid"},"image":{"@id":"https:\/\/truusk.store\/sv\/#\/schema\/logo\/image\/"}}]}},"jetpack_sharing_enabled":true,"_links":{"self":[{"href":"https:\/\/truusk.store\/sv\/wp-json\/wp\/v2\/product\/87965","targetHints":{"allow":["GET"]}}],"collection":[{"href":"https:\/\/truusk.store\/sv\/wp-json\/wp\/v2\/product"}],"about":[{"href":"https:\/\/truusk.store\/sv\/wp-json\/wp\/v2\/types\/product"}],"wp:featuredmedia":[{"embeddable":true,"href":"https:\/\/truusk.store\/sv\/wp-json\/wp\/v2\/media\/87956"}],"wp:attachment":[{"href":"https:\/\/truusk.store\/sv\/wp-json\/wp\/v2\/media?parent=87965"}],"wp:term":[{"taxonomy":"product_brand","embeddable":true,"href":"https:\/\/truusk.store\/sv\/wp-json\/wp\/v2\/product_brand?post=87965"},{"taxonomy":"product_cat","embeddable":true,"href":"https:\/\/truusk.store\/sv\/wp-json\/wp\/v2\/product_cat?post=87965"},{"taxonomy":"product_tag","embeddable":true,"href":"https:\/\/truusk.store\/sv\/wp-json\/wp\/v2\/product_tag?post=87965"}],"curies":[{"name":"wp","href":"https:\/\/api.w.org\/{rel}","templated":true}]}}