{"id":87985,"date":"2025-08-20T07:15:30","date_gmt":"2025-08-20T06:15:30","guid":{"rendered":"https:\/\/truusk.store\/product\/julgranskrage-65-x-65-cm-julgran-krage-av-grantra-naturligt-tra\/"},"modified":"2026-03-12T08:46:23","modified_gmt":"2026-03-12T07:46:23","slug":"truusk-julgranskrage-65-x-65-cm-naturligt-grantra-for-en-vacker-julgran-hallbar-och-dekorativ","status":"publish","type":"product","link":"https:\/\/truusk.store\/sv\/produkt\/truusk-julgranskrage-65-x-65-cm-naturligt-grantra-for-en-vacker-julgran-hallbar-och-dekorativ\/","title":{"rendered":"TRUUSK Julgranskrage 65 x 65 cm &#8211; Naturligt grantr\u00e4 &#8211; F\u00f6r en vacker julgran &#8211; H\u00e5llbar och dekorativ"},"content":{"rendered":"<p>Ge din h\u00f6gtidsdekoration en rustik charm med TRUUSK julgransmatta av massivt grantr\u00e4 och distressed finish. Denna julgransmatta erbjuder inte bara en mysig bondg\u00e5rdsstil, utan d\u00f6ljer ocks\u00e5 elegant tr\u00e4dets st\u00e4llning och skyddar mot nyfikna husdjur och barn, vilket bidrar till stil och lugn till din fest.<\/p>\n<p>Beskrivning:<\/p>\n<ul>\n<li> Bondg\u00e5rdsstilen med anv\u00e4nd look kompletterar rustika julteman<\/li>\n<li> Grantr\u00e4 och lackerad yta p\u00e5 julgransmattan garanterar h\u00e5llbarhet<\/li>\n<li> D\u00f6ljer julgransst\u00e4llningen f\u00f6r en snygg dekorationspresentation<\/li>\n<li> H\u00e5ller husdjur och sm\u00e5 barn fr\u00e5n att komma \u00e5t tr\u00e4dets st\u00e4llning<\/li>\n<li> Julgransmattan passar f\u00f6r julgranar mellan 1,8 och 2,7 meter<\/li>\n<li> Enkel installation med h\u00e4ngl\u00e5sf\u00f6rbindelse f\u00f6r \u00f6kad s\u00e4kerhet<\/li>\n<\/ul>\n<p> Tekniska data:<\/p>\n<ul>\n<li> F\u00e4rg: Naturtr\u00e4<\/li>\n<li> Material: Grantr\u00e4<\/li>\n<li> Totala dimensioner: 65L x 65B x 27H cm<\/li>\n<li> \u00d6verstorlek: 54B x 54T cm<\/li>\n<li> Innerm\u00e5tt: 50B x 50T cm<\/li>\n<\/ul>\n<p>Leveransinneh\u00e5ll:<\/p>\n<ul>\n<li> 1 x Julgransmatta<\/li>\n<li> 1 x Bruksanvisning<\/li>\n<\/ul>\n","protected":false},"excerpt":{"rendered":"<p>Ge din h\u00f6gtidsdekoration en rustik charm med TRUUSK julgransmatta av massivt grantr\u00e4 och distressed finish. Denna julgransmatta erbjuder inte bara&#8230;<\/p>\n","protected":false},"featured_media":87976,"template":"","meta":[],"product_brand":[],"product_cat":[706,894],"product_tag":[],"class_list":{"0":"post-87985","1":"product","2":"type-product","3":"status-publish","4":"has-post-thumbnail","6":"product_cat-julgranar","7":"product_cat-julvarld","9":"first","10":"instock","11":"sale","12":"taxable","13":"shipping-taxable","14":"purchasable","15":"product-type-simple"},"yoast_head":"<!-- This site is optimized with the Yoast SEO plugin v25.4 - https:\/\/yoast.com\/wordpress\/plugins\/seo\/ -->\n<title>TRUUSK Julgranskrage 65 x 65 cm - Naturligt grantr\u00e4 - F\u00f6r en vacker julgran - H\u00e5llbar och dekorativ - TRUUSK - Hem, Tr\u00e4dg\u00e5rd &amp; Fritid<\/title>\n<meta name=\"robots\" content=\"index, follow, max-snippet:-1, max-image-preview:large, max-video-preview:-1\" \/>\n<link rel=\"canonical\" href=\"https:\/\/truusk.store\/sv\/produkt\/truusk-julgranskrage-65-x-65-cm-naturligt-grantra-for-en-vacker-julgran-hallbar-och-dekorativ\/\" \/>\n<meta property=\"og:locale\" content=\"sv_SE\" \/>\n<meta property=\"og:type\" content=\"article\" \/>\n<meta property=\"og:title\" content=\"TRUUSK Julgranskrage 65 x 65 cm - Naturligt grantr\u00e4 - F\u00f6r en vacker julgran - H\u00e5llbar och dekorativ - TRUUSK - Hem, Tr\u00e4dg\u00e5rd &amp; Fritid\" \/>\n<meta property=\"og:description\" content=\"Ge din h\u00f6gtidsdekoration en rustik charm med TRUUSK julgransmatta av massivt grantr\u00e4 och distressed finish. Denna julgransmatta erbjuder inte bara...\" \/>\n<meta property=\"og:url\" content=\"https:\/\/truusk.store\/sv\/produkt\/truusk-julgranskrage-65-x-65-cm-naturligt-grantra-for-en-vacker-julgran-hallbar-och-dekorativ\/\" \/>\n<meta property=\"og:site_name\" content=\"TRUUSK - Hem, Tr\u00e4dg\u00e5rd &amp; Fritid\" \/>\n<meta property=\"article:modified_time\" content=\"2026-03-12T07:46:23+00:00\" \/>\n<meta property=\"og:image\" content=\"https:\/\/i0.wp.com\/truusk.se\/wp-content\/uploads\/2025\/08\/julgranskrage-65-x-65-cm-julgran-krage-av-grantra-naturligt-tra-1.webp?fit=2000%2C2000&ssl=1\" \/>\n\t<meta property=\"og:image:width\" content=\"2000\" \/>\n\t<meta property=\"og:image:height\" content=\"2000\" \/>\n\t<meta property=\"og:image:type\" content=\"image\/webp\" \/>\n<meta name=\"twitter:card\" content=\"summary_large_image\" \/>\n<meta name=\"twitter:label1\" content=\"Ber\u00e4knad l\u00e4stid\" \/>\n\t<meta name=\"twitter:data1\" content=\"1 minut\" \/>\n<!-- \/ Yoast SEO plugin. -->","yoast_head_json":{"title":"TRUUSK Julgranskrage 65 x 65 cm - Naturligt grantr\u00e4 - F\u00f6r en vacker julgran - H\u00e5llbar och dekorativ - TRUUSK - Hem, Tr\u00e4dg\u00e5rd &amp; Fritid","robots":{"index":"index","follow":"follow","max-snippet":"max-snippet:-1","max-image-preview":"max-image-preview:large","max-video-preview":"max-video-preview:-1"},"canonical":"https:\/\/truusk.store\/sv\/produkt\/truusk-julgranskrage-65-x-65-cm-naturligt-grantra-for-en-vacker-julgran-hallbar-och-dekorativ\/","og_locale":"sv_SE","og_type":"article","og_title":"TRUUSK Julgranskrage 65 x 65 cm - Naturligt grantr\u00e4 - F\u00f6r en vacker julgran - H\u00e5llbar och dekorativ - TRUUSK - Hem, Tr\u00e4dg\u00e5rd &amp; Fritid","og_description":"Ge din h\u00f6gtidsdekoration en rustik charm med TRUUSK julgransmatta av massivt grantr\u00e4 och distressed finish. Denna julgransmatta erbjuder inte bara...","og_url":"https:\/\/truusk.store\/sv\/produkt\/truusk-julgranskrage-65-x-65-cm-naturligt-grantra-for-en-vacker-julgran-hallbar-och-dekorativ\/","og_site_name":"TRUUSK - Hem, Tr\u00e4dg\u00e5rd &amp; Fritid","article_modified_time":"2026-03-12T07:46:23+00:00","og_image":[{"width":2000,"height":2000,"url":"https:\/\/i0.wp.com\/truusk.se\/wp-content\/uploads\/2025\/08\/julgranskrage-65-x-65-cm-julgran-krage-av-grantra-naturligt-tra-1.webp?fit=2000%2C2000&ssl=1","type":"image\/webp"}],"twitter_card":"summary_large_image","twitter_misc":{"Ber\u00e4knad l\u00e4stid":"1 minut"},"schema":{"@context":"https:\/\/schema.org","@graph":[{"@type":"WebPage","@id":"https:\/\/truusk.store\/sv\/produkt\/truusk-julgranskrage-65-x-65-cm-naturligt-grantra-for-en-vacker-julgran-hallbar-och-dekorativ\/","url":"https:\/\/truusk.store\/sv\/produkt\/truusk-julgranskrage-65-x-65-cm-naturligt-grantra-for-en-vacker-julgran-hallbar-och-dekorativ\/","name":"TRUUSK Julgranskrage 65 x 65 cm - Naturligt grantr\u00e4 - F\u00f6r en vacker julgran - H\u00e5llbar och dekorativ - TRUUSK - Hem, Tr\u00e4dg\u00e5rd &amp; Fritid","isPartOf":{"@id":"https:\/\/truusk.store\/sv\/#website"},"primaryImageOfPage":{"@id":"https:\/\/truusk.store\/sv\/produkt\/truusk-julgranskrage-65-x-65-cm-naturligt-grantra-for-en-vacker-julgran-hallbar-och-dekorativ\/#primaryimage"},"image":{"@id":"https:\/\/truusk.store\/sv\/produkt\/truusk-julgranskrage-65-x-65-cm-naturligt-grantra-for-en-vacker-julgran-hallbar-och-dekorativ\/#primaryimage"},"thumbnailUrl":"https:\/\/i0.wp.com\/truusk.store\/wp-content\/uploads\/2025\/08\/julgranskrage-65-x-65-cm-julgran-krage-av-grantra-naturligt-tra-1.webp?fit=2000%2C2000&ssl=1","datePublished":"2025-08-20T06:15:30+00:00","dateModified":"2026-03-12T07:46:23+00:00","breadcrumb":{"@id":"https:\/\/truusk.store\/sv\/produkt\/truusk-julgranskrage-65-x-65-cm-naturligt-grantra-for-en-vacker-julgran-hallbar-och-dekorativ\/#breadcrumb"},"inLanguage":"sv-SE","potentialAction":[{"@type":"ReadAction","target":["https:\/\/truusk.store\/sv\/produkt\/truusk-julgranskrage-65-x-65-cm-naturligt-grantra-for-en-vacker-julgran-hallbar-och-dekorativ\/"]}]},{"@type":"ImageObject","inLanguage":"sv-SE","@id":"https:\/\/truusk.store\/sv\/produkt\/truusk-julgranskrage-65-x-65-cm-naturligt-grantra-for-en-vacker-julgran-hallbar-och-dekorativ\/#primaryimage","url":"https:\/\/i0.wp.com\/truusk.store\/wp-content\/uploads\/2025\/08\/julgranskrage-65-x-65-cm-julgran-krage-av-grantra-naturligt-tra-1.webp?fit=2000%2C2000&ssl=1","contentUrl":"https:\/\/i0.wp.com\/truusk.store\/wp-content\/uploads\/2025\/08\/julgranskrage-65-x-65-cm-julgran-krage-av-grantra-naturligt-tra-1.webp?fit=2000%2C2000&ssl=1","width":2000,"height":2000},{"@type":"BreadcrumbList","@id":"https:\/\/truusk.store\/sv\/produkt\/truusk-julgranskrage-65-x-65-cm-naturligt-grantra-for-en-vacker-julgran-hallbar-och-dekorativ\/#breadcrumb","itemListElement":[{"@type":"ListItem","position":1,"name":"Home","item":"https:\/\/truusk.store\/sv\/"},{"@type":"ListItem","position":2,"name":"Shop","item":"https:\/\/truusk.store\/shop\/"},{"@type":"ListItem","position":3,"name":"TRUUSK Julgranskrage 65 x 65 cm &#8211; Naturligt grantr\u00e4 &#8211; F\u00f6r en vacker julgran &#8211; H\u00e5llbar och dekorativ"}]},{"@type":"WebSite","@id":"https:\/\/truusk.store\/sv\/#website","url":"https:\/\/truusk.store\/sv\/","name":"TRUUSK - Hem, Tr\u00e4dg\u00e5rd & Fritid","description":"","publisher":{"@id":"https:\/\/truusk.store\/sv\/#organization"},"potentialAction":[{"@type":"SearchAction","target":{"@type":"EntryPoint","urlTemplate":"https:\/\/truusk.store\/sv\/?s={search_term_string}"},"query-input":{"@type":"PropertyValueSpecification","valueRequired":true,"valueName":"search_term_string"}}],"inLanguage":"sv-SE"},{"@type":"Organization","@id":"https:\/\/truusk.store\/sv\/#organization","name":"TRUUSK - Hem, Tr\u00e4dg\u00e5rd & Fritid","url":"https:\/\/truusk.store\/sv\/","logo":{"@type":"ImageObject","inLanguage":"sv-SE","@id":"https:\/\/truusk.store\/sv\/#\/schema\/logo\/image\/","url":"https:\/\/i0.wp.com\/truusk.store\/wp-content\/uploads\/2026\/03\/cropped-TRUUSK.png?fit=2032%2C917&ssl=1","contentUrl":"https:\/\/i0.wp.com\/truusk.store\/wp-content\/uploads\/2026\/03\/cropped-TRUUSK.png?fit=2032%2C917&ssl=1","width":2032,"height":917,"caption":"TRUUSK - Hem, Tr\u00e4dg\u00e5rd & Fritid"},"image":{"@id":"https:\/\/truusk.store\/sv\/#\/schema\/logo\/image\/"}}]}},"jetpack_sharing_enabled":true,"_links":{"self":[{"href":"https:\/\/truusk.store\/sv\/wp-json\/wp\/v2\/product\/87985","targetHints":{"allow":["GET"]}}],"collection":[{"href":"https:\/\/truusk.store\/sv\/wp-json\/wp\/v2\/product"}],"about":[{"href":"https:\/\/truusk.store\/sv\/wp-json\/wp\/v2\/types\/product"}],"wp:featuredmedia":[{"embeddable":true,"href":"https:\/\/truusk.store\/sv\/wp-json\/wp\/v2\/media\/87976"}],"wp:attachment":[{"href":"https:\/\/truusk.store\/sv\/wp-json\/wp\/v2\/media?parent=87985"}],"wp:term":[{"taxonomy":"product_brand","embeddable":true,"href":"https:\/\/truusk.store\/sv\/wp-json\/wp\/v2\/product_brand?post=87985"},{"taxonomy":"product_cat","embeddable":true,"href":"https:\/\/truusk.store\/sv\/wp-json\/wp\/v2\/product_cat?post=87985"},{"taxonomy":"product_tag","embeddable":true,"href":"https:\/\/truusk.store\/sv\/wp-json\/wp\/v2\/product_tag?post=87985"}],"curies":[{"name":"wp","href":"https:\/\/api.w.org\/{rel}","templated":true}]}}