{"id":88015,"date":"2025-08-20T07:18:23","date_gmt":"2025-08-20T06:18:23","guid":{"rendered":"https:\/\/truusk.store\/product\/aiyaplay-3-delat-klattrings-och-krabbset-for-smabarn-konstlader-skum-gul\/"},"modified":"2026-03-12T08:46:24","modified_gmt":"2026-03-12T07:46:24","slug":"truusk-barnklattrings-och-krabbset-3-delat-konstlader-skum-gul","status":"publish","type":"product","link":"https:\/\/truusk.store\/sv\/produkt\/truusk-barnklattrings-och-krabbset-3-delat-konstlader-skum-gul\/","title":{"rendered":"TRUUSK Barnkl\u00e4ttrings- och Krabbset &#8211; 3-delat &#8211; Konstl\u00e4der &#8211; Skum &#8211; Gul"},"content":{"rendered":"<p>Detta mjuka AIYAPLAY skumblocksset, som fr\u00e4mjar kreativitet och fantasi, f\u00f6rb\u00e4ttrar hand-\u00f6ga-koordination och motoriska f\u00e4rdigheter hos sm\u00e5barn. Tillverkade av vattenavvisande, robust konstl\u00e4der och EPE-skum, passar de mjuka blocken in i alla lekmilj\u00f6er. Upplev l\u00e4tt, s\u00e4ker kul med m\u00e5ngsidiga, lekfulla former!<\/p>\n<p>Beskrivning:<\/p>\n<ul>\n<li> Fr\u00e4mjar barns tillv\u00e4xt, stimulerar fantasi och kreativitet<\/li>\n<li> Utvecklar hand-\u00f6ga-koordination och motoriska f\u00e4rdigheter<\/li>\n<li> Vattent\u00e4tt konstl\u00e4dermaterial f\u00f6r mjuka block m\u00f6jligg\u00f6r enkel reng\u00f6ring och underh\u00e5ll<\/li>\n<li> Tjockt konstl\u00e4der och bekv\u00e4mt EPE-skum erbjuder h\u00e5llbarhet och komfort<\/li>\n<li> L\u00e4tt design av mjuka block med halkfri botten \u00f6kar s\u00e4kerheten<\/li>\n<li> M\u00e5ngsidigt anv\u00e4ndbar f\u00f6r f\u00f6rskolor, sovrum och vardagsrum<\/li>\n<li> Tre olika former m\u00f6jligg\u00f6r DIY-krypv\u00e4gar<\/li>\n<\/ul>\n<p> Tekniska specifikationer:<\/p>\n<ul>\n<li> F\u00e4rg: Gul+Bl\u00e5+Gr\u00f6n+Orange<\/li>\n<li> Material: Konstl\u00e4der, EPE-skum<\/li>\n<li> Totala dimensioner: 141L x 45,7B x 20,3H cm<\/li>\n<li> Trappor: 45,7L x 45,7B x 20,3H cm<\/li>\n<li> Ramp: 45,7L x 45,7B x 20,3H cm<\/li>\n<li> Sp\u00e5r: 45,7L x 45,7B x 20,3H cm<\/li>\n<li> Rekommenderad \u00e5lder: 0,5-6 \u00e5r<\/li>\n<li> B\u00e4rkapacitet: 50 kg<\/li>\n<\/ul>\n<p>Leveransinneh\u00e5ll:<\/p>\n<ul>\n<li> 1 x Tredelat mjukt lekset<\/li>\n<li> 1 x Bruksanvisning<\/li>\n<\/ul>\n","protected":false},"excerpt":{"rendered":"<p>Detta mjuka AIYAPLAY skumblocksset, som fr\u00e4mjar kreativitet och fantasi, f\u00f6rb\u00e4ttrar hand-\u00f6ga-koordination och motoriska f\u00e4rdigheter hos sm\u00e5barn. Tillverkade av vattenavvisande, robust&#8230;<\/p>\n","protected":false},"featured_media":88006,"template":"","meta":[],"product_brand":[],"product_cat":[880,919,918],"product_tag":[],"class_list":{"0":"post-88015","1":"product","2":"type-product","3":"status-publish","4":"has-post-thumbnail","6":"product_cat-baby-barn-2","7":"product_cat-byggklossar","8":"product_cat-leksaker","10":"first","11":"instock","12":"sale","13":"taxable","14":"shipping-taxable","15":"purchasable","16":"product-type-simple"},"yoast_head":"<!-- This site is optimized with the Yoast SEO plugin v25.4 - https:\/\/yoast.com\/wordpress\/plugins\/seo\/ -->\n<title>TRUUSK Barnkl\u00e4ttrings- och Krabbset - 3-delat - Konstl\u00e4der - Skum - Gul - TRUUSK - Hem, Tr\u00e4dg\u00e5rd &amp; Fritid<\/title>\n<meta name=\"robots\" content=\"index, follow, max-snippet:-1, max-image-preview:large, max-video-preview:-1\" \/>\n<link rel=\"canonical\" href=\"https:\/\/truusk.store\/sv\/produkt\/truusk-barnklattrings-och-krabbset-3-delat-konstlader-skum-gul\/\" \/>\n<meta property=\"og:locale\" content=\"sv_SE\" \/>\n<meta property=\"og:type\" content=\"article\" \/>\n<meta property=\"og:title\" content=\"TRUUSK Barnkl\u00e4ttrings- och Krabbset - 3-delat - Konstl\u00e4der - Skum - Gul - TRUUSK - Hem, Tr\u00e4dg\u00e5rd &amp; Fritid\" \/>\n<meta property=\"og:description\" content=\"Detta mjuka AIYAPLAY skumblocksset, som fr\u00e4mjar kreativitet och fantasi, f\u00f6rb\u00e4ttrar hand-\u00f6ga-koordination och motoriska f\u00e4rdigheter hos sm\u00e5barn. Tillverkade av vattenavvisande, robust...\" \/>\n<meta property=\"og:url\" content=\"https:\/\/truusk.store\/sv\/produkt\/truusk-barnklattrings-och-krabbset-3-delat-konstlader-skum-gul\/\" \/>\n<meta property=\"og:site_name\" content=\"TRUUSK - Hem, Tr\u00e4dg\u00e5rd &amp; Fritid\" \/>\n<meta property=\"article:modified_time\" content=\"2026-03-12T07:46:24+00:00\" \/>\n<meta property=\"og:image\" content=\"https:\/\/i0.wp.com\/truusk.se\/wp-content\/uploads\/2025\/08\/aiyaplay-3-delat-klattrings-och-krabbset-for-smabarn-konstlader-skum-gul-1.webp?fit=2000%2C2000&ssl=1\" \/>\n\t<meta property=\"og:image:width\" content=\"2000\" \/>\n\t<meta property=\"og:image:height\" content=\"2000\" \/>\n\t<meta property=\"og:image:type\" content=\"image\/webp\" \/>\n<meta name=\"twitter:card\" content=\"summary_large_image\" \/>\n<meta name=\"twitter:label1\" content=\"Ber\u00e4knad l\u00e4stid\" \/>\n\t<meta name=\"twitter:data1\" content=\"1 minut\" \/>\n<!-- \/ Yoast SEO plugin. -->","yoast_head_json":{"title":"TRUUSK Barnkl\u00e4ttrings- och Krabbset - 3-delat - Konstl\u00e4der - Skum - Gul - TRUUSK - Hem, Tr\u00e4dg\u00e5rd &amp; Fritid","robots":{"index":"index","follow":"follow","max-snippet":"max-snippet:-1","max-image-preview":"max-image-preview:large","max-video-preview":"max-video-preview:-1"},"canonical":"https:\/\/truusk.store\/sv\/produkt\/truusk-barnklattrings-och-krabbset-3-delat-konstlader-skum-gul\/","og_locale":"sv_SE","og_type":"article","og_title":"TRUUSK Barnkl\u00e4ttrings- och Krabbset - 3-delat - Konstl\u00e4der - Skum - Gul - TRUUSK - Hem, Tr\u00e4dg\u00e5rd &amp; Fritid","og_description":"Detta mjuka AIYAPLAY skumblocksset, som fr\u00e4mjar kreativitet och fantasi, f\u00f6rb\u00e4ttrar hand-\u00f6ga-koordination och motoriska f\u00e4rdigheter hos sm\u00e5barn. Tillverkade av vattenavvisande, robust...","og_url":"https:\/\/truusk.store\/sv\/produkt\/truusk-barnklattrings-och-krabbset-3-delat-konstlader-skum-gul\/","og_site_name":"TRUUSK - Hem, Tr\u00e4dg\u00e5rd &amp; Fritid","article_modified_time":"2026-03-12T07:46:24+00:00","og_image":[{"width":2000,"height":2000,"url":"https:\/\/i0.wp.com\/truusk.se\/wp-content\/uploads\/2025\/08\/aiyaplay-3-delat-klattrings-och-krabbset-for-smabarn-konstlader-skum-gul-1.webp?fit=2000%2C2000&ssl=1","type":"image\/webp"}],"twitter_card":"summary_large_image","twitter_misc":{"Ber\u00e4knad l\u00e4stid":"1 minut"},"schema":{"@context":"https:\/\/schema.org","@graph":[{"@type":"WebPage","@id":"https:\/\/truusk.store\/sv\/produkt\/truusk-barnklattrings-och-krabbset-3-delat-konstlader-skum-gul\/","url":"https:\/\/truusk.store\/sv\/produkt\/truusk-barnklattrings-och-krabbset-3-delat-konstlader-skum-gul\/","name":"TRUUSK Barnkl\u00e4ttrings- och Krabbset - 3-delat - Konstl\u00e4der - Skum - Gul - TRUUSK - Hem, Tr\u00e4dg\u00e5rd &amp; Fritid","isPartOf":{"@id":"https:\/\/truusk.store\/sv\/#website"},"primaryImageOfPage":{"@id":"https:\/\/truusk.store\/sv\/produkt\/truusk-barnklattrings-och-krabbset-3-delat-konstlader-skum-gul\/#primaryimage"},"image":{"@id":"https:\/\/truusk.store\/sv\/produkt\/truusk-barnklattrings-och-krabbset-3-delat-konstlader-skum-gul\/#primaryimage"},"thumbnailUrl":"https:\/\/i0.wp.com\/truusk.store\/wp-content\/uploads\/2025\/08\/aiyaplay-3-delat-klattrings-och-krabbset-for-smabarn-konstlader-skum-gul-1.webp?fit=2000%2C2000&ssl=1","datePublished":"2025-08-20T06:18:23+00:00","dateModified":"2026-03-12T07:46:24+00:00","breadcrumb":{"@id":"https:\/\/truusk.store\/sv\/produkt\/truusk-barnklattrings-och-krabbset-3-delat-konstlader-skum-gul\/#breadcrumb"},"inLanguage":"sv-SE","potentialAction":[{"@type":"ReadAction","target":["https:\/\/truusk.store\/sv\/produkt\/truusk-barnklattrings-och-krabbset-3-delat-konstlader-skum-gul\/"]}]},{"@type":"ImageObject","inLanguage":"sv-SE","@id":"https:\/\/truusk.store\/sv\/produkt\/truusk-barnklattrings-och-krabbset-3-delat-konstlader-skum-gul\/#primaryimage","url":"https:\/\/i0.wp.com\/truusk.store\/wp-content\/uploads\/2025\/08\/aiyaplay-3-delat-klattrings-och-krabbset-for-smabarn-konstlader-skum-gul-1.webp?fit=2000%2C2000&ssl=1","contentUrl":"https:\/\/i0.wp.com\/truusk.store\/wp-content\/uploads\/2025\/08\/aiyaplay-3-delat-klattrings-och-krabbset-for-smabarn-konstlader-skum-gul-1.webp?fit=2000%2C2000&ssl=1","width":2000,"height":2000},{"@type":"BreadcrumbList","@id":"https:\/\/truusk.store\/sv\/produkt\/truusk-barnklattrings-och-krabbset-3-delat-konstlader-skum-gul\/#breadcrumb","itemListElement":[{"@type":"ListItem","position":1,"name":"Home","item":"https:\/\/truusk.store\/sv\/"},{"@type":"ListItem","position":2,"name":"Shop","item":"https:\/\/truusk.store\/shop\/"},{"@type":"ListItem","position":3,"name":"TRUUSK Barnkl\u00e4ttrings- och Krabbset &#8211; 3-delat &#8211; Konstl\u00e4der &#8211; Skum &#8211; Gul"}]},{"@type":"WebSite","@id":"https:\/\/truusk.store\/sv\/#website","url":"https:\/\/truusk.store\/sv\/","name":"TRUUSK - Hem, Tr\u00e4dg\u00e5rd & Fritid","description":"","publisher":{"@id":"https:\/\/truusk.store\/sv\/#organization"},"potentialAction":[{"@type":"SearchAction","target":{"@type":"EntryPoint","urlTemplate":"https:\/\/truusk.store\/sv\/?s={search_term_string}"},"query-input":{"@type":"PropertyValueSpecification","valueRequired":true,"valueName":"search_term_string"}}],"inLanguage":"sv-SE"},{"@type":"Organization","@id":"https:\/\/truusk.store\/sv\/#organization","name":"TRUUSK - Hem, Tr\u00e4dg\u00e5rd & Fritid","url":"https:\/\/truusk.store\/sv\/","logo":{"@type":"ImageObject","inLanguage":"sv-SE","@id":"https:\/\/truusk.store\/sv\/#\/schema\/logo\/image\/","url":"https:\/\/i0.wp.com\/truusk.store\/wp-content\/uploads\/2026\/03\/cropped-TRUUSK.png?fit=2032%2C917&ssl=1","contentUrl":"https:\/\/i0.wp.com\/truusk.store\/wp-content\/uploads\/2026\/03\/cropped-TRUUSK.png?fit=2032%2C917&ssl=1","width":2032,"height":917,"caption":"TRUUSK - Hem, Tr\u00e4dg\u00e5rd & Fritid"},"image":{"@id":"https:\/\/truusk.store\/sv\/#\/schema\/logo\/image\/"}}]}},"jetpack_sharing_enabled":true,"_links":{"self":[{"href":"https:\/\/truusk.store\/sv\/wp-json\/wp\/v2\/product\/88015","targetHints":{"allow":["GET"]}}],"collection":[{"href":"https:\/\/truusk.store\/sv\/wp-json\/wp\/v2\/product"}],"about":[{"href":"https:\/\/truusk.store\/sv\/wp-json\/wp\/v2\/types\/product"}],"wp:featuredmedia":[{"embeddable":true,"href":"https:\/\/truusk.store\/sv\/wp-json\/wp\/v2\/media\/88006"}],"wp:attachment":[{"href":"https:\/\/truusk.store\/sv\/wp-json\/wp\/v2\/media?parent=88015"}],"wp:term":[{"taxonomy":"product_brand","embeddable":true,"href":"https:\/\/truusk.store\/sv\/wp-json\/wp\/v2\/product_brand?post=88015"},{"taxonomy":"product_cat","embeddable":true,"href":"https:\/\/truusk.store\/sv\/wp-json\/wp\/v2\/product_cat?post=88015"},{"taxonomy":"product_tag","embeddable":true,"href":"https:\/\/truusk.store\/sv\/wp-json\/wp\/v2\/product_tag?post=88015"}],"curies":[{"name":"wp","href":"https:\/\/api.w.org\/{rel}","templated":true}]}}