{"id":88035,"date":"2025-08-20T07:20:27","date_gmt":"2025-08-20T06:20:27","guid":{"rendered":"https:\/\/truusk.store\/product\/aiyaplay-5-delars-mjukt-byggkloss-set-for-smabarn-for-klattring-krypning-byggande-latt-vikt-snodd-skum-fargglad\/"},"modified":"2026-03-12T08:46:25","modified_gmt":"2026-03-12T07:46:25","slug":"truusk-5-delars-byggkloss-set-for-smabarn-klattring-krypning-fargglad-latt-vikt-skum","status":"publish","type":"product","link":"https:\/\/truusk.store\/sv\/produkt\/truusk-5-delars-byggkloss-set-for-smabarn-klattring-krypning-fargglad-latt-vikt-skum\/","title":{"rendered":"TRUUSK 5-delars Byggkloss-set f\u00f6r Sm\u00e5barn &#8211; Kl\u00e4ttring &#8211; Krypning &#8211; F\u00e4rgglad &#8211; L\u00e4tt Vikt &#8211; Skum"},"content":{"rendered":"<p>Med detta set av skumbyggstenar kan ditt barn bygga s\u00e4kra och mjuka slott eller tunnlar. Detta mjuka byggstensset fr\u00e4mjar krypning, kl\u00e4ttring och balansering, st\u00e4rker koordination och sj\u00e4lvf\u00f6rtroende vid lek och uppmuntrar till kreativa id\u00e9er.<\/p>\n<p>Beskrivning:<\/p>\n<ul>\n<li> Set med 5 former uppmuntrar till kreativt spel och byggande<\/li>\n<li> Mjukt cord\u00f6verdrag och h\u00f6gdensitetsskum i de stora byggstenarna erbjuder mjuk, s\u00e4ker komfort<\/li>\n<li> Fr\u00e4mjar krypning, kl\u00e4ttring och stapling f\u00f6r att utveckla motoriken<\/li>\n<li> D\u00e4mpade gr\u00f6na, orange och ljusbl\u00e5 toner passar till alla inredningar<\/li>\n<li> De l\u00e4tta skumbyggstenarna \u00e4r l\u00e4tta att flytta<\/li>\n<li> S\u00e4kra material och rundade h\u00f6rn<\/li>\n<li> Montering kr\u00e4vs<\/li>\n<\/ul>\n<p> Tekniska data:<\/p>\n<ul>\n<li> F\u00e4rg: Gr\u00f6n+Orange+Ljusbl\u00e5<\/li>\n<li> Material: Skum, Cord<\/li>\n<li> B\u00e5gformad storlek: 85B x 48T x 32H cm<\/li>\n<li> Valvstorlek: 54B x 48T x 33H cm<\/li>\n<li> Halvrund storlek: 34B x 48T x 17H cm<\/li>\n<li> Trapetsstorlek: 31,8B x 48T x 16H cm<\/li>\n<li> Kvarts cirkelstorlek: 32,3B x 48T x 20,5H cm<\/li>\n<li> Rekommenderad \u00e5lder: 1,5\u20138 \u00e5r<\/li>\n<li> Maximal belastning: 45 kg<\/li>\n<\/ul>\n<p>Leveransinneh\u00e5ll:<\/p>\n<ul>\n<li> 5 x Mjuk kl\u00e4tterblock<\/li>\n<li> 1 x Handbok<\/li>\n<\/ul>\n","protected":false},"excerpt":{"rendered":"<p>Med detta set av skumbyggstenar kan ditt barn bygga s\u00e4kra och mjuka slott eller tunnlar. Detta mjuka byggstensset fr\u00e4mjar krypning,&#8230;<\/p>\n","protected":false},"featured_media":88026,"template":"","meta":[],"product_brand":[],"product_cat":[880,919,918],"product_tag":[],"class_list":{"0":"post-88035","1":"product","2":"type-product","3":"status-publish","4":"has-post-thumbnail","6":"product_cat-baby-barn-2","7":"product_cat-byggklossar","8":"product_cat-leksaker","10":"first","11":"instock","12":"sale","13":"taxable","14":"shipping-taxable","15":"purchasable","16":"product-type-simple"},"yoast_head":"<!-- This site is optimized with the Yoast SEO plugin v25.4 - https:\/\/yoast.com\/wordpress\/plugins\/seo\/ -->\n<title>TRUUSK 5-delars Byggkloss-set f\u00f6r Sm\u00e5barn - Kl\u00e4ttring - Krypning - F\u00e4rgglad - L\u00e4tt Vikt - Skum - TRUUSK - Hem, Tr\u00e4dg\u00e5rd &amp; Fritid<\/title>\n<meta name=\"robots\" content=\"index, follow, max-snippet:-1, max-image-preview:large, max-video-preview:-1\" \/>\n<link rel=\"canonical\" href=\"https:\/\/truusk.store\/sv\/produkt\/truusk-5-delars-byggkloss-set-for-smabarn-klattring-krypning-fargglad-latt-vikt-skum\/\" \/>\n<meta property=\"og:locale\" content=\"sv_SE\" \/>\n<meta property=\"og:type\" content=\"article\" \/>\n<meta property=\"og:title\" content=\"TRUUSK 5-delars Byggkloss-set f\u00f6r Sm\u00e5barn - Kl\u00e4ttring - Krypning - F\u00e4rgglad - L\u00e4tt Vikt - Skum - TRUUSK - Hem, Tr\u00e4dg\u00e5rd &amp; Fritid\" \/>\n<meta property=\"og:description\" content=\"Med detta set av skumbyggstenar kan ditt barn bygga s\u00e4kra och mjuka slott eller tunnlar. Detta mjuka byggstensset fr\u00e4mjar krypning,...\" \/>\n<meta property=\"og:url\" content=\"https:\/\/truusk.store\/sv\/produkt\/truusk-5-delars-byggkloss-set-for-smabarn-klattring-krypning-fargglad-latt-vikt-skum\/\" \/>\n<meta property=\"og:site_name\" content=\"TRUUSK - Hem, Tr\u00e4dg\u00e5rd &amp; Fritid\" \/>\n<meta property=\"article:modified_time\" content=\"2026-03-12T07:46:25+00:00\" \/>\n<meta property=\"og:image\" content=\"https:\/\/i0.wp.com\/truusk.se\/wp-content\/uploads\/2025\/08\/aiyaplay-5-delars-mjukt-byggkloss-set-for-smabarn-for-klattring-krypning-byggande-latt-vikt-snodd-skum-fargglad-1.webp?fit=2000%2C2000&ssl=1\" \/>\n\t<meta property=\"og:image:width\" content=\"2000\" \/>\n\t<meta property=\"og:image:height\" content=\"2000\" \/>\n\t<meta property=\"og:image:type\" content=\"image\/webp\" \/>\n<meta name=\"twitter:card\" content=\"summary_large_image\" \/>\n<meta name=\"twitter:label1\" content=\"Ber\u00e4knad l\u00e4stid\" \/>\n\t<meta name=\"twitter:data1\" content=\"1 minut\" \/>\n<!-- \/ Yoast SEO plugin. -->","yoast_head_json":{"title":"TRUUSK 5-delars Byggkloss-set f\u00f6r Sm\u00e5barn - Kl\u00e4ttring - Krypning - F\u00e4rgglad - L\u00e4tt Vikt - Skum - TRUUSK - Hem, Tr\u00e4dg\u00e5rd &amp; Fritid","robots":{"index":"index","follow":"follow","max-snippet":"max-snippet:-1","max-image-preview":"max-image-preview:large","max-video-preview":"max-video-preview:-1"},"canonical":"https:\/\/truusk.store\/sv\/produkt\/truusk-5-delars-byggkloss-set-for-smabarn-klattring-krypning-fargglad-latt-vikt-skum\/","og_locale":"sv_SE","og_type":"article","og_title":"TRUUSK 5-delars Byggkloss-set f\u00f6r Sm\u00e5barn - Kl\u00e4ttring - Krypning - F\u00e4rgglad - L\u00e4tt Vikt - Skum - TRUUSK - Hem, Tr\u00e4dg\u00e5rd &amp; Fritid","og_description":"Med detta set av skumbyggstenar kan ditt barn bygga s\u00e4kra och mjuka slott eller tunnlar. Detta mjuka byggstensset fr\u00e4mjar krypning,...","og_url":"https:\/\/truusk.store\/sv\/produkt\/truusk-5-delars-byggkloss-set-for-smabarn-klattring-krypning-fargglad-latt-vikt-skum\/","og_site_name":"TRUUSK - Hem, Tr\u00e4dg\u00e5rd &amp; Fritid","article_modified_time":"2026-03-12T07:46:25+00:00","og_image":[{"width":2000,"height":2000,"url":"https:\/\/i0.wp.com\/truusk.se\/wp-content\/uploads\/2025\/08\/aiyaplay-5-delars-mjukt-byggkloss-set-for-smabarn-for-klattring-krypning-byggande-latt-vikt-snodd-skum-fargglad-1.webp?fit=2000%2C2000&ssl=1","type":"image\/webp"}],"twitter_card":"summary_large_image","twitter_misc":{"Ber\u00e4knad l\u00e4stid":"1 minut"},"schema":{"@context":"https:\/\/schema.org","@graph":[{"@type":"WebPage","@id":"https:\/\/truusk.store\/sv\/produkt\/truusk-5-delars-byggkloss-set-for-smabarn-klattring-krypning-fargglad-latt-vikt-skum\/","url":"https:\/\/truusk.store\/sv\/produkt\/truusk-5-delars-byggkloss-set-for-smabarn-klattring-krypning-fargglad-latt-vikt-skum\/","name":"TRUUSK 5-delars Byggkloss-set f\u00f6r Sm\u00e5barn - Kl\u00e4ttring - Krypning - F\u00e4rgglad - L\u00e4tt Vikt - Skum - TRUUSK - Hem, Tr\u00e4dg\u00e5rd &amp; Fritid","isPartOf":{"@id":"https:\/\/truusk.store\/sv\/#website"},"primaryImageOfPage":{"@id":"https:\/\/truusk.store\/sv\/produkt\/truusk-5-delars-byggkloss-set-for-smabarn-klattring-krypning-fargglad-latt-vikt-skum\/#primaryimage"},"image":{"@id":"https:\/\/truusk.store\/sv\/produkt\/truusk-5-delars-byggkloss-set-for-smabarn-klattring-krypning-fargglad-latt-vikt-skum\/#primaryimage"},"thumbnailUrl":"https:\/\/i0.wp.com\/truusk.store\/wp-content\/uploads\/2025\/08\/aiyaplay-5-delars-mjukt-byggkloss-set-for-smabarn-for-klattring-krypning-byggande-latt-vikt-snodd-skum-fargglad-1.webp?fit=2000%2C2000&ssl=1","datePublished":"2025-08-20T06:20:27+00:00","dateModified":"2026-03-12T07:46:25+00:00","breadcrumb":{"@id":"https:\/\/truusk.store\/sv\/produkt\/truusk-5-delars-byggkloss-set-for-smabarn-klattring-krypning-fargglad-latt-vikt-skum\/#breadcrumb"},"inLanguage":"sv-SE","potentialAction":[{"@type":"ReadAction","target":["https:\/\/truusk.store\/sv\/produkt\/truusk-5-delars-byggkloss-set-for-smabarn-klattring-krypning-fargglad-latt-vikt-skum\/"]}]},{"@type":"ImageObject","inLanguage":"sv-SE","@id":"https:\/\/truusk.store\/sv\/produkt\/truusk-5-delars-byggkloss-set-for-smabarn-klattring-krypning-fargglad-latt-vikt-skum\/#primaryimage","url":"https:\/\/i0.wp.com\/truusk.store\/wp-content\/uploads\/2025\/08\/aiyaplay-5-delars-mjukt-byggkloss-set-for-smabarn-for-klattring-krypning-byggande-latt-vikt-snodd-skum-fargglad-1.webp?fit=2000%2C2000&ssl=1","contentUrl":"https:\/\/i0.wp.com\/truusk.store\/wp-content\/uploads\/2025\/08\/aiyaplay-5-delars-mjukt-byggkloss-set-for-smabarn-for-klattring-krypning-byggande-latt-vikt-snodd-skum-fargglad-1.webp?fit=2000%2C2000&ssl=1","width":2000,"height":2000},{"@type":"BreadcrumbList","@id":"https:\/\/truusk.store\/sv\/produkt\/truusk-5-delars-byggkloss-set-for-smabarn-klattring-krypning-fargglad-latt-vikt-skum\/#breadcrumb","itemListElement":[{"@type":"ListItem","position":1,"name":"Home","item":"https:\/\/truusk.store\/sv\/"},{"@type":"ListItem","position":2,"name":"Shop","item":"https:\/\/truusk.store\/shop\/"},{"@type":"ListItem","position":3,"name":"TRUUSK 5-delars Byggkloss-set f\u00f6r Sm\u00e5barn &#8211; Kl\u00e4ttring &#8211; Krypning &#8211; F\u00e4rgglad &#8211; L\u00e4tt Vikt &#8211; Skum"}]},{"@type":"WebSite","@id":"https:\/\/truusk.store\/sv\/#website","url":"https:\/\/truusk.store\/sv\/","name":"TRUUSK - Hem, Tr\u00e4dg\u00e5rd & Fritid","description":"","publisher":{"@id":"https:\/\/truusk.store\/sv\/#organization"},"potentialAction":[{"@type":"SearchAction","target":{"@type":"EntryPoint","urlTemplate":"https:\/\/truusk.store\/sv\/?s={search_term_string}"},"query-input":{"@type":"PropertyValueSpecification","valueRequired":true,"valueName":"search_term_string"}}],"inLanguage":"sv-SE"},{"@type":"Organization","@id":"https:\/\/truusk.store\/sv\/#organization","name":"TRUUSK - Hem, Tr\u00e4dg\u00e5rd & Fritid","url":"https:\/\/truusk.store\/sv\/","logo":{"@type":"ImageObject","inLanguage":"sv-SE","@id":"https:\/\/truusk.store\/sv\/#\/schema\/logo\/image\/","url":"https:\/\/i0.wp.com\/truusk.store\/wp-content\/uploads\/2026\/03\/cropped-TRUUSK.png?fit=2032%2C917&ssl=1","contentUrl":"https:\/\/i0.wp.com\/truusk.store\/wp-content\/uploads\/2026\/03\/cropped-TRUUSK.png?fit=2032%2C917&ssl=1","width":2032,"height":917,"caption":"TRUUSK - Hem, Tr\u00e4dg\u00e5rd & Fritid"},"image":{"@id":"https:\/\/truusk.store\/sv\/#\/schema\/logo\/image\/"}}]}},"jetpack_sharing_enabled":true,"_links":{"self":[{"href":"https:\/\/truusk.store\/sv\/wp-json\/wp\/v2\/product\/88035","targetHints":{"allow":["GET"]}}],"collection":[{"href":"https:\/\/truusk.store\/sv\/wp-json\/wp\/v2\/product"}],"about":[{"href":"https:\/\/truusk.store\/sv\/wp-json\/wp\/v2\/types\/product"}],"wp:featuredmedia":[{"embeddable":true,"href":"https:\/\/truusk.store\/sv\/wp-json\/wp\/v2\/media\/88026"}],"wp:attachment":[{"href":"https:\/\/truusk.store\/sv\/wp-json\/wp\/v2\/media?parent=88035"}],"wp:term":[{"taxonomy":"product_brand","embeddable":true,"href":"https:\/\/truusk.store\/sv\/wp-json\/wp\/v2\/product_brand?post=88035"},{"taxonomy":"product_cat","embeddable":true,"href":"https:\/\/truusk.store\/sv\/wp-json\/wp\/v2\/product_cat?post=88035"},{"taxonomy":"product_tag","embeddable":true,"href":"https:\/\/truusk.store\/sv\/wp-json\/wp\/v2\/product_tag?post=88035"}],"curies":[{"name":"wp","href":"https:\/\/api.w.org\/{rel}","templated":true}]}}