{"id":88045,"date":"2025-08-20T07:21:50","date_gmt":"2025-08-20T06:21:50","guid":{"rendered":"https:\/\/truusk.store\/product\/aiyaplay-12-delars-set-med-skumklotsar-for-klattring-byggande-krypning-inomhus-lekmattor-med-snoddoverdrag-gronrosa\/"},"modified":"2026-03-12T08:46:26","modified_gmt":"2026-03-12T07:46:26","slug":"truusk-12-delars-set-med-skumklotsar-for-klattring-och-byggande-inkluderar-snoddoverdrag-lekmattor-for-inomhusbruk-gron-och","status":"publish","type":"product","link":"https:\/\/truusk.store\/sv\/produkt\/truusk-12-delars-set-med-skumklotsar-for-klattring-och-byggande-inkluderar-snoddoverdrag-lekmattor-for-inomhusbruk-gron-och\/","title":{"rendered":"TRUUSK 12-delars Set med Skumklotsar f\u00f6r Kl\u00e4ttring och Byggande &#8211; Inkluderar Snodd\u00f6verdrag &#8211; Lekmattor f\u00f6r Inomhusbruk &#8211; Gr\u00f6n och"},"content":{"rendered":"<p>F\u00f6rvandla ditt vardagsrum till en uppt\u00e4ckarv\u00e4rld med dessa babyskumklossar. De \u00e4r speciellt designade f\u00f6r sm\u00e5barn och inkluderar 12 stora byggklossar i blom- och v\u00e5gform som stimulerar kreativitet. Tillverkade av h\u00f6gdensitet polyuretanskum med mjukt cord\u00f6verdrag, erbjuder de s\u00e4ker lekgl\u00e4dje. Stora b\u00e5gar och kvadrater fr\u00e4mjar gemensamt n\u00f6je.<\/p>\n<p>Beskrivning:<\/p>\n<ul>\n<li> Skumklossarna inneh\u00e5ller 12 former f\u00f6r kreativ bygg- och kl\u00e4ttergl\u00e4dje<\/li>\n<li> F\u00f6rvandlas till ett mini-bollhav (bollar ing\u00e5r inte)<\/li>\n<li> Tillverkad av h\u00f6gdensitetsskum och mjukt cord, s\u00e4kert och luktfritt<\/li>\n<li> B\u00e4r upp till 45 kg, l\u00e4mplig f\u00f6r flera barn<\/li>\n<li> Cord\u00f6verdraget p\u00e5 mjuka klossar \u00e4r hudv\u00e4nligt, andas och l\u00e4tt att reng\u00f6ra<\/li>\n<li> Passar smidigt in i vardagsrum, sovrum eller tidiga utbildningsrum<\/li>\n<li> L\u00e4mplig f\u00f6r barn fr\u00e5n 18 m\u00e5nader till 8 \u00e5r, v\u00e4xer med ditt barn<\/li>\n<li> Fr\u00e4mjar balans, koordination och utveckling av grundl\u00e4ggande motoriska f\u00e4rdigheter<\/li>\n<\/ul>\n<p> Tekniska data:<\/p>\n<ul>\n<li> F\u00e4rg: Rosa+Mintgr\u00f6n<\/li>\n<li> Material: Cord, 28D skum (100 % polyuretan)<\/li>\n<li> Stor rund storlek: 60B x 45T x 10H cm<\/li>\n<li> V\u00e5gform storlek: 75B x 35T x 10H cm<\/li>\n<li> Blomform storlek: 75B x 35T x 10H cm<\/li>\n<li> Halvrund storlek: 35B x 17,5T x 10H cm<\/li>\n<li> Kvadratisk storlek: 75B x 75T x 10H cm<\/li>\n<li> B\u00e5gform storlek: 75B x 75T x 10H cm<\/li>\n<li> Godk\u00e4nd \u00e5lder: 18 m\u00e5nader+<\/li>\n<li> Rekommenderad \u00e5lder: 18 m\u00e5nader &#8211; 8 \u00e5r<\/li>\n<li> Maximal belastning: 45 kg<\/li>\n<li> L\u00e4mplig h\u00f6jd: Under 150 cm<\/li>\n<\/ul>\n<p>Leveransinneh\u00e5ll:<\/p>\n<ul>\n<li> 12 x Mjuka lekmattor<\/li>\n<li> 1 x Bruksanvisning<\/li>\n<\/ul>\n","protected":false},"excerpt":{"rendered":"<p>F\u00f6rvandla ditt vardagsrum till en uppt\u00e4ckarv\u00e4rld med dessa babyskumklossar. De \u00e4r speciellt designade f\u00f6r sm\u00e5barn och inkluderar 12 stora byggklossar&#8230;<\/p>\n","protected":false},"featured_media":88036,"template":"","meta":[],"product_brand":[],"product_cat":[880,919,918],"product_tag":[],"class_list":{"0":"post-88045","1":"product","2":"type-product","3":"status-publish","4":"has-post-thumbnail","6":"product_cat-baby-barn-2","7":"product_cat-byggklossar","8":"product_cat-leksaker","10":"first","11":"instock","12":"sale","13":"taxable","14":"shipping-taxable","15":"purchasable","16":"product-type-simple"},"yoast_head":"<!-- This site is optimized with the Yoast SEO plugin v25.4 - https:\/\/yoast.com\/wordpress\/plugins\/seo\/ -->\n<title>TRUUSK 12-delars Set med Skumklotsar f\u00f6r Kl\u00e4ttring och Byggande - Inkluderar Snodd\u00f6verdrag - Lekmattor f\u00f6r Inomhusbruk - Gr\u00f6n och - TRUUSK - Hem, Tr\u00e4dg\u00e5rd &amp; Fritid<\/title>\n<meta name=\"robots\" content=\"index, follow, max-snippet:-1, max-image-preview:large, max-video-preview:-1\" \/>\n<link rel=\"canonical\" href=\"https:\/\/truusk.store\/sv\/produkt\/truusk-12-delars-set-med-skumklotsar-for-klattring-och-byggande-inkluderar-snoddoverdrag-lekmattor-for-inomhusbruk-gron-och\/\" \/>\n<meta property=\"og:locale\" content=\"sv_SE\" \/>\n<meta property=\"og:type\" content=\"article\" \/>\n<meta property=\"og:title\" content=\"TRUUSK 12-delars Set med Skumklotsar f\u00f6r Kl\u00e4ttring och Byggande - Inkluderar Snodd\u00f6verdrag - Lekmattor f\u00f6r Inomhusbruk - Gr\u00f6n och - TRUUSK - Hem, Tr\u00e4dg\u00e5rd &amp; Fritid\" \/>\n<meta property=\"og:description\" content=\"F\u00f6rvandla ditt vardagsrum till en uppt\u00e4ckarv\u00e4rld med dessa babyskumklossar. De \u00e4r speciellt designade f\u00f6r sm\u00e5barn och inkluderar 12 stora byggklossar...\" \/>\n<meta property=\"og:url\" content=\"https:\/\/truusk.store\/sv\/produkt\/truusk-12-delars-set-med-skumklotsar-for-klattring-och-byggande-inkluderar-snoddoverdrag-lekmattor-for-inomhusbruk-gron-och\/\" \/>\n<meta property=\"og:site_name\" content=\"TRUUSK - Hem, Tr\u00e4dg\u00e5rd &amp; Fritid\" \/>\n<meta property=\"article:modified_time\" content=\"2026-03-12T07:46:26+00:00\" \/>\n<meta property=\"og:image\" content=\"https:\/\/i0.wp.com\/truusk.se\/wp-content\/uploads\/2025\/08\/aiyaplay-12-delars-set-med-skumklotsar-for-klattring-byggande-krypning-inomhus-lekmattor-med-snoddoverdrag-gronrosa-1.webp?fit=2000%2C2000&ssl=1\" \/>\n\t<meta property=\"og:image:width\" content=\"2000\" \/>\n\t<meta property=\"og:image:height\" content=\"2000\" \/>\n\t<meta property=\"og:image:type\" content=\"image\/webp\" \/>\n<meta name=\"twitter:card\" content=\"summary_large_image\" \/>\n<meta name=\"twitter:label1\" content=\"Ber\u00e4knad l\u00e4stid\" \/>\n\t<meta name=\"twitter:data1\" content=\"1 minut\" \/>\n<!-- \/ Yoast SEO plugin. -->","yoast_head_json":{"title":"TRUUSK 12-delars Set med Skumklotsar f\u00f6r Kl\u00e4ttring och Byggande - Inkluderar Snodd\u00f6verdrag - Lekmattor f\u00f6r Inomhusbruk - Gr\u00f6n och - TRUUSK - Hem, Tr\u00e4dg\u00e5rd &amp; Fritid","robots":{"index":"index","follow":"follow","max-snippet":"max-snippet:-1","max-image-preview":"max-image-preview:large","max-video-preview":"max-video-preview:-1"},"canonical":"https:\/\/truusk.store\/sv\/produkt\/truusk-12-delars-set-med-skumklotsar-for-klattring-och-byggande-inkluderar-snoddoverdrag-lekmattor-for-inomhusbruk-gron-och\/","og_locale":"sv_SE","og_type":"article","og_title":"TRUUSK 12-delars Set med Skumklotsar f\u00f6r Kl\u00e4ttring och Byggande - Inkluderar Snodd\u00f6verdrag - Lekmattor f\u00f6r Inomhusbruk - Gr\u00f6n och - TRUUSK - Hem, Tr\u00e4dg\u00e5rd &amp; Fritid","og_description":"F\u00f6rvandla ditt vardagsrum till en uppt\u00e4ckarv\u00e4rld med dessa babyskumklossar. De \u00e4r speciellt designade f\u00f6r sm\u00e5barn och inkluderar 12 stora byggklossar...","og_url":"https:\/\/truusk.store\/sv\/produkt\/truusk-12-delars-set-med-skumklotsar-for-klattring-och-byggande-inkluderar-snoddoverdrag-lekmattor-for-inomhusbruk-gron-och\/","og_site_name":"TRUUSK - Hem, Tr\u00e4dg\u00e5rd &amp; Fritid","article_modified_time":"2026-03-12T07:46:26+00:00","og_image":[{"width":2000,"height":2000,"url":"https:\/\/i0.wp.com\/truusk.se\/wp-content\/uploads\/2025\/08\/aiyaplay-12-delars-set-med-skumklotsar-for-klattring-byggande-krypning-inomhus-lekmattor-med-snoddoverdrag-gronrosa-1.webp?fit=2000%2C2000&ssl=1","type":"image\/webp"}],"twitter_card":"summary_large_image","twitter_misc":{"Ber\u00e4knad l\u00e4stid":"1 minut"},"schema":{"@context":"https:\/\/schema.org","@graph":[{"@type":"WebPage","@id":"https:\/\/truusk.store\/sv\/produkt\/truusk-12-delars-set-med-skumklotsar-for-klattring-och-byggande-inkluderar-snoddoverdrag-lekmattor-for-inomhusbruk-gron-och\/","url":"https:\/\/truusk.store\/sv\/produkt\/truusk-12-delars-set-med-skumklotsar-for-klattring-och-byggande-inkluderar-snoddoverdrag-lekmattor-for-inomhusbruk-gron-och\/","name":"TRUUSK 12-delars Set med Skumklotsar f\u00f6r Kl\u00e4ttring och Byggande - Inkluderar Snodd\u00f6verdrag - Lekmattor f\u00f6r Inomhusbruk - Gr\u00f6n och - TRUUSK - Hem, Tr\u00e4dg\u00e5rd &amp; Fritid","isPartOf":{"@id":"https:\/\/truusk.store\/sv\/#website"},"primaryImageOfPage":{"@id":"https:\/\/truusk.store\/sv\/produkt\/truusk-12-delars-set-med-skumklotsar-for-klattring-och-byggande-inkluderar-snoddoverdrag-lekmattor-for-inomhusbruk-gron-och\/#primaryimage"},"image":{"@id":"https:\/\/truusk.store\/sv\/produkt\/truusk-12-delars-set-med-skumklotsar-for-klattring-och-byggande-inkluderar-snoddoverdrag-lekmattor-for-inomhusbruk-gron-och\/#primaryimage"},"thumbnailUrl":"https:\/\/i0.wp.com\/truusk.store\/wp-content\/uploads\/2025\/08\/aiyaplay-12-delars-set-med-skumklotsar-for-klattring-byggande-krypning-inomhus-lekmattor-med-snoddoverdrag-gronrosa-1.webp?fit=2000%2C2000&ssl=1","datePublished":"2025-08-20T06:21:50+00:00","dateModified":"2026-03-12T07:46:26+00:00","breadcrumb":{"@id":"https:\/\/truusk.store\/sv\/produkt\/truusk-12-delars-set-med-skumklotsar-for-klattring-och-byggande-inkluderar-snoddoverdrag-lekmattor-for-inomhusbruk-gron-och\/#breadcrumb"},"inLanguage":"sv-SE","potentialAction":[{"@type":"ReadAction","target":["https:\/\/truusk.store\/sv\/produkt\/truusk-12-delars-set-med-skumklotsar-for-klattring-och-byggande-inkluderar-snoddoverdrag-lekmattor-for-inomhusbruk-gron-och\/"]}]},{"@type":"ImageObject","inLanguage":"sv-SE","@id":"https:\/\/truusk.store\/sv\/produkt\/truusk-12-delars-set-med-skumklotsar-for-klattring-och-byggande-inkluderar-snoddoverdrag-lekmattor-for-inomhusbruk-gron-och\/#primaryimage","url":"https:\/\/i0.wp.com\/truusk.store\/wp-content\/uploads\/2025\/08\/aiyaplay-12-delars-set-med-skumklotsar-for-klattring-byggande-krypning-inomhus-lekmattor-med-snoddoverdrag-gronrosa-1.webp?fit=2000%2C2000&ssl=1","contentUrl":"https:\/\/i0.wp.com\/truusk.store\/wp-content\/uploads\/2025\/08\/aiyaplay-12-delars-set-med-skumklotsar-for-klattring-byggande-krypning-inomhus-lekmattor-med-snoddoverdrag-gronrosa-1.webp?fit=2000%2C2000&ssl=1","width":2000,"height":2000},{"@type":"BreadcrumbList","@id":"https:\/\/truusk.store\/sv\/produkt\/truusk-12-delars-set-med-skumklotsar-for-klattring-och-byggande-inkluderar-snoddoverdrag-lekmattor-for-inomhusbruk-gron-och\/#breadcrumb","itemListElement":[{"@type":"ListItem","position":1,"name":"Home","item":"https:\/\/truusk.store\/sv\/"},{"@type":"ListItem","position":2,"name":"Shop","item":"https:\/\/truusk.store\/shop\/"},{"@type":"ListItem","position":3,"name":"TRUUSK 12-delars Set med Skumklotsar f\u00f6r Kl\u00e4ttring och Byggande &#8211; Inkluderar Snodd\u00f6verdrag &#8211; Lekmattor f\u00f6r Inomhusbruk &#8211; Gr\u00f6n och"}]},{"@type":"WebSite","@id":"https:\/\/truusk.store\/sv\/#website","url":"https:\/\/truusk.store\/sv\/","name":"TRUUSK - Hem, Tr\u00e4dg\u00e5rd & Fritid","description":"","publisher":{"@id":"https:\/\/truusk.store\/sv\/#organization"},"potentialAction":[{"@type":"SearchAction","target":{"@type":"EntryPoint","urlTemplate":"https:\/\/truusk.store\/sv\/?s={search_term_string}"},"query-input":{"@type":"PropertyValueSpecification","valueRequired":true,"valueName":"search_term_string"}}],"inLanguage":"sv-SE"},{"@type":"Organization","@id":"https:\/\/truusk.store\/sv\/#organization","name":"TRUUSK - Hem, Tr\u00e4dg\u00e5rd & Fritid","url":"https:\/\/truusk.store\/sv\/","logo":{"@type":"ImageObject","inLanguage":"sv-SE","@id":"https:\/\/truusk.store\/sv\/#\/schema\/logo\/image\/","url":"https:\/\/i0.wp.com\/truusk.store\/wp-content\/uploads\/2026\/03\/cropped-TRUUSK.png?fit=2032%2C917&ssl=1","contentUrl":"https:\/\/i0.wp.com\/truusk.store\/wp-content\/uploads\/2026\/03\/cropped-TRUUSK.png?fit=2032%2C917&ssl=1","width":2032,"height":917,"caption":"TRUUSK - Hem, Tr\u00e4dg\u00e5rd & Fritid"},"image":{"@id":"https:\/\/truusk.store\/sv\/#\/schema\/logo\/image\/"}}]}},"jetpack_sharing_enabled":true,"_links":{"self":[{"href":"https:\/\/truusk.store\/sv\/wp-json\/wp\/v2\/product\/88045","targetHints":{"allow":["GET"]}}],"collection":[{"href":"https:\/\/truusk.store\/sv\/wp-json\/wp\/v2\/product"}],"about":[{"href":"https:\/\/truusk.store\/sv\/wp-json\/wp\/v2\/types\/product"}],"wp:featuredmedia":[{"embeddable":true,"href":"https:\/\/truusk.store\/sv\/wp-json\/wp\/v2\/media\/88036"}],"wp:attachment":[{"href":"https:\/\/truusk.store\/sv\/wp-json\/wp\/v2\/media?parent=88045"}],"wp:term":[{"taxonomy":"product_brand","embeddable":true,"href":"https:\/\/truusk.store\/sv\/wp-json\/wp\/v2\/product_brand?post=88045"},{"taxonomy":"product_cat","embeddable":true,"href":"https:\/\/truusk.store\/sv\/wp-json\/wp\/v2\/product_cat?post=88045"},{"taxonomy":"product_tag","embeddable":true,"href":"https:\/\/truusk.store\/sv\/wp-json\/wp\/v2\/product_tag?post=88045"}],"curies":[{"name":"wp","href":"https:\/\/api.w.org\/{rel}","templated":true}]}}