{"id":88085,"date":"2025-08-20T07:25:36","date_gmt":"2025-08-20T06:25:36","guid":{"rendered":"https:\/\/truusk.store\/product\/aiyaplay-barns-balansbalk-set-fritt-formbar-plast-flexibla-delar-gulrod\/"},"modified":"2026-03-12T08:46:31","modified_gmt":"2026-03-12T07:46:31","slug":"truusk-flexibel-lekplats-balansbalk-set-justerbar-och-fargglad-halksaker-yta-for-barn-gulrod","status":"publish","type":"product","link":"https:\/\/truusk.store\/sv\/produkt\/truusk-flexibel-lekplats-balansbalk-set-justerbar-och-fargglad-halksaker-yta-for-barn-gulrod\/","title":{"rendered":"TRUUSK Flexibel Lekplats Balansbalk-set &#8211; Justerbar och F\u00e4rgglad &#8211; Halks\u00e4ker Yta &#8211; F\u00f6r Barn &#8211; Gul+R\u00f6d"},"content":{"rendered":"<p>\u00d6ka ditt barns lektid med Balansbalkssetet fullt av sp\u00e4nning och kreativitet. Idealiskt f\u00f6r lekrum, tr\u00e4dg\u00e5rdar eller klassrum, det l\u00e5ter barn skapa kvadratiska eller egna v\u00e4gar. Tack vare robusta material skapar det en s\u00e4ker, f\u00e4rgglad milj\u00f6 som inbjuder till r\u00f6relse, l\u00e4rande och utveckling. Med sin strukturerade yta och halkfria botten ger det stabilitet och fr\u00e4mjar sj\u00e4lvs\u00e4ker balansering, hoppning och fri lek.<\/p>\n<p>Beskrivning:<\/p>\n<ul>\n<li> Flexibla modul\u00e4ra delar av balansbalken m\u00f6jligg\u00f6r olika layoutkombinationer och hinderbanor<\/li>\n<li> Fr\u00e4mjar fantasifullt t\u00e4nkande, balans och probleml\u00f6sningsf\u00f6rm\u00e5ga<\/li>\n<li> Robusta plastmaterial av balansbalken, b\u00e4r s\u00e4kert upp till 50 kg<\/li>\n<li> Snabb att montera och stapelbar f\u00f6r snygg f\u00f6rvaring<\/li>\n<li> L\u00e4mplig f\u00f6r inomhus och utomhus f\u00f6r gruppspel<\/li>\n<li> Idealisk f\u00f6r 3-8-\u00e5ringar, f\u00f6rb\u00e4ttrar koncentration och sociala f\u00e4rdigheter<\/li>\n<\/ul>\n<p> Tekniska specifikationer:<\/p>\n<ul>\n<li> F\u00e4rg: Gul+R\u00f6d<\/li>\n<li> Material: TPE, Plast<\/li>\n<li> Totala dimensioner: 7H x 165,5L x 165,5B cm<\/li>\n<li> Rakt avsnittsstorlek: 5H x 38,5L x 12,5B cm<\/li>\n<li> Anslutningsavsnittsstorlek: 7H x 42,5L x 29B cm<\/li>\n<li> Rekommenderad \u00e5lder: 3-8 \u00e5r<\/li>\n<li> Godk\u00e4nd \u00e5lder: 3+ \u00e5r<\/li>\n<li> Maximal belastning: 50 kg<\/li>\n<\/ul>\n<p>Leverans inneh\u00e5ller:<\/p>\n<ul>\n<li> 12 x Rakt segment<\/li>\n<li> 4 x Anslutningssegment<\/li>\n<li> 1 x Bruksanvisning<\/li>\n<\/ul>\n","protected":false},"excerpt":{"rendered":"<p>\u00d6ka ditt barns lektid med Balansbalkssetet fullt av sp\u00e4nning och kreativitet. Idealiskt f\u00f6r lekrum, tr\u00e4dg\u00e5rdar eller klassrum, det l\u00e5ter barn&#8230;<\/p>\n","protected":false},"featured_media":88076,"template":"","meta":[],"product_brand":[],"product_cat":[880,939,616],"product_tag":[],"class_list":{"0":"post-88085","1":"product","2":"type-product","3":"status-publish","4":"has-post-thumbnail","6":"product_cat-baby-barn-2","7":"product_cat-barnsport","8":"product_cat-utomhusleksaker","10":"first","11":"instock","12":"sale","13":"taxable","14":"shipping-taxable","15":"purchasable","16":"product-type-simple"},"yoast_head":"<!-- This site is optimized with the Yoast SEO plugin v25.4 - https:\/\/yoast.com\/wordpress\/plugins\/seo\/ -->\n<title>TRUUSK Flexibel Lekplats Balansbalk-set - Justerbar och F\u00e4rgglad - Halks\u00e4ker Yta - F\u00f6r Barn - Gul+R\u00f6d - TRUUSK - Hem, Tr\u00e4dg\u00e5rd &amp; Fritid<\/title>\n<meta name=\"robots\" content=\"index, follow, max-snippet:-1, max-image-preview:large, max-video-preview:-1\" \/>\n<link rel=\"canonical\" href=\"https:\/\/truusk.store\/sv\/produkt\/truusk-flexibel-lekplats-balansbalk-set-justerbar-och-fargglad-halksaker-yta-for-barn-gulrod\/\" \/>\n<meta property=\"og:locale\" content=\"sv_SE\" \/>\n<meta property=\"og:type\" content=\"article\" \/>\n<meta property=\"og:title\" content=\"TRUUSK Flexibel Lekplats Balansbalk-set - Justerbar och F\u00e4rgglad - Halks\u00e4ker Yta - F\u00f6r Barn - Gul+R\u00f6d - TRUUSK - Hem, Tr\u00e4dg\u00e5rd &amp; Fritid\" \/>\n<meta property=\"og:description\" content=\"\u00d6ka ditt barns lektid med Balansbalkssetet fullt av sp\u00e4nning och kreativitet. Idealiskt f\u00f6r lekrum, tr\u00e4dg\u00e5rdar eller klassrum, det l\u00e5ter barn...\" \/>\n<meta property=\"og:url\" content=\"https:\/\/truusk.store\/sv\/produkt\/truusk-flexibel-lekplats-balansbalk-set-justerbar-och-fargglad-halksaker-yta-for-barn-gulrod\/\" \/>\n<meta property=\"og:site_name\" content=\"TRUUSK - Hem, Tr\u00e4dg\u00e5rd &amp; Fritid\" \/>\n<meta property=\"article:modified_time\" content=\"2026-03-12T07:46:31+00:00\" \/>\n<meta property=\"og:image\" content=\"https:\/\/i0.wp.com\/truusk.se\/wp-content\/uploads\/2025\/08\/aiyaplay-barns-balansbalk-set-fritt-formbar-plast-flexibla-delar-gulrod-1.webp?fit=2000%2C2000&ssl=1\" \/>\n\t<meta property=\"og:image:width\" content=\"2000\" \/>\n\t<meta property=\"og:image:height\" content=\"2000\" \/>\n\t<meta property=\"og:image:type\" content=\"image\/webp\" \/>\n<meta name=\"twitter:card\" content=\"summary_large_image\" \/>\n<meta name=\"twitter:label1\" content=\"Ber\u00e4knad l\u00e4stid\" \/>\n\t<meta name=\"twitter:data1\" content=\"1 minut\" \/>\n<!-- \/ Yoast SEO plugin. -->","yoast_head_json":{"title":"TRUUSK Flexibel Lekplats Balansbalk-set - Justerbar och F\u00e4rgglad - Halks\u00e4ker Yta - F\u00f6r Barn - Gul+R\u00f6d - TRUUSK - Hem, Tr\u00e4dg\u00e5rd &amp; Fritid","robots":{"index":"index","follow":"follow","max-snippet":"max-snippet:-1","max-image-preview":"max-image-preview:large","max-video-preview":"max-video-preview:-1"},"canonical":"https:\/\/truusk.store\/sv\/produkt\/truusk-flexibel-lekplats-balansbalk-set-justerbar-och-fargglad-halksaker-yta-for-barn-gulrod\/","og_locale":"sv_SE","og_type":"article","og_title":"TRUUSK Flexibel Lekplats Balansbalk-set - Justerbar och F\u00e4rgglad - Halks\u00e4ker Yta - F\u00f6r Barn - Gul+R\u00f6d - TRUUSK - Hem, Tr\u00e4dg\u00e5rd &amp; Fritid","og_description":"\u00d6ka ditt barns lektid med Balansbalkssetet fullt av sp\u00e4nning och kreativitet. Idealiskt f\u00f6r lekrum, tr\u00e4dg\u00e5rdar eller klassrum, det l\u00e5ter barn...","og_url":"https:\/\/truusk.store\/sv\/produkt\/truusk-flexibel-lekplats-balansbalk-set-justerbar-och-fargglad-halksaker-yta-for-barn-gulrod\/","og_site_name":"TRUUSK - Hem, Tr\u00e4dg\u00e5rd &amp; Fritid","article_modified_time":"2026-03-12T07:46:31+00:00","og_image":[{"width":2000,"height":2000,"url":"https:\/\/i0.wp.com\/truusk.se\/wp-content\/uploads\/2025\/08\/aiyaplay-barns-balansbalk-set-fritt-formbar-plast-flexibla-delar-gulrod-1.webp?fit=2000%2C2000&ssl=1","type":"image\/webp"}],"twitter_card":"summary_large_image","twitter_misc":{"Ber\u00e4knad l\u00e4stid":"1 minut"},"schema":{"@context":"https:\/\/schema.org","@graph":[{"@type":"WebPage","@id":"https:\/\/truusk.store\/sv\/produkt\/truusk-flexibel-lekplats-balansbalk-set-justerbar-och-fargglad-halksaker-yta-for-barn-gulrod\/","url":"https:\/\/truusk.store\/sv\/produkt\/truusk-flexibel-lekplats-balansbalk-set-justerbar-och-fargglad-halksaker-yta-for-barn-gulrod\/","name":"TRUUSK Flexibel Lekplats Balansbalk-set - Justerbar och F\u00e4rgglad - Halks\u00e4ker Yta - F\u00f6r Barn - Gul+R\u00f6d - TRUUSK - Hem, Tr\u00e4dg\u00e5rd &amp; Fritid","isPartOf":{"@id":"https:\/\/truusk.store\/sv\/#website"},"primaryImageOfPage":{"@id":"https:\/\/truusk.store\/sv\/produkt\/truusk-flexibel-lekplats-balansbalk-set-justerbar-och-fargglad-halksaker-yta-for-barn-gulrod\/#primaryimage"},"image":{"@id":"https:\/\/truusk.store\/sv\/produkt\/truusk-flexibel-lekplats-balansbalk-set-justerbar-och-fargglad-halksaker-yta-for-barn-gulrod\/#primaryimage"},"thumbnailUrl":"https:\/\/i0.wp.com\/truusk.store\/wp-content\/uploads\/2025\/08\/aiyaplay-barns-balansbalk-set-fritt-formbar-plast-flexibla-delar-gulrod-1.webp?fit=2000%2C2000&ssl=1","datePublished":"2025-08-20T06:25:36+00:00","dateModified":"2026-03-12T07:46:31+00:00","breadcrumb":{"@id":"https:\/\/truusk.store\/sv\/produkt\/truusk-flexibel-lekplats-balansbalk-set-justerbar-och-fargglad-halksaker-yta-for-barn-gulrod\/#breadcrumb"},"inLanguage":"sv-SE","potentialAction":[{"@type":"ReadAction","target":["https:\/\/truusk.store\/sv\/produkt\/truusk-flexibel-lekplats-balansbalk-set-justerbar-och-fargglad-halksaker-yta-for-barn-gulrod\/"]}]},{"@type":"ImageObject","inLanguage":"sv-SE","@id":"https:\/\/truusk.store\/sv\/produkt\/truusk-flexibel-lekplats-balansbalk-set-justerbar-och-fargglad-halksaker-yta-for-barn-gulrod\/#primaryimage","url":"https:\/\/i0.wp.com\/truusk.store\/wp-content\/uploads\/2025\/08\/aiyaplay-barns-balansbalk-set-fritt-formbar-plast-flexibla-delar-gulrod-1.webp?fit=2000%2C2000&ssl=1","contentUrl":"https:\/\/i0.wp.com\/truusk.store\/wp-content\/uploads\/2025\/08\/aiyaplay-barns-balansbalk-set-fritt-formbar-plast-flexibla-delar-gulrod-1.webp?fit=2000%2C2000&ssl=1","width":2000,"height":2000},{"@type":"BreadcrumbList","@id":"https:\/\/truusk.store\/sv\/produkt\/truusk-flexibel-lekplats-balansbalk-set-justerbar-och-fargglad-halksaker-yta-for-barn-gulrod\/#breadcrumb","itemListElement":[{"@type":"ListItem","position":1,"name":"Home","item":"https:\/\/truusk.store\/sv\/"},{"@type":"ListItem","position":2,"name":"Shop","item":"https:\/\/truusk.store\/shop\/"},{"@type":"ListItem","position":3,"name":"TRUUSK Flexibel Lekplats Balansbalk-set &#8211; Justerbar och F\u00e4rgglad &#8211; Halks\u00e4ker Yta &#8211; F\u00f6r Barn &#8211; Gul+R\u00f6d"}]},{"@type":"WebSite","@id":"https:\/\/truusk.store\/sv\/#website","url":"https:\/\/truusk.store\/sv\/","name":"TRUUSK - Hem, Tr\u00e4dg\u00e5rd & Fritid","description":"","publisher":{"@id":"https:\/\/truusk.store\/sv\/#organization"},"potentialAction":[{"@type":"SearchAction","target":{"@type":"EntryPoint","urlTemplate":"https:\/\/truusk.store\/sv\/?s={search_term_string}"},"query-input":{"@type":"PropertyValueSpecification","valueRequired":true,"valueName":"search_term_string"}}],"inLanguage":"sv-SE"},{"@type":"Organization","@id":"https:\/\/truusk.store\/sv\/#organization","name":"TRUUSK - Hem, Tr\u00e4dg\u00e5rd & Fritid","url":"https:\/\/truusk.store\/sv\/","logo":{"@type":"ImageObject","inLanguage":"sv-SE","@id":"https:\/\/truusk.store\/sv\/#\/schema\/logo\/image\/","url":"https:\/\/i0.wp.com\/truusk.store\/wp-content\/uploads\/2026\/03\/cropped-TRUUSK.png?fit=2032%2C917&ssl=1","contentUrl":"https:\/\/i0.wp.com\/truusk.store\/wp-content\/uploads\/2026\/03\/cropped-TRUUSK.png?fit=2032%2C917&ssl=1","width":2032,"height":917,"caption":"TRUUSK - Hem, Tr\u00e4dg\u00e5rd & Fritid"},"image":{"@id":"https:\/\/truusk.store\/sv\/#\/schema\/logo\/image\/"}}]}},"jetpack_sharing_enabled":true,"_links":{"self":[{"href":"https:\/\/truusk.store\/sv\/wp-json\/wp\/v2\/product\/88085","targetHints":{"allow":["GET"]}}],"collection":[{"href":"https:\/\/truusk.store\/sv\/wp-json\/wp\/v2\/product"}],"about":[{"href":"https:\/\/truusk.store\/sv\/wp-json\/wp\/v2\/types\/product"}],"wp:featuredmedia":[{"embeddable":true,"href":"https:\/\/truusk.store\/sv\/wp-json\/wp\/v2\/media\/88076"}],"wp:attachment":[{"href":"https:\/\/truusk.store\/sv\/wp-json\/wp\/v2\/media?parent=88085"}],"wp:term":[{"taxonomy":"product_brand","embeddable":true,"href":"https:\/\/truusk.store\/sv\/wp-json\/wp\/v2\/product_brand?post=88085"},{"taxonomy":"product_cat","embeddable":true,"href":"https:\/\/truusk.store\/sv\/wp-json\/wp\/v2\/product_cat?post=88085"},{"taxonomy":"product_tag","embeddable":true,"href":"https:\/\/truusk.store\/sv\/wp-json\/wp\/v2\/product_tag?post=88085"}],"curies":[{"name":"wp","href":"https:\/\/api.w.org\/{rel}","templated":true}]}}