{"id":8809,"date":"2024-02-13T09:28:09","date_gmt":"2024-02-13T08:28:09","guid":{"rendered":"https:\/\/truusk.store\/product\/baddsoffa-hopfallbar-soffa-2-sits-tygsoffa-baddsoffa-soffa-med-sovfunktion-soffgrupp-justerbar-vinkel-svart-148-x-82-x-89-cm\/"},"modified":"2026-03-12T08:55:51","modified_gmt":"2026-03-12T07:55:51","slug":"truusk-hopfallbar-baddsoffa-2-sits-tygsoffa-med-sovfunktion-justerbar-vinkel-svart-148-x-82-x-89-cm","status":"publish","type":"product","link":"https:\/\/truusk.store\/sv\/produkt\/truusk-hopfallbar-baddsoffa-2-sits-tygsoffa-med-sovfunktion-justerbar-vinkel-svart-148-x-82-x-89-cm\/","title":{"rendered":"TRUUSK Hopf\u00e4llbar B\u00e4ddsoffa &#8211; 2-sits Tygsoffa &#8211; Med Sovfunktion &#8211; Justerbar Vinkel &#8211; Svart &#8211; 148 x 82 x 89 cm"},"content":{"rendered":"<p>Ta med lite chic till din matsal! Den multifunktionella b\u00e4ddsoffan 2 i 1 kan anv\u00e4ndas som en soffa p\u00e5 dagen eller som en bekv\u00e4m s\u00e4ng p\u00e5 natten. Med sin ergonomiska design \u00e4r det 3-niv\u00e5er justerbara ryggst\u00f6det till hj\u00e4lp f\u00f6r att hitta en bra avslappningsposition. L\u00e4mplig f\u00f6r vardagsrum, sovrum, sovsal, kontor och idealisk f\u00f6r anv\u00e4ndning \u00e5ret runt. Med denna m\u00f6bel kan du koppla av n\u00e4r som helst och g\u00f6ra ditt liv bekv\u00e4mare.<\/p>\n<h3>Beskrivning:<\/h3>\n<ul>\n<li>2-i-1-soffan kan fungera som en soffa eller en bekv\u00e4m s\u00e4ng<\/li>\n<li>Enkel designinredning passar vardagsrum, sovrum, sovsal, v\u00e4ntrum, reception<\/li>\n<li>Justerbart ryggst\u00f6d i 3 niv\u00e5er kan hj\u00e4lpa dig att hitta en bra avslappningsposition<\/li>\n<li>Tjockt vadderad skumkudde f\u00f6r en utm\u00e4rkt sittupplevelse<\/li>\n<li>Den kommer med 2 kuddar och armst\u00f6d f\u00f6r extra st\u00f6d<\/li>\n<li>Bomullsytan kan ge mer komfort till m\u00e4nniskokroppen<\/li>\n<li>Eukalyptustr\u00e4 s\u00e4kerst\u00e4ller sin h\u00f6ga lastkapacitet p\u00e5 upp till 200 kg<\/li>\n<li>Fotdyna av plast kan f\u00f6rhindra repor p\u00e5 golvet<\/li>\n<li>Kr\u00e4ver enkel montering<\/li>\n<\/ul>\n<h3>Teknisk data:<\/h3>\n<ul>\n<li>Svart f\u00e4rg<\/li>\n<li>Material: eukalyptustr\u00e4, skum<\/li>\n<li>\u00d6vergripande m\u00e5tt: 148W x 82D x 89H cm<\/li>\n<li>Sitsstorlek: 127W x 58D cm<\/li>\n<li>Sitth\u00f6jd: 46 cm<\/li>\n<li>Armst\u00f6dsstorlek: 81D x 8W cm<\/li>\n<li>S\u00e4ngens storlek: 127Bx173Dx41H cm<\/li>\n<li>Kuddstorlek: 48L x 25W cm<\/li>\n<li>Lastkapacitet: 200 kg<\/li>\n<\/ul>\n<h3>Leveransens omfattning:<\/h3>\n<ul>\n<li>1 x b\u00e4ddsoffa<\/li>\n<li>1 x Installationsmanual<\/li>\n<li>VIKTIGT: Vi levererar varan till trottoarkanten utan kostnad. Se till att du anger r\u00e4tt adress och telefonnummer.<\/li>\n<\/ul>\n","protected":false},"excerpt":{"rendered":"<p>Ta med lite chic till din matsal! Den multifunktionella b\u00e4ddsoffan 2 i 1 kan anv\u00e4ndas som en soffa p\u00e5 dagen&#8230;<\/p>\n","protected":false},"featured_media":8810,"template":"","meta":[],"product_brand":[],"product_cat":[557,485,554],"product_tag":[],"class_list":{"0":"post-8809","1":"product","2":"type-product","3":"status-publish","4":"has-post-thumbnail","6":"product_cat-baddsoffor","7":"product_cat-hus-bo","8":"product_cat-soffor-soffor","10":"first","11":"instock","12":"sale","13":"taxable","14":"shipping-taxable","15":"purchasable","16":"product-type-simple"},"yoast_head":"<!-- This site is optimized with the Yoast SEO plugin v25.4 - https:\/\/yoast.com\/wordpress\/plugins\/seo\/ -->\n<title>TRUUSK Hopf\u00e4llbar B\u00e4ddsoffa - 2-sits Tygsoffa - Med Sovfunktion - Justerbar Vinkel - Svart - 148 x 82 x 89 cm - TRUUSK - Hem, Tr\u00e4dg\u00e5rd &amp; Fritid<\/title>\n<meta name=\"robots\" content=\"index, follow, max-snippet:-1, max-image-preview:large, max-video-preview:-1\" \/>\n<link rel=\"canonical\" href=\"https:\/\/truusk.store\/sv\/produkt\/truusk-hopfallbar-baddsoffa-2-sits-tygsoffa-med-sovfunktion-justerbar-vinkel-svart-148-x-82-x-89-cm\/\" \/>\n<meta property=\"og:locale\" content=\"sv_SE\" \/>\n<meta property=\"og:type\" content=\"article\" \/>\n<meta property=\"og:title\" content=\"TRUUSK Hopf\u00e4llbar B\u00e4ddsoffa - 2-sits Tygsoffa - Med Sovfunktion - Justerbar Vinkel - Svart - 148 x 82 x 89 cm - TRUUSK - Hem, Tr\u00e4dg\u00e5rd &amp; Fritid\" \/>\n<meta property=\"og:description\" content=\"Ta med lite chic till din matsal! Den multifunktionella b\u00e4ddsoffan 2 i 1 kan anv\u00e4ndas som en soffa p\u00e5 dagen...\" \/>\n<meta property=\"og:url\" content=\"https:\/\/truusk.store\/sv\/produkt\/truusk-hopfallbar-baddsoffa-2-sits-tygsoffa-med-sovfunktion-justerbar-vinkel-svart-148-x-82-x-89-cm\/\" \/>\n<meta property=\"og:site_name\" content=\"TRUUSK - Hem, Tr\u00e4dg\u00e5rd &amp; Fritid\" \/>\n<meta property=\"article:modified_time\" content=\"2026-03-12T07:55:51+00:00\" \/>\n<meta property=\"og:image\" content=\"https:\/\/i0.wp.com\/truusk.se\/wp-content\/uploads\/2024\/02\/baddsoffa-hopfallbar-soffa-2-sits-tygsoffa-baddsoffa-soffa-med-sovfunktion-soffgrupp-justerbar-vinkel-svart-148-x-82-x-89-cm.webp?fit=800%2C800&ssl=1\" \/>\n\t<meta property=\"og:image:width\" content=\"800\" \/>\n\t<meta property=\"og:image:height\" content=\"800\" \/>\n\t<meta property=\"og:image:type\" content=\"image\/webp\" \/>\n<meta name=\"twitter:card\" content=\"summary_large_image\" \/>\n<meta name=\"twitter:label1\" content=\"Ber\u00e4knad l\u00e4stid\" \/>\n\t<meta name=\"twitter:data1\" content=\"1 minut\" \/>\n<!-- \/ Yoast SEO plugin. -->","yoast_head_json":{"title":"TRUUSK Hopf\u00e4llbar B\u00e4ddsoffa - 2-sits Tygsoffa - Med Sovfunktion - Justerbar Vinkel - Svart - 148 x 82 x 89 cm - TRUUSK - Hem, Tr\u00e4dg\u00e5rd &amp; Fritid","robots":{"index":"index","follow":"follow","max-snippet":"max-snippet:-1","max-image-preview":"max-image-preview:large","max-video-preview":"max-video-preview:-1"},"canonical":"https:\/\/truusk.store\/sv\/produkt\/truusk-hopfallbar-baddsoffa-2-sits-tygsoffa-med-sovfunktion-justerbar-vinkel-svart-148-x-82-x-89-cm\/","og_locale":"sv_SE","og_type":"article","og_title":"TRUUSK Hopf\u00e4llbar B\u00e4ddsoffa - 2-sits Tygsoffa - Med Sovfunktion - Justerbar Vinkel - Svart - 148 x 82 x 89 cm - TRUUSK - Hem, Tr\u00e4dg\u00e5rd &amp; Fritid","og_description":"Ta med lite chic till din matsal! Den multifunktionella b\u00e4ddsoffan 2 i 1 kan anv\u00e4ndas som en soffa p\u00e5 dagen...","og_url":"https:\/\/truusk.store\/sv\/produkt\/truusk-hopfallbar-baddsoffa-2-sits-tygsoffa-med-sovfunktion-justerbar-vinkel-svart-148-x-82-x-89-cm\/","og_site_name":"TRUUSK - Hem, Tr\u00e4dg\u00e5rd &amp; Fritid","article_modified_time":"2026-03-12T07:55:51+00:00","og_image":[{"width":800,"height":800,"url":"https:\/\/i0.wp.com\/truusk.se\/wp-content\/uploads\/2024\/02\/baddsoffa-hopfallbar-soffa-2-sits-tygsoffa-baddsoffa-soffa-med-sovfunktion-soffgrupp-justerbar-vinkel-svart-148-x-82-x-89-cm.webp?fit=800%2C800&ssl=1","type":"image\/webp"}],"twitter_card":"summary_large_image","twitter_misc":{"Ber\u00e4knad l\u00e4stid":"1 minut"},"schema":{"@context":"https:\/\/schema.org","@graph":[{"@type":"WebPage","@id":"https:\/\/truusk.store\/sv\/produkt\/truusk-hopfallbar-baddsoffa-2-sits-tygsoffa-med-sovfunktion-justerbar-vinkel-svart-148-x-82-x-89-cm\/","url":"https:\/\/truusk.store\/sv\/produkt\/truusk-hopfallbar-baddsoffa-2-sits-tygsoffa-med-sovfunktion-justerbar-vinkel-svart-148-x-82-x-89-cm\/","name":"TRUUSK Hopf\u00e4llbar B\u00e4ddsoffa - 2-sits Tygsoffa - Med Sovfunktion - Justerbar Vinkel - Svart - 148 x 82 x 89 cm - TRUUSK - Hem, Tr\u00e4dg\u00e5rd &amp; Fritid","isPartOf":{"@id":"https:\/\/truusk.store\/sv\/#website"},"primaryImageOfPage":{"@id":"https:\/\/truusk.store\/sv\/produkt\/truusk-hopfallbar-baddsoffa-2-sits-tygsoffa-med-sovfunktion-justerbar-vinkel-svart-148-x-82-x-89-cm\/#primaryimage"},"image":{"@id":"https:\/\/truusk.store\/sv\/produkt\/truusk-hopfallbar-baddsoffa-2-sits-tygsoffa-med-sovfunktion-justerbar-vinkel-svart-148-x-82-x-89-cm\/#primaryimage"},"thumbnailUrl":"https:\/\/i0.wp.com\/truusk.store\/wp-content\/uploads\/2024\/02\/baddsoffa-hopfallbar-soffa-2-sits-tygsoffa-baddsoffa-soffa-med-sovfunktion-soffgrupp-justerbar-vinkel-svart-148-x-82-x-89-cm.webp?fit=800%2C800&ssl=1","datePublished":"2024-02-13T08:28:09+00:00","dateModified":"2026-03-12T07:55:51+00:00","breadcrumb":{"@id":"https:\/\/truusk.store\/sv\/produkt\/truusk-hopfallbar-baddsoffa-2-sits-tygsoffa-med-sovfunktion-justerbar-vinkel-svart-148-x-82-x-89-cm\/#breadcrumb"},"inLanguage":"sv-SE","potentialAction":[{"@type":"ReadAction","target":["https:\/\/truusk.store\/sv\/produkt\/truusk-hopfallbar-baddsoffa-2-sits-tygsoffa-med-sovfunktion-justerbar-vinkel-svart-148-x-82-x-89-cm\/"]}]},{"@type":"ImageObject","inLanguage":"sv-SE","@id":"https:\/\/truusk.store\/sv\/produkt\/truusk-hopfallbar-baddsoffa-2-sits-tygsoffa-med-sovfunktion-justerbar-vinkel-svart-148-x-82-x-89-cm\/#primaryimage","url":"https:\/\/i0.wp.com\/truusk.store\/wp-content\/uploads\/2024\/02\/baddsoffa-hopfallbar-soffa-2-sits-tygsoffa-baddsoffa-soffa-med-sovfunktion-soffgrupp-justerbar-vinkel-svart-148-x-82-x-89-cm.webp?fit=800%2C800&ssl=1","contentUrl":"https:\/\/i0.wp.com\/truusk.store\/wp-content\/uploads\/2024\/02\/baddsoffa-hopfallbar-soffa-2-sits-tygsoffa-baddsoffa-soffa-med-sovfunktion-soffgrupp-justerbar-vinkel-svart-148-x-82-x-89-cm.webp?fit=800%2C800&ssl=1","width":800,"height":800,"caption":"B\u00e4ddsoffa, Hopf\u00e4llbar Soffa, 2-sits Tygsoffa, B\u00e4ddsoffa, Soffa Med Sovfunktion, Soffgrupp, Justerbar Vinkel, Svart, 148 X 82 X 89 Cm 1"},{"@type":"BreadcrumbList","@id":"https:\/\/truusk.store\/sv\/produkt\/truusk-hopfallbar-baddsoffa-2-sits-tygsoffa-med-sovfunktion-justerbar-vinkel-svart-148-x-82-x-89-cm\/#breadcrumb","itemListElement":[{"@type":"ListItem","position":1,"name":"Home","item":"https:\/\/truusk.store\/sv\/"},{"@type":"ListItem","position":2,"name":"Shop","item":"https:\/\/truusk.store\/shop\/"},{"@type":"ListItem","position":3,"name":"TRUUSK Hopf\u00e4llbar B\u00e4ddsoffa &#8211; 2-sits Tygsoffa &#8211; Med Sovfunktion &#8211; Justerbar Vinkel &#8211; Svart &#8211; 148 x 82 x 89 cm"}]},{"@type":"WebSite","@id":"https:\/\/truusk.store\/sv\/#website","url":"https:\/\/truusk.store\/sv\/","name":"TRUUSK - Hem, Tr\u00e4dg\u00e5rd & Fritid","description":"","publisher":{"@id":"https:\/\/truusk.store\/sv\/#organization"},"potentialAction":[{"@type":"SearchAction","target":{"@type":"EntryPoint","urlTemplate":"https:\/\/truusk.store\/sv\/?s={search_term_string}"},"query-input":{"@type":"PropertyValueSpecification","valueRequired":true,"valueName":"search_term_string"}}],"inLanguage":"sv-SE"},{"@type":"Organization","@id":"https:\/\/truusk.store\/sv\/#organization","name":"TRUUSK - Hem, Tr\u00e4dg\u00e5rd & Fritid","url":"https:\/\/truusk.store\/sv\/","logo":{"@type":"ImageObject","inLanguage":"sv-SE","@id":"https:\/\/truusk.store\/sv\/#\/schema\/logo\/image\/","url":"https:\/\/i0.wp.com\/truusk.store\/wp-content\/uploads\/2026\/03\/cropped-TRUUSK.png?fit=2032%2C917&ssl=1","contentUrl":"https:\/\/i0.wp.com\/truusk.store\/wp-content\/uploads\/2026\/03\/cropped-TRUUSK.png?fit=2032%2C917&ssl=1","width":2032,"height":917,"caption":"TRUUSK - Hem, Tr\u00e4dg\u00e5rd & Fritid"},"image":{"@id":"https:\/\/truusk.store\/sv\/#\/schema\/logo\/image\/"}}]}},"jetpack_sharing_enabled":true,"_links":{"self":[{"href":"https:\/\/truusk.store\/sv\/wp-json\/wp\/v2\/product\/8809","targetHints":{"allow":["GET"]}}],"collection":[{"href":"https:\/\/truusk.store\/sv\/wp-json\/wp\/v2\/product"}],"about":[{"href":"https:\/\/truusk.store\/sv\/wp-json\/wp\/v2\/types\/product"}],"wp:featuredmedia":[{"embeddable":true,"href":"https:\/\/truusk.store\/sv\/wp-json\/wp\/v2\/media\/8810"}],"wp:attachment":[{"href":"https:\/\/truusk.store\/sv\/wp-json\/wp\/v2\/media?parent=8809"}],"wp:term":[{"taxonomy":"product_brand","embeddable":true,"href":"https:\/\/truusk.store\/sv\/wp-json\/wp\/v2\/product_brand?post=8809"},{"taxonomy":"product_cat","embeddable":true,"href":"https:\/\/truusk.store\/sv\/wp-json\/wp\/v2\/product_cat?post=8809"},{"taxonomy":"product_tag","embeddable":true,"href":"https:\/\/truusk.store\/sv\/wp-json\/wp\/v2\/product_tag?post=8809"}],"curies":[{"name":"wp","href":"https:\/\/api.w.org\/{rel}","templated":true}]}}