{"id":88095,"date":"2025-08-20T07:26:28","date_gmt":"2025-08-20T06:26:28","guid":{"rendered":"https:\/\/truusk.store\/product\/aiyaplay-11-delars-stegstenar-halkfritt-design-for-inomhus-utomhus-stapelbara-fargglada\/"},"modified":"2026-03-12T08:46:33","modified_gmt":"2026-03-12T07:46:33","slug":"truusk-11-delars-stegstenar-halkfritt-design-for-inomhus-utomhus-stapelbara-fargglada","status":"publish","type":"product","link":"https:\/\/truusk.store\/sv\/produkt\/truusk-11-delars-stegstenar-halkfritt-design-for-inomhus-utomhus-stapelbara-fargglada\/","title":{"rendered":"TRUUSK 11-delars Stegstenar &#8211; Halkfritt Design &#8211; F\u00f6r Inomhus &amp; Utomhus &#8211; Stapelbara &#8211; F\u00e4rgglada"},"content":{"rendered":"<p>AIYAPLAY balansstenar \u00e4r perfekta f\u00f6r v\u00e4xande barn. Detta set med 11 delar fr\u00e4mjar balans och koordination. Deras triangul\u00e4ra form och ljusa f\u00e4rger uppmuntrar till lek. De erbjuder s\u00e4kerhet genom halkfria omslag och strukturerade ytor. De \u00e4r l\u00e4tta, stapelbara och l\u00e4mpliga b\u00e5de f\u00f6r inomhus och utomhus. Med dessa sensoriska stapelstenar g\u00f6r du leken s\u00e4ker och rolig.<\/p>\n<p>Beskrivning:<\/p>\n<ul>\n<li> 11-delars stapelstensset med fyra olika storlekar<\/li>\n<li> Halkfritt design av balansstenar f\u00f6r s\u00e4kerhet, m\u00f6jligg\u00f6r f\u00f6r barn att leka sj\u00e4lvf\u00f6rtroende<\/li>\n<li> St\u00f6der upp till 80 kg f\u00f6r h\u00e5llbarhet och s\u00e4ker anv\u00e4ndning<\/li>\n<li> Idealisk f\u00f6r inomhus och utomhus<\/li>\n<li> Fr\u00e4mjar balans och koordination, \u00f6kar kroppskontroll och kreativitet<\/li>\n<li> Stapelbar, l\u00e4tt och enkel att b\u00e4ra och f\u00f6rvara var som helst<\/li>\n<li> Rolig och s\u00e4ker metod f\u00f6r att f\u00f6rb\u00e4ttra barns motoriska f\u00e4rdigheter och smidighet<\/li>\n<li> Rekommenderad \u00e5lder fr\u00e5n 3-8 \u00e5r<\/li>\n<\/ul>\n<p> Tekniska data:<\/p>\n<ul>\n<li> F\u00e4rg: Flerf\u00e4rgad<\/li>\n<li> Material: Plast, TPE<\/li>\n<li> Extra stor sten: 40L x 40B x 20,4H cm<\/li>\n<li> Stora stenar: 37,5L x 37,5B x 16H cm<\/li>\n<li> Medelstora stenar: 34,3L x 34,3B x 7,6H cm<\/li>\n<li> Sm\u00e5 stenar: 23L x 23B x 4,3H cm<\/li>\n<li> Godk\u00e4nd \u00e5lder: 3+ \u00e5r<\/li>\n<li> Rekommenderad \u00e5lder: 3-8 \u00e5r<\/li>\n<li> Maximal belastning: 80 kg<\/li>\n<\/ul>\n<p>Leveransinneh\u00e5ll:<\/p>\n<ul>\n<li> 11 x trampstenar<\/li>\n<li> 1 x handbok<\/li>\n<\/ul>\n","protected":false},"excerpt":{"rendered":"<p>AIYAPLAY balansstenar \u00e4r perfekta f\u00f6r v\u00e4xande barn. Detta set med 11 delar fr\u00e4mjar balans och koordination. Deras triangul\u00e4ra form och&#8230;<\/p>\n","protected":false},"featured_media":88086,"template":"","meta":[],"product_brand":[],"product_cat":[880,939,616],"product_tag":[],"class_list":{"0":"post-88095","1":"product","2":"type-product","3":"status-publish","4":"has-post-thumbnail","6":"product_cat-baby-barn-2","7":"product_cat-barnsport","8":"product_cat-utomhusleksaker","10":"first","11":"instock","12":"sale","13":"taxable","14":"shipping-taxable","15":"purchasable","16":"product-type-simple"},"yoast_head":"<!-- This site is optimized with the Yoast SEO plugin v25.4 - https:\/\/yoast.com\/wordpress\/plugins\/seo\/ -->\n<title>TRUUSK 11-delars Stegstenar - Halkfritt Design - F\u00f6r Inomhus &amp; Utomhus - Stapelbara - F\u00e4rgglada - TRUUSK - Hem, Tr\u00e4dg\u00e5rd &amp; Fritid<\/title>\n<meta name=\"robots\" content=\"index, follow, max-snippet:-1, max-image-preview:large, max-video-preview:-1\" \/>\n<link rel=\"canonical\" href=\"https:\/\/truusk.store\/sv\/produkt\/truusk-11-delars-stegstenar-halkfritt-design-for-inomhus-utomhus-stapelbara-fargglada\/\" \/>\n<meta property=\"og:locale\" content=\"sv_SE\" \/>\n<meta property=\"og:type\" content=\"article\" \/>\n<meta property=\"og:title\" content=\"TRUUSK 11-delars Stegstenar - Halkfritt Design - F\u00f6r Inomhus &amp; Utomhus - Stapelbara - F\u00e4rgglada - TRUUSK - Hem, Tr\u00e4dg\u00e5rd &amp; Fritid\" \/>\n<meta property=\"og:description\" content=\"AIYAPLAY balansstenar \u00e4r perfekta f\u00f6r v\u00e4xande barn. Detta set med 11 delar fr\u00e4mjar balans och koordination. Deras triangul\u00e4ra form och...\" \/>\n<meta property=\"og:url\" content=\"https:\/\/truusk.store\/sv\/produkt\/truusk-11-delars-stegstenar-halkfritt-design-for-inomhus-utomhus-stapelbara-fargglada\/\" \/>\n<meta property=\"og:site_name\" content=\"TRUUSK - Hem, Tr\u00e4dg\u00e5rd &amp; Fritid\" \/>\n<meta property=\"article:modified_time\" content=\"2026-03-12T07:46:33+00:00\" \/>\n<meta property=\"og:image\" content=\"https:\/\/i0.wp.com\/truusk.se\/wp-content\/uploads\/2025\/08\/aiyaplay-11-delars-stegstenar-halkfritt-design-for-inomhus-utomhus-stapelbara-fargglada-1.webp?fit=2000%2C2000&ssl=1\" \/>\n\t<meta property=\"og:image:width\" content=\"2000\" \/>\n\t<meta property=\"og:image:height\" content=\"2000\" \/>\n\t<meta property=\"og:image:type\" content=\"image\/webp\" \/>\n<meta name=\"twitter:card\" content=\"summary_large_image\" \/>\n<meta name=\"twitter:label1\" content=\"Ber\u00e4knad l\u00e4stid\" \/>\n\t<meta name=\"twitter:data1\" content=\"1 minut\" \/>\n<!-- \/ Yoast SEO plugin. -->","yoast_head_json":{"title":"TRUUSK 11-delars Stegstenar - Halkfritt Design - F\u00f6r Inomhus &amp; Utomhus - Stapelbara - F\u00e4rgglada - TRUUSK - Hem, Tr\u00e4dg\u00e5rd &amp; Fritid","robots":{"index":"index","follow":"follow","max-snippet":"max-snippet:-1","max-image-preview":"max-image-preview:large","max-video-preview":"max-video-preview:-1"},"canonical":"https:\/\/truusk.store\/sv\/produkt\/truusk-11-delars-stegstenar-halkfritt-design-for-inomhus-utomhus-stapelbara-fargglada\/","og_locale":"sv_SE","og_type":"article","og_title":"TRUUSK 11-delars Stegstenar - Halkfritt Design - F\u00f6r Inomhus &amp; Utomhus - Stapelbara - F\u00e4rgglada - TRUUSK - Hem, Tr\u00e4dg\u00e5rd &amp; Fritid","og_description":"AIYAPLAY balansstenar \u00e4r perfekta f\u00f6r v\u00e4xande barn. Detta set med 11 delar fr\u00e4mjar balans och koordination. Deras triangul\u00e4ra form och...","og_url":"https:\/\/truusk.store\/sv\/produkt\/truusk-11-delars-stegstenar-halkfritt-design-for-inomhus-utomhus-stapelbara-fargglada\/","og_site_name":"TRUUSK - Hem, Tr\u00e4dg\u00e5rd &amp; Fritid","article_modified_time":"2026-03-12T07:46:33+00:00","og_image":[{"width":2000,"height":2000,"url":"https:\/\/i0.wp.com\/truusk.se\/wp-content\/uploads\/2025\/08\/aiyaplay-11-delars-stegstenar-halkfritt-design-for-inomhus-utomhus-stapelbara-fargglada-1.webp?fit=2000%2C2000&ssl=1","type":"image\/webp"}],"twitter_card":"summary_large_image","twitter_misc":{"Ber\u00e4knad l\u00e4stid":"1 minut"},"schema":{"@context":"https:\/\/schema.org","@graph":[{"@type":"WebPage","@id":"https:\/\/truusk.store\/sv\/produkt\/truusk-11-delars-stegstenar-halkfritt-design-for-inomhus-utomhus-stapelbara-fargglada\/","url":"https:\/\/truusk.store\/sv\/produkt\/truusk-11-delars-stegstenar-halkfritt-design-for-inomhus-utomhus-stapelbara-fargglada\/","name":"TRUUSK 11-delars Stegstenar - Halkfritt Design - F\u00f6r Inomhus &amp; Utomhus - Stapelbara - F\u00e4rgglada - TRUUSK - Hem, Tr\u00e4dg\u00e5rd &amp; Fritid","isPartOf":{"@id":"https:\/\/truusk.store\/sv\/#website"},"primaryImageOfPage":{"@id":"https:\/\/truusk.store\/sv\/produkt\/truusk-11-delars-stegstenar-halkfritt-design-for-inomhus-utomhus-stapelbara-fargglada\/#primaryimage"},"image":{"@id":"https:\/\/truusk.store\/sv\/produkt\/truusk-11-delars-stegstenar-halkfritt-design-for-inomhus-utomhus-stapelbara-fargglada\/#primaryimage"},"thumbnailUrl":"https:\/\/i0.wp.com\/truusk.store\/wp-content\/uploads\/2025\/08\/aiyaplay-11-delars-stegstenar-halkfritt-design-for-inomhus-utomhus-stapelbara-fargglada-1.webp?fit=2000%2C2000&ssl=1","datePublished":"2025-08-20T06:26:28+00:00","dateModified":"2026-03-12T07:46:33+00:00","breadcrumb":{"@id":"https:\/\/truusk.store\/sv\/produkt\/truusk-11-delars-stegstenar-halkfritt-design-for-inomhus-utomhus-stapelbara-fargglada\/#breadcrumb"},"inLanguage":"sv-SE","potentialAction":[{"@type":"ReadAction","target":["https:\/\/truusk.store\/sv\/produkt\/truusk-11-delars-stegstenar-halkfritt-design-for-inomhus-utomhus-stapelbara-fargglada\/"]}]},{"@type":"ImageObject","inLanguage":"sv-SE","@id":"https:\/\/truusk.store\/sv\/produkt\/truusk-11-delars-stegstenar-halkfritt-design-for-inomhus-utomhus-stapelbara-fargglada\/#primaryimage","url":"https:\/\/i0.wp.com\/truusk.store\/wp-content\/uploads\/2025\/08\/aiyaplay-11-delars-stegstenar-halkfritt-design-for-inomhus-utomhus-stapelbara-fargglada-1.webp?fit=2000%2C2000&ssl=1","contentUrl":"https:\/\/i0.wp.com\/truusk.store\/wp-content\/uploads\/2025\/08\/aiyaplay-11-delars-stegstenar-halkfritt-design-for-inomhus-utomhus-stapelbara-fargglada-1.webp?fit=2000%2C2000&ssl=1","width":2000,"height":2000},{"@type":"BreadcrumbList","@id":"https:\/\/truusk.store\/sv\/produkt\/truusk-11-delars-stegstenar-halkfritt-design-for-inomhus-utomhus-stapelbara-fargglada\/#breadcrumb","itemListElement":[{"@type":"ListItem","position":1,"name":"Home","item":"https:\/\/truusk.store\/sv\/"},{"@type":"ListItem","position":2,"name":"Shop","item":"https:\/\/truusk.store\/shop\/"},{"@type":"ListItem","position":3,"name":"TRUUSK 11-delars Stegstenar &#8211; Halkfritt Design &#8211; F\u00f6r Inomhus &amp; Utomhus &#8211; Stapelbara &#8211; F\u00e4rgglada"}]},{"@type":"WebSite","@id":"https:\/\/truusk.store\/sv\/#website","url":"https:\/\/truusk.store\/sv\/","name":"TRUUSK - Hem, Tr\u00e4dg\u00e5rd & Fritid","description":"","publisher":{"@id":"https:\/\/truusk.store\/sv\/#organization"},"potentialAction":[{"@type":"SearchAction","target":{"@type":"EntryPoint","urlTemplate":"https:\/\/truusk.store\/sv\/?s={search_term_string}"},"query-input":{"@type":"PropertyValueSpecification","valueRequired":true,"valueName":"search_term_string"}}],"inLanguage":"sv-SE"},{"@type":"Organization","@id":"https:\/\/truusk.store\/sv\/#organization","name":"TRUUSK - Hem, Tr\u00e4dg\u00e5rd & Fritid","url":"https:\/\/truusk.store\/sv\/","logo":{"@type":"ImageObject","inLanguage":"sv-SE","@id":"https:\/\/truusk.store\/sv\/#\/schema\/logo\/image\/","url":"https:\/\/i0.wp.com\/truusk.store\/wp-content\/uploads\/2026\/03\/cropped-TRUUSK.png?fit=2032%2C917&ssl=1","contentUrl":"https:\/\/i0.wp.com\/truusk.store\/wp-content\/uploads\/2026\/03\/cropped-TRUUSK.png?fit=2032%2C917&ssl=1","width":2032,"height":917,"caption":"TRUUSK - Hem, Tr\u00e4dg\u00e5rd & Fritid"},"image":{"@id":"https:\/\/truusk.store\/sv\/#\/schema\/logo\/image\/"}}]}},"jetpack_sharing_enabled":true,"_links":{"self":[{"href":"https:\/\/truusk.store\/sv\/wp-json\/wp\/v2\/product\/88095","targetHints":{"allow":["GET"]}}],"collection":[{"href":"https:\/\/truusk.store\/sv\/wp-json\/wp\/v2\/product"}],"about":[{"href":"https:\/\/truusk.store\/sv\/wp-json\/wp\/v2\/types\/product"}],"wp:featuredmedia":[{"embeddable":true,"href":"https:\/\/truusk.store\/sv\/wp-json\/wp\/v2\/media\/88086"}],"wp:attachment":[{"href":"https:\/\/truusk.store\/sv\/wp-json\/wp\/v2\/media?parent=88095"}],"wp:term":[{"taxonomy":"product_brand","embeddable":true,"href":"https:\/\/truusk.store\/sv\/wp-json\/wp\/v2\/product_brand?post=88095"},{"taxonomy":"product_cat","embeddable":true,"href":"https:\/\/truusk.store\/sv\/wp-json\/wp\/v2\/product_cat?post=88095"},{"taxonomy":"product_tag","embeddable":true,"href":"https:\/\/truusk.store\/sv\/wp-json\/wp\/v2\/product_tag?post=88095"}],"curies":[{"name":"wp","href":"https:\/\/api.w.org\/{rel}","templated":true}]}}