{"id":88105,"date":"2025-08-20T07:27:40","date_gmt":"2025-08-20T06:27:40","guid":{"rendered":"https:\/\/truusk.store\/product\/aiyaplay-5-i-1-barnrutschset-teleskop-basketkorg-plast-gulgron\/"},"modified":"2026-03-12T08:46:35","modified_gmt":"2026-03-12T07:46:35","slug":"truusk-hundvagn-och-kattvagn-2-i-1-design-hopfallbar-regnskydd-natventiler-kudde-for-hundar-och-katter-upp-till-10-kg","status":"publish","type":"product","link":"https:\/\/truusk.store\/sv\/produkt\/truusk-hundvagn-och-kattvagn-2-i-1-design-hopfallbar-regnskydd-natventiler-kudde-for-hundar-och-katter-upp-till-10-kg\/","title":{"rendered":"TRUUSK Hundvagn och Kattvagn &#8211; 2-i-1 Design &#8211; Hopf\u00e4llbar &#8211; Regnskydd &#8211; N\u00e4tventiler &#8211; Kudde &#8211; F\u00f6r Hundar och Katter upp till 10 kg"},"content":{"rendered":"<p>F\u00f6rvandla ditt hem till en magisk v\u00e4rld med AIYAPLAY barnrutschbaneset. Lyssna p\u00e5 ditt barns glada skratt n\u00e4r det susar nerf\u00f6r rutschbanan och g\u00e5r p\u00e5 uppt\u00e4cktsf\u00e4rd med ett teleskop. Tillverkat av s\u00e4kert HDPE, ger detta tr\u00e4dg\u00e5rdsrutschbaneset lugn och fr\u00e4mjar kreativitet samt v\u00e4nskap. Dina sm\u00e5 utvecklar s\u00e4kert och kreativt nya f\u00e4rdigheter, vilket berikar den dagliga leken.<\/p>\n<p>Beskrivning:<\/p>\n<ul>\n<li> 5-i-1 barnrutschbaneset erbjuder o\u00e4ndliga lekm\u00f6jligheter inomhus<\/li>\n<li> Sl\u00e4t, s\u00e4ker rutschbana med speciellt utformade zoner f\u00f6r en mjuk \u00e5ktur<\/li>\n<li> Tillverkad av HDPE, s\u00e4kert f\u00f6r sm\u00e5barns h\u00e4lsa<\/li>\n<li> Halkfria steg p\u00e5 barnrutschbanan f\u00f6r s\u00e4ker kl\u00e4ttring<\/li>\n<li> Inkluderar ett lekteleskop och en basketkorg, fr\u00e4mjar kreativitet och l\u00e4rande<\/li>\n<li> Kommer med basketboll och pump, redo att spela direkt<\/li>\n<li> Modul\u00e4r design, l\u00e4tt att montera p\u00e5 cirka 20 minuter.<\/li>\n<\/ul>\n<p> Tekniska specifikationer:<\/p>\n<ul>\n<li> F\u00e4rg: Gul+Gr\u00f6n<\/li>\n<li> Material: Plast<\/li>\n<li> Totala dimensioner: 178L x 70B x 86H cm<\/li>\n<li> Rutschbanans inre m\u00e5tt: 133L x 32B cm<\/li>\n<li> Plattformens storlek: 36L x 28B cm<\/li>\n<li> Storlek f\u00f6rvaringsl\u00e5da: 36L x 33B x 27H cm<\/li>\n<li> Rekommenderad \u00e5lder: 1-3 \u00e5r<\/li>\n<li> Godk\u00e4nd \u00e5lder: 1+ \u00e5r<\/li>\n<li> Maximal belastning: 30 kg<\/li>\n<\/ul>\n<p>Ing\u00e5r i leveransen:<\/p>\n<ul>\n<li> 1 x Rutschbaneset<\/li>\n<li> 1 x Basketkorg<\/li>\n<li> 1 x Basketboll<\/li>\n<li> 1 x Pump<\/li>\n<li> 1 x Teleskop<\/li>\n<li> 1 x Manual<\/li>\n<\/ul>\n","protected":false},"excerpt":{"rendered":"<p>F\u00f6rvandla ditt hem till en magisk v\u00e4rld med AIYAPLAY barnrutschbaneset. Lyssna p\u00e5 ditt barns glada skratt n\u00e4r det susar nerf\u00f6r&#8230;<\/p>\n","protected":false},"featured_media":88096,"template":"","meta":[],"product_brand":[],"product_cat":[880,622,616],"product_tag":[],"class_list":{"0":"post-88105","1":"product","2":"type-product","3":"status-publish","4":"has-post-thumbnail","6":"product_cat-baby-barn-2","7":"product_cat-barnrutschbanor","8":"product_cat-utomhusleksaker","10":"first","11":"instock","12":"sale","13":"taxable","14":"shipping-taxable","15":"purchasable","16":"product-type-simple"},"yoast_head":"<!-- This site is optimized with the Yoast SEO plugin v25.4 - https:\/\/yoast.com\/wordpress\/plugins\/seo\/ -->\n<title>TRUUSK Hundvagn och Kattvagn - 2-i-1 Design - Hopf\u00e4llbar - Regnskydd - N\u00e4tventiler - Kudde - F\u00f6r Hundar och Katter upp till 10 kg - TRUUSK - Hem, Tr\u00e4dg\u00e5rd &amp; Fritid<\/title>\n<meta name=\"robots\" content=\"index, follow, max-snippet:-1, max-image-preview:large, max-video-preview:-1\" \/>\n<link rel=\"canonical\" href=\"https:\/\/truusk.store\/sv\/produkt\/truusk-hundvagn-och-kattvagn-2-i-1-design-hopfallbar-regnskydd-natventiler-kudde-for-hundar-och-katter-upp-till-10-kg\/\" \/>\n<meta property=\"og:locale\" content=\"sv_SE\" \/>\n<meta property=\"og:type\" content=\"article\" \/>\n<meta property=\"og:title\" content=\"TRUUSK Hundvagn och Kattvagn - 2-i-1 Design - Hopf\u00e4llbar - Regnskydd - N\u00e4tventiler - Kudde - F\u00f6r Hundar och Katter upp till 10 kg - TRUUSK - Hem, Tr\u00e4dg\u00e5rd &amp; Fritid\" \/>\n<meta property=\"og:description\" content=\"F\u00f6rvandla ditt hem till en magisk v\u00e4rld med AIYAPLAY barnrutschbaneset. Lyssna p\u00e5 ditt barns glada skratt n\u00e4r det susar nerf\u00f6r...\" \/>\n<meta property=\"og:url\" content=\"https:\/\/truusk.store\/sv\/produkt\/truusk-hundvagn-och-kattvagn-2-i-1-design-hopfallbar-regnskydd-natventiler-kudde-for-hundar-och-katter-upp-till-10-kg\/\" \/>\n<meta property=\"og:site_name\" content=\"TRUUSK - Hem, Tr\u00e4dg\u00e5rd &amp; Fritid\" \/>\n<meta property=\"article:modified_time\" content=\"2026-03-12T07:46:35+00:00\" \/>\n<meta property=\"og:image\" content=\"https:\/\/i0.wp.com\/truusk.se\/wp-content\/uploads\/2025\/08\/aiyaplay-5-i-1-barnrutschset-teleskop-basketkorg-plast-gulgron-1.webp?fit=2000%2C2000&ssl=1\" \/>\n\t<meta property=\"og:image:width\" content=\"2000\" \/>\n\t<meta property=\"og:image:height\" content=\"2000\" \/>\n\t<meta property=\"og:image:type\" content=\"image\/webp\" \/>\n<meta name=\"twitter:card\" content=\"summary_large_image\" \/>\n<meta name=\"twitter:label1\" content=\"Ber\u00e4knad l\u00e4stid\" \/>\n\t<meta name=\"twitter:data1\" content=\"1 minut\" \/>\n<!-- \/ Yoast SEO plugin. -->","yoast_head_json":{"title":"TRUUSK Hundvagn och Kattvagn - 2-i-1 Design - Hopf\u00e4llbar - Regnskydd - N\u00e4tventiler - Kudde - F\u00f6r Hundar och Katter upp till 10 kg - TRUUSK - Hem, Tr\u00e4dg\u00e5rd &amp; Fritid","robots":{"index":"index","follow":"follow","max-snippet":"max-snippet:-1","max-image-preview":"max-image-preview:large","max-video-preview":"max-video-preview:-1"},"canonical":"https:\/\/truusk.store\/sv\/produkt\/truusk-hundvagn-och-kattvagn-2-i-1-design-hopfallbar-regnskydd-natventiler-kudde-for-hundar-och-katter-upp-till-10-kg\/","og_locale":"sv_SE","og_type":"article","og_title":"TRUUSK Hundvagn och Kattvagn - 2-i-1 Design - Hopf\u00e4llbar - Regnskydd - N\u00e4tventiler - Kudde - F\u00f6r Hundar och Katter upp till 10 kg - TRUUSK - Hem, Tr\u00e4dg\u00e5rd &amp; Fritid","og_description":"F\u00f6rvandla ditt hem till en magisk v\u00e4rld med AIYAPLAY barnrutschbaneset. Lyssna p\u00e5 ditt barns glada skratt n\u00e4r det susar nerf\u00f6r...","og_url":"https:\/\/truusk.store\/sv\/produkt\/truusk-hundvagn-och-kattvagn-2-i-1-design-hopfallbar-regnskydd-natventiler-kudde-for-hundar-och-katter-upp-till-10-kg\/","og_site_name":"TRUUSK - Hem, Tr\u00e4dg\u00e5rd &amp; Fritid","article_modified_time":"2026-03-12T07:46:35+00:00","og_image":[{"width":2000,"height":2000,"url":"https:\/\/i0.wp.com\/truusk.se\/wp-content\/uploads\/2025\/08\/aiyaplay-5-i-1-barnrutschset-teleskop-basketkorg-plast-gulgron-1.webp?fit=2000%2C2000&ssl=1","type":"image\/webp"}],"twitter_card":"summary_large_image","twitter_misc":{"Ber\u00e4knad l\u00e4stid":"1 minut"},"schema":{"@context":"https:\/\/schema.org","@graph":[{"@type":"WebPage","@id":"https:\/\/truusk.store\/sv\/produkt\/truusk-hundvagn-och-kattvagn-2-i-1-design-hopfallbar-regnskydd-natventiler-kudde-for-hundar-och-katter-upp-till-10-kg\/","url":"https:\/\/truusk.store\/sv\/produkt\/truusk-hundvagn-och-kattvagn-2-i-1-design-hopfallbar-regnskydd-natventiler-kudde-for-hundar-och-katter-upp-till-10-kg\/","name":"TRUUSK Hundvagn och Kattvagn - 2-i-1 Design - Hopf\u00e4llbar - Regnskydd - N\u00e4tventiler - Kudde - F\u00f6r Hundar och Katter upp till 10 kg - TRUUSK - Hem, Tr\u00e4dg\u00e5rd &amp; Fritid","isPartOf":{"@id":"https:\/\/truusk.store\/sv\/#website"},"primaryImageOfPage":{"@id":"https:\/\/truusk.store\/sv\/produkt\/truusk-hundvagn-och-kattvagn-2-i-1-design-hopfallbar-regnskydd-natventiler-kudde-for-hundar-och-katter-upp-till-10-kg\/#primaryimage"},"image":{"@id":"https:\/\/truusk.store\/sv\/produkt\/truusk-hundvagn-och-kattvagn-2-i-1-design-hopfallbar-regnskydd-natventiler-kudde-for-hundar-och-katter-upp-till-10-kg\/#primaryimage"},"thumbnailUrl":"https:\/\/i0.wp.com\/truusk.store\/wp-content\/uploads\/2025\/08\/aiyaplay-5-i-1-barnrutschset-teleskop-basketkorg-plast-gulgron-1.webp?fit=2000%2C2000&ssl=1","datePublished":"2025-08-20T06:27:40+00:00","dateModified":"2026-03-12T07:46:35+00:00","breadcrumb":{"@id":"https:\/\/truusk.store\/sv\/produkt\/truusk-hundvagn-och-kattvagn-2-i-1-design-hopfallbar-regnskydd-natventiler-kudde-for-hundar-och-katter-upp-till-10-kg\/#breadcrumb"},"inLanguage":"sv-SE","potentialAction":[{"@type":"ReadAction","target":["https:\/\/truusk.store\/sv\/produkt\/truusk-hundvagn-och-kattvagn-2-i-1-design-hopfallbar-regnskydd-natventiler-kudde-for-hundar-och-katter-upp-till-10-kg\/"]}]},{"@type":"ImageObject","inLanguage":"sv-SE","@id":"https:\/\/truusk.store\/sv\/produkt\/truusk-hundvagn-och-kattvagn-2-i-1-design-hopfallbar-regnskydd-natventiler-kudde-for-hundar-och-katter-upp-till-10-kg\/#primaryimage","url":"https:\/\/i0.wp.com\/truusk.store\/wp-content\/uploads\/2025\/08\/aiyaplay-5-i-1-barnrutschset-teleskop-basketkorg-plast-gulgron-1.webp?fit=2000%2C2000&ssl=1","contentUrl":"https:\/\/i0.wp.com\/truusk.store\/wp-content\/uploads\/2025\/08\/aiyaplay-5-i-1-barnrutschset-teleskop-basketkorg-plast-gulgron-1.webp?fit=2000%2C2000&ssl=1","width":2000,"height":2000},{"@type":"BreadcrumbList","@id":"https:\/\/truusk.store\/sv\/produkt\/truusk-hundvagn-och-kattvagn-2-i-1-design-hopfallbar-regnskydd-natventiler-kudde-for-hundar-och-katter-upp-till-10-kg\/#breadcrumb","itemListElement":[{"@type":"ListItem","position":1,"name":"Home","item":"https:\/\/truusk.store\/sv\/"},{"@type":"ListItem","position":2,"name":"Shop","item":"https:\/\/truusk.store\/shop\/"},{"@type":"ListItem","position":3,"name":"TRUUSK Hundvagn och Kattvagn &#8211; 2-i-1 Design &#8211; Hopf\u00e4llbar &#8211; Regnskydd &#8211; N\u00e4tventiler &#8211; Kudde &#8211; F\u00f6r Hundar och Katter upp till 10 kg"}]},{"@type":"WebSite","@id":"https:\/\/truusk.store\/sv\/#website","url":"https:\/\/truusk.store\/sv\/","name":"TRUUSK - Hem, Tr\u00e4dg\u00e5rd & Fritid","description":"","publisher":{"@id":"https:\/\/truusk.store\/sv\/#organization"},"potentialAction":[{"@type":"SearchAction","target":{"@type":"EntryPoint","urlTemplate":"https:\/\/truusk.store\/sv\/?s={search_term_string}"},"query-input":{"@type":"PropertyValueSpecification","valueRequired":true,"valueName":"search_term_string"}}],"inLanguage":"sv-SE"},{"@type":"Organization","@id":"https:\/\/truusk.store\/sv\/#organization","name":"TRUUSK - Hem, Tr\u00e4dg\u00e5rd & Fritid","url":"https:\/\/truusk.store\/sv\/","logo":{"@type":"ImageObject","inLanguage":"sv-SE","@id":"https:\/\/truusk.store\/sv\/#\/schema\/logo\/image\/","url":"https:\/\/i0.wp.com\/truusk.store\/wp-content\/uploads\/2026\/03\/cropped-TRUUSK.png?fit=2032%2C917&ssl=1","contentUrl":"https:\/\/i0.wp.com\/truusk.store\/wp-content\/uploads\/2026\/03\/cropped-TRUUSK.png?fit=2032%2C917&ssl=1","width":2032,"height":917,"caption":"TRUUSK - Hem, Tr\u00e4dg\u00e5rd & Fritid"},"image":{"@id":"https:\/\/truusk.store\/sv\/#\/schema\/logo\/image\/"}}]}},"jetpack_sharing_enabled":true,"_links":{"self":[{"href":"https:\/\/truusk.store\/sv\/wp-json\/wp\/v2\/product\/88105","targetHints":{"allow":["GET"]}}],"collection":[{"href":"https:\/\/truusk.store\/sv\/wp-json\/wp\/v2\/product"}],"about":[{"href":"https:\/\/truusk.store\/sv\/wp-json\/wp\/v2\/types\/product"}],"wp:featuredmedia":[{"embeddable":true,"href":"https:\/\/truusk.store\/sv\/wp-json\/wp\/v2\/media\/88096"}],"wp:attachment":[{"href":"https:\/\/truusk.store\/sv\/wp-json\/wp\/v2\/media?parent=88105"}],"wp:term":[{"taxonomy":"product_brand","embeddable":true,"href":"https:\/\/truusk.store\/sv\/wp-json\/wp\/v2\/product_brand?post=88105"},{"taxonomy":"product_cat","embeddable":true,"href":"https:\/\/truusk.store\/sv\/wp-json\/wp\/v2\/product_cat?post=88105"},{"taxonomy":"product_tag","embeddable":true,"href":"https:\/\/truusk.store\/sv\/wp-json\/wp\/v2\/product_tag?post=88105"}],"curies":[{"name":"wp","href":"https:\/\/api.w.org\/{rel}","templated":true}]}}