{"id":88115,"date":"2025-08-20T07:28:39","date_gmt":"2025-08-20T06:28:39","guid":{"rendered":"https:\/\/truusk.store\/product\/aiyaplay-5-delars-set-med-balanseringsstenar-stapelbara-grodform-plast-fargglada\/"},"modified":"2026-03-12T08:46:35","modified_gmt":"2026-03-12T07:46:35","slug":"truusk-5-delars-balanseringsstenar-set-stapelbara-grodform-fargglada-plast-for-barn","status":"publish","type":"product","link":"https:\/\/truusk.store\/sv\/produkt\/truusk-5-delars-balanseringsstenar-set-stapelbara-grodform-fargglada-plast-for-barn\/","title":{"rendered":"TRUUSK 5-delars Balanseringsstenar Set &#8211; Stapelbara &#8211; Grodform &#8211; F\u00e4rgglada &#8211; Plast &#8211; F\u00f6r Barn"},"content":{"rendered":"<p>Transformera ditt barns lek med de f\u00e4rgglada AIYAPLAY sensoriska stegstenarna. Dessa stenar stimulerar kreativiteten och fr\u00e4mjar lekfullt ber\u00e4ttande, b\u00e5de inomhus och utomhus. Varje sten \u00e4r s\u00e4kerhetsmedvetet designad med halkfria kanter, f\u00f6r dj\u00e4rva hopp och s\u00e4ker st\u00e5ndpunkt. N\u00e4r de hoppar \u00f6ver de f\u00e4rgglada elementen utvecklar sm\u00e5barn deras muskelstyrka, koordination och uppm\u00e4rksamhet, vilket g\u00f6r varje spel till en aktiv, gl\u00e4djefylld upplevelse.<\/p>\n<p>Beskrivning:<\/p>\n<ul>\n<li> Set med 5 stegstenar i roliga grodformer och lysande f\u00e4rger<\/li>\n<li> Halkfria kanter och solid konstruktion b\u00e4r s\u00e4kert upp till 80 kg<\/li>\n<li> Fr\u00e4mjar balans, koordination och motoriska f\u00e4rdigheter hos v\u00e4xande barn<\/li>\n<li> Barnstegstenarna kan fritt arrangeras f\u00f6r o\u00e4ndliga kreativa lekm\u00f6jligheter<\/li>\n<li> Staplingsbar design g\u00f6r de sensoriska stegstenarna l\u00e4tt att f\u00f6rvara<\/li>\n<li> L\u00e4mplig f\u00f6r inomhus och utomhus, \u00e5ret runt<\/li>\n<li> Tillverkad av robust plast, f\u00f6r s\u00e4ker anv\u00e4ndning av sm\u00e5barn<\/li>\n<li> Montering kr\u00e4vs<\/li>\n<\/ul>\n<p> Tekniska data:<\/p>\n<ul>\n<li> F\u00e4rg: Flerf\u00e4rgad<\/li>\n<li> Material: Plast, TPE<\/li>\n<li> Totala dimensioner: 33,5L x 33,5B x 28H cm<\/li>\n<li> Basstorlek: 33,8L x 33,5B x 8,5H cm<\/li>\n<li> Storlek p\u00e5 andra niv\u00e5n: 31L x 31B x 8,5H cm<\/li>\n<li> Storlek p\u00e5 tredje niv\u00e5n: 29L x 29B x 7,5H cm<\/li>\n<li> Storlek p\u00e5 fj\u00e4rde niv\u00e5n: 24,5L x 24,5B x 7H cm<\/li>\n<li> Storlek p\u00e5 femte niv\u00e5n: 18L x 18B x 5H cm<\/li>\n<li> Rekommenderad \u00e5lder: 2-8 \u00e5r<\/li>\n<li> Godk\u00e4nd \u00e5lder: 2+ \u00e5r<\/li>\n<li> Maximal belastning: 80 kg<\/li>\n<\/ul>\n<p>Leverans inneh\u00e5ller:<\/p>\n<ul>\n<li> 5 x Balans-stegstenar<\/li>\n<li> 1 x Handbok<\/li>\n<\/ul>\n","protected":false},"excerpt":{"rendered":"<p>Transformera ditt barns lek med de f\u00e4rgglada AIYAPLAY sensoriska stegstenarna. Dessa stenar stimulerar kreativiteten och fr\u00e4mjar lekfullt ber\u00e4ttande, b\u00e5de inomhus&#8230;<\/p>\n","protected":false},"featured_media":88106,"template":"","meta":[],"product_brand":[],"product_cat":[880,939,616],"product_tag":[],"class_list":{"0":"post-88115","1":"product","2":"type-product","3":"status-publish","4":"has-post-thumbnail","6":"product_cat-baby-barn-2","7":"product_cat-barnsport","8":"product_cat-utomhusleksaker","10":"first","11":"instock","12":"sale","13":"taxable","14":"shipping-taxable","15":"purchasable","16":"product-type-simple"},"yoast_head":"<!-- This site is optimized with the Yoast SEO plugin v25.4 - https:\/\/yoast.com\/wordpress\/plugins\/seo\/ -->\n<title>TRUUSK 5-delars Balanseringsstenar Set - Stapelbara - Grodform - F\u00e4rgglada - Plast - F\u00f6r Barn - TRUUSK - Hem, Tr\u00e4dg\u00e5rd &amp; Fritid<\/title>\n<meta name=\"robots\" content=\"index, follow, max-snippet:-1, max-image-preview:large, max-video-preview:-1\" \/>\n<link rel=\"canonical\" href=\"https:\/\/truusk.store\/sv\/produkt\/truusk-5-delars-balanseringsstenar-set-stapelbara-grodform-fargglada-plast-for-barn\/\" \/>\n<meta property=\"og:locale\" content=\"sv_SE\" \/>\n<meta property=\"og:type\" content=\"article\" \/>\n<meta property=\"og:title\" content=\"TRUUSK 5-delars Balanseringsstenar Set - Stapelbara - Grodform - F\u00e4rgglada - Plast - F\u00f6r Barn - TRUUSK - Hem, Tr\u00e4dg\u00e5rd &amp; Fritid\" \/>\n<meta property=\"og:description\" content=\"Transformera ditt barns lek med de f\u00e4rgglada AIYAPLAY sensoriska stegstenarna. Dessa stenar stimulerar kreativiteten och fr\u00e4mjar lekfullt ber\u00e4ttande, b\u00e5de inomhus...\" \/>\n<meta property=\"og:url\" content=\"https:\/\/truusk.store\/sv\/produkt\/truusk-5-delars-balanseringsstenar-set-stapelbara-grodform-fargglada-plast-for-barn\/\" \/>\n<meta property=\"og:site_name\" content=\"TRUUSK - Hem, Tr\u00e4dg\u00e5rd &amp; Fritid\" \/>\n<meta property=\"article:modified_time\" content=\"2026-03-12T07:46:35+00:00\" \/>\n<meta property=\"og:image\" content=\"https:\/\/i0.wp.com\/truusk.se\/wp-content\/uploads\/2025\/08\/aiyaplay-5-delars-set-med-balanseringsstenar-stapelbara-grodform-plast-fargglada-1.webp?fit=2000%2C2000&ssl=1\" \/>\n\t<meta property=\"og:image:width\" content=\"2000\" \/>\n\t<meta property=\"og:image:height\" content=\"2000\" \/>\n\t<meta property=\"og:image:type\" content=\"image\/webp\" \/>\n<meta name=\"twitter:card\" content=\"summary_large_image\" \/>\n<meta name=\"twitter:label1\" content=\"Ber\u00e4knad l\u00e4stid\" \/>\n\t<meta name=\"twitter:data1\" content=\"1 minut\" \/>\n<!-- \/ Yoast SEO plugin. -->","yoast_head_json":{"title":"TRUUSK 5-delars Balanseringsstenar Set - Stapelbara - Grodform - F\u00e4rgglada - Plast - F\u00f6r Barn - TRUUSK - Hem, Tr\u00e4dg\u00e5rd &amp; Fritid","robots":{"index":"index","follow":"follow","max-snippet":"max-snippet:-1","max-image-preview":"max-image-preview:large","max-video-preview":"max-video-preview:-1"},"canonical":"https:\/\/truusk.store\/sv\/produkt\/truusk-5-delars-balanseringsstenar-set-stapelbara-grodform-fargglada-plast-for-barn\/","og_locale":"sv_SE","og_type":"article","og_title":"TRUUSK 5-delars Balanseringsstenar Set - Stapelbara - Grodform - F\u00e4rgglada - Plast - F\u00f6r Barn - TRUUSK - Hem, Tr\u00e4dg\u00e5rd &amp; Fritid","og_description":"Transformera ditt barns lek med de f\u00e4rgglada AIYAPLAY sensoriska stegstenarna. Dessa stenar stimulerar kreativiteten och fr\u00e4mjar lekfullt ber\u00e4ttande, b\u00e5de inomhus...","og_url":"https:\/\/truusk.store\/sv\/produkt\/truusk-5-delars-balanseringsstenar-set-stapelbara-grodform-fargglada-plast-for-barn\/","og_site_name":"TRUUSK - Hem, Tr\u00e4dg\u00e5rd &amp; Fritid","article_modified_time":"2026-03-12T07:46:35+00:00","og_image":[{"width":2000,"height":2000,"url":"https:\/\/i0.wp.com\/truusk.se\/wp-content\/uploads\/2025\/08\/aiyaplay-5-delars-set-med-balanseringsstenar-stapelbara-grodform-plast-fargglada-1.webp?fit=2000%2C2000&ssl=1","type":"image\/webp"}],"twitter_card":"summary_large_image","twitter_misc":{"Ber\u00e4knad l\u00e4stid":"1 minut"},"schema":{"@context":"https:\/\/schema.org","@graph":[{"@type":"WebPage","@id":"https:\/\/truusk.store\/sv\/produkt\/truusk-5-delars-balanseringsstenar-set-stapelbara-grodform-fargglada-plast-for-barn\/","url":"https:\/\/truusk.store\/sv\/produkt\/truusk-5-delars-balanseringsstenar-set-stapelbara-grodform-fargglada-plast-for-barn\/","name":"TRUUSK 5-delars Balanseringsstenar Set - Stapelbara - Grodform - F\u00e4rgglada - Plast - F\u00f6r Barn - TRUUSK - Hem, Tr\u00e4dg\u00e5rd &amp; Fritid","isPartOf":{"@id":"https:\/\/truusk.store\/sv\/#website"},"primaryImageOfPage":{"@id":"https:\/\/truusk.store\/sv\/produkt\/truusk-5-delars-balanseringsstenar-set-stapelbara-grodform-fargglada-plast-for-barn\/#primaryimage"},"image":{"@id":"https:\/\/truusk.store\/sv\/produkt\/truusk-5-delars-balanseringsstenar-set-stapelbara-grodform-fargglada-plast-for-barn\/#primaryimage"},"thumbnailUrl":"https:\/\/i0.wp.com\/truusk.store\/wp-content\/uploads\/2025\/08\/aiyaplay-5-delars-set-med-balanseringsstenar-stapelbara-grodform-plast-fargglada-1.webp?fit=2000%2C2000&ssl=1","datePublished":"2025-08-20T06:28:39+00:00","dateModified":"2026-03-12T07:46:35+00:00","breadcrumb":{"@id":"https:\/\/truusk.store\/sv\/produkt\/truusk-5-delars-balanseringsstenar-set-stapelbara-grodform-fargglada-plast-for-barn\/#breadcrumb"},"inLanguage":"sv-SE","potentialAction":[{"@type":"ReadAction","target":["https:\/\/truusk.store\/sv\/produkt\/truusk-5-delars-balanseringsstenar-set-stapelbara-grodform-fargglada-plast-for-barn\/"]}]},{"@type":"ImageObject","inLanguage":"sv-SE","@id":"https:\/\/truusk.store\/sv\/produkt\/truusk-5-delars-balanseringsstenar-set-stapelbara-grodform-fargglada-plast-for-barn\/#primaryimage","url":"https:\/\/i0.wp.com\/truusk.store\/wp-content\/uploads\/2025\/08\/aiyaplay-5-delars-set-med-balanseringsstenar-stapelbara-grodform-plast-fargglada-1.webp?fit=2000%2C2000&ssl=1","contentUrl":"https:\/\/i0.wp.com\/truusk.store\/wp-content\/uploads\/2025\/08\/aiyaplay-5-delars-set-med-balanseringsstenar-stapelbara-grodform-plast-fargglada-1.webp?fit=2000%2C2000&ssl=1","width":2000,"height":2000},{"@type":"BreadcrumbList","@id":"https:\/\/truusk.store\/sv\/produkt\/truusk-5-delars-balanseringsstenar-set-stapelbara-grodform-fargglada-plast-for-barn\/#breadcrumb","itemListElement":[{"@type":"ListItem","position":1,"name":"Home","item":"https:\/\/truusk.store\/sv\/"},{"@type":"ListItem","position":2,"name":"Shop","item":"https:\/\/truusk.store\/shop\/"},{"@type":"ListItem","position":3,"name":"TRUUSK 5-delars Balanseringsstenar Set &#8211; Stapelbara &#8211; Grodform &#8211; F\u00e4rgglada &#8211; Plast &#8211; F\u00f6r Barn"}]},{"@type":"WebSite","@id":"https:\/\/truusk.store\/sv\/#website","url":"https:\/\/truusk.store\/sv\/","name":"TRUUSK - Hem, Tr\u00e4dg\u00e5rd & Fritid","description":"","publisher":{"@id":"https:\/\/truusk.store\/sv\/#organization"},"potentialAction":[{"@type":"SearchAction","target":{"@type":"EntryPoint","urlTemplate":"https:\/\/truusk.store\/sv\/?s={search_term_string}"},"query-input":{"@type":"PropertyValueSpecification","valueRequired":true,"valueName":"search_term_string"}}],"inLanguage":"sv-SE"},{"@type":"Organization","@id":"https:\/\/truusk.store\/sv\/#organization","name":"TRUUSK - Hem, Tr\u00e4dg\u00e5rd & Fritid","url":"https:\/\/truusk.store\/sv\/","logo":{"@type":"ImageObject","inLanguage":"sv-SE","@id":"https:\/\/truusk.store\/sv\/#\/schema\/logo\/image\/","url":"https:\/\/i0.wp.com\/truusk.store\/wp-content\/uploads\/2026\/03\/cropped-TRUUSK.png?fit=2032%2C917&ssl=1","contentUrl":"https:\/\/i0.wp.com\/truusk.store\/wp-content\/uploads\/2026\/03\/cropped-TRUUSK.png?fit=2032%2C917&ssl=1","width":2032,"height":917,"caption":"TRUUSK - Hem, Tr\u00e4dg\u00e5rd & Fritid"},"image":{"@id":"https:\/\/truusk.store\/sv\/#\/schema\/logo\/image\/"}}]}},"jetpack_sharing_enabled":true,"_links":{"self":[{"href":"https:\/\/truusk.store\/sv\/wp-json\/wp\/v2\/product\/88115","targetHints":{"allow":["GET"]}}],"collection":[{"href":"https:\/\/truusk.store\/sv\/wp-json\/wp\/v2\/product"}],"about":[{"href":"https:\/\/truusk.store\/sv\/wp-json\/wp\/v2\/types\/product"}],"wp:featuredmedia":[{"embeddable":true,"href":"https:\/\/truusk.store\/sv\/wp-json\/wp\/v2\/media\/88106"}],"wp:attachment":[{"href":"https:\/\/truusk.store\/sv\/wp-json\/wp\/v2\/media?parent=88115"}],"wp:term":[{"taxonomy":"product_brand","embeddable":true,"href":"https:\/\/truusk.store\/sv\/wp-json\/wp\/v2\/product_brand?post=88115"},{"taxonomy":"product_cat","embeddable":true,"href":"https:\/\/truusk.store\/sv\/wp-json\/wp\/v2\/product_cat?post=88115"},{"taxonomy":"product_tag","embeddable":true,"href":"https:\/\/truusk.store\/sv\/wp-json\/wp\/v2\/product_tag?post=88115"}],"curies":[{"name":"wp","href":"https:\/\/api.w.org\/{rel}","templated":true}]}}