{"id":88125,"date":"2025-08-20T07:29:30","date_gmt":"2025-08-20T06:29:30","guid":{"rendered":"https:\/\/truusk.store\/product\/aiyaplay-balansbalk-for-barn-interaktivt-stativ-halkfri-plast-fargglad\/"},"modified":"2026-03-12T08:46:35","modified_gmt":"2026-03-12T07:46:35","slug":"truusk-interaktiv-balansbalk-for-barn-halkfri-stativ-fargglad-plast-for-aktiv-lek-enkel-att-montera","status":"publish","type":"product","link":"https:\/\/truusk.store\/sv\/produkt\/truusk-interaktiv-balansbalk-for-barn-halkfri-stativ-fargglad-plast-for-aktiv-lek-enkel-att-montera\/","title":{"rendered":"TRUUSK Interaktiv Balansbalk f\u00f6r Barn &#8211; Halkfri Stativ &#8211; F\u00e4rgglad Plast &#8211; F\u00f6r Aktiv Lek &#8211; Enkel att Montera"},"content":{"rendered":"<p>Detta barnbalansbalk berikar tr\u00e4ningen, fr\u00e4mjar balans och koordination genom halkfria dynor och en strukturerad yta, s\u00e4ker f\u00f6r inomhus- och utomhusomr\u00e5den. Den \u00e4r stapelbar f\u00f6r enkel anv\u00e4ndning och f\u00f6rvaring hemma. De b\u00f6jda delarna har mjuka punkter som sjunker under tryck, medan tv\u00e5 raka element med pedaler ger en interaktiv och effektiv tr\u00e4ning. Upplev charmen med denna m\u00e5ngsidiga balk!<\/p>\n<p>Beskrivning:<\/p>\n<ul>\n<li> F\u00f6rb\u00e4ttra balans, motorik och koordination<\/li>\n<li> Interaktiva punkter och pedaler ger en underh\u00e5llande tr\u00e4ningsupplevelse<\/li>\n<li> Kan kombineras i olika former f\u00f6r att \u00f6ka utmaningen<\/li>\n<li> S\u00e4ker med halkfria dynor och strukturerade ytor<\/li>\n<li> L\u00e4tt att stapla och f\u00f6rvara f\u00f6r hemmabruk<\/li>\n<li> L\u00e4mplig f\u00f6r inomhus- och utomhusbruk<\/li>\n<li> L\u00e4mplig f\u00f6r barn mellan 3-8 \u00e5r<\/li>\n<li> Enkel montering kr\u00e4vs<\/li>\n<\/ul>\n<p> Tekniska specifikationer:<\/p>\n<ul>\n<li> F\u00e4rg: Flerf\u00e4rgad<\/li>\n<li> Material: TPE, plast<\/li>\n<li> Totala dimensioner: 176L x 176B x 10,5H cm (kvadratisk)<\/li>\n<li> Raka sektionsstorlek: 38,5L x 12,5B x 5H cm<\/li>\n<li> B\u00e5gsektionsstorlek: 48,5L x 12,5B x 7H cm<\/li>\n<li> Valvsektionsstorlek: 43L x 12,5B x 10,5H cm<\/li>\n<li> Pedalsektionsstorlek: 40L x 12,5B x 6H cm<\/li>\n<li> Anslutningssektionsstorlek: 42,5L x 29B x 7H cm<\/li>\n<li> Rekommenderad \u00e5lder: 3-8 \u00e5r<\/li>\n<li> Godk\u00e4nd \u00e5lder: 3+ \u00e5r<\/li>\n<li> Maximal belastning: 50 kg<\/li>\n<\/ul>\n<p>Leverans inneh\u00e5ller:<\/p>\n<ul>\n<li> 14 x Rakt segment<\/li>\n<li> 4 x B\u00e5gsegment<\/li>\n<li> 4 x B\u00e5gsegment<\/li>\n<li> 2 x Rakt pedalsegment<\/li>\n<li> 1 x Anslutningssegment<\/li>\n<li> 1 x Manual<\/li>\n<\/ul>\n","protected":false},"excerpt":{"rendered":"<p>Detta barnbalansbalk berikar tr\u00e4ningen, fr\u00e4mjar balans och koordination genom halkfria dynor och en strukturerad yta, s\u00e4ker f\u00f6r inomhus- och utomhusomr\u00e5den&#8230;.<\/p>\n","protected":false},"featured_media":88116,"template":"","meta":[],"product_brand":[],"product_cat":[880,939,616],"product_tag":[],"class_list":{"0":"post-88125","1":"product","2":"type-product","3":"status-publish","4":"has-post-thumbnail","6":"product_cat-baby-barn-2","7":"product_cat-barnsport","8":"product_cat-utomhusleksaker","10":"first","11":"instock","12":"sale","13":"taxable","14":"shipping-taxable","15":"purchasable","16":"product-type-simple"},"yoast_head":"<!-- This site is optimized with the Yoast SEO plugin v25.4 - https:\/\/yoast.com\/wordpress\/plugins\/seo\/ -->\n<title>TRUUSK Interaktiv Balansbalk f\u00f6r Barn - Halkfri Stativ - F\u00e4rgglad Plast - F\u00f6r Aktiv Lek - Enkel att Montera - TRUUSK - Hem, Tr\u00e4dg\u00e5rd &amp; Fritid<\/title>\n<meta name=\"robots\" content=\"index, follow, max-snippet:-1, max-image-preview:large, max-video-preview:-1\" \/>\n<link rel=\"canonical\" href=\"https:\/\/truusk.store\/sv\/produkt\/truusk-interaktiv-balansbalk-for-barn-halkfri-stativ-fargglad-plast-for-aktiv-lek-enkel-att-montera\/\" \/>\n<meta property=\"og:locale\" content=\"sv_SE\" \/>\n<meta property=\"og:type\" content=\"article\" \/>\n<meta property=\"og:title\" content=\"TRUUSK Interaktiv Balansbalk f\u00f6r Barn - Halkfri Stativ - F\u00e4rgglad Plast - F\u00f6r Aktiv Lek - Enkel att Montera - TRUUSK - Hem, Tr\u00e4dg\u00e5rd &amp; Fritid\" \/>\n<meta property=\"og:description\" content=\"Detta barnbalansbalk berikar tr\u00e4ningen, fr\u00e4mjar balans och koordination genom halkfria dynor och en strukturerad yta, s\u00e4ker f\u00f6r inomhus- och utomhusomr\u00e5den....\" \/>\n<meta property=\"og:url\" content=\"https:\/\/truusk.store\/sv\/produkt\/truusk-interaktiv-balansbalk-for-barn-halkfri-stativ-fargglad-plast-for-aktiv-lek-enkel-att-montera\/\" \/>\n<meta property=\"og:site_name\" content=\"TRUUSK - Hem, Tr\u00e4dg\u00e5rd &amp; Fritid\" \/>\n<meta property=\"article:modified_time\" content=\"2026-03-12T07:46:35+00:00\" \/>\n<meta property=\"og:image\" content=\"https:\/\/i0.wp.com\/truusk.se\/wp-content\/uploads\/2025\/08\/aiyaplay-balansbalk-for-barn-interaktivt-stativ-halkfri-plast-fargglad-1.webp?fit=2000%2C2000&ssl=1\" \/>\n\t<meta property=\"og:image:width\" content=\"2000\" \/>\n\t<meta property=\"og:image:height\" content=\"2000\" \/>\n\t<meta property=\"og:image:type\" content=\"image\/webp\" \/>\n<meta name=\"twitter:card\" content=\"summary_large_image\" \/>\n<meta name=\"twitter:label1\" content=\"Ber\u00e4knad l\u00e4stid\" \/>\n\t<meta name=\"twitter:data1\" content=\"1 minut\" \/>\n<!-- \/ Yoast SEO plugin. -->","yoast_head_json":{"title":"TRUUSK Interaktiv Balansbalk f\u00f6r Barn - Halkfri Stativ - F\u00e4rgglad Plast - F\u00f6r Aktiv Lek - Enkel att Montera - TRUUSK - Hem, Tr\u00e4dg\u00e5rd &amp; Fritid","robots":{"index":"index","follow":"follow","max-snippet":"max-snippet:-1","max-image-preview":"max-image-preview:large","max-video-preview":"max-video-preview:-1"},"canonical":"https:\/\/truusk.store\/sv\/produkt\/truusk-interaktiv-balansbalk-for-barn-halkfri-stativ-fargglad-plast-for-aktiv-lek-enkel-att-montera\/","og_locale":"sv_SE","og_type":"article","og_title":"TRUUSK Interaktiv Balansbalk f\u00f6r Barn - Halkfri Stativ - F\u00e4rgglad Plast - F\u00f6r Aktiv Lek - Enkel att Montera - TRUUSK - Hem, Tr\u00e4dg\u00e5rd &amp; Fritid","og_description":"Detta barnbalansbalk berikar tr\u00e4ningen, fr\u00e4mjar balans och koordination genom halkfria dynor och en strukturerad yta, s\u00e4ker f\u00f6r inomhus- och utomhusomr\u00e5den....","og_url":"https:\/\/truusk.store\/sv\/produkt\/truusk-interaktiv-balansbalk-for-barn-halkfri-stativ-fargglad-plast-for-aktiv-lek-enkel-att-montera\/","og_site_name":"TRUUSK - Hem, Tr\u00e4dg\u00e5rd &amp; Fritid","article_modified_time":"2026-03-12T07:46:35+00:00","og_image":[{"width":2000,"height":2000,"url":"https:\/\/i0.wp.com\/truusk.se\/wp-content\/uploads\/2025\/08\/aiyaplay-balansbalk-for-barn-interaktivt-stativ-halkfri-plast-fargglad-1.webp?fit=2000%2C2000&ssl=1","type":"image\/webp"}],"twitter_card":"summary_large_image","twitter_misc":{"Ber\u00e4knad l\u00e4stid":"1 minut"},"schema":{"@context":"https:\/\/schema.org","@graph":[{"@type":"WebPage","@id":"https:\/\/truusk.store\/sv\/produkt\/truusk-interaktiv-balansbalk-for-barn-halkfri-stativ-fargglad-plast-for-aktiv-lek-enkel-att-montera\/","url":"https:\/\/truusk.store\/sv\/produkt\/truusk-interaktiv-balansbalk-for-barn-halkfri-stativ-fargglad-plast-for-aktiv-lek-enkel-att-montera\/","name":"TRUUSK Interaktiv Balansbalk f\u00f6r Barn - Halkfri Stativ - F\u00e4rgglad Plast - F\u00f6r Aktiv Lek - Enkel att Montera - TRUUSK - Hem, Tr\u00e4dg\u00e5rd &amp; Fritid","isPartOf":{"@id":"https:\/\/truusk.store\/sv\/#website"},"primaryImageOfPage":{"@id":"https:\/\/truusk.store\/sv\/produkt\/truusk-interaktiv-balansbalk-for-barn-halkfri-stativ-fargglad-plast-for-aktiv-lek-enkel-att-montera\/#primaryimage"},"image":{"@id":"https:\/\/truusk.store\/sv\/produkt\/truusk-interaktiv-balansbalk-for-barn-halkfri-stativ-fargglad-plast-for-aktiv-lek-enkel-att-montera\/#primaryimage"},"thumbnailUrl":"https:\/\/i0.wp.com\/truusk.store\/wp-content\/uploads\/2025\/08\/aiyaplay-balansbalk-for-barn-interaktivt-stativ-halkfri-plast-fargglad-1.webp?fit=2000%2C2000&ssl=1","datePublished":"2025-08-20T06:29:30+00:00","dateModified":"2026-03-12T07:46:35+00:00","breadcrumb":{"@id":"https:\/\/truusk.store\/sv\/produkt\/truusk-interaktiv-balansbalk-for-barn-halkfri-stativ-fargglad-plast-for-aktiv-lek-enkel-att-montera\/#breadcrumb"},"inLanguage":"sv-SE","potentialAction":[{"@type":"ReadAction","target":["https:\/\/truusk.store\/sv\/produkt\/truusk-interaktiv-balansbalk-for-barn-halkfri-stativ-fargglad-plast-for-aktiv-lek-enkel-att-montera\/"]}]},{"@type":"ImageObject","inLanguage":"sv-SE","@id":"https:\/\/truusk.store\/sv\/produkt\/truusk-interaktiv-balansbalk-for-barn-halkfri-stativ-fargglad-plast-for-aktiv-lek-enkel-att-montera\/#primaryimage","url":"https:\/\/i0.wp.com\/truusk.store\/wp-content\/uploads\/2025\/08\/aiyaplay-balansbalk-for-barn-interaktivt-stativ-halkfri-plast-fargglad-1.webp?fit=2000%2C2000&ssl=1","contentUrl":"https:\/\/i0.wp.com\/truusk.store\/wp-content\/uploads\/2025\/08\/aiyaplay-balansbalk-for-barn-interaktivt-stativ-halkfri-plast-fargglad-1.webp?fit=2000%2C2000&ssl=1","width":2000,"height":2000},{"@type":"BreadcrumbList","@id":"https:\/\/truusk.store\/sv\/produkt\/truusk-interaktiv-balansbalk-for-barn-halkfri-stativ-fargglad-plast-for-aktiv-lek-enkel-att-montera\/#breadcrumb","itemListElement":[{"@type":"ListItem","position":1,"name":"Home","item":"https:\/\/truusk.store\/sv\/"},{"@type":"ListItem","position":2,"name":"Shop","item":"https:\/\/truusk.store\/shop\/"},{"@type":"ListItem","position":3,"name":"TRUUSK Interaktiv Balansbalk f\u00f6r Barn &#8211; Halkfri Stativ &#8211; F\u00e4rgglad Plast &#8211; F\u00f6r Aktiv Lek &#8211; Enkel att Montera"}]},{"@type":"WebSite","@id":"https:\/\/truusk.store\/sv\/#website","url":"https:\/\/truusk.store\/sv\/","name":"TRUUSK - Hem, Tr\u00e4dg\u00e5rd & Fritid","description":"","publisher":{"@id":"https:\/\/truusk.store\/sv\/#organization"},"potentialAction":[{"@type":"SearchAction","target":{"@type":"EntryPoint","urlTemplate":"https:\/\/truusk.store\/sv\/?s={search_term_string}"},"query-input":{"@type":"PropertyValueSpecification","valueRequired":true,"valueName":"search_term_string"}}],"inLanguage":"sv-SE"},{"@type":"Organization","@id":"https:\/\/truusk.store\/sv\/#organization","name":"TRUUSK - Hem, Tr\u00e4dg\u00e5rd & Fritid","url":"https:\/\/truusk.store\/sv\/","logo":{"@type":"ImageObject","inLanguage":"sv-SE","@id":"https:\/\/truusk.store\/sv\/#\/schema\/logo\/image\/","url":"https:\/\/i0.wp.com\/truusk.store\/wp-content\/uploads\/2026\/03\/cropped-TRUUSK.png?fit=2032%2C917&ssl=1","contentUrl":"https:\/\/i0.wp.com\/truusk.store\/wp-content\/uploads\/2026\/03\/cropped-TRUUSK.png?fit=2032%2C917&ssl=1","width":2032,"height":917,"caption":"TRUUSK - Hem, Tr\u00e4dg\u00e5rd & Fritid"},"image":{"@id":"https:\/\/truusk.store\/sv\/#\/schema\/logo\/image\/"}}]}},"jetpack_sharing_enabled":true,"_links":{"self":[{"href":"https:\/\/truusk.store\/sv\/wp-json\/wp\/v2\/product\/88125","targetHints":{"allow":["GET"]}}],"collection":[{"href":"https:\/\/truusk.store\/sv\/wp-json\/wp\/v2\/product"}],"about":[{"href":"https:\/\/truusk.store\/sv\/wp-json\/wp\/v2\/types\/product"}],"wp:featuredmedia":[{"embeddable":true,"href":"https:\/\/truusk.store\/sv\/wp-json\/wp\/v2\/media\/88116"}],"wp:attachment":[{"href":"https:\/\/truusk.store\/sv\/wp-json\/wp\/v2\/media?parent=88125"}],"wp:term":[{"taxonomy":"product_brand","embeddable":true,"href":"https:\/\/truusk.store\/sv\/wp-json\/wp\/v2\/product_brand?post=88125"},{"taxonomy":"product_cat","embeddable":true,"href":"https:\/\/truusk.store\/sv\/wp-json\/wp\/v2\/product_cat?post=88125"},{"taxonomy":"product_tag","embeddable":true,"href":"https:\/\/truusk.store\/sv\/wp-json\/wp\/v2\/product_tag?post=88125"}],"curies":[{"name":"wp","href":"https:\/\/api.w.org\/{rel}","templated":true}]}}