{"id":88165,"date":"2025-08-20T07:33:34","date_gmt":"2025-08-20T06:33:34","guid":{"rendered":"https:\/\/truusk.store\/product\/aiyaplay-5-delars-mjukt-byggkloss-set-for-bebisar-smabarn-skumgummi-konstlader-5-kreativa-former-inomhus-set-for-klattring-krypning-lek-gron\/"},"modified":"2026-03-12T08:46:41","modified_gmt":"2026-03-12T07:46:41","slug":"truusk-5-delars-mjuk-byggkloss-set-for-bebisar-smabarn-skumgummi-och-konstlader-5-kreativa-former-inomhusset-for-lek-och","status":"publish","type":"product","link":"https:\/\/truusk.store\/sv\/produkt\/truusk-5-delars-mjuk-byggkloss-set-for-bebisar-smabarn-skumgummi-och-konstlader-5-kreativa-former-inomhusset-for-lek-och\/","title":{"rendered":"TRUUSK 5-delars Mjuk Byggkloss-set f\u00f6r Bebisar &amp; Sm\u00e5barn &#8211; Skumgummi och Konstl\u00e4der &#8211; 5 Kreativa Former &#8211; Inomhusset f\u00f6r Lek och"},"content":{"rendered":"<p>AIYAPLAY baby-storblocken av konstl\u00e4der och EPE-skum skapar en mjuk, skyddande yta f\u00f6r k\u00e4nslig hud. De fem modulerna &#8211; b\u00e5gen, halvcirkeln, rampen, lutningen och stegen &#8211; st\u00f6djer kreativitet och motorisk utveckling. G\u00f6r ditt hem till ett fantasifullt, s\u00e4kert lekomr\u00e5de med detta flexibla mjuka blockset.<\/p>\n<p>Beskrivning:<\/p>\n<ul>\n<li> Fem modul\u00e4ra former av storblock fr\u00e4mjar kreativt spel och m\u00e5ngsidiga kombinationsm\u00f6jligheter<\/li>\n<li> Tillverkad av konstl\u00e4der och EPE-skum, s\u00e4kert f\u00f6r barn<\/li>\n<li> St\u00f6djer kl\u00e4ttring, hoppning och balans, fr\u00e4mjar motoriska och kognitiva f\u00e4rdigheter<\/li>\n<li> Vattent\u00e4t konstl\u00e4der yta av skumblocken kan enkelt reng\u00f6ras med en fuktig trasa<\/li>\n<li> L\u00e4tt design g\u00f6r det enkelt att flytta och kompakt lagring \u00f6verallt<\/li>\n<li> L\u00e4mplig f\u00f6r barn fr\u00e5n 0,5 till 6 \u00e5r, b\u00e4r upp till 50 kg<\/li>\n<li> Avrundade h\u00f6rn minskar risken f\u00f6r st\u00f6tar och kl\u00e4mskador<\/li>\n<li> Montering kr\u00e4vs<\/li>\n<\/ul>\n<p> Tekniska data:<\/p>\n<ul>\n<li> F\u00e4rg: Sand+Gr\u00f6n<\/li>\n<li> Material: Konstl\u00e4der, Skum<\/li>\n<li> Totala dimensioner: 181L x 39B x 44H cm<\/li>\n<li> Stor b\u00e5ge: 59B x 39T x 44H cm<\/li>\n<li> Mellanstor b\u00e5ge: 39B x 39T x 29H cm<\/li>\n<li> Liten rund b\u00e5ge: 21B x 39T x 19H cm<\/li>\n<li> Sluttning: 59B x 39T x 24H cm<\/li>\n<li> Steg: 59B x 39T x 24H cm<\/li>\n<li> Rekommenderad \u00e5lder: 0,5-6 \u00e5r<\/li>\n<li> Maximal belastning: 50 kg<\/li>\n<li> L\u00e4mplig h\u00f6jd: Under 140 cm<\/li>\n<\/ul>\n<p>Leveransinneh\u00e5ll:<\/p>\n<ul>\n<li> 5 x Mjuka spelformer<\/li>\n<li> 1 x Bruksanvisning<\/li>\n<\/ul>\n","protected":false},"excerpt":{"rendered":"<p>AIYAPLAY baby-storblocken av konstl\u00e4der och EPE-skum skapar en mjuk, skyddande yta f\u00f6r k\u00e4nslig hud. De fem modulerna &#8211; b\u00e5gen, halvcirkeln,&#8230;<\/p>\n","protected":false},"featured_media":88156,"template":"","meta":[],"product_brand":[],"product_cat":[880,919,918],"product_tag":[],"class_list":{"0":"post-88165","1":"product","2":"type-product","3":"status-publish","4":"has-post-thumbnail","6":"product_cat-baby-barn-2","7":"product_cat-byggklossar","8":"product_cat-leksaker","10":"first","11":"instock","12":"sale","13":"taxable","14":"shipping-taxable","15":"purchasable","16":"product-type-simple"},"yoast_head":"<!-- This site is optimized with the Yoast SEO plugin v25.4 - https:\/\/yoast.com\/wordpress\/plugins\/seo\/ -->\n<title>TRUUSK 5-delars Mjuk Byggkloss-set f\u00f6r Bebisar &amp; Sm\u00e5barn - Skumgummi och Konstl\u00e4der - 5 Kreativa Former - Inomhusset f\u00f6r Lek och - TRUUSK - Hem, Tr\u00e4dg\u00e5rd &amp; Fritid<\/title>\n<meta name=\"robots\" content=\"index, follow, max-snippet:-1, max-image-preview:large, max-video-preview:-1\" \/>\n<link rel=\"canonical\" href=\"https:\/\/truusk.store\/sv\/produkt\/truusk-5-delars-mjuk-byggkloss-set-for-bebisar-smabarn-skumgummi-och-konstlader-5-kreativa-former-inomhusset-for-lek-och\/\" \/>\n<meta property=\"og:locale\" content=\"sv_SE\" \/>\n<meta property=\"og:type\" content=\"article\" \/>\n<meta property=\"og:title\" content=\"TRUUSK 5-delars Mjuk Byggkloss-set f\u00f6r Bebisar &amp; Sm\u00e5barn - Skumgummi och Konstl\u00e4der - 5 Kreativa Former - Inomhusset f\u00f6r Lek och - TRUUSK - Hem, Tr\u00e4dg\u00e5rd &amp; Fritid\" \/>\n<meta property=\"og:description\" content=\"AIYAPLAY baby-storblocken av konstl\u00e4der och EPE-skum skapar en mjuk, skyddande yta f\u00f6r k\u00e4nslig hud. De fem modulerna &#8211; b\u00e5gen, halvcirkeln,...\" \/>\n<meta property=\"og:url\" content=\"https:\/\/truusk.store\/sv\/produkt\/truusk-5-delars-mjuk-byggkloss-set-for-bebisar-smabarn-skumgummi-och-konstlader-5-kreativa-former-inomhusset-for-lek-och\/\" \/>\n<meta property=\"og:site_name\" content=\"TRUUSK - Hem, Tr\u00e4dg\u00e5rd &amp; Fritid\" \/>\n<meta property=\"article:modified_time\" content=\"2026-03-12T07:46:41+00:00\" \/>\n<meta property=\"og:image\" content=\"https:\/\/i0.wp.com\/truusk.se\/wp-content\/uploads\/2025\/08\/aiyaplay-5-delars-mjukt-byggkloss-set-for-bebisar-smabarn-skumgummi-konstlader-5-kreativa-former-inomhus-set-for-klattring-krypning-lek-gron-1.webp?fit=2000%2C2000&ssl=1\" \/>\n\t<meta property=\"og:image:width\" content=\"2000\" \/>\n\t<meta property=\"og:image:height\" content=\"2000\" \/>\n\t<meta property=\"og:image:type\" content=\"image\/webp\" \/>\n<meta name=\"twitter:card\" content=\"summary_large_image\" \/>\n<meta name=\"twitter:label1\" content=\"Ber\u00e4knad l\u00e4stid\" \/>\n\t<meta name=\"twitter:data1\" content=\"1 minut\" \/>\n<!-- \/ Yoast SEO plugin. -->","yoast_head_json":{"title":"TRUUSK 5-delars Mjuk Byggkloss-set f\u00f6r Bebisar &amp; Sm\u00e5barn - Skumgummi och Konstl\u00e4der - 5 Kreativa Former - Inomhusset f\u00f6r Lek och - TRUUSK - Hem, Tr\u00e4dg\u00e5rd &amp; Fritid","robots":{"index":"index","follow":"follow","max-snippet":"max-snippet:-1","max-image-preview":"max-image-preview:large","max-video-preview":"max-video-preview:-1"},"canonical":"https:\/\/truusk.store\/sv\/produkt\/truusk-5-delars-mjuk-byggkloss-set-for-bebisar-smabarn-skumgummi-och-konstlader-5-kreativa-former-inomhusset-for-lek-och\/","og_locale":"sv_SE","og_type":"article","og_title":"TRUUSK 5-delars Mjuk Byggkloss-set f\u00f6r Bebisar &amp; Sm\u00e5barn - Skumgummi och Konstl\u00e4der - 5 Kreativa Former - Inomhusset f\u00f6r Lek och - TRUUSK - Hem, Tr\u00e4dg\u00e5rd &amp; Fritid","og_description":"AIYAPLAY baby-storblocken av konstl\u00e4der och EPE-skum skapar en mjuk, skyddande yta f\u00f6r k\u00e4nslig hud. De fem modulerna &#8211; b\u00e5gen, halvcirkeln,...","og_url":"https:\/\/truusk.store\/sv\/produkt\/truusk-5-delars-mjuk-byggkloss-set-for-bebisar-smabarn-skumgummi-och-konstlader-5-kreativa-former-inomhusset-for-lek-och\/","og_site_name":"TRUUSK - Hem, Tr\u00e4dg\u00e5rd &amp; Fritid","article_modified_time":"2026-03-12T07:46:41+00:00","og_image":[{"width":2000,"height":2000,"url":"https:\/\/i0.wp.com\/truusk.se\/wp-content\/uploads\/2025\/08\/aiyaplay-5-delars-mjukt-byggkloss-set-for-bebisar-smabarn-skumgummi-konstlader-5-kreativa-former-inomhus-set-for-klattring-krypning-lek-gron-1.webp?fit=2000%2C2000&ssl=1","type":"image\/webp"}],"twitter_card":"summary_large_image","twitter_misc":{"Ber\u00e4knad l\u00e4stid":"1 minut"},"schema":{"@context":"https:\/\/schema.org","@graph":[{"@type":"WebPage","@id":"https:\/\/truusk.store\/sv\/produkt\/truusk-5-delars-mjuk-byggkloss-set-for-bebisar-smabarn-skumgummi-och-konstlader-5-kreativa-former-inomhusset-for-lek-och\/","url":"https:\/\/truusk.store\/sv\/produkt\/truusk-5-delars-mjuk-byggkloss-set-for-bebisar-smabarn-skumgummi-och-konstlader-5-kreativa-former-inomhusset-for-lek-och\/","name":"TRUUSK 5-delars Mjuk Byggkloss-set f\u00f6r Bebisar &amp; Sm\u00e5barn - Skumgummi och Konstl\u00e4der - 5 Kreativa Former - Inomhusset f\u00f6r Lek och - TRUUSK - Hem, Tr\u00e4dg\u00e5rd &amp; Fritid","isPartOf":{"@id":"https:\/\/truusk.store\/sv\/#website"},"primaryImageOfPage":{"@id":"https:\/\/truusk.store\/sv\/produkt\/truusk-5-delars-mjuk-byggkloss-set-for-bebisar-smabarn-skumgummi-och-konstlader-5-kreativa-former-inomhusset-for-lek-och\/#primaryimage"},"image":{"@id":"https:\/\/truusk.store\/sv\/produkt\/truusk-5-delars-mjuk-byggkloss-set-for-bebisar-smabarn-skumgummi-och-konstlader-5-kreativa-former-inomhusset-for-lek-och\/#primaryimage"},"thumbnailUrl":"https:\/\/i0.wp.com\/truusk.store\/wp-content\/uploads\/2025\/08\/aiyaplay-5-delars-mjukt-byggkloss-set-for-bebisar-smabarn-skumgummi-konstlader-5-kreativa-former-inomhus-set-for-klattring-krypning-lek-gron-1.webp?fit=2000%2C2000&ssl=1","datePublished":"2025-08-20T06:33:34+00:00","dateModified":"2026-03-12T07:46:41+00:00","breadcrumb":{"@id":"https:\/\/truusk.store\/sv\/produkt\/truusk-5-delars-mjuk-byggkloss-set-for-bebisar-smabarn-skumgummi-och-konstlader-5-kreativa-former-inomhusset-for-lek-och\/#breadcrumb"},"inLanguage":"sv-SE","potentialAction":[{"@type":"ReadAction","target":["https:\/\/truusk.store\/sv\/produkt\/truusk-5-delars-mjuk-byggkloss-set-for-bebisar-smabarn-skumgummi-och-konstlader-5-kreativa-former-inomhusset-for-lek-och\/"]}]},{"@type":"ImageObject","inLanguage":"sv-SE","@id":"https:\/\/truusk.store\/sv\/produkt\/truusk-5-delars-mjuk-byggkloss-set-for-bebisar-smabarn-skumgummi-och-konstlader-5-kreativa-former-inomhusset-for-lek-och\/#primaryimage","url":"https:\/\/i0.wp.com\/truusk.store\/wp-content\/uploads\/2025\/08\/aiyaplay-5-delars-mjukt-byggkloss-set-for-bebisar-smabarn-skumgummi-konstlader-5-kreativa-former-inomhus-set-for-klattring-krypning-lek-gron-1.webp?fit=2000%2C2000&ssl=1","contentUrl":"https:\/\/i0.wp.com\/truusk.store\/wp-content\/uploads\/2025\/08\/aiyaplay-5-delars-mjukt-byggkloss-set-for-bebisar-smabarn-skumgummi-konstlader-5-kreativa-former-inomhus-set-for-klattring-krypning-lek-gron-1.webp?fit=2000%2C2000&ssl=1","width":2000,"height":2000},{"@type":"BreadcrumbList","@id":"https:\/\/truusk.store\/sv\/produkt\/truusk-5-delars-mjuk-byggkloss-set-for-bebisar-smabarn-skumgummi-och-konstlader-5-kreativa-former-inomhusset-for-lek-och\/#breadcrumb","itemListElement":[{"@type":"ListItem","position":1,"name":"Home","item":"https:\/\/truusk.store\/sv\/"},{"@type":"ListItem","position":2,"name":"Shop","item":"https:\/\/truusk.store\/shop\/"},{"@type":"ListItem","position":3,"name":"TRUUSK 5-delars Mjuk Byggkloss-set f\u00f6r Bebisar &amp; Sm\u00e5barn &#8211; Skumgummi och Konstl\u00e4der &#8211; 5 Kreativa Former &#8211; Inomhusset f\u00f6r Lek och"}]},{"@type":"WebSite","@id":"https:\/\/truusk.store\/sv\/#website","url":"https:\/\/truusk.store\/sv\/","name":"TRUUSK - Hem, Tr\u00e4dg\u00e5rd & Fritid","description":"","publisher":{"@id":"https:\/\/truusk.store\/sv\/#organization"},"potentialAction":[{"@type":"SearchAction","target":{"@type":"EntryPoint","urlTemplate":"https:\/\/truusk.store\/sv\/?s={search_term_string}"},"query-input":{"@type":"PropertyValueSpecification","valueRequired":true,"valueName":"search_term_string"}}],"inLanguage":"sv-SE"},{"@type":"Organization","@id":"https:\/\/truusk.store\/sv\/#organization","name":"TRUUSK - Hem, Tr\u00e4dg\u00e5rd & Fritid","url":"https:\/\/truusk.store\/sv\/","logo":{"@type":"ImageObject","inLanguage":"sv-SE","@id":"https:\/\/truusk.store\/sv\/#\/schema\/logo\/image\/","url":"https:\/\/i0.wp.com\/truusk.store\/wp-content\/uploads\/2026\/03\/cropped-TRUUSK.png?fit=2032%2C917&ssl=1","contentUrl":"https:\/\/i0.wp.com\/truusk.store\/wp-content\/uploads\/2026\/03\/cropped-TRUUSK.png?fit=2032%2C917&ssl=1","width":2032,"height":917,"caption":"TRUUSK - Hem, Tr\u00e4dg\u00e5rd & Fritid"},"image":{"@id":"https:\/\/truusk.store\/sv\/#\/schema\/logo\/image\/"}}]}},"jetpack_sharing_enabled":true,"_links":{"self":[{"href":"https:\/\/truusk.store\/sv\/wp-json\/wp\/v2\/product\/88165","targetHints":{"allow":["GET"]}}],"collection":[{"href":"https:\/\/truusk.store\/sv\/wp-json\/wp\/v2\/product"}],"about":[{"href":"https:\/\/truusk.store\/sv\/wp-json\/wp\/v2\/types\/product"}],"wp:featuredmedia":[{"embeddable":true,"href":"https:\/\/truusk.store\/sv\/wp-json\/wp\/v2\/media\/88156"}],"wp:attachment":[{"href":"https:\/\/truusk.store\/sv\/wp-json\/wp\/v2\/media?parent=88165"}],"wp:term":[{"taxonomy":"product_brand","embeddable":true,"href":"https:\/\/truusk.store\/sv\/wp-json\/wp\/v2\/product_brand?post=88165"},{"taxonomy":"product_cat","embeddable":true,"href":"https:\/\/truusk.store\/sv\/wp-json\/wp\/v2\/product_cat?post=88165"},{"taxonomy":"product_tag","embeddable":true,"href":"https:\/\/truusk.store\/sv\/wp-json\/wp\/v2\/product_tag?post=88165"}],"curies":[{"name":"wp","href":"https:\/\/api.w.org\/{rel}","templated":true}]}}