{"id":88185,"date":"2025-08-20T07:35:39","date_gmt":"2025-08-20T06:35:39","guid":{"rendered":"https:\/\/truusk.store\/product\/aiyaplay-barntricykel-6-i-1-buggy-for-smabarn-med-skjutstang-justerbart-sate-hopfallbar-design-sakerhetsnat-gra\/"},"modified":"2026-03-12T08:46:42","modified_gmt":"2026-03-12T07:46:42","slug":"truusk-barntricykel-6-i-1-buggy-for-smabarn-med-skjutstang-justerbart-sate-hopfallbar-design-sakerhetsnat-gra","status":"publish","type":"product","link":"https:\/\/truusk.store\/sv\/produkt\/truusk-barntricykel-6-i-1-buggy-for-smabarn-med-skjutstang-justerbart-sate-hopfallbar-design-sakerhetsnat-gra\/","title":{"rendered":"TRUUSK Barntricykel, 6-i-1 Buggy F\u00f6r Sm\u00e5barn &#8211; Med Skjutst\u00e5ng &#8211; Justerbart S\u00e4te &#8211; Hopf\u00e4llbar Design &#8211; S\u00e4kerhetsn\u00e4t &#8211; Gr\u00e5"},"content":{"rendered":"<p>AIYAPLAY barntricykeln kan enkelt omvandlas till en barnvagn. Den roterande s\u00e4tet p\u00e5 tricykeln fr\u00e4mjar ansikte mot ansikte-bindning, perfekt f\u00f6r hemmet eller p\u00e5 spr\u00e5ng. Tack vare sin enkla f\u00e4llmekanism \u00e4r den l\u00e4tt att f\u00f6rvara, perfekt f\u00f6r spontana \u00e4ventyr. \u00d6ka bekv\u00e4mligheten och den emotionella kopplingen under ditt barns tidiga \u00e5r.<\/p>\n<p>Beskrivning:<\/p>\n<ul>\n<li> 6-i-1-designen p\u00e5 barntricykeln anpassar sig till ditt barn och v\u00e4xer med det<\/li>\n<li> Ett roterande s\u00e4te m\u00f6jligg\u00f6r ansikte mot ansikte-interaktion f\u00f6r en n\u00e4rmare f\u00f6r\u00e4lder-barn-bindning<\/li>\n<li> Mjuk s\u00e4tesdyna och justerbar ryggst\u00f6d ger komfort och s\u00e4kerhet<\/li>\n<li> Fem punkts b\u00e4lte och avtagbart skyddsgaller p\u00e5 tricykeln ger s\u00e4kerhet<\/li>\n<li> Kan f\u00e4llas kompakt, passar i de flesta bagageutrymmen<\/li>\n<li> Justerbart skjuthandtag och stora hjul hanterar olika terr\u00e4nger utan anstr\u00e4ngning<\/li>\n<li> Bakre korg, f\u00f6r\u00e4lderv\u00e4ska och muggst\u00e4ll avlastar dina h\u00e4nder p\u00e5 utflykter<\/li>\n<li> Montering kr\u00e4vs<\/li>\n<\/ul>\n<p> Tekniska data:<\/p>\n<ul>\n<li> F\u00e4rg: Gr\u00e5<\/li>\n<li> Material: St\u00e5l, plast<\/li>\n<li> Totala dimensioner: 111,5L x 52B x 98H cm<\/li>\n<li> F\u00e4lld storlek: 76L x 58,5B x 58H cm<\/li>\n<li> Baldakin storlek: 46L x 32B cm<\/li>\n<li> Sitsstorlek: 25,5L x 21B cm<\/li>\n<li> Ryggst\u00f6dsstorlek: 25,5B x 38H cm<\/li>\n<li> L\u00e4ngd p\u00e5 skjuthandtag: 89 cm (justerbar: 89\/86\/83 cm)<\/li>\n<li> Storlek p\u00e5 f\u00f6r\u00e4lderv\u00e4ska: 27B x 17H cm<\/li>\n<li> Storlek p\u00e5 f\u00f6rvaringskorg: (bak)31,5B x 15T x 19H cm<\/li>\n<li> Storlek p\u00e5 fr\u00e4mre hjul: \u00d824 cm<\/li>\n<li> Storlek p\u00e5 bakre hjul: \u00d819,5 cm<\/li>\n<li> Rekommenderad \u00e5lder: 12-60 m\u00e5nader<\/li>\n<li> Maximal belastning: 25 kg<\/li>\n<\/ul>\n<p>Leverans inneh\u00e5ller:<\/p>\n<ul>\n<li> 1 x Barntricykel<\/li>\n<li> 1 x Bruksanvisning<\/li>\n<\/ul>\n","protected":false},"excerpt":{"rendered":"<p>AIYAPLAY barntricykeln kan enkelt omvandlas till en barnvagn. Den roterande s\u00e4tet p\u00e5 tricykeln fr\u00e4mjar ansikte mot ansikte-bindning, perfekt f\u00f6r hemmet&#8230;<\/p>\n","protected":false},"featured_media":88176,"template":"","meta":[],"product_brand":[],"product_cat":[880,639,1048],"product_tag":[],"class_list":{"0":"post-88185","1":"product","2":"type-product","3":"status-publish","4":"has-post-thumbnail","6":"product_cat-baby-barn-2","7":"product_cat-babyvarld","8":"product_cat-barnvagnar-buggy","10":"first","11":"instock","12":"sale","13":"taxable","14":"shipping-taxable","15":"purchasable","16":"product-type-simple"},"yoast_head":"<!-- This site is optimized with the Yoast SEO plugin v25.4 - https:\/\/yoast.com\/wordpress\/plugins\/seo\/ -->\n<title>TRUUSK Barntricykel, 6-i-1 Buggy F\u00f6r Sm\u00e5barn - Med Skjutst\u00e5ng - Justerbart S\u00e4te - Hopf\u00e4llbar Design - S\u00e4kerhetsn\u00e4t - Gr\u00e5 - TRUUSK - Hem, Tr\u00e4dg\u00e5rd &amp; Fritid<\/title>\n<meta name=\"robots\" content=\"index, follow, max-snippet:-1, max-image-preview:large, max-video-preview:-1\" \/>\n<link rel=\"canonical\" href=\"https:\/\/truusk.store\/sv\/produkt\/truusk-barntricykel-6-i-1-buggy-for-smabarn-med-skjutstang-justerbart-sate-hopfallbar-design-sakerhetsnat-gra\/\" \/>\n<meta property=\"og:locale\" content=\"sv_SE\" \/>\n<meta property=\"og:type\" content=\"article\" \/>\n<meta property=\"og:title\" content=\"TRUUSK Barntricykel, 6-i-1 Buggy F\u00f6r Sm\u00e5barn - Med Skjutst\u00e5ng - Justerbart S\u00e4te - Hopf\u00e4llbar Design - S\u00e4kerhetsn\u00e4t - Gr\u00e5 - TRUUSK - Hem, Tr\u00e4dg\u00e5rd &amp; Fritid\" \/>\n<meta property=\"og:description\" content=\"AIYAPLAY barntricykeln kan enkelt omvandlas till en barnvagn. Den roterande s\u00e4tet p\u00e5 tricykeln fr\u00e4mjar ansikte mot ansikte-bindning, perfekt f\u00f6r hemmet...\" \/>\n<meta property=\"og:url\" content=\"https:\/\/truusk.store\/sv\/produkt\/truusk-barntricykel-6-i-1-buggy-for-smabarn-med-skjutstang-justerbart-sate-hopfallbar-design-sakerhetsnat-gra\/\" \/>\n<meta property=\"og:site_name\" content=\"TRUUSK - Hem, Tr\u00e4dg\u00e5rd &amp; Fritid\" \/>\n<meta property=\"article:modified_time\" content=\"2026-03-12T07:46:42+00:00\" \/>\n<meta property=\"og:image\" content=\"https:\/\/i0.wp.com\/truusk.se\/wp-content\/uploads\/2025\/08\/aiyaplay-barntricykel-6-i-1-buggy-for-smabarn-med-skjutstang-justerbart-sate-hopfallbar-design-sakerhetsnat-gra-1.webp?fit=2000%2C2000&ssl=1\" \/>\n\t<meta property=\"og:image:width\" content=\"2000\" \/>\n\t<meta property=\"og:image:height\" content=\"2000\" \/>\n\t<meta property=\"og:image:type\" content=\"image\/webp\" \/>\n<meta name=\"twitter:card\" content=\"summary_large_image\" \/>\n<meta name=\"twitter:label1\" content=\"Ber\u00e4knad l\u00e4stid\" \/>\n\t<meta name=\"twitter:data1\" content=\"1 minut\" \/>\n<!-- \/ Yoast SEO plugin. -->","yoast_head_json":{"title":"TRUUSK Barntricykel, 6-i-1 Buggy F\u00f6r Sm\u00e5barn - Med Skjutst\u00e5ng - Justerbart S\u00e4te - Hopf\u00e4llbar Design - S\u00e4kerhetsn\u00e4t - Gr\u00e5 - TRUUSK - Hem, Tr\u00e4dg\u00e5rd &amp; Fritid","robots":{"index":"index","follow":"follow","max-snippet":"max-snippet:-1","max-image-preview":"max-image-preview:large","max-video-preview":"max-video-preview:-1"},"canonical":"https:\/\/truusk.store\/sv\/produkt\/truusk-barntricykel-6-i-1-buggy-for-smabarn-med-skjutstang-justerbart-sate-hopfallbar-design-sakerhetsnat-gra\/","og_locale":"sv_SE","og_type":"article","og_title":"TRUUSK Barntricykel, 6-i-1 Buggy F\u00f6r Sm\u00e5barn - Med Skjutst\u00e5ng - Justerbart S\u00e4te - Hopf\u00e4llbar Design - S\u00e4kerhetsn\u00e4t - Gr\u00e5 - TRUUSK - Hem, Tr\u00e4dg\u00e5rd &amp; Fritid","og_description":"AIYAPLAY barntricykeln kan enkelt omvandlas till en barnvagn. Den roterande s\u00e4tet p\u00e5 tricykeln fr\u00e4mjar ansikte mot ansikte-bindning, perfekt f\u00f6r hemmet...","og_url":"https:\/\/truusk.store\/sv\/produkt\/truusk-barntricykel-6-i-1-buggy-for-smabarn-med-skjutstang-justerbart-sate-hopfallbar-design-sakerhetsnat-gra\/","og_site_name":"TRUUSK - Hem, Tr\u00e4dg\u00e5rd &amp; Fritid","article_modified_time":"2026-03-12T07:46:42+00:00","og_image":[{"width":2000,"height":2000,"url":"https:\/\/i0.wp.com\/truusk.se\/wp-content\/uploads\/2025\/08\/aiyaplay-barntricykel-6-i-1-buggy-for-smabarn-med-skjutstang-justerbart-sate-hopfallbar-design-sakerhetsnat-gra-1.webp?fit=2000%2C2000&ssl=1","type":"image\/webp"}],"twitter_card":"summary_large_image","twitter_misc":{"Ber\u00e4knad l\u00e4stid":"1 minut"},"schema":{"@context":"https:\/\/schema.org","@graph":[{"@type":"WebPage","@id":"https:\/\/truusk.store\/sv\/produkt\/truusk-barntricykel-6-i-1-buggy-for-smabarn-med-skjutstang-justerbart-sate-hopfallbar-design-sakerhetsnat-gra\/","url":"https:\/\/truusk.store\/sv\/produkt\/truusk-barntricykel-6-i-1-buggy-for-smabarn-med-skjutstang-justerbart-sate-hopfallbar-design-sakerhetsnat-gra\/","name":"TRUUSK Barntricykel, 6-i-1 Buggy F\u00f6r Sm\u00e5barn - Med Skjutst\u00e5ng - Justerbart S\u00e4te - Hopf\u00e4llbar Design - S\u00e4kerhetsn\u00e4t - Gr\u00e5 - TRUUSK - Hem, Tr\u00e4dg\u00e5rd &amp; Fritid","isPartOf":{"@id":"https:\/\/truusk.store\/sv\/#website"},"primaryImageOfPage":{"@id":"https:\/\/truusk.store\/sv\/produkt\/truusk-barntricykel-6-i-1-buggy-for-smabarn-med-skjutstang-justerbart-sate-hopfallbar-design-sakerhetsnat-gra\/#primaryimage"},"image":{"@id":"https:\/\/truusk.store\/sv\/produkt\/truusk-barntricykel-6-i-1-buggy-for-smabarn-med-skjutstang-justerbart-sate-hopfallbar-design-sakerhetsnat-gra\/#primaryimage"},"thumbnailUrl":"https:\/\/i0.wp.com\/truusk.store\/wp-content\/uploads\/2025\/08\/aiyaplay-barntricykel-6-i-1-buggy-for-smabarn-med-skjutstang-justerbart-sate-hopfallbar-design-sakerhetsnat-gra-1.webp?fit=2000%2C2000&ssl=1","datePublished":"2025-08-20T06:35:39+00:00","dateModified":"2026-03-12T07:46:42+00:00","breadcrumb":{"@id":"https:\/\/truusk.store\/sv\/produkt\/truusk-barntricykel-6-i-1-buggy-for-smabarn-med-skjutstang-justerbart-sate-hopfallbar-design-sakerhetsnat-gra\/#breadcrumb"},"inLanguage":"sv-SE","potentialAction":[{"@type":"ReadAction","target":["https:\/\/truusk.store\/sv\/produkt\/truusk-barntricykel-6-i-1-buggy-for-smabarn-med-skjutstang-justerbart-sate-hopfallbar-design-sakerhetsnat-gra\/"]}]},{"@type":"ImageObject","inLanguage":"sv-SE","@id":"https:\/\/truusk.store\/sv\/produkt\/truusk-barntricykel-6-i-1-buggy-for-smabarn-med-skjutstang-justerbart-sate-hopfallbar-design-sakerhetsnat-gra\/#primaryimage","url":"https:\/\/i0.wp.com\/truusk.store\/wp-content\/uploads\/2025\/08\/aiyaplay-barntricykel-6-i-1-buggy-for-smabarn-med-skjutstang-justerbart-sate-hopfallbar-design-sakerhetsnat-gra-1.webp?fit=2000%2C2000&ssl=1","contentUrl":"https:\/\/i0.wp.com\/truusk.store\/wp-content\/uploads\/2025\/08\/aiyaplay-barntricykel-6-i-1-buggy-for-smabarn-med-skjutstang-justerbart-sate-hopfallbar-design-sakerhetsnat-gra-1.webp?fit=2000%2C2000&ssl=1","width":2000,"height":2000},{"@type":"BreadcrumbList","@id":"https:\/\/truusk.store\/sv\/produkt\/truusk-barntricykel-6-i-1-buggy-for-smabarn-med-skjutstang-justerbart-sate-hopfallbar-design-sakerhetsnat-gra\/#breadcrumb","itemListElement":[{"@type":"ListItem","position":1,"name":"Home","item":"https:\/\/truusk.store\/sv\/"},{"@type":"ListItem","position":2,"name":"Shop","item":"https:\/\/truusk.store\/shop\/"},{"@type":"ListItem","position":3,"name":"TRUUSK Barntricykel, 6-i-1 Buggy F\u00f6r Sm\u00e5barn &#8211; Med Skjutst\u00e5ng &#8211; Justerbart S\u00e4te &#8211; Hopf\u00e4llbar Design &#8211; S\u00e4kerhetsn\u00e4t &#8211; Gr\u00e5"}]},{"@type":"WebSite","@id":"https:\/\/truusk.store\/sv\/#website","url":"https:\/\/truusk.store\/sv\/","name":"TRUUSK - Hem, Tr\u00e4dg\u00e5rd & Fritid","description":"","publisher":{"@id":"https:\/\/truusk.store\/sv\/#organization"},"potentialAction":[{"@type":"SearchAction","target":{"@type":"EntryPoint","urlTemplate":"https:\/\/truusk.store\/sv\/?s={search_term_string}"},"query-input":{"@type":"PropertyValueSpecification","valueRequired":true,"valueName":"search_term_string"}}],"inLanguage":"sv-SE"},{"@type":"Organization","@id":"https:\/\/truusk.store\/sv\/#organization","name":"TRUUSK - Hem, Tr\u00e4dg\u00e5rd & Fritid","url":"https:\/\/truusk.store\/sv\/","logo":{"@type":"ImageObject","inLanguage":"sv-SE","@id":"https:\/\/truusk.store\/sv\/#\/schema\/logo\/image\/","url":"https:\/\/i0.wp.com\/truusk.store\/wp-content\/uploads\/2026\/03\/cropped-TRUUSK.png?fit=2032%2C917&ssl=1","contentUrl":"https:\/\/i0.wp.com\/truusk.store\/wp-content\/uploads\/2026\/03\/cropped-TRUUSK.png?fit=2032%2C917&ssl=1","width":2032,"height":917,"caption":"TRUUSK - Hem, Tr\u00e4dg\u00e5rd & Fritid"},"image":{"@id":"https:\/\/truusk.store\/sv\/#\/schema\/logo\/image\/"}}]}},"jetpack_sharing_enabled":true,"_links":{"self":[{"href":"https:\/\/truusk.store\/sv\/wp-json\/wp\/v2\/product\/88185","targetHints":{"allow":["GET"]}}],"collection":[{"href":"https:\/\/truusk.store\/sv\/wp-json\/wp\/v2\/product"}],"about":[{"href":"https:\/\/truusk.store\/sv\/wp-json\/wp\/v2\/types\/product"}],"wp:featuredmedia":[{"embeddable":true,"href":"https:\/\/truusk.store\/sv\/wp-json\/wp\/v2\/media\/88176"}],"wp:attachment":[{"href":"https:\/\/truusk.store\/sv\/wp-json\/wp\/v2\/media?parent=88185"}],"wp:term":[{"taxonomy":"product_brand","embeddable":true,"href":"https:\/\/truusk.store\/sv\/wp-json\/wp\/v2\/product_brand?post=88185"},{"taxonomy":"product_cat","embeddable":true,"href":"https:\/\/truusk.store\/sv\/wp-json\/wp\/v2\/product_cat?post=88185"},{"taxonomy":"product_tag","embeddable":true,"href":"https:\/\/truusk.store\/sv\/wp-json\/wp\/v2\/product_tag?post=88185"}],"curies":[{"name":"wp","href":"https:\/\/api.w.org\/{rel}","templated":true}]}}