{"id":88215,"date":"2025-08-20T07:38:50","date_gmt":"2025-08-20T06:38:50","guid":{"rendered":"https:\/\/truusk.store\/product\/ergonomisk-gamingstol-med-3d-armstod-justerbar-rullande-skrivbordsstol-med-landstod-gra\/"},"modified":"2026-03-12T08:46:43","modified_gmt":"2026-03-12T07:46:43","slug":"truusk-ergonomisk-gamingstol-3d-armstod-justerbar-rullande-landstod-gra","status":"publish","type":"product","link":"https:\/\/truusk.store\/sv\/produkt\/truusk-ergonomisk-gamingstol-3d-armstod-justerbar-rullande-landstod-gra\/","title":{"rendered":"TRUUSK Ergonomisk Gamingstol &#8211; 3D-armst\u00f6d &#8211; Justerbar &#8211; Rullande &#8211; L\u00e4ndst\u00f6d &#8211; Gr\u00e5"},"content":{"rendered":"<p>Den h\u00e4r TRUUSK-spelstolen optimerar ditt hobby- och arbetsomr\u00e5de. Tack vare den andningsbara konstvildl\u00e4der\u00f6verfl\u00e4cken sitter du behagligt sval. Ryggst\u00f6det som kan lutas upp till 135\u00b0 och fotst\u00f6det m\u00f6jligg\u00f6r flexibla avkopplingsstunder. Med 3D-armst\u00f6den hittar du l\u00e4tt den perfekta armpositionen f\u00f6r att avlasta dina axlar. Mer \u00e4n bara en spelstol: Detta \u00e4r din personliga tillflyktsort f\u00f6r effektivt arbete och avslappnat spelande, designad f\u00f6r l\u00e5ngvarig komfort.<\/p>\n<p>Beskrivning:<\/p>\n<ul>\n<li> T\u00e4ckt med konstvildl\u00e4der, som ger andningsbar komfort f\u00f6r l\u00e5nga sessioner<\/li>\n<li> Lutar upp till 135\u00b0 bak\u00e5t, med h\u00f6g ryggst\u00f6d och fotst\u00f6d, l\u00e4mplig f\u00f6r arbete eller en tupplur<\/li>\n<li> 3D-justerbara armst\u00f6d p\u00e5 spelstolen erbjuder skr\u00e4ddarsydd st\u00f6d och minskar tr\u00f6tthet i armar och axlar<\/li>\n<li> Tjock stoppning med nackst\u00f6d och l\u00e4ndkudde ger ergonomiskt st\u00f6d<\/li>\n<li> Robust metallram p\u00e5 spelstolen b\u00e4r s\u00e4kert upp till 120 kg<\/li>\n<li> Tysta rullande hjul som inte repor dina tr\u00e4golv eller mattor<\/li>\n<li> Montering kr\u00e4vs<\/li>\n<\/ul>\n<p> Tekniska data:<\/p>\n<ul>\n<li> F\u00e4rg: M\u00f6rkgr\u00e5<\/li>\n<li> Material: Konstvildl\u00e4der (100 % polyester), skum, plywood, metall, plast, nylon<\/li>\n<li> Totala dimensioner: 72B x 76T x 124-132H cm<\/li>\n<li> Liggande dimension: 73B x 112T x 102-110H cm<\/li>\n<li> Sitsstorlek: 56B x 52T cm<\/li>\n<li> Sitth\u00f6jd: 46-54 cm<\/li>\n<li> Storlek p\u00e5 ryggst\u00f6d: 57B x 83H cm<\/li>\n<li> Storlek p\u00e5 armst\u00f6d: 10B x 25,5T cm<\/li>\n<li> H\u00f6jd p\u00e5 armst\u00f6d (till sits): 17-25 cm<\/li>\n<li> Storlek p\u00e5 nackst\u00f6d: 27L x 17,5B cm<\/li>\n<li> Storlek p\u00e5 l\u00e4ndst\u00f6d: 32L x 23B cm<\/li>\n<li> Storlek p\u00e5 fotst\u00f6d: 36,5L x 20B cm<\/li>\n<li> Maximal belastning: 120 kg<\/li>\n<\/ul>\n<p>Ing\u00e5r i leveransen:<\/p>\n<ul>\n<li>1 x Spelstol<\/li>\n<li>1 x Bruksanvisning<\/li>\n<\/ul>\n","protected":false},"excerpt":{"rendered":"<p>Den h\u00e4r TRUUSK-spelstolen optimerar ditt hobby- och arbetsomr\u00e5de. Tack vare den andningsbara konstvildl\u00e4der\u00f6verfl\u00e4cken sitter du behagligt sval. Ryggst\u00f6det som kan&#8230;<\/p>\n","protected":false},"featured_media":88206,"template":"","meta":[],"product_brand":[],"product_cat":[1009,872,871],"product_tag":[],"class_list":{"0":"post-88215","1":"product","2":"type-product","3":"status-publish","4":"has-post-thumbnail","6":"product_cat-gamingstolar","7":"product_cat-hemmakontor-arbetsplats","8":"product_cat-hus-hem","10":"first","11":"instock","12":"sale","13":"taxable","14":"shipping-taxable","15":"purchasable","16":"product-type-simple"},"yoast_head":"<!-- This site is optimized with the Yoast SEO plugin v25.4 - https:\/\/yoast.com\/wordpress\/plugins\/seo\/ -->\n<title>TRUUSK Ergonomisk Gamingstol - 3D-armst\u00f6d - Justerbar - Rullande - L\u00e4ndst\u00f6d - Gr\u00e5 - TRUUSK - Hem, Tr\u00e4dg\u00e5rd &amp; Fritid<\/title>\n<meta name=\"robots\" content=\"index, follow, max-snippet:-1, max-image-preview:large, max-video-preview:-1\" \/>\n<link rel=\"canonical\" href=\"https:\/\/truusk.store\/sv\/produkt\/truusk-ergonomisk-gamingstol-3d-armstod-justerbar-rullande-landstod-gra\/\" \/>\n<meta property=\"og:locale\" content=\"sv_SE\" \/>\n<meta property=\"og:type\" content=\"article\" \/>\n<meta property=\"og:title\" content=\"TRUUSK Ergonomisk Gamingstol - 3D-armst\u00f6d - Justerbar - Rullande - L\u00e4ndst\u00f6d - Gr\u00e5 - TRUUSK - Hem, Tr\u00e4dg\u00e5rd &amp; Fritid\" \/>\n<meta property=\"og:description\" content=\"Den h\u00e4r TRUUSK-spelstolen optimerar ditt hobby- och arbetsomr\u00e5de. Tack vare den andningsbara konstvildl\u00e4der\u00f6verfl\u00e4cken sitter du behagligt sval. Ryggst\u00f6det som kan...\" \/>\n<meta property=\"og:url\" content=\"https:\/\/truusk.store\/sv\/produkt\/truusk-ergonomisk-gamingstol-3d-armstod-justerbar-rullande-landstod-gra\/\" \/>\n<meta property=\"og:site_name\" content=\"TRUUSK - Hem, Tr\u00e4dg\u00e5rd &amp; Fritid\" \/>\n<meta property=\"article:modified_time\" content=\"2026-03-12T07:46:43+00:00\" \/>\n<meta property=\"og:image\" content=\"https:\/\/i0.wp.com\/truusk.se\/wp-content\/uploads\/2025\/08\/ergonomisk-gamingstol-med-3d-armstod-justerbar-rullande-skrivbordsstol-med-landstod-gra-1.webp?fit=2000%2C2000&ssl=1\" \/>\n\t<meta property=\"og:image:width\" content=\"2000\" \/>\n\t<meta property=\"og:image:height\" content=\"2000\" \/>\n\t<meta property=\"og:image:type\" content=\"image\/webp\" \/>\n<meta name=\"twitter:card\" content=\"summary_large_image\" \/>\n<meta name=\"twitter:label1\" content=\"Ber\u00e4knad l\u00e4stid\" \/>\n\t<meta name=\"twitter:data1\" content=\"1 minut\" \/>\n<!-- \/ Yoast SEO plugin. -->","yoast_head_json":{"title":"TRUUSK Ergonomisk Gamingstol - 3D-armst\u00f6d - Justerbar - Rullande - L\u00e4ndst\u00f6d - Gr\u00e5 - TRUUSK - Hem, Tr\u00e4dg\u00e5rd &amp; Fritid","robots":{"index":"index","follow":"follow","max-snippet":"max-snippet:-1","max-image-preview":"max-image-preview:large","max-video-preview":"max-video-preview:-1"},"canonical":"https:\/\/truusk.store\/sv\/produkt\/truusk-ergonomisk-gamingstol-3d-armstod-justerbar-rullande-landstod-gra\/","og_locale":"sv_SE","og_type":"article","og_title":"TRUUSK Ergonomisk Gamingstol - 3D-armst\u00f6d - Justerbar - Rullande - L\u00e4ndst\u00f6d - Gr\u00e5 - TRUUSK - Hem, Tr\u00e4dg\u00e5rd &amp; Fritid","og_description":"Den h\u00e4r TRUUSK-spelstolen optimerar ditt hobby- och arbetsomr\u00e5de. Tack vare den andningsbara konstvildl\u00e4der\u00f6verfl\u00e4cken sitter du behagligt sval. Ryggst\u00f6det som kan...","og_url":"https:\/\/truusk.store\/sv\/produkt\/truusk-ergonomisk-gamingstol-3d-armstod-justerbar-rullande-landstod-gra\/","og_site_name":"TRUUSK - Hem, Tr\u00e4dg\u00e5rd &amp; Fritid","article_modified_time":"2026-03-12T07:46:43+00:00","og_image":[{"width":2000,"height":2000,"url":"https:\/\/i0.wp.com\/truusk.se\/wp-content\/uploads\/2025\/08\/ergonomisk-gamingstol-med-3d-armstod-justerbar-rullande-skrivbordsstol-med-landstod-gra-1.webp?fit=2000%2C2000&ssl=1","type":"image\/webp"}],"twitter_card":"summary_large_image","twitter_misc":{"Ber\u00e4knad l\u00e4stid":"1 minut"},"schema":{"@context":"https:\/\/schema.org","@graph":[{"@type":"WebPage","@id":"https:\/\/truusk.store\/sv\/produkt\/truusk-ergonomisk-gamingstol-3d-armstod-justerbar-rullande-landstod-gra\/","url":"https:\/\/truusk.store\/sv\/produkt\/truusk-ergonomisk-gamingstol-3d-armstod-justerbar-rullande-landstod-gra\/","name":"TRUUSK Ergonomisk Gamingstol - 3D-armst\u00f6d - Justerbar - Rullande - L\u00e4ndst\u00f6d - Gr\u00e5 - TRUUSK - Hem, Tr\u00e4dg\u00e5rd &amp; Fritid","isPartOf":{"@id":"https:\/\/truusk.store\/sv\/#website"},"primaryImageOfPage":{"@id":"https:\/\/truusk.store\/sv\/produkt\/truusk-ergonomisk-gamingstol-3d-armstod-justerbar-rullande-landstod-gra\/#primaryimage"},"image":{"@id":"https:\/\/truusk.store\/sv\/produkt\/truusk-ergonomisk-gamingstol-3d-armstod-justerbar-rullande-landstod-gra\/#primaryimage"},"thumbnailUrl":"https:\/\/i0.wp.com\/truusk.store\/wp-content\/uploads\/2025\/08\/ergonomisk-gamingstol-med-3d-armstod-justerbar-rullande-skrivbordsstol-med-landstod-gra-1.webp?fit=2000%2C2000&ssl=1","datePublished":"2025-08-20T06:38:50+00:00","dateModified":"2026-03-12T07:46:43+00:00","breadcrumb":{"@id":"https:\/\/truusk.store\/sv\/produkt\/truusk-ergonomisk-gamingstol-3d-armstod-justerbar-rullande-landstod-gra\/#breadcrumb"},"inLanguage":"sv-SE","potentialAction":[{"@type":"ReadAction","target":["https:\/\/truusk.store\/sv\/produkt\/truusk-ergonomisk-gamingstol-3d-armstod-justerbar-rullande-landstod-gra\/"]}]},{"@type":"ImageObject","inLanguage":"sv-SE","@id":"https:\/\/truusk.store\/sv\/produkt\/truusk-ergonomisk-gamingstol-3d-armstod-justerbar-rullande-landstod-gra\/#primaryimage","url":"https:\/\/i0.wp.com\/truusk.store\/wp-content\/uploads\/2025\/08\/ergonomisk-gamingstol-med-3d-armstod-justerbar-rullande-skrivbordsstol-med-landstod-gra-1.webp?fit=2000%2C2000&ssl=1","contentUrl":"https:\/\/i0.wp.com\/truusk.store\/wp-content\/uploads\/2025\/08\/ergonomisk-gamingstol-med-3d-armstod-justerbar-rullande-skrivbordsstol-med-landstod-gra-1.webp?fit=2000%2C2000&ssl=1","width":2000,"height":2000},{"@type":"BreadcrumbList","@id":"https:\/\/truusk.store\/sv\/produkt\/truusk-ergonomisk-gamingstol-3d-armstod-justerbar-rullande-landstod-gra\/#breadcrumb","itemListElement":[{"@type":"ListItem","position":1,"name":"Home","item":"https:\/\/truusk.store\/sv\/"},{"@type":"ListItem","position":2,"name":"Shop","item":"https:\/\/truusk.store\/shop\/"},{"@type":"ListItem","position":3,"name":"TRUUSK Ergonomisk Gamingstol &#8211; 3D-armst\u00f6d &#8211; Justerbar &#8211; Rullande &#8211; L\u00e4ndst\u00f6d &#8211; Gr\u00e5"}]},{"@type":"WebSite","@id":"https:\/\/truusk.store\/sv\/#website","url":"https:\/\/truusk.store\/sv\/","name":"TRUUSK - Hem, Tr\u00e4dg\u00e5rd & Fritid","description":"","publisher":{"@id":"https:\/\/truusk.store\/sv\/#organization"},"potentialAction":[{"@type":"SearchAction","target":{"@type":"EntryPoint","urlTemplate":"https:\/\/truusk.store\/sv\/?s={search_term_string}"},"query-input":{"@type":"PropertyValueSpecification","valueRequired":true,"valueName":"search_term_string"}}],"inLanguage":"sv-SE"},{"@type":"Organization","@id":"https:\/\/truusk.store\/sv\/#organization","name":"TRUUSK - Hem, Tr\u00e4dg\u00e5rd & Fritid","url":"https:\/\/truusk.store\/sv\/","logo":{"@type":"ImageObject","inLanguage":"sv-SE","@id":"https:\/\/truusk.store\/sv\/#\/schema\/logo\/image\/","url":"https:\/\/i0.wp.com\/truusk.store\/wp-content\/uploads\/2026\/03\/cropped-TRUUSK.png?fit=2032%2C917&ssl=1","contentUrl":"https:\/\/i0.wp.com\/truusk.store\/wp-content\/uploads\/2026\/03\/cropped-TRUUSK.png?fit=2032%2C917&ssl=1","width":2032,"height":917,"caption":"TRUUSK - Hem, Tr\u00e4dg\u00e5rd & Fritid"},"image":{"@id":"https:\/\/truusk.store\/sv\/#\/schema\/logo\/image\/"}}]}},"jetpack_sharing_enabled":true,"_links":{"self":[{"href":"https:\/\/truusk.store\/sv\/wp-json\/wp\/v2\/product\/88215","targetHints":{"allow":["GET"]}}],"collection":[{"href":"https:\/\/truusk.store\/sv\/wp-json\/wp\/v2\/product"}],"about":[{"href":"https:\/\/truusk.store\/sv\/wp-json\/wp\/v2\/types\/product"}],"wp:featuredmedia":[{"embeddable":true,"href":"https:\/\/truusk.store\/sv\/wp-json\/wp\/v2\/media\/88206"}],"wp:attachment":[{"href":"https:\/\/truusk.store\/sv\/wp-json\/wp\/v2\/media?parent=88215"}],"wp:term":[{"taxonomy":"product_brand","embeddable":true,"href":"https:\/\/truusk.store\/sv\/wp-json\/wp\/v2\/product_brand?post=88215"},{"taxonomy":"product_cat","embeddable":true,"href":"https:\/\/truusk.store\/sv\/wp-json\/wp\/v2\/product_cat?post=88215"},{"taxonomy":"product_tag","embeddable":true,"href":"https:\/\/truusk.store\/sv\/wp-json\/wp\/v2\/product_tag?post=88215"}],"curies":[{"name":"wp","href":"https:\/\/api.w.org\/{rel}","templated":true}]}}