{"id":88245,"date":"2025-08-20T07:41:40","date_gmt":"2025-08-20T06:41:40","guid":{"rendered":"https:\/\/truusk.store\/product\/gaming-stol-med-fotstod-datorstol-med-huvudstod-kudde-konstladeroverdrag-roterbar-hojdjusterbar-metall-plast-svartvit\/"},"modified":"2026-03-12T08:46:45","modified_gmt":"2026-03-12T07:46:45","slug":"truusk-spelstol-med-fotstod-datorstol-med-huvudstod-konstlader-justerbar-hojd-roterbar-svart-vit","status":"publish","type":"product","link":"https:\/\/truusk.store\/sv\/produkt\/truusk-spelstol-med-fotstod-datorstol-med-huvudstod-konstlader-justerbar-hojd-roterbar-svart-vit\/","title":{"rendered":"TRUUSK Spelstol med fotst\u00f6d &#8211; Datorstol med huvudst\u00f6d &#8211; Konstl\u00e4der &#8211; Justerbar h\u00f6jd &#8211; Roterbar &#8211; Svart &amp; Vit"},"content":{"rendered":"<p>Optimera ditt arbets- eller hobbyomr\u00e5de med TRUUSK Gaming-stolen. Den erbjuder en justerbar ryggst\u00f6d och en utdragbar fotst\u00f6d f\u00f6r avkopplande pauser. Den ergonomiska huvudst\u00f6det och l\u00e4ndkudden p\u00e5 spelstolen minskar sp\u00e4nningar, medan den justerbara h\u00f6jden och 360\u00b0 rotationsfunktionen ger smidig r\u00f6rlighet och d\u00e4rmed daglig komfort och st\u00f6d.<\/p>\n<p>Beskrivning:<\/p>\n<ul>\n<li> Ryggst\u00f6det kan lutas fr\u00e5n 90\u00b0 till 130\u00b0 och har en utdragbar fotst\u00f6d f\u00f6r avkoppling<\/li>\n<li> Ergonomisk design med avtagbart huvudkudde och l\u00e4ndkudde<\/li>\n<li> H\u00f6jden p\u00e5 spelstolen kan justeras fr\u00e5n 47-57 cm, passar till olika skrivbord och anv\u00e4ndarstorlekar<\/li>\n<li> 360\u00b0 roterande bas p\u00e5 spelstolen m\u00f6jligg\u00f6r enkla r\u00f6relser i vilken riktning som helst<\/li>\n<li> Diamantsydd m\u00f6nster, stilfullt och modernt<\/li>\n<li> L\u00e4tt att reng\u00f6ra \u00f6verdrag<\/li>\n<li> Snabb montering kr\u00e4vs<\/li>\n<\/ul>\n<p> Tekniska data:<\/p>\n<ul>\n<li> F\u00e4rg: Svart+Vit<\/li>\n<li> Material: Konstl\u00e4der, metall, skum<\/li>\n<li> Totala dimensioner: 64B x 65D x 118-128H cm<\/li>\n<li> Maximala liggningsdimensioner: 62B x 107D x 99H cm<\/li>\n<li> Sitsstorlek: 50B x 50D cm<\/li>\n<li> Sits h\u00f6jdomr\u00e5de: 47-57 cm<\/li>\n<li> Sits tjocklek: 8,5 cm<\/li>\n<li> Ryggst\u00f6dets storlek: 53B x 79L cm<\/li>\n<li> Ryggst\u00f6dets tjocklek: 10 cm<\/li>\n<li> Armst\u00f6dets storlek: 50L x 8B cm<\/li>\n<li> Armst\u00f6dets h\u00f6jd: (till sitsen) 21 cm<\/li>\n<li> Fotst\u00f6dets storlek: 35L x 20B cm<\/li>\n<li> Maximal belastning: 120 kg<\/li>\n<\/ul>\n<p>Leveransinneh\u00e5ll:<\/p>\n<ul>\n<li> 1 x Gaming-stol<\/li>\n<li> 1 x Bruksanvisning<\/li>\n<\/ul>\n","protected":false},"excerpt":{"rendered":"<p>Optimera ditt arbets- eller hobbyomr\u00e5de med TRUUSK Gaming-stolen. Den erbjuder en justerbar ryggst\u00f6d och en utdragbar fotst\u00f6d f\u00f6r avkopplande pauser&#8230;.<\/p>\n","protected":false},"featured_media":88236,"template":"","meta":[],"product_brand":[],"product_cat":[1009,872,871],"product_tag":[],"class_list":{"0":"post-88245","1":"product","2":"type-product","3":"status-publish","4":"has-post-thumbnail","6":"product_cat-gamingstolar","7":"product_cat-hemmakontor-arbetsplats","8":"product_cat-hus-hem","10":"first","11":"instock","12":"sale","13":"taxable","14":"shipping-taxable","15":"purchasable","16":"product-type-simple"},"yoast_head":"<!-- This site is optimized with the Yoast SEO plugin v25.4 - https:\/\/yoast.com\/wordpress\/plugins\/seo\/ -->\n<title>TRUUSK Spelstol med fotst\u00f6d - Datorstol med huvudst\u00f6d - Konstl\u00e4der - Justerbar h\u00f6jd - Roterbar - Svart &amp; Vit - TRUUSK - Hem, Tr\u00e4dg\u00e5rd &amp; Fritid<\/title>\n<meta name=\"robots\" content=\"index, follow, max-snippet:-1, max-image-preview:large, max-video-preview:-1\" \/>\n<link rel=\"canonical\" href=\"https:\/\/truusk.store\/sv\/produkt\/truusk-spelstol-med-fotstod-datorstol-med-huvudstod-konstlader-justerbar-hojd-roterbar-svart-vit\/\" \/>\n<meta property=\"og:locale\" content=\"sv_SE\" \/>\n<meta property=\"og:type\" content=\"article\" \/>\n<meta property=\"og:title\" content=\"TRUUSK Spelstol med fotst\u00f6d - Datorstol med huvudst\u00f6d - Konstl\u00e4der - Justerbar h\u00f6jd - Roterbar - Svart &amp; Vit - TRUUSK - Hem, Tr\u00e4dg\u00e5rd &amp; Fritid\" \/>\n<meta property=\"og:description\" content=\"Optimera ditt arbets- eller hobbyomr\u00e5de med TRUUSK Gaming-stolen. Den erbjuder en justerbar ryggst\u00f6d och en utdragbar fotst\u00f6d f\u00f6r avkopplande pauser....\" \/>\n<meta property=\"og:url\" content=\"https:\/\/truusk.store\/sv\/produkt\/truusk-spelstol-med-fotstod-datorstol-med-huvudstod-konstlader-justerbar-hojd-roterbar-svart-vit\/\" \/>\n<meta property=\"og:site_name\" content=\"TRUUSK - Hem, Tr\u00e4dg\u00e5rd &amp; Fritid\" \/>\n<meta property=\"article:modified_time\" content=\"2026-03-12T07:46:45+00:00\" \/>\n<meta property=\"og:image\" content=\"https:\/\/i0.wp.com\/truusk.se\/wp-content\/uploads\/2025\/08\/gaming-stol-med-fotstod-datorstol-med-huvudstod-kudde-konstladeroverdrag-roterbar-hojdjusterbar-metall-plast-svartvit-1.webp?fit=2000%2C2000&ssl=1\" \/>\n\t<meta property=\"og:image:width\" content=\"2000\" \/>\n\t<meta property=\"og:image:height\" content=\"2000\" \/>\n\t<meta property=\"og:image:type\" content=\"image\/webp\" \/>\n<meta name=\"twitter:card\" content=\"summary_large_image\" \/>\n<meta name=\"twitter:label1\" content=\"Ber\u00e4knad l\u00e4stid\" \/>\n\t<meta name=\"twitter:data1\" content=\"1 minut\" \/>\n<!-- \/ Yoast SEO plugin. -->","yoast_head_json":{"title":"TRUUSK Spelstol med fotst\u00f6d - Datorstol med huvudst\u00f6d - Konstl\u00e4der - Justerbar h\u00f6jd - Roterbar - Svart &amp; Vit - TRUUSK - Hem, Tr\u00e4dg\u00e5rd &amp; Fritid","robots":{"index":"index","follow":"follow","max-snippet":"max-snippet:-1","max-image-preview":"max-image-preview:large","max-video-preview":"max-video-preview:-1"},"canonical":"https:\/\/truusk.store\/sv\/produkt\/truusk-spelstol-med-fotstod-datorstol-med-huvudstod-konstlader-justerbar-hojd-roterbar-svart-vit\/","og_locale":"sv_SE","og_type":"article","og_title":"TRUUSK Spelstol med fotst\u00f6d - Datorstol med huvudst\u00f6d - Konstl\u00e4der - Justerbar h\u00f6jd - Roterbar - Svart &amp; Vit - TRUUSK - Hem, Tr\u00e4dg\u00e5rd &amp; Fritid","og_description":"Optimera ditt arbets- eller hobbyomr\u00e5de med TRUUSK Gaming-stolen. Den erbjuder en justerbar ryggst\u00f6d och en utdragbar fotst\u00f6d f\u00f6r avkopplande pauser....","og_url":"https:\/\/truusk.store\/sv\/produkt\/truusk-spelstol-med-fotstod-datorstol-med-huvudstod-konstlader-justerbar-hojd-roterbar-svart-vit\/","og_site_name":"TRUUSK - Hem, Tr\u00e4dg\u00e5rd &amp; Fritid","article_modified_time":"2026-03-12T07:46:45+00:00","og_image":[{"width":2000,"height":2000,"url":"https:\/\/i0.wp.com\/truusk.se\/wp-content\/uploads\/2025\/08\/gaming-stol-med-fotstod-datorstol-med-huvudstod-kudde-konstladeroverdrag-roterbar-hojdjusterbar-metall-plast-svartvit-1.webp?fit=2000%2C2000&ssl=1","type":"image\/webp"}],"twitter_card":"summary_large_image","twitter_misc":{"Ber\u00e4knad l\u00e4stid":"1 minut"},"schema":{"@context":"https:\/\/schema.org","@graph":[{"@type":"WebPage","@id":"https:\/\/truusk.store\/sv\/produkt\/truusk-spelstol-med-fotstod-datorstol-med-huvudstod-konstlader-justerbar-hojd-roterbar-svart-vit\/","url":"https:\/\/truusk.store\/sv\/produkt\/truusk-spelstol-med-fotstod-datorstol-med-huvudstod-konstlader-justerbar-hojd-roterbar-svart-vit\/","name":"TRUUSK Spelstol med fotst\u00f6d - Datorstol med huvudst\u00f6d - Konstl\u00e4der - Justerbar h\u00f6jd - Roterbar - Svart &amp; Vit - TRUUSK - Hem, Tr\u00e4dg\u00e5rd &amp; Fritid","isPartOf":{"@id":"https:\/\/truusk.store\/sv\/#website"},"primaryImageOfPage":{"@id":"https:\/\/truusk.store\/sv\/produkt\/truusk-spelstol-med-fotstod-datorstol-med-huvudstod-konstlader-justerbar-hojd-roterbar-svart-vit\/#primaryimage"},"image":{"@id":"https:\/\/truusk.store\/sv\/produkt\/truusk-spelstol-med-fotstod-datorstol-med-huvudstod-konstlader-justerbar-hojd-roterbar-svart-vit\/#primaryimage"},"thumbnailUrl":"https:\/\/i0.wp.com\/truusk.store\/wp-content\/uploads\/2025\/08\/gaming-stol-med-fotstod-datorstol-med-huvudstod-kudde-konstladeroverdrag-roterbar-hojdjusterbar-metall-plast-svartvit-1.webp?fit=2000%2C2000&ssl=1","datePublished":"2025-08-20T06:41:40+00:00","dateModified":"2026-03-12T07:46:45+00:00","breadcrumb":{"@id":"https:\/\/truusk.store\/sv\/produkt\/truusk-spelstol-med-fotstod-datorstol-med-huvudstod-konstlader-justerbar-hojd-roterbar-svart-vit\/#breadcrumb"},"inLanguage":"sv-SE","potentialAction":[{"@type":"ReadAction","target":["https:\/\/truusk.store\/sv\/produkt\/truusk-spelstol-med-fotstod-datorstol-med-huvudstod-konstlader-justerbar-hojd-roterbar-svart-vit\/"]}]},{"@type":"ImageObject","inLanguage":"sv-SE","@id":"https:\/\/truusk.store\/sv\/produkt\/truusk-spelstol-med-fotstod-datorstol-med-huvudstod-konstlader-justerbar-hojd-roterbar-svart-vit\/#primaryimage","url":"https:\/\/i0.wp.com\/truusk.store\/wp-content\/uploads\/2025\/08\/gaming-stol-med-fotstod-datorstol-med-huvudstod-kudde-konstladeroverdrag-roterbar-hojdjusterbar-metall-plast-svartvit-1.webp?fit=2000%2C2000&ssl=1","contentUrl":"https:\/\/i0.wp.com\/truusk.store\/wp-content\/uploads\/2025\/08\/gaming-stol-med-fotstod-datorstol-med-huvudstod-kudde-konstladeroverdrag-roterbar-hojdjusterbar-metall-plast-svartvit-1.webp?fit=2000%2C2000&ssl=1","width":2000,"height":2000},{"@type":"BreadcrumbList","@id":"https:\/\/truusk.store\/sv\/produkt\/truusk-spelstol-med-fotstod-datorstol-med-huvudstod-konstlader-justerbar-hojd-roterbar-svart-vit\/#breadcrumb","itemListElement":[{"@type":"ListItem","position":1,"name":"Home","item":"https:\/\/truusk.store\/sv\/"},{"@type":"ListItem","position":2,"name":"Shop","item":"https:\/\/truusk.store\/shop\/"},{"@type":"ListItem","position":3,"name":"TRUUSK Spelstol med fotst\u00f6d &#8211; Datorstol med huvudst\u00f6d &#8211; Konstl\u00e4der &#8211; Justerbar h\u00f6jd &#8211; Roterbar &#8211; Svart &amp; Vit"}]},{"@type":"WebSite","@id":"https:\/\/truusk.store\/sv\/#website","url":"https:\/\/truusk.store\/sv\/","name":"TRUUSK - Hem, Tr\u00e4dg\u00e5rd & Fritid","description":"","publisher":{"@id":"https:\/\/truusk.store\/sv\/#organization"},"potentialAction":[{"@type":"SearchAction","target":{"@type":"EntryPoint","urlTemplate":"https:\/\/truusk.store\/sv\/?s={search_term_string}"},"query-input":{"@type":"PropertyValueSpecification","valueRequired":true,"valueName":"search_term_string"}}],"inLanguage":"sv-SE"},{"@type":"Organization","@id":"https:\/\/truusk.store\/sv\/#organization","name":"TRUUSK - Hem, Tr\u00e4dg\u00e5rd & Fritid","url":"https:\/\/truusk.store\/sv\/","logo":{"@type":"ImageObject","inLanguage":"sv-SE","@id":"https:\/\/truusk.store\/sv\/#\/schema\/logo\/image\/","url":"https:\/\/i0.wp.com\/truusk.store\/wp-content\/uploads\/2026\/03\/cropped-TRUUSK.png?fit=2032%2C917&ssl=1","contentUrl":"https:\/\/i0.wp.com\/truusk.store\/wp-content\/uploads\/2026\/03\/cropped-TRUUSK.png?fit=2032%2C917&ssl=1","width":2032,"height":917,"caption":"TRUUSK - Hem, Tr\u00e4dg\u00e5rd & Fritid"},"image":{"@id":"https:\/\/truusk.store\/sv\/#\/schema\/logo\/image\/"}}]}},"jetpack_sharing_enabled":true,"_links":{"self":[{"href":"https:\/\/truusk.store\/sv\/wp-json\/wp\/v2\/product\/88245","targetHints":{"allow":["GET"]}}],"collection":[{"href":"https:\/\/truusk.store\/sv\/wp-json\/wp\/v2\/product"}],"about":[{"href":"https:\/\/truusk.store\/sv\/wp-json\/wp\/v2\/types\/product"}],"wp:featuredmedia":[{"embeddable":true,"href":"https:\/\/truusk.store\/sv\/wp-json\/wp\/v2\/media\/88236"}],"wp:attachment":[{"href":"https:\/\/truusk.store\/sv\/wp-json\/wp\/v2\/media?parent=88245"}],"wp:term":[{"taxonomy":"product_brand","embeddable":true,"href":"https:\/\/truusk.store\/sv\/wp-json\/wp\/v2\/product_brand?post=88245"},{"taxonomy":"product_cat","embeddable":true,"href":"https:\/\/truusk.store\/sv\/wp-json\/wp\/v2\/product_cat?post=88245"},{"taxonomy":"product_tag","embeddable":true,"href":"https:\/\/truusk.store\/sv\/wp-json\/wp\/v2\/product_tag?post=88245"}],"curies":[{"name":"wp","href":"https:\/\/api.w.org\/{rel}","templated":true}]}}