{"id":88295,"date":"2025-08-20T07:46:46","date_gmt":"2025-08-20T06:46:46","guid":{"rendered":"https:\/\/truusk.store\/product\/aiyaplay-barns-elektriska-fyrhjuling-24v-elektriskt-fordon-med-4-hjul-stralkastare-usb-kontakt-mp3-funktion-65-km-h-3-8-ar\/"},"modified":"2026-03-12T08:46:54","modified_gmt":"2026-03-12T07:46:54","slug":"truusk-barnens-elektriska-fyrhjuling-24v-fordon-med-4-hjul-stralkastare-usb-kontakt-mp3-funktion-65-km-h-3-8-ar","status":"publish","type":"product","link":"https:\/\/truusk.store\/sv\/produkt\/truusk-barnens-elektriska-fyrhjuling-24v-fordon-med-4-hjul-stralkastare-usb-kontakt-mp3-funktion-65-km-h-3-8-ar\/","title":{"rendered":"TRUUSK Barnens Elektriska Fyrhjuling &#8211; 24V Fordon Med 4 Hjul &#8211; Str\u00e5lkastare &#8211; USB-Kontakt &#8211; MP3-Funktion &#8211; 6,5 Km\/h &#8211; 3-8 \u00c5r"},"content":{"rendered":"<p>G\u00f6r ditt barn redo f\u00f6r sp\u00e4nnande utomhus\u00e4ventyr med denna kraftfulla AIYAPLAY elektriska fyrhjuling! Denna 24V dubbelmotorfyrhjuling erbjuder justerbara hastigheter, en gener\u00f6s tv\u00e5sitsdesign och upp till 70 minuters k\u00f6rning. Dess terr\u00e4ngg\u00e5ende d\u00e4ck p\u00e5 barnfyrhjulingen med fj\u00e4dring klarar av asfalt, gr\u00e4s och sand med l\u00e4tthet. Extrafunktioner som musik, en MP3-funktion och str\u00e5lkastare ger of\u00f6rgl\u00f6mliga \u00e5kturer.<\/p>\n<p>Beskrivning:<\/p>\n<ul>\n<li> Kraftfulla dubbla 24V-motorer p\u00e5 barnfyrhjulingen erbjuder \u00e4ventyr och mjuk hastighetskontroll<\/li>\n<li> Rymlig dubbelsits g\u00f6r det m\u00f6jligt f\u00f6r tv\u00e5 barn att \u00e5ka tillsammans p\u00e5 fyrhjulingen<\/li>\n<li> 24V 7Ah batteri och dubbelmotorer ger upp till 70 minuters k\u00f6rning<\/li>\n<li> Breda hjul och dubbel fj\u00e4dring p\u00e5 det elektriska fordonet f\u00f6r barn ger en mjukare, s\u00e4krare \u00e5ktur<\/li>\n<li> Terr\u00e4ngg\u00e5ende hjul klarar enkelt gr\u00e4s, sand, lera eller h\u00e5rda ytor utomhus<\/li>\n<li> Inbyggd MP3-spelare och USB-port ger musik och underh\u00e5llning p\u00e5 v\u00e4gen<\/li>\n<li> Ljusa dubbla str\u00e5lkastare \u00f6kar stil och synlighet f\u00f6r s\u00e4krare k\u00f6rning p\u00e5 natten<\/li>\n<li> Montering kr\u00e4vs<\/li>\n<\/ul>\n<p> Tekniska data:<\/p>\n<ul>\n<li> F\u00e4rg: Bl\u00e5<\/li>\n<li> Material: Plast, metall<\/li>\n<li> Totala dimensioner: 109L x 68,5B x 76H cm<\/li>\n<li> Sitsstorlek: 48B x 16,5T cm<\/li>\n<li> Sitth\u00f6jd: 51 cm (till golvet)<\/li>\n<li> Hjul: \u00d836,5 cm<\/li>\n<li> Batteri: 24V 7AH<\/li>\n<li> Motor: 2 x 24V<\/li>\n<li> Laddningstid: 8 timmar (f\u00f6rsta), 8-12 timmar (regelbundet)<\/li>\n<li> Drifttid: 70 min.<\/li>\n<li> Hastighet: 4-6,5 km\/h<\/li>\n<li> B\u00e4rkapacitet: 50 kg<\/li>\n<li> Rekommenderad \u00e5lder: 3-8 \u00e5r<\/li>\n<li> Sittkapacitet: 2 f\u00f6rare<\/li>\n<\/ul>\n<p>Leverans inneh\u00e5ller:<\/p>\n<ul>\n<li> 1 x Barnfyrhjuling<\/li>\n<li> 1 x Bruksanvisning<\/li>\n<\/ul>\n","protected":false},"excerpt":{"rendered":"<p>G\u00f6r ditt barn redo f\u00f6r sp\u00e4nnande utomhus\u00e4ventyr med denna kraftfulla AIYAPLAY elektriska fyrhjuling! Denna 24V dubbelmotorfyrhjuling erbjuder justerbara hastigheter, en&#8230;<\/p>\n","protected":false},"featured_media":88286,"template":"","meta":[],"product_brand":[],"product_cat":[880,610,1066],"product_tag":[],"class_list":{"0":"post-88295","1":"product","2":"type-product","3":"status-publish","4":"has-post-thumbnail","6":"product_cat-baby-barn-2","7":"product_cat-barnfordon","8":"product_cat-barns-elbilar","10":"first","11":"instock","12":"sale","13":"taxable","14":"shipping-taxable","15":"purchasable","16":"product-type-simple"},"yoast_head":"<!-- This site is optimized with the Yoast SEO plugin v25.4 - https:\/\/yoast.com\/wordpress\/plugins\/seo\/ -->\n<title>TRUUSK Barnens Elektriska Fyrhjuling - 24V Fordon Med 4 Hjul - Str\u00e5lkastare - USB-Kontakt - MP3-Funktion - 6,5 Km\/h - 3-8 \u00c5r - TRUUSK - Hem, Tr\u00e4dg\u00e5rd &amp; Fritid<\/title>\n<meta name=\"robots\" content=\"index, follow, max-snippet:-1, max-image-preview:large, max-video-preview:-1\" \/>\n<link rel=\"canonical\" href=\"https:\/\/truusk.store\/sv\/produkt\/truusk-barnens-elektriska-fyrhjuling-24v-fordon-med-4-hjul-stralkastare-usb-kontakt-mp3-funktion-65-km-h-3-8-ar\/\" \/>\n<meta property=\"og:locale\" content=\"sv_SE\" \/>\n<meta property=\"og:type\" content=\"article\" \/>\n<meta property=\"og:title\" content=\"TRUUSK Barnens Elektriska Fyrhjuling - 24V Fordon Med 4 Hjul - Str\u00e5lkastare - USB-Kontakt - MP3-Funktion - 6,5 Km\/h - 3-8 \u00c5r - TRUUSK - Hem, Tr\u00e4dg\u00e5rd &amp; Fritid\" \/>\n<meta property=\"og:description\" content=\"G\u00f6r ditt barn redo f\u00f6r sp\u00e4nnande utomhus\u00e4ventyr med denna kraftfulla AIYAPLAY elektriska fyrhjuling! Denna 24V dubbelmotorfyrhjuling erbjuder justerbara hastigheter, en...\" \/>\n<meta property=\"og:url\" content=\"https:\/\/truusk.store\/sv\/produkt\/truusk-barnens-elektriska-fyrhjuling-24v-fordon-med-4-hjul-stralkastare-usb-kontakt-mp3-funktion-65-km-h-3-8-ar\/\" \/>\n<meta property=\"og:site_name\" content=\"TRUUSK - Hem, Tr\u00e4dg\u00e5rd &amp; Fritid\" \/>\n<meta property=\"article:modified_time\" content=\"2026-03-12T07:46:54+00:00\" \/>\n<meta property=\"og:image\" content=\"https:\/\/i0.wp.com\/truusk.se\/wp-content\/uploads\/2025\/08\/aiyaplay-barns-elektriska-fyrhjuling-24v-elektriskt-fordon-med-4-hjul-stralkastare-usb-kontakt-mp3-funktion-65-km-h-3-8-ar-1-1.webp?fit=2000%2C2000&ssl=1\" \/>\n\t<meta property=\"og:image:width\" content=\"2000\" \/>\n\t<meta property=\"og:image:height\" content=\"2000\" \/>\n\t<meta property=\"og:image:type\" content=\"image\/webp\" \/>\n<meta name=\"twitter:card\" content=\"summary_large_image\" \/>\n<meta name=\"twitter:label1\" content=\"Ber\u00e4knad l\u00e4stid\" \/>\n\t<meta name=\"twitter:data1\" content=\"1 minut\" \/>\n<!-- \/ Yoast SEO plugin. -->","yoast_head_json":{"title":"TRUUSK Barnens Elektriska Fyrhjuling - 24V Fordon Med 4 Hjul - Str\u00e5lkastare - USB-Kontakt - MP3-Funktion - 6,5 Km\/h - 3-8 \u00c5r - TRUUSK - Hem, Tr\u00e4dg\u00e5rd &amp; Fritid","robots":{"index":"index","follow":"follow","max-snippet":"max-snippet:-1","max-image-preview":"max-image-preview:large","max-video-preview":"max-video-preview:-1"},"canonical":"https:\/\/truusk.store\/sv\/produkt\/truusk-barnens-elektriska-fyrhjuling-24v-fordon-med-4-hjul-stralkastare-usb-kontakt-mp3-funktion-65-km-h-3-8-ar\/","og_locale":"sv_SE","og_type":"article","og_title":"TRUUSK Barnens Elektriska Fyrhjuling - 24V Fordon Med 4 Hjul - Str\u00e5lkastare - USB-Kontakt - MP3-Funktion - 6,5 Km\/h - 3-8 \u00c5r - TRUUSK - Hem, Tr\u00e4dg\u00e5rd &amp; Fritid","og_description":"G\u00f6r ditt barn redo f\u00f6r sp\u00e4nnande utomhus\u00e4ventyr med denna kraftfulla AIYAPLAY elektriska fyrhjuling! Denna 24V dubbelmotorfyrhjuling erbjuder justerbara hastigheter, en...","og_url":"https:\/\/truusk.store\/sv\/produkt\/truusk-barnens-elektriska-fyrhjuling-24v-fordon-med-4-hjul-stralkastare-usb-kontakt-mp3-funktion-65-km-h-3-8-ar\/","og_site_name":"TRUUSK - Hem, Tr\u00e4dg\u00e5rd &amp; Fritid","article_modified_time":"2026-03-12T07:46:54+00:00","og_image":[{"width":2000,"height":2000,"url":"https:\/\/i0.wp.com\/truusk.se\/wp-content\/uploads\/2025\/08\/aiyaplay-barns-elektriska-fyrhjuling-24v-elektriskt-fordon-med-4-hjul-stralkastare-usb-kontakt-mp3-funktion-65-km-h-3-8-ar-1-1.webp?fit=2000%2C2000&ssl=1","type":"image\/webp"}],"twitter_card":"summary_large_image","twitter_misc":{"Ber\u00e4knad l\u00e4stid":"1 minut"},"schema":{"@context":"https:\/\/schema.org","@graph":[{"@type":"WebPage","@id":"https:\/\/truusk.store\/sv\/produkt\/truusk-barnens-elektriska-fyrhjuling-24v-fordon-med-4-hjul-stralkastare-usb-kontakt-mp3-funktion-65-km-h-3-8-ar\/","url":"https:\/\/truusk.store\/sv\/produkt\/truusk-barnens-elektriska-fyrhjuling-24v-fordon-med-4-hjul-stralkastare-usb-kontakt-mp3-funktion-65-km-h-3-8-ar\/","name":"TRUUSK Barnens Elektriska Fyrhjuling - 24V Fordon Med 4 Hjul - Str\u00e5lkastare - USB-Kontakt - MP3-Funktion - 6,5 Km\/h - 3-8 \u00c5r - TRUUSK - Hem, Tr\u00e4dg\u00e5rd &amp; Fritid","isPartOf":{"@id":"https:\/\/truusk.store\/sv\/#website"},"primaryImageOfPage":{"@id":"https:\/\/truusk.store\/sv\/produkt\/truusk-barnens-elektriska-fyrhjuling-24v-fordon-med-4-hjul-stralkastare-usb-kontakt-mp3-funktion-65-km-h-3-8-ar\/#primaryimage"},"image":{"@id":"https:\/\/truusk.store\/sv\/produkt\/truusk-barnens-elektriska-fyrhjuling-24v-fordon-med-4-hjul-stralkastare-usb-kontakt-mp3-funktion-65-km-h-3-8-ar\/#primaryimage"},"thumbnailUrl":"https:\/\/i0.wp.com\/truusk.store\/wp-content\/uploads\/2025\/08\/aiyaplay-barns-elektriska-fyrhjuling-24v-elektriskt-fordon-med-4-hjul-stralkastare-usb-kontakt-mp3-funktion-65-km-h-3-8-ar-1-1.webp?fit=2000%2C2000&ssl=1","datePublished":"2025-08-20T06:46:46+00:00","dateModified":"2026-03-12T07:46:54+00:00","breadcrumb":{"@id":"https:\/\/truusk.store\/sv\/produkt\/truusk-barnens-elektriska-fyrhjuling-24v-fordon-med-4-hjul-stralkastare-usb-kontakt-mp3-funktion-65-km-h-3-8-ar\/#breadcrumb"},"inLanguage":"sv-SE","potentialAction":[{"@type":"ReadAction","target":["https:\/\/truusk.store\/sv\/produkt\/truusk-barnens-elektriska-fyrhjuling-24v-fordon-med-4-hjul-stralkastare-usb-kontakt-mp3-funktion-65-km-h-3-8-ar\/"]}]},{"@type":"ImageObject","inLanguage":"sv-SE","@id":"https:\/\/truusk.store\/sv\/produkt\/truusk-barnens-elektriska-fyrhjuling-24v-fordon-med-4-hjul-stralkastare-usb-kontakt-mp3-funktion-65-km-h-3-8-ar\/#primaryimage","url":"https:\/\/i0.wp.com\/truusk.store\/wp-content\/uploads\/2025\/08\/aiyaplay-barns-elektriska-fyrhjuling-24v-elektriskt-fordon-med-4-hjul-stralkastare-usb-kontakt-mp3-funktion-65-km-h-3-8-ar-1-1.webp?fit=2000%2C2000&ssl=1","contentUrl":"https:\/\/i0.wp.com\/truusk.store\/wp-content\/uploads\/2025\/08\/aiyaplay-barns-elektriska-fyrhjuling-24v-elektriskt-fordon-med-4-hjul-stralkastare-usb-kontakt-mp3-funktion-65-km-h-3-8-ar-1-1.webp?fit=2000%2C2000&ssl=1","width":2000,"height":2000},{"@type":"BreadcrumbList","@id":"https:\/\/truusk.store\/sv\/produkt\/truusk-barnens-elektriska-fyrhjuling-24v-fordon-med-4-hjul-stralkastare-usb-kontakt-mp3-funktion-65-km-h-3-8-ar\/#breadcrumb","itemListElement":[{"@type":"ListItem","position":1,"name":"Home","item":"https:\/\/truusk.store\/sv\/"},{"@type":"ListItem","position":2,"name":"Shop","item":"https:\/\/truusk.store\/shop\/"},{"@type":"ListItem","position":3,"name":"TRUUSK Barnens Elektriska Fyrhjuling &#8211; 24V Fordon Med 4 Hjul &#8211; Str\u00e5lkastare &#8211; USB-Kontakt &#8211; MP3-Funktion &#8211; 6,5 Km\/h &#8211; 3-8 \u00c5r"}]},{"@type":"WebSite","@id":"https:\/\/truusk.store\/sv\/#website","url":"https:\/\/truusk.store\/sv\/","name":"TRUUSK - Hem, Tr\u00e4dg\u00e5rd & Fritid","description":"","publisher":{"@id":"https:\/\/truusk.store\/sv\/#organization"},"potentialAction":[{"@type":"SearchAction","target":{"@type":"EntryPoint","urlTemplate":"https:\/\/truusk.store\/sv\/?s={search_term_string}"},"query-input":{"@type":"PropertyValueSpecification","valueRequired":true,"valueName":"search_term_string"}}],"inLanguage":"sv-SE"},{"@type":"Organization","@id":"https:\/\/truusk.store\/sv\/#organization","name":"TRUUSK - Hem, Tr\u00e4dg\u00e5rd & Fritid","url":"https:\/\/truusk.store\/sv\/","logo":{"@type":"ImageObject","inLanguage":"sv-SE","@id":"https:\/\/truusk.store\/sv\/#\/schema\/logo\/image\/","url":"https:\/\/i0.wp.com\/truusk.store\/wp-content\/uploads\/2026\/03\/cropped-TRUUSK.png?fit=2032%2C917&ssl=1","contentUrl":"https:\/\/i0.wp.com\/truusk.store\/wp-content\/uploads\/2026\/03\/cropped-TRUUSK.png?fit=2032%2C917&ssl=1","width":2032,"height":917,"caption":"TRUUSK - Hem, Tr\u00e4dg\u00e5rd & Fritid"},"image":{"@id":"https:\/\/truusk.store\/sv\/#\/schema\/logo\/image\/"}}]}},"jetpack_sharing_enabled":true,"_links":{"self":[{"href":"https:\/\/truusk.store\/sv\/wp-json\/wp\/v2\/product\/88295","targetHints":{"allow":["GET"]}}],"collection":[{"href":"https:\/\/truusk.store\/sv\/wp-json\/wp\/v2\/product"}],"about":[{"href":"https:\/\/truusk.store\/sv\/wp-json\/wp\/v2\/types\/product"}],"wp:featuredmedia":[{"embeddable":true,"href":"https:\/\/truusk.store\/sv\/wp-json\/wp\/v2\/media\/88286"}],"wp:attachment":[{"href":"https:\/\/truusk.store\/sv\/wp-json\/wp\/v2\/media?parent=88295"}],"wp:term":[{"taxonomy":"product_brand","embeddable":true,"href":"https:\/\/truusk.store\/sv\/wp-json\/wp\/v2\/product_brand?post=88295"},{"taxonomy":"product_cat","embeddable":true,"href":"https:\/\/truusk.store\/sv\/wp-json\/wp\/v2\/product_cat?post=88295"},{"taxonomy":"product_tag","embeddable":true,"href":"https:\/\/truusk.store\/sv\/wp-json\/wp\/v2\/product_tag?post=88295"}],"curies":[{"name":"wp","href":"https:\/\/api.w.org\/{rel}","templated":true}]}}