{"id":88305,"date":"2025-08-20T07:47:49","date_gmt":"2025-08-20T06:47:49","guid":{"rendered":"https:\/\/truusk.store\/product\/3-sits-soffa-med-baddfunktion-baddsoffa-med-chaiselongue-stoppad-soffa-morkgra\/"},"modified":"2026-03-12T08:46:56","modified_gmt":"2026-03-12T07:46:56","slug":"truusk-3-sits-soffa-med-baddfunktion-baddsoffa-med-chaiselongue-stoppad-soffa-morkgra","status":"publish","type":"product","link":"https:\/\/truusk.store\/sv\/produkt\/truusk-3-sits-soffa-med-baddfunktion-baddsoffa-med-chaiselongue-stoppad-soffa-morkgra\/","title":{"rendered":"TRUUSK 3-sits Soffa Med B\u00e4ddfunktion &#8211; B\u00e4ddsoffa Med Chaiselongue &#8211; Stoppad Soffa &#8211; M\u00f6rkgr\u00e5"},"content":{"rendered":"<p>Dyk in i komfort och tillf\u00f6r stil till ditt hem med denna klick-klack-soffa fr\u00e5n TRUUSK. Den \u00e4r rymlig som en tresits och har en &#8217;L&#8217;-formad h\u00f6rndesign f\u00f6r mer benutrymme &#8211; perfekt f\u00f6r avkoppling. Med tjock skumstoppning kan den ocks\u00e5 omvandlas till en b\u00e4ddsoffa f\u00f6r att erbjuda g\u00e4ster en bekv\u00e4m sovplats. Det praktiska f\u00f6rvaringsutrymmet under s\u00e4tet h\u00e5ller ditt hem snyggt och prydligt.<\/p>\n<p>Beskrivning:<\/p>\n<ul>\n<li> Chaiselongue-segmentet p\u00e5 h\u00f6rnsoffan kan placeras till v\u00e4nster eller h\u00f6ger<\/li>\n<li> Under chaiselongue-segmentet finns ett f\u00f6rvaringsutrymme som h\u00e5ller ditt hem rent och prydligt<\/li>\n<li> Tresitsstorleken \u00e4r rymlig &#8211; chaiselongue-segmentet erbjuder mycket utrymme att str\u00e4cka ut sig p\u00e5<\/li>\n<li> Kan omvandlas till en praktisk s\u00e4ng genom att dra ut den nedre ramen<\/li>\n<li> Fylld med skum och levereras med tre ryggkuddar f\u00f6r komfort<\/li>\n<li> H\u00f6rnsoffans stoppning i linne-look \u00e4r sl\u00e4t och stilfull<\/li>\n<li> Maximal belastning 150 kg per sittplats, montering kr\u00e4vs<\/li>\n<\/ul>\n<p> Tekniska data:<\/p>\n<ul>\n<li> F\u00e4rg: M\u00f6rkgr\u00e5<\/li>\n<li> Material: Tyg med linne-look (100% polyester), plast<\/li>\n<li> M\u00e5tt: 232B x 141D x 85H cm<\/li>\n<li> Tv\u00e5sits: 126B x 52D x 43H cm<\/li>\n<li> Chaiselongue: 75B x 107D x 43H cm<\/li>\n<li> Armst\u00f6d: 18B x 83,5D x 17,5H cm.<\/li>\n<li> Sitt tjocklek: 14 cm<\/li>\n<li> Ryggst\u00f6d: 128B x 44,5H cm<\/li>\n<li> B\u00e4rkapacitet: 150 kg per sittplats, 400 kg (totalt)<\/li>\n<\/ul>\n<p>Leveransinneh\u00e5ll:<\/p>\n<ul>\n<li> 1 x B\u00e4ddsoffa<\/li>\n<li> 1 x Handbok<\/li>\n<\/ul>\n","protected":false},"excerpt":{"rendered":"<p>Dyk in i komfort och tillf\u00f6r stil till ditt hem med denna klick-klack-soffa fr\u00e5n TRUUSK. Den \u00e4r rymlig som en&#8230;<\/p>\n","protected":false},"featured_media":88296,"template":"","meta":[],"product_brand":[],"product_cat":[1037,871,937,910],"product_tag":[],"class_list":{"0":"post-88305","1":"product","2":"type-product","3":"status-publish","4":"has-post-thumbnail","6":"product_cat-ecksofas","7":"product_cat-hus-hem","8":"product_cat-soffor","9":"product_cat-vardagsrum","11":"first","12":"instock","13":"sale","14":"taxable","15":"shipping-taxable","16":"purchasable","17":"product-type-simple"},"yoast_head":"<!-- This site is optimized with the Yoast SEO plugin v25.4 - https:\/\/yoast.com\/wordpress\/plugins\/seo\/ -->\n<title>TRUUSK 3-sits Soffa Med B\u00e4ddfunktion - B\u00e4ddsoffa Med Chaiselongue - Stoppad Soffa - M\u00f6rkgr\u00e5 - TRUUSK - Hem, Tr\u00e4dg\u00e5rd &amp; Fritid<\/title>\n<meta name=\"robots\" content=\"index, follow, max-snippet:-1, max-image-preview:large, max-video-preview:-1\" \/>\n<link rel=\"canonical\" href=\"https:\/\/truusk.store\/sv\/produkt\/truusk-3-sits-soffa-med-baddfunktion-baddsoffa-med-chaiselongue-stoppad-soffa-morkgra\/\" \/>\n<meta property=\"og:locale\" content=\"sv_SE\" \/>\n<meta property=\"og:type\" content=\"article\" \/>\n<meta property=\"og:title\" content=\"TRUUSK 3-sits Soffa Med B\u00e4ddfunktion - B\u00e4ddsoffa Med Chaiselongue - Stoppad Soffa - M\u00f6rkgr\u00e5 - TRUUSK - Hem, Tr\u00e4dg\u00e5rd &amp; Fritid\" \/>\n<meta property=\"og:description\" content=\"Dyk in i komfort och tillf\u00f6r stil till ditt hem med denna klick-klack-soffa fr\u00e5n TRUUSK. Den \u00e4r rymlig som en...\" \/>\n<meta property=\"og:url\" content=\"https:\/\/truusk.store\/sv\/produkt\/truusk-3-sits-soffa-med-baddfunktion-baddsoffa-med-chaiselongue-stoppad-soffa-morkgra\/\" \/>\n<meta property=\"og:site_name\" content=\"TRUUSK - Hem, Tr\u00e4dg\u00e5rd &amp; Fritid\" \/>\n<meta property=\"article:modified_time\" content=\"2026-03-12T07:46:56+00:00\" \/>\n<meta property=\"og:image\" content=\"https:\/\/i0.wp.com\/truusk.se\/wp-content\/uploads\/2025\/08\/3-sits-soffa-med-baddfunktion-baddsoffa-med-chaiselongue-stoppad-soffa-morkgra-1.webp?fit=2000%2C2000&ssl=1\" \/>\n\t<meta property=\"og:image:width\" content=\"2000\" \/>\n\t<meta property=\"og:image:height\" content=\"2000\" \/>\n\t<meta property=\"og:image:type\" content=\"image\/webp\" \/>\n<meta name=\"twitter:card\" content=\"summary_large_image\" \/>\n<meta name=\"twitter:label1\" content=\"Ber\u00e4knad l\u00e4stid\" \/>\n\t<meta name=\"twitter:data1\" content=\"1 minut\" \/>\n<!-- \/ Yoast SEO plugin. -->","yoast_head_json":{"title":"TRUUSK 3-sits Soffa Med B\u00e4ddfunktion - B\u00e4ddsoffa Med Chaiselongue - Stoppad Soffa - M\u00f6rkgr\u00e5 - TRUUSK - Hem, Tr\u00e4dg\u00e5rd &amp; Fritid","robots":{"index":"index","follow":"follow","max-snippet":"max-snippet:-1","max-image-preview":"max-image-preview:large","max-video-preview":"max-video-preview:-1"},"canonical":"https:\/\/truusk.store\/sv\/produkt\/truusk-3-sits-soffa-med-baddfunktion-baddsoffa-med-chaiselongue-stoppad-soffa-morkgra\/","og_locale":"sv_SE","og_type":"article","og_title":"TRUUSK 3-sits Soffa Med B\u00e4ddfunktion - B\u00e4ddsoffa Med Chaiselongue - Stoppad Soffa - M\u00f6rkgr\u00e5 - TRUUSK - Hem, Tr\u00e4dg\u00e5rd &amp; Fritid","og_description":"Dyk in i komfort och tillf\u00f6r stil till ditt hem med denna klick-klack-soffa fr\u00e5n TRUUSK. Den \u00e4r rymlig som en...","og_url":"https:\/\/truusk.store\/sv\/produkt\/truusk-3-sits-soffa-med-baddfunktion-baddsoffa-med-chaiselongue-stoppad-soffa-morkgra\/","og_site_name":"TRUUSK - Hem, Tr\u00e4dg\u00e5rd &amp; Fritid","article_modified_time":"2026-03-12T07:46:56+00:00","og_image":[{"width":2000,"height":2000,"url":"https:\/\/i0.wp.com\/truusk.se\/wp-content\/uploads\/2025\/08\/3-sits-soffa-med-baddfunktion-baddsoffa-med-chaiselongue-stoppad-soffa-morkgra-1.webp?fit=2000%2C2000&ssl=1","type":"image\/webp"}],"twitter_card":"summary_large_image","twitter_misc":{"Ber\u00e4knad l\u00e4stid":"1 minut"},"schema":{"@context":"https:\/\/schema.org","@graph":[{"@type":"WebPage","@id":"https:\/\/truusk.store\/sv\/produkt\/truusk-3-sits-soffa-med-baddfunktion-baddsoffa-med-chaiselongue-stoppad-soffa-morkgra\/","url":"https:\/\/truusk.store\/sv\/produkt\/truusk-3-sits-soffa-med-baddfunktion-baddsoffa-med-chaiselongue-stoppad-soffa-morkgra\/","name":"TRUUSK 3-sits Soffa Med B\u00e4ddfunktion - B\u00e4ddsoffa Med Chaiselongue - Stoppad Soffa - M\u00f6rkgr\u00e5 - TRUUSK - Hem, Tr\u00e4dg\u00e5rd &amp; Fritid","isPartOf":{"@id":"https:\/\/truusk.store\/sv\/#website"},"primaryImageOfPage":{"@id":"https:\/\/truusk.store\/sv\/produkt\/truusk-3-sits-soffa-med-baddfunktion-baddsoffa-med-chaiselongue-stoppad-soffa-morkgra\/#primaryimage"},"image":{"@id":"https:\/\/truusk.store\/sv\/produkt\/truusk-3-sits-soffa-med-baddfunktion-baddsoffa-med-chaiselongue-stoppad-soffa-morkgra\/#primaryimage"},"thumbnailUrl":"https:\/\/i0.wp.com\/truusk.store\/wp-content\/uploads\/2025\/08\/3-sits-soffa-med-baddfunktion-baddsoffa-med-chaiselongue-stoppad-soffa-morkgra-1.webp?fit=2000%2C2000&ssl=1","datePublished":"2025-08-20T06:47:49+00:00","dateModified":"2026-03-12T07:46:56+00:00","breadcrumb":{"@id":"https:\/\/truusk.store\/sv\/produkt\/truusk-3-sits-soffa-med-baddfunktion-baddsoffa-med-chaiselongue-stoppad-soffa-morkgra\/#breadcrumb"},"inLanguage":"sv-SE","potentialAction":[{"@type":"ReadAction","target":["https:\/\/truusk.store\/sv\/produkt\/truusk-3-sits-soffa-med-baddfunktion-baddsoffa-med-chaiselongue-stoppad-soffa-morkgra\/"]}]},{"@type":"ImageObject","inLanguage":"sv-SE","@id":"https:\/\/truusk.store\/sv\/produkt\/truusk-3-sits-soffa-med-baddfunktion-baddsoffa-med-chaiselongue-stoppad-soffa-morkgra\/#primaryimage","url":"https:\/\/i0.wp.com\/truusk.store\/wp-content\/uploads\/2025\/08\/3-sits-soffa-med-baddfunktion-baddsoffa-med-chaiselongue-stoppad-soffa-morkgra-1.webp?fit=2000%2C2000&ssl=1","contentUrl":"https:\/\/i0.wp.com\/truusk.store\/wp-content\/uploads\/2025\/08\/3-sits-soffa-med-baddfunktion-baddsoffa-med-chaiselongue-stoppad-soffa-morkgra-1.webp?fit=2000%2C2000&ssl=1","width":2000,"height":2000},{"@type":"BreadcrumbList","@id":"https:\/\/truusk.store\/sv\/produkt\/truusk-3-sits-soffa-med-baddfunktion-baddsoffa-med-chaiselongue-stoppad-soffa-morkgra\/#breadcrumb","itemListElement":[{"@type":"ListItem","position":1,"name":"Home","item":"https:\/\/truusk.store\/sv\/"},{"@type":"ListItem","position":2,"name":"Shop","item":"https:\/\/truusk.store\/shop\/"},{"@type":"ListItem","position":3,"name":"TRUUSK 3-sits Soffa Med B\u00e4ddfunktion &#8211; B\u00e4ddsoffa Med Chaiselongue &#8211; Stoppad Soffa &#8211; M\u00f6rkgr\u00e5"}]},{"@type":"WebSite","@id":"https:\/\/truusk.store\/sv\/#website","url":"https:\/\/truusk.store\/sv\/","name":"TRUUSK - Hem, Tr\u00e4dg\u00e5rd & Fritid","description":"","publisher":{"@id":"https:\/\/truusk.store\/sv\/#organization"},"potentialAction":[{"@type":"SearchAction","target":{"@type":"EntryPoint","urlTemplate":"https:\/\/truusk.store\/sv\/?s={search_term_string}"},"query-input":{"@type":"PropertyValueSpecification","valueRequired":true,"valueName":"search_term_string"}}],"inLanguage":"sv-SE"},{"@type":"Organization","@id":"https:\/\/truusk.store\/sv\/#organization","name":"TRUUSK - Hem, Tr\u00e4dg\u00e5rd & Fritid","url":"https:\/\/truusk.store\/sv\/","logo":{"@type":"ImageObject","inLanguage":"sv-SE","@id":"https:\/\/truusk.store\/sv\/#\/schema\/logo\/image\/","url":"https:\/\/i0.wp.com\/truusk.store\/wp-content\/uploads\/2026\/03\/cropped-TRUUSK.png?fit=2032%2C917&ssl=1","contentUrl":"https:\/\/i0.wp.com\/truusk.store\/wp-content\/uploads\/2026\/03\/cropped-TRUUSK.png?fit=2032%2C917&ssl=1","width":2032,"height":917,"caption":"TRUUSK - Hem, Tr\u00e4dg\u00e5rd & Fritid"},"image":{"@id":"https:\/\/truusk.store\/sv\/#\/schema\/logo\/image\/"}}]}},"jetpack_sharing_enabled":true,"_links":{"self":[{"href":"https:\/\/truusk.store\/sv\/wp-json\/wp\/v2\/product\/88305","targetHints":{"allow":["GET"]}}],"collection":[{"href":"https:\/\/truusk.store\/sv\/wp-json\/wp\/v2\/product"}],"about":[{"href":"https:\/\/truusk.store\/sv\/wp-json\/wp\/v2\/types\/product"}],"wp:featuredmedia":[{"embeddable":true,"href":"https:\/\/truusk.store\/sv\/wp-json\/wp\/v2\/media\/88296"}],"wp:attachment":[{"href":"https:\/\/truusk.store\/sv\/wp-json\/wp\/v2\/media?parent=88305"}],"wp:term":[{"taxonomy":"product_brand","embeddable":true,"href":"https:\/\/truusk.store\/sv\/wp-json\/wp\/v2\/product_brand?post=88305"},{"taxonomy":"product_cat","embeddable":true,"href":"https:\/\/truusk.store\/sv\/wp-json\/wp\/v2\/product_cat?post=88305"},{"taxonomy":"product_tag","embeddable":true,"href":"https:\/\/truusk.store\/sv\/wp-json\/wp\/v2\/product_tag?post=88305"}],"curies":[{"name":"wp","href":"https:\/\/api.w.org\/{rel}","templated":true}]}}