{"id":88325,"date":"2025-08-20T07:49:42","date_gmt":"2025-08-20T06:49:42","guid":{"rendered":"https:\/\/truusk.store\/product\/natverkskontorsstol-justerbar-skrivbordsstol-med-nattygryggstod-rullbar-med-lutningsfunktion-svart\/"},"modified":"2026-03-12T08:47:02","modified_gmt":"2026-03-12T07:47:02","slug":"truusk-natverkskontorsstol-justerbar-skrivbordsstol-nattygryggstod-rullbar-lutningsfunktion-svart","status":"publish","type":"product","link":"https:\/\/truusk.store\/sv\/produkt\/truusk-natverkskontorsstol-justerbar-skrivbordsstol-nattygryggstod-rullbar-lutningsfunktion-svart\/","title":{"rendered":"TRUUSK N\u00e4tverkskontorsstol &#8211; Justerbar skrivbordsstol &#8211; N\u00e4ttygryggst\u00f6d &#8211; Rullbar &#8211; Lutningsfunktion &#8211; Svart"},"content":{"rendered":"<p>L\u00e5nga timmar av sittande vid skrivbordet leder till obehag och v\u00e4rme? Ryggsm\u00e4rtor och st\u00e4ndig justering st\u00f6r koncentrationen? TRUUSK ergonomiska skrivbordsstol erbjuder uppfriskande luftgenomsl\u00e4pp och ergonomiskt st\u00f6d som lindrar obehag. H\u00e5ll dig sval och fokuserad n\u00e4r du arbetar: TRUUSK skrivbordsstol fr\u00e4mjar en h\u00e4lsosam h\u00e5llning och optimerar din arbetsplats f\u00f6r att g\u00f6ra l\u00e5nga dagar produktiva och \u00e4nd\u00e5 trevliga.<\/p>\n<p> Beskrivning:<\/p>\n<ul>\n<li> Det andningsbara mesh-ryggst\u00f6det h\u00e5ller dig sval och bekv\u00e4m och \u00f6kar effektiviteten<\/li>\n<li> H\u00f6g elastisk, h\u00f6g densitet skum f\u00f6r st\u00f6djande komfort<\/li>\n<li> Tippfunktionen hj\u00e4lper dig att slappna av och lindra tr\u00f6tthet, vilket \u00f6kar produktiviteten<\/li>\n<li> Justerbara armst\u00f6d p\u00e5 skrivbordsstolen ger bekv\u00e4mt st\u00f6d, minskar tr\u00f6tthet och sparar utrymme<\/li>\n<li> Enkel h\u00f6jdjustering av datorstolen st\u00f6der olika anv\u00e4ndare och fr\u00e4mjar en h\u00e4lsosam h\u00e5llning<\/li>\n<li> 360\u00b0 rotation med tysta hjul m\u00f6jligg\u00f6r flexibla r\u00f6relser och skyddar golvet<\/li>\n<li> Femstj\u00e4rnigt underrede b\u00e4r upp till 120 kg<\/li>\n<li> Snabb 10-minuters montering sparar tid<\/li>\n<\/ul>\n<p> Tekniska data:<\/p>\n<ul>\n<li> F\u00e4rg: Svart<\/li>\n<li> Material: N\u00e4ttyg (100 % polyester), skum, plast, flerskiktsplatta<\/li>\n<li> Totala dimensioner: 65B x 59D x 92,5-102,5H cm<\/li>\n<li> Sitsm\u00e5tt: 50B x 48D cm<\/li>\n<li> Sits h\u00f6jdomr\u00e5de: 48-58 cm<\/li>\n<li> Sits tjocklek: 8 cm<\/li>\n<li> Ryggst\u00f6dsm\u00e5tt: 52L x 49B cm<\/li>\n<li> Ryggst\u00f6dets tjocklek: 3 cm<\/li>\n<li> Armst\u00f6dets h\u00f6jd till sits: 21 cm<\/li>\n<li> Maximal belastning: 120 kg<\/li>\n<\/ul>\n<p>Leveransinneh\u00e5ll:<\/p>\n<ul>\n<li> 1 x N\u00e4ttygskontorsstol<\/li>\n<li> 1 x Bruksanvisning<\/li>\n<\/ul>\n","protected":false},"excerpt":{"rendered":"<p>L\u00e5nga timmar av sittande vid skrivbordet leder till obehag och v\u00e4rme? Ryggsm\u00e4rtor och st\u00e4ndig justering st\u00f6r koncentrationen? TRUUSK ergonomiska skrivbordsstol&#8230;<\/p>\n","protected":false},"featured_media":88316,"template":"","meta":[],"product_brand":[],"product_cat":[872,871,516],"product_tag":[],"class_list":{"0":"post-88325","1":"product","2":"type-product","3":"status-publish","4":"has-post-thumbnail","6":"product_cat-hemmakontor-arbetsplats","7":"product_cat-hus-hem","8":"product_cat-kontorsstolar","10":"first","11":"instock","12":"sale","13":"taxable","14":"shipping-taxable","15":"purchasable","16":"product-type-simple"},"yoast_head":"<!-- This site is optimized with the Yoast SEO plugin v25.4 - https:\/\/yoast.com\/wordpress\/plugins\/seo\/ -->\n<title>TRUUSK N\u00e4tverkskontorsstol - Justerbar skrivbordsstol - N\u00e4ttygryggst\u00f6d - Rullbar - Lutningsfunktion - Svart - TRUUSK - Hem, Tr\u00e4dg\u00e5rd &amp; Fritid<\/title>\n<meta name=\"robots\" content=\"index, follow, max-snippet:-1, max-image-preview:large, max-video-preview:-1\" \/>\n<link rel=\"canonical\" href=\"https:\/\/truusk.store\/sv\/produkt\/truusk-natverkskontorsstol-justerbar-skrivbordsstol-nattygryggstod-rullbar-lutningsfunktion-svart\/\" \/>\n<meta property=\"og:locale\" content=\"sv_SE\" \/>\n<meta property=\"og:type\" content=\"article\" \/>\n<meta property=\"og:title\" content=\"TRUUSK N\u00e4tverkskontorsstol - Justerbar skrivbordsstol - N\u00e4ttygryggst\u00f6d - Rullbar - Lutningsfunktion - Svart - TRUUSK - Hem, Tr\u00e4dg\u00e5rd &amp; Fritid\" \/>\n<meta property=\"og:description\" content=\"L\u00e5nga timmar av sittande vid skrivbordet leder till obehag och v\u00e4rme? Ryggsm\u00e4rtor och st\u00e4ndig justering st\u00f6r koncentrationen? TRUUSK ergonomiska skrivbordsstol...\" \/>\n<meta property=\"og:url\" content=\"https:\/\/truusk.store\/sv\/produkt\/truusk-natverkskontorsstol-justerbar-skrivbordsstol-nattygryggstod-rullbar-lutningsfunktion-svart\/\" \/>\n<meta property=\"og:site_name\" content=\"TRUUSK - Hem, Tr\u00e4dg\u00e5rd &amp; Fritid\" \/>\n<meta property=\"article:modified_time\" content=\"2026-03-12T07:47:02+00:00\" \/>\n<meta property=\"og:image\" content=\"https:\/\/i0.wp.com\/truusk.se\/wp-content\/uploads\/2025\/08\/natverkskontorsstol-justerbar-skrivbordsstol-med-nattygryggstod-rullbar-med-lutningsfunktion-svart-1.webp?fit=2000%2C2000&ssl=1\" \/>\n\t<meta property=\"og:image:width\" content=\"2000\" \/>\n\t<meta property=\"og:image:height\" content=\"2000\" \/>\n\t<meta property=\"og:image:type\" content=\"image\/webp\" \/>\n<meta name=\"twitter:card\" content=\"summary_large_image\" \/>\n<meta name=\"twitter:label1\" content=\"Ber\u00e4knad l\u00e4stid\" \/>\n\t<meta name=\"twitter:data1\" content=\"1 minut\" \/>\n<!-- \/ Yoast SEO plugin. -->","yoast_head_json":{"title":"TRUUSK N\u00e4tverkskontorsstol - Justerbar skrivbordsstol - N\u00e4ttygryggst\u00f6d - Rullbar - Lutningsfunktion - Svart - TRUUSK - Hem, Tr\u00e4dg\u00e5rd &amp; Fritid","robots":{"index":"index","follow":"follow","max-snippet":"max-snippet:-1","max-image-preview":"max-image-preview:large","max-video-preview":"max-video-preview:-1"},"canonical":"https:\/\/truusk.store\/sv\/produkt\/truusk-natverkskontorsstol-justerbar-skrivbordsstol-nattygryggstod-rullbar-lutningsfunktion-svart\/","og_locale":"sv_SE","og_type":"article","og_title":"TRUUSK N\u00e4tverkskontorsstol - Justerbar skrivbordsstol - N\u00e4ttygryggst\u00f6d - Rullbar - Lutningsfunktion - Svart - TRUUSK - Hem, Tr\u00e4dg\u00e5rd &amp; Fritid","og_description":"L\u00e5nga timmar av sittande vid skrivbordet leder till obehag och v\u00e4rme? Ryggsm\u00e4rtor och st\u00e4ndig justering st\u00f6r koncentrationen? TRUUSK ergonomiska skrivbordsstol...","og_url":"https:\/\/truusk.store\/sv\/produkt\/truusk-natverkskontorsstol-justerbar-skrivbordsstol-nattygryggstod-rullbar-lutningsfunktion-svart\/","og_site_name":"TRUUSK - Hem, Tr\u00e4dg\u00e5rd &amp; Fritid","article_modified_time":"2026-03-12T07:47:02+00:00","og_image":[{"width":2000,"height":2000,"url":"https:\/\/i0.wp.com\/truusk.se\/wp-content\/uploads\/2025\/08\/natverkskontorsstol-justerbar-skrivbordsstol-med-nattygryggstod-rullbar-med-lutningsfunktion-svart-1.webp?fit=2000%2C2000&ssl=1","type":"image\/webp"}],"twitter_card":"summary_large_image","twitter_misc":{"Ber\u00e4knad l\u00e4stid":"1 minut"},"schema":{"@context":"https:\/\/schema.org","@graph":[{"@type":"WebPage","@id":"https:\/\/truusk.store\/sv\/produkt\/truusk-natverkskontorsstol-justerbar-skrivbordsstol-nattygryggstod-rullbar-lutningsfunktion-svart\/","url":"https:\/\/truusk.store\/sv\/produkt\/truusk-natverkskontorsstol-justerbar-skrivbordsstol-nattygryggstod-rullbar-lutningsfunktion-svart\/","name":"TRUUSK N\u00e4tverkskontorsstol - Justerbar skrivbordsstol - N\u00e4ttygryggst\u00f6d - Rullbar - Lutningsfunktion - Svart - TRUUSK - Hem, Tr\u00e4dg\u00e5rd &amp; Fritid","isPartOf":{"@id":"https:\/\/truusk.store\/sv\/#website"},"primaryImageOfPage":{"@id":"https:\/\/truusk.store\/sv\/produkt\/truusk-natverkskontorsstol-justerbar-skrivbordsstol-nattygryggstod-rullbar-lutningsfunktion-svart\/#primaryimage"},"image":{"@id":"https:\/\/truusk.store\/sv\/produkt\/truusk-natverkskontorsstol-justerbar-skrivbordsstol-nattygryggstod-rullbar-lutningsfunktion-svart\/#primaryimage"},"thumbnailUrl":"https:\/\/i0.wp.com\/truusk.store\/wp-content\/uploads\/2025\/08\/natverkskontorsstol-justerbar-skrivbordsstol-med-nattygryggstod-rullbar-med-lutningsfunktion-svart-1.webp?fit=2000%2C2000&ssl=1","datePublished":"2025-08-20T06:49:42+00:00","dateModified":"2026-03-12T07:47:02+00:00","breadcrumb":{"@id":"https:\/\/truusk.store\/sv\/produkt\/truusk-natverkskontorsstol-justerbar-skrivbordsstol-nattygryggstod-rullbar-lutningsfunktion-svart\/#breadcrumb"},"inLanguage":"sv-SE","potentialAction":[{"@type":"ReadAction","target":["https:\/\/truusk.store\/sv\/produkt\/truusk-natverkskontorsstol-justerbar-skrivbordsstol-nattygryggstod-rullbar-lutningsfunktion-svart\/"]}]},{"@type":"ImageObject","inLanguage":"sv-SE","@id":"https:\/\/truusk.store\/sv\/produkt\/truusk-natverkskontorsstol-justerbar-skrivbordsstol-nattygryggstod-rullbar-lutningsfunktion-svart\/#primaryimage","url":"https:\/\/i0.wp.com\/truusk.store\/wp-content\/uploads\/2025\/08\/natverkskontorsstol-justerbar-skrivbordsstol-med-nattygryggstod-rullbar-med-lutningsfunktion-svart-1.webp?fit=2000%2C2000&ssl=1","contentUrl":"https:\/\/i0.wp.com\/truusk.store\/wp-content\/uploads\/2025\/08\/natverkskontorsstol-justerbar-skrivbordsstol-med-nattygryggstod-rullbar-med-lutningsfunktion-svart-1.webp?fit=2000%2C2000&ssl=1","width":2000,"height":2000},{"@type":"BreadcrumbList","@id":"https:\/\/truusk.store\/sv\/produkt\/truusk-natverkskontorsstol-justerbar-skrivbordsstol-nattygryggstod-rullbar-lutningsfunktion-svart\/#breadcrumb","itemListElement":[{"@type":"ListItem","position":1,"name":"Home","item":"https:\/\/truusk.store\/sv\/"},{"@type":"ListItem","position":2,"name":"Shop","item":"https:\/\/truusk.store\/shop\/"},{"@type":"ListItem","position":3,"name":"TRUUSK N\u00e4tverkskontorsstol &#8211; Justerbar skrivbordsstol &#8211; N\u00e4ttygryggst\u00f6d &#8211; Rullbar &#8211; Lutningsfunktion &#8211; Svart"}]},{"@type":"WebSite","@id":"https:\/\/truusk.store\/sv\/#website","url":"https:\/\/truusk.store\/sv\/","name":"TRUUSK - Hem, Tr\u00e4dg\u00e5rd & Fritid","description":"","publisher":{"@id":"https:\/\/truusk.store\/sv\/#organization"},"potentialAction":[{"@type":"SearchAction","target":{"@type":"EntryPoint","urlTemplate":"https:\/\/truusk.store\/sv\/?s={search_term_string}"},"query-input":{"@type":"PropertyValueSpecification","valueRequired":true,"valueName":"search_term_string"}}],"inLanguage":"sv-SE"},{"@type":"Organization","@id":"https:\/\/truusk.store\/sv\/#organization","name":"TRUUSK - Hem, Tr\u00e4dg\u00e5rd & Fritid","url":"https:\/\/truusk.store\/sv\/","logo":{"@type":"ImageObject","inLanguage":"sv-SE","@id":"https:\/\/truusk.store\/sv\/#\/schema\/logo\/image\/","url":"https:\/\/i0.wp.com\/truusk.store\/wp-content\/uploads\/2026\/03\/cropped-TRUUSK.png?fit=2032%2C917&ssl=1","contentUrl":"https:\/\/i0.wp.com\/truusk.store\/wp-content\/uploads\/2026\/03\/cropped-TRUUSK.png?fit=2032%2C917&ssl=1","width":2032,"height":917,"caption":"TRUUSK - Hem, Tr\u00e4dg\u00e5rd & Fritid"},"image":{"@id":"https:\/\/truusk.store\/sv\/#\/schema\/logo\/image\/"}}]}},"jetpack_sharing_enabled":true,"_links":{"self":[{"href":"https:\/\/truusk.store\/sv\/wp-json\/wp\/v2\/product\/88325","targetHints":{"allow":["GET"]}}],"collection":[{"href":"https:\/\/truusk.store\/sv\/wp-json\/wp\/v2\/product"}],"about":[{"href":"https:\/\/truusk.store\/sv\/wp-json\/wp\/v2\/types\/product"}],"wp:featuredmedia":[{"embeddable":true,"href":"https:\/\/truusk.store\/sv\/wp-json\/wp\/v2\/media\/88316"}],"wp:attachment":[{"href":"https:\/\/truusk.store\/sv\/wp-json\/wp\/v2\/media?parent=88325"}],"wp:term":[{"taxonomy":"product_brand","embeddable":true,"href":"https:\/\/truusk.store\/sv\/wp-json\/wp\/v2\/product_brand?post=88325"},{"taxonomy":"product_cat","embeddable":true,"href":"https:\/\/truusk.store\/sv\/wp-json\/wp\/v2\/product_cat?post=88325"},{"taxonomy":"product_tag","embeddable":true,"href":"https:\/\/truusk.store\/sv\/wp-json\/wp\/v2\/product_tag?post=88325"}],"curies":[{"name":"wp","href":"https:\/\/api.w.org\/{rel}","templated":true}]}}