{"id":88375,"date":"2025-08-20T07:54:36","date_gmt":"2025-08-20T06:54:36","guid":{"rendered":"https:\/\/truusk.store\/product\/vridbar-stoppad-stol-med-fotpall-lutbar-stoppad-stol-med-armstod-for-vardagsrum-sovrum-gra\/"},"modified":"2026-03-12T08:47:06","modified_gmt":"2026-03-12T07:47:06","slug":"truusk-vandbar-stoppad-stol-med-fotpall-justerbar-ryggstod-armstod-gra-for-vardagsrum-och-sovrum","status":"publish","type":"product","link":"https:\/\/truusk.store\/sv\/produkt\/truusk-vandbar-stoppad-stol-med-fotpall-justerbar-ryggstod-armstod-gra-for-vardagsrum-och-sovrum\/","title":{"rendered":"TRUUSK V\u00e4ndbar Stoppad Stol med Fotpall &#8211; Justerbar Ryggst\u00f6d &#8211; Armst\u00f6d &#8211; Gr\u00e5 &#8211; F\u00f6r Vardagsrum och Sovrum"},"content":{"rendered":"<p>Optimera ditt v\u00e4lbefinnande: Undvik besv\u00e4rliga f\u00f6rflyttningar f\u00f6r att f\u00f6ra samtal. TRUUSK avkopplingsstolen m\u00f6jligg\u00f6r en smidig 360\u00b0 rotation f\u00f6r flytande interaktioner. Slappna av i denna ergonomiska stol, som ger stabil st\u00f6d vid l\u00e4sning eller arbete. Den andningsbara tyget s\u00e4kerst\u00e4ller komfort \u00e5ret runt och f\u00f6rb\u00e4ttrar din avkopplingsupplevelse.<\/p>\n<p>Beskrivning:<\/p>\n<ul>\n<li> Ergonomisk design med tjock skumstoppning st\u00f6djer huvud och rygg bekv\u00e4mt<\/li>\n<li> Matchande pall slappnar av benen och l\u00f6ser kroppssp\u00e4nningar<\/li>\n<li> 360\u00b0 roterande bas m\u00f6jligg\u00f6r en mjuk rotation och flexibel r\u00f6relse<\/li>\n<li> Andningsbart linne-liknande tyg p\u00e5 TV-stolen h\u00e5ller sittytan sval och bekv\u00e4m<\/li>\n<li> Robust metallbas p\u00e5 avkopplingsstolen b\u00e4r upp till 120 kg och skyddar golvet med en ring<\/li>\n<li> Snabb och enkel 15-minuters montering<\/li>\n<\/ul>\n<p> Tekniska data:<\/p>\n<ul>\n<li> F\u00e4rg: Gr\u00e5<\/li>\n<li> Material: Linne-liknande tyg (100 % polyester), skum, metall<\/li>\n<li> Stolm\u00e5tt: 68B x 84D x 118H cm<\/li>\n<li> Fotpallens dimensioner: 43B x 48D x 44,5H cm<\/li>\n<li> Sitsstorlek: 51B x 54,5D x 45H cm<\/li>\n<li> Sitsens tjocklek: 11 cm<\/li>\n<li> Ryggst\u00f6dets m\u00e5tt: 79L x 63B cm<\/li>\n<li> Armst\u00f6dets m\u00e5tt: 44L x 6B cm<\/li>\n<li> Armst\u00f6dets h\u00f6jd fr\u00e5n sitsen: 16 cm<\/li>\n<li> B\u00e4rkapacitet: 120 kg<\/li>\n<\/ul>\n<p>Leveransinneh\u00e5ll:<\/p>\n<ul>\n<li> 1 x Roterande avkopplingsstol<\/li>\n<li> 1 x Fotpall<\/li>\n<li> 1 x Handbok<\/li>\n<\/ul>\n","protected":false},"excerpt":{"rendered":"<p>Optimera ditt v\u00e4lbefinnande: Undvik besv\u00e4rliga f\u00f6rflyttningar f\u00f6r att f\u00f6ra samtal. TRUUSK avkopplingsstolen m\u00f6jligg\u00f6r en smidig 360\u00b0 rotation f\u00f6r flytande interaktioner&#8230;.<\/p>\n","protected":false},"featured_media":88366,"template":"","meta":[],"product_brand":[],"product_cat":[521,871,920,910],"product_tag":[],"class_list":{"0":"post-88375","1":"product","2":"type-product","3":"status-publish","4":"has-post-thumbnail","6":"product_cat-fatolj","7":"product_cat-hus-hem","8":"product_cat-relaxsessel-mit-hocker","9":"product_cat-vardagsrum","11":"first","12":"instock","13":"sale","14":"taxable","15":"shipping-taxable","16":"purchasable","17":"product-type-simple"},"yoast_head":"<!-- This site is optimized with the Yoast SEO plugin v25.4 - https:\/\/yoast.com\/wordpress\/plugins\/seo\/ -->\n<title>TRUUSK V\u00e4ndbar Stoppad Stol med Fotpall - Justerbar Ryggst\u00f6d - Armst\u00f6d - Gr\u00e5 - F\u00f6r Vardagsrum och Sovrum - TRUUSK - Hem, Tr\u00e4dg\u00e5rd &amp; Fritid<\/title>\n<meta name=\"robots\" content=\"index, follow, max-snippet:-1, max-image-preview:large, max-video-preview:-1\" \/>\n<link rel=\"canonical\" href=\"https:\/\/truusk.store\/sv\/produkt\/truusk-vandbar-stoppad-stol-med-fotpall-justerbar-ryggstod-armstod-gra-for-vardagsrum-och-sovrum\/\" \/>\n<meta property=\"og:locale\" content=\"sv_SE\" \/>\n<meta property=\"og:type\" content=\"article\" \/>\n<meta property=\"og:title\" content=\"TRUUSK V\u00e4ndbar Stoppad Stol med Fotpall - Justerbar Ryggst\u00f6d - Armst\u00f6d - Gr\u00e5 - F\u00f6r Vardagsrum och Sovrum - TRUUSK - Hem, Tr\u00e4dg\u00e5rd &amp; Fritid\" \/>\n<meta property=\"og:description\" content=\"Optimera ditt v\u00e4lbefinnande: Undvik besv\u00e4rliga f\u00f6rflyttningar f\u00f6r att f\u00f6ra samtal. TRUUSK avkopplingsstolen m\u00f6jligg\u00f6r en smidig 360\u00b0 rotation f\u00f6r flytande interaktioner....\" \/>\n<meta property=\"og:url\" content=\"https:\/\/truusk.store\/sv\/produkt\/truusk-vandbar-stoppad-stol-med-fotpall-justerbar-ryggstod-armstod-gra-for-vardagsrum-och-sovrum\/\" \/>\n<meta property=\"og:site_name\" content=\"TRUUSK - Hem, Tr\u00e4dg\u00e5rd &amp; Fritid\" \/>\n<meta property=\"article:modified_time\" content=\"2026-03-12T07:47:06+00:00\" \/>\n<meta property=\"og:image\" content=\"https:\/\/i0.wp.com\/truusk.se\/wp-content\/uploads\/2025\/08\/vridbar-stoppad-stol-med-fotpall-lutbar-stoppad-stol-med-armstod-for-vardagsrum-sovrum-gra-1.webp?fit=2000%2C2000&ssl=1\" \/>\n\t<meta property=\"og:image:width\" content=\"2000\" \/>\n\t<meta property=\"og:image:height\" content=\"2000\" \/>\n\t<meta property=\"og:image:type\" content=\"image\/webp\" \/>\n<meta name=\"twitter:card\" content=\"summary_large_image\" \/>\n<meta name=\"twitter:label1\" content=\"Ber\u00e4knad l\u00e4stid\" \/>\n\t<meta name=\"twitter:data1\" content=\"1 minut\" \/>\n<!-- \/ Yoast SEO plugin. -->","yoast_head_json":{"title":"TRUUSK V\u00e4ndbar Stoppad Stol med Fotpall - Justerbar Ryggst\u00f6d - Armst\u00f6d - Gr\u00e5 - F\u00f6r Vardagsrum och Sovrum - TRUUSK - Hem, Tr\u00e4dg\u00e5rd &amp; Fritid","robots":{"index":"index","follow":"follow","max-snippet":"max-snippet:-1","max-image-preview":"max-image-preview:large","max-video-preview":"max-video-preview:-1"},"canonical":"https:\/\/truusk.store\/sv\/produkt\/truusk-vandbar-stoppad-stol-med-fotpall-justerbar-ryggstod-armstod-gra-for-vardagsrum-och-sovrum\/","og_locale":"sv_SE","og_type":"article","og_title":"TRUUSK V\u00e4ndbar Stoppad Stol med Fotpall - Justerbar Ryggst\u00f6d - Armst\u00f6d - Gr\u00e5 - F\u00f6r Vardagsrum och Sovrum - TRUUSK - Hem, Tr\u00e4dg\u00e5rd &amp; Fritid","og_description":"Optimera ditt v\u00e4lbefinnande: Undvik besv\u00e4rliga f\u00f6rflyttningar f\u00f6r att f\u00f6ra samtal. TRUUSK avkopplingsstolen m\u00f6jligg\u00f6r en smidig 360\u00b0 rotation f\u00f6r flytande interaktioner....","og_url":"https:\/\/truusk.store\/sv\/produkt\/truusk-vandbar-stoppad-stol-med-fotpall-justerbar-ryggstod-armstod-gra-for-vardagsrum-och-sovrum\/","og_site_name":"TRUUSK - Hem, Tr\u00e4dg\u00e5rd &amp; Fritid","article_modified_time":"2026-03-12T07:47:06+00:00","og_image":[{"width":2000,"height":2000,"url":"https:\/\/i0.wp.com\/truusk.se\/wp-content\/uploads\/2025\/08\/vridbar-stoppad-stol-med-fotpall-lutbar-stoppad-stol-med-armstod-for-vardagsrum-sovrum-gra-1.webp?fit=2000%2C2000&ssl=1","type":"image\/webp"}],"twitter_card":"summary_large_image","twitter_misc":{"Ber\u00e4knad l\u00e4stid":"1 minut"},"schema":{"@context":"https:\/\/schema.org","@graph":[{"@type":"WebPage","@id":"https:\/\/truusk.store\/sv\/produkt\/truusk-vandbar-stoppad-stol-med-fotpall-justerbar-ryggstod-armstod-gra-for-vardagsrum-och-sovrum\/","url":"https:\/\/truusk.store\/sv\/produkt\/truusk-vandbar-stoppad-stol-med-fotpall-justerbar-ryggstod-armstod-gra-for-vardagsrum-och-sovrum\/","name":"TRUUSK V\u00e4ndbar Stoppad Stol med Fotpall - Justerbar Ryggst\u00f6d - Armst\u00f6d - Gr\u00e5 - F\u00f6r Vardagsrum och Sovrum - TRUUSK - Hem, Tr\u00e4dg\u00e5rd &amp; Fritid","isPartOf":{"@id":"https:\/\/truusk.store\/sv\/#website"},"primaryImageOfPage":{"@id":"https:\/\/truusk.store\/sv\/produkt\/truusk-vandbar-stoppad-stol-med-fotpall-justerbar-ryggstod-armstod-gra-for-vardagsrum-och-sovrum\/#primaryimage"},"image":{"@id":"https:\/\/truusk.store\/sv\/produkt\/truusk-vandbar-stoppad-stol-med-fotpall-justerbar-ryggstod-armstod-gra-for-vardagsrum-och-sovrum\/#primaryimage"},"thumbnailUrl":"https:\/\/i0.wp.com\/truusk.store\/wp-content\/uploads\/2025\/08\/vridbar-stoppad-stol-med-fotpall-lutbar-stoppad-stol-med-armstod-for-vardagsrum-sovrum-gra-1.webp?fit=2000%2C2000&ssl=1","datePublished":"2025-08-20T06:54:36+00:00","dateModified":"2026-03-12T07:47:06+00:00","breadcrumb":{"@id":"https:\/\/truusk.store\/sv\/produkt\/truusk-vandbar-stoppad-stol-med-fotpall-justerbar-ryggstod-armstod-gra-for-vardagsrum-och-sovrum\/#breadcrumb"},"inLanguage":"sv-SE","potentialAction":[{"@type":"ReadAction","target":["https:\/\/truusk.store\/sv\/produkt\/truusk-vandbar-stoppad-stol-med-fotpall-justerbar-ryggstod-armstod-gra-for-vardagsrum-och-sovrum\/"]}]},{"@type":"ImageObject","inLanguage":"sv-SE","@id":"https:\/\/truusk.store\/sv\/produkt\/truusk-vandbar-stoppad-stol-med-fotpall-justerbar-ryggstod-armstod-gra-for-vardagsrum-och-sovrum\/#primaryimage","url":"https:\/\/i0.wp.com\/truusk.store\/wp-content\/uploads\/2025\/08\/vridbar-stoppad-stol-med-fotpall-lutbar-stoppad-stol-med-armstod-for-vardagsrum-sovrum-gra-1.webp?fit=2000%2C2000&ssl=1","contentUrl":"https:\/\/i0.wp.com\/truusk.store\/wp-content\/uploads\/2025\/08\/vridbar-stoppad-stol-med-fotpall-lutbar-stoppad-stol-med-armstod-for-vardagsrum-sovrum-gra-1.webp?fit=2000%2C2000&ssl=1","width":2000,"height":2000},{"@type":"BreadcrumbList","@id":"https:\/\/truusk.store\/sv\/produkt\/truusk-vandbar-stoppad-stol-med-fotpall-justerbar-ryggstod-armstod-gra-for-vardagsrum-och-sovrum\/#breadcrumb","itemListElement":[{"@type":"ListItem","position":1,"name":"Home","item":"https:\/\/truusk.store\/sv\/"},{"@type":"ListItem","position":2,"name":"Shop","item":"https:\/\/truusk.store\/shop\/"},{"@type":"ListItem","position":3,"name":"TRUUSK V\u00e4ndbar Stoppad Stol med Fotpall &#8211; Justerbar Ryggst\u00f6d &#8211; Armst\u00f6d &#8211; Gr\u00e5 &#8211; F\u00f6r Vardagsrum och Sovrum"}]},{"@type":"WebSite","@id":"https:\/\/truusk.store\/sv\/#website","url":"https:\/\/truusk.store\/sv\/","name":"TRUUSK - Hem, Tr\u00e4dg\u00e5rd & Fritid","description":"","publisher":{"@id":"https:\/\/truusk.store\/sv\/#organization"},"potentialAction":[{"@type":"SearchAction","target":{"@type":"EntryPoint","urlTemplate":"https:\/\/truusk.store\/sv\/?s={search_term_string}"},"query-input":{"@type":"PropertyValueSpecification","valueRequired":true,"valueName":"search_term_string"}}],"inLanguage":"sv-SE"},{"@type":"Organization","@id":"https:\/\/truusk.store\/sv\/#organization","name":"TRUUSK - Hem, Tr\u00e4dg\u00e5rd & Fritid","url":"https:\/\/truusk.store\/sv\/","logo":{"@type":"ImageObject","inLanguage":"sv-SE","@id":"https:\/\/truusk.store\/sv\/#\/schema\/logo\/image\/","url":"https:\/\/i0.wp.com\/truusk.store\/wp-content\/uploads\/2026\/03\/cropped-TRUUSK.png?fit=2032%2C917&ssl=1","contentUrl":"https:\/\/i0.wp.com\/truusk.store\/wp-content\/uploads\/2026\/03\/cropped-TRUUSK.png?fit=2032%2C917&ssl=1","width":2032,"height":917,"caption":"TRUUSK - Hem, Tr\u00e4dg\u00e5rd & Fritid"},"image":{"@id":"https:\/\/truusk.store\/sv\/#\/schema\/logo\/image\/"}}]}},"jetpack_sharing_enabled":true,"_links":{"self":[{"href":"https:\/\/truusk.store\/sv\/wp-json\/wp\/v2\/product\/88375","targetHints":{"allow":["GET"]}}],"collection":[{"href":"https:\/\/truusk.store\/sv\/wp-json\/wp\/v2\/product"}],"about":[{"href":"https:\/\/truusk.store\/sv\/wp-json\/wp\/v2\/types\/product"}],"wp:featuredmedia":[{"embeddable":true,"href":"https:\/\/truusk.store\/sv\/wp-json\/wp\/v2\/media\/88366"}],"wp:attachment":[{"href":"https:\/\/truusk.store\/sv\/wp-json\/wp\/v2\/media?parent=88375"}],"wp:term":[{"taxonomy":"product_brand","embeddable":true,"href":"https:\/\/truusk.store\/sv\/wp-json\/wp\/v2\/product_brand?post=88375"},{"taxonomy":"product_cat","embeddable":true,"href":"https:\/\/truusk.store\/sv\/wp-json\/wp\/v2\/product_cat?post=88375"},{"taxonomy":"product_tag","embeddable":true,"href":"https:\/\/truusk.store\/sv\/wp-json\/wp\/v2\/product_tag?post=88375"}],"curies":[{"name":"wp","href":"https:\/\/api.w.org\/{rel}","templated":true}]}}