{"id":88385,"date":"2025-08-20T07:55:39","date_gmt":"2025-08-20T06:55:39","guid":{"rendered":"https:\/\/truusk.store\/product\/forvaringspall-sittplats-med-65-l-forvaringsutrymme-fotpall-fleece-tyg-gummitra-skum-120-x-42-x-45-cm-kramvit\/"},"modified":"2026-03-12T08:47:10","modified_gmt":"2026-03-12T07:47:10","slug":"truusk-forvaringspall-med-65-l-forvaringsutrymme-sittplats-fotpall-fleece-tyg-gummitra-skum-120-x-42-x-45-cm-kramvit","status":"publish","type":"product","link":"https:\/\/truusk.store\/sv\/produkt\/truusk-forvaringspall-med-65-l-forvaringsutrymme-sittplats-fotpall-fleece-tyg-gummitra-skum-120-x-42-x-45-cm-kramvit\/","title":{"rendered":"TRUUSK F\u00f6rvaringspall med 65 L F\u00f6rvaringsutrymme &#8211; Sittplats &#8211; Fotpall &#8211; Fleece-tyg &#8211; Gummitr\u00e4 &#8211; Skum &#8211; 120 x 42 x 45 cm &#8211; Kr\u00e4mvit"},"content":{"rendered":"<p>\u00c4r din lilla l\u00e4genhet full av oordning som g\u00f6r avkoppling om\u00f6jlig? Ligger det utspridda filtar och f\u00f6rem\u00e5l runt omkring? TRUUSK f\u00f6rvaringsb\u00e4nken med ett stort dolt fack skapar ordning i ditt hem. Sitsen p\u00e5 b\u00e4nken \u00e4r gjord av mjukt fleece-tyg och konstruktionen av robust gummitr\u00e4 och t\u00e4t skum garanterar bekv\u00e4mt sittande och b\u00e4r upp till 220 kg.<\/p>\n<p>Beskrivning:<\/p>\n<ul>\n<li> Rymligt dolt f\u00f6rvaringsutrymme i f\u00f6rvaringskistan h\u00e5ller ditt hem snyggt<\/li>\n<li> Fluffigt fleece-tyg med tjock skumstoppning ger mjuk, mysig komfort<\/li>\n<li> Robust konstruktion och solida tr\u00e4ben p\u00e5 f\u00f6rvaringsb\u00e4nken b\u00e4r s\u00e4kert upp till 220 kg<\/li>\n<li> Modernt, stilfullt design passar s\u00f6ml\u00f6st in i alla inredningar<\/li>\n<li> Multifunktionell anv\u00e4ndning: Ger extra sittplatser, en fotst\u00f6d eller en b\u00e4nk i slutet av s\u00e4ngen<\/li>\n<li> Enkel montering kr\u00e4vs<\/li>\n<\/ul>\n<p> Tekniska data:<\/p>\n<ul>\n<li> F\u00e4rg: Kr\u00e4mvit<\/li>\n<li> Material: Fleece-tyg (100 % polyester), skum, flerskiktsplatta, gummitr\u00e4<\/li>\n<li> Totala dimensioner: 120B x 42T x 45H cm<\/li>\n<li> F\u00f6rvaringsutrymmets dimensioner: 109B x 31,5T x 19H cm<\/li>\n<li> B\u00e4rkapacitet: 220 kg<\/li>\n<\/ul>\n<p>Leveransinneh\u00e5ll:<\/p>\n<ul>\n<li> 1 x F\u00f6rvaringspall<\/li>\n<li> 1 x Bruksanvisning<\/li>\n<\/ul>\n","protected":false},"excerpt":{"rendered":"<p>\u00c4r din lilla l\u00e4genhet full av oordning som g\u00f6r avkoppling om\u00f6jlig? Ligger det utspridda filtar och f\u00f6rem\u00e5l runt omkring? TRUUSK&#8230;<\/p>\n","protected":false},"featured_media":88376,"template":"","meta":[],"product_brand":[],"product_cat":[986,871,992],"product_tag":[],"class_list":{"0":"post-88385","1":"product","2":"type-product","3":"status-publish","4":"has-post-thumbnail","6":"product_cat-garderob-korridor","7":"product_cat-hus-hem","8":"product_cat-sittkistor","10":"first","11":"instock","12":"sale","13":"taxable","14":"shipping-taxable","15":"purchasable","16":"product-type-simple"},"yoast_head":"<!-- This site is optimized with the Yoast SEO plugin v25.4 - https:\/\/yoast.com\/wordpress\/plugins\/seo\/ -->\n<title>TRUUSK F\u00f6rvaringspall med 65 L F\u00f6rvaringsutrymme - Sittplats - Fotpall - Fleece-tyg - Gummitr\u00e4 - Skum - 120 x 42 x 45 cm - Kr\u00e4mvit - TRUUSK - Hem, Tr\u00e4dg\u00e5rd &amp; Fritid<\/title>\n<meta name=\"robots\" content=\"index, follow, max-snippet:-1, max-image-preview:large, max-video-preview:-1\" \/>\n<link rel=\"canonical\" href=\"https:\/\/truusk.store\/sv\/produkt\/truusk-forvaringspall-med-65-l-forvaringsutrymme-sittplats-fotpall-fleece-tyg-gummitra-skum-120-x-42-x-45-cm-kramvit\/\" \/>\n<meta property=\"og:locale\" content=\"sv_SE\" \/>\n<meta property=\"og:type\" content=\"article\" \/>\n<meta property=\"og:title\" content=\"TRUUSK F\u00f6rvaringspall med 65 L F\u00f6rvaringsutrymme - Sittplats - Fotpall - Fleece-tyg - Gummitr\u00e4 - Skum - 120 x 42 x 45 cm - Kr\u00e4mvit - TRUUSK - Hem, Tr\u00e4dg\u00e5rd &amp; Fritid\" \/>\n<meta property=\"og:description\" content=\"\u00c4r din lilla l\u00e4genhet full av oordning som g\u00f6r avkoppling om\u00f6jlig? Ligger det utspridda filtar och f\u00f6rem\u00e5l runt omkring? TRUUSK...\" \/>\n<meta property=\"og:url\" content=\"https:\/\/truusk.store\/sv\/produkt\/truusk-forvaringspall-med-65-l-forvaringsutrymme-sittplats-fotpall-fleece-tyg-gummitra-skum-120-x-42-x-45-cm-kramvit\/\" \/>\n<meta property=\"og:site_name\" content=\"TRUUSK - Hem, Tr\u00e4dg\u00e5rd &amp; Fritid\" \/>\n<meta property=\"article:modified_time\" content=\"2026-03-12T07:47:10+00:00\" \/>\n<meta property=\"og:image\" content=\"https:\/\/i0.wp.com\/truusk.se\/wp-content\/uploads\/2025\/08\/forvaringspall-sittplats-med-65-l-forvaringsutrymme-fotpall-fleece-tyg-gummitra-skum-120-x-42-x-45-cm-kramvit-1.webp?fit=2000%2C2000&ssl=1\" \/>\n\t<meta property=\"og:image:width\" content=\"2000\" \/>\n\t<meta property=\"og:image:height\" content=\"2000\" \/>\n\t<meta property=\"og:image:type\" content=\"image\/webp\" \/>\n<meta name=\"twitter:card\" content=\"summary_large_image\" \/>\n<meta name=\"twitter:label1\" content=\"Ber\u00e4knad l\u00e4stid\" \/>\n\t<meta name=\"twitter:data1\" content=\"1 minut\" \/>\n<!-- \/ Yoast SEO plugin. -->","yoast_head_json":{"title":"TRUUSK F\u00f6rvaringspall med 65 L F\u00f6rvaringsutrymme - Sittplats - Fotpall - Fleece-tyg - Gummitr\u00e4 - Skum - 120 x 42 x 45 cm - Kr\u00e4mvit - TRUUSK - Hem, Tr\u00e4dg\u00e5rd &amp; Fritid","robots":{"index":"index","follow":"follow","max-snippet":"max-snippet:-1","max-image-preview":"max-image-preview:large","max-video-preview":"max-video-preview:-1"},"canonical":"https:\/\/truusk.store\/sv\/produkt\/truusk-forvaringspall-med-65-l-forvaringsutrymme-sittplats-fotpall-fleece-tyg-gummitra-skum-120-x-42-x-45-cm-kramvit\/","og_locale":"sv_SE","og_type":"article","og_title":"TRUUSK F\u00f6rvaringspall med 65 L F\u00f6rvaringsutrymme - Sittplats - Fotpall - Fleece-tyg - Gummitr\u00e4 - Skum - 120 x 42 x 45 cm - Kr\u00e4mvit - TRUUSK - Hem, Tr\u00e4dg\u00e5rd &amp; Fritid","og_description":"\u00c4r din lilla l\u00e4genhet full av oordning som g\u00f6r avkoppling om\u00f6jlig? Ligger det utspridda filtar och f\u00f6rem\u00e5l runt omkring? TRUUSK...","og_url":"https:\/\/truusk.store\/sv\/produkt\/truusk-forvaringspall-med-65-l-forvaringsutrymme-sittplats-fotpall-fleece-tyg-gummitra-skum-120-x-42-x-45-cm-kramvit\/","og_site_name":"TRUUSK - Hem, Tr\u00e4dg\u00e5rd &amp; Fritid","article_modified_time":"2026-03-12T07:47:10+00:00","og_image":[{"width":2000,"height":2000,"url":"https:\/\/i0.wp.com\/truusk.se\/wp-content\/uploads\/2025\/08\/forvaringspall-sittplats-med-65-l-forvaringsutrymme-fotpall-fleece-tyg-gummitra-skum-120-x-42-x-45-cm-kramvit-1.webp?fit=2000%2C2000&ssl=1","type":"image\/webp"}],"twitter_card":"summary_large_image","twitter_misc":{"Ber\u00e4knad l\u00e4stid":"1 minut"},"schema":{"@context":"https:\/\/schema.org","@graph":[{"@type":"WebPage","@id":"https:\/\/truusk.store\/sv\/produkt\/truusk-forvaringspall-med-65-l-forvaringsutrymme-sittplats-fotpall-fleece-tyg-gummitra-skum-120-x-42-x-45-cm-kramvit\/","url":"https:\/\/truusk.store\/sv\/produkt\/truusk-forvaringspall-med-65-l-forvaringsutrymme-sittplats-fotpall-fleece-tyg-gummitra-skum-120-x-42-x-45-cm-kramvit\/","name":"TRUUSK F\u00f6rvaringspall med 65 L F\u00f6rvaringsutrymme - Sittplats - Fotpall - Fleece-tyg - Gummitr\u00e4 - Skum - 120 x 42 x 45 cm - Kr\u00e4mvit - TRUUSK - Hem, Tr\u00e4dg\u00e5rd &amp; Fritid","isPartOf":{"@id":"https:\/\/truusk.store\/sv\/#website"},"primaryImageOfPage":{"@id":"https:\/\/truusk.store\/sv\/produkt\/truusk-forvaringspall-med-65-l-forvaringsutrymme-sittplats-fotpall-fleece-tyg-gummitra-skum-120-x-42-x-45-cm-kramvit\/#primaryimage"},"image":{"@id":"https:\/\/truusk.store\/sv\/produkt\/truusk-forvaringspall-med-65-l-forvaringsutrymme-sittplats-fotpall-fleece-tyg-gummitra-skum-120-x-42-x-45-cm-kramvit\/#primaryimage"},"thumbnailUrl":"https:\/\/i0.wp.com\/truusk.store\/wp-content\/uploads\/2025\/08\/forvaringspall-sittplats-med-65-l-forvaringsutrymme-fotpall-fleece-tyg-gummitra-skum-120-x-42-x-45-cm-kramvit-1.webp?fit=2000%2C2000&ssl=1","datePublished":"2025-08-20T06:55:39+00:00","dateModified":"2026-03-12T07:47:10+00:00","breadcrumb":{"@id":"https:\/\/truusk.store\/sv\/produkt\/truusk-forvaringspall-med-65-l-forvaringsutrymme-sittplats-fotpall-fleece-tyg-gummitra-skum-120-x-42-x-45-cm-kramvit\/#breadcrumb"},"inLanguage":"sv-SE","potentialAction":[{"@type":"ReadAction","target":["https:\/\/truusk.store\/sv\/produkt\/truusk-forvaringspall-med-65-l-forvaringsutrymme-sittplats-fotpall-fleece-tyg-gummitra-skum-120-x-42-x-45-cm-kramvit\/"]}]},{"@type":"ImageObject","inLanguage":"sv-SE","@id":"https:\/\/truusk.store\/sv\/produkt\/truusk-forvaringspall-med-65-l-forvaringsutrymme-sittplats-fotpall-fleece-tyg-gummitra-skum-120-x-42-x-45-cm-kramvit\/#primaryimage","url":"https:\/\/i0.wp.com\/truusk.store\/wp-content\/uploads\/2025\/08\/forvaringspall-sittplats-med-65-l-forvaringsutrymme-fotpall-fleece-tyg-gummitra-skum-120-x-42-x-45-cm-kramvit-1.webp?fit=2000%2C2000&ssl=1","contentUrl":"https:\/\/i0.wp.com\/truusk.store\/wp-content\/uploads\/2025\/08\/forvaringspall-sittplats-med-65-l-forvaringsutrymme-fotpall-fleece-tyg-gummitra-skum-120-x-42-x-45-cm-kramvit-1.webp?fit=2000%2C2000&ssl=1","width":2000,"height":2000},{"@type":"BreadcrumbList","@id":"https:\/\/truusk.store\/sv\/produkt\/truusk-forvaringspall-med-65-l-forvaringsutrymme-sittplats-fotpall-fleece-tyg-gummitra-skum-120-x-42-x-45-cm-kramvit\/#breadcrumb","itemListElement":[{"@type":"ListItem","position":1,"name":"Home","item":"https:\/\/truusk.store\/sv\/"},{"@type":"ListItem","position":2,"name":"Shop","item":"https:\/\/truusk.store\/shop\/"},{"@type":"ListItem","position":3,"name":"TRUUSK F\u00f6rvaringspall med 65 L F\u00f6rvaringsutrymme &#8211; Sittplats &#8211; Fotpall &#8211; Fleece-tyg &#8211; Gummitr\u00e4 &#8211; Skum &#8211; 120 x 42 x 45 cm &#8211; Kr\u00e4mvit"}]},{"@type":"WebSite","@id":"https:\/\/truusk.store\/sv\/#website","url":"https:\/\/truusk.store\/sv\/","name":"TRUUSK - Hem, Tr\u00e4dg\u00e5rd & Fritid","description":"","publisher":{"@id":"https:\/\/truusk.store\/sv\/#organization"},"potentialAction":[{"@type":"SearchAction","target":{"@type":"EntryPoint","urlTemplate":"https:\/\/truusk.store\/sv\/?s={search_term_string}"},"query-input":{"@type":"PropertyValueSpecification","valueRequired":true,"valueName":"search_term_string"}}],"inLanguage":"sv-SE"},{"@type":"Organization","@id":"https:\/\/truusk.store\/sv\/#organization","name":"TRUUSK - Hem, Tr\u00e4dg\u00e5rd & Fritid","url":"https:\/\/truusk.store\/sv\/","logo":{"@type":"ImageObject","inLanguage":"sv-SE","@id":"https:\/\/truusk.store\/sv\/#\/schema\/logo\/image\/","url":"https:\/\/i0.wp.com\/truusk.store\/wp-content\/uploads\/2026\/03\/cropped-TRUUSK.png?fit=2032%2C917&ssl=1","contentUrl":"https:\/\/i0.wp.com\/truusk.store\/wp-content\/uploads\/2026\/03\/cropped-TRUUSK.png?fit=2032%2C917&ssl=1","width":2032,"height":917,"caption":"TRUUSK - Hem, Tr\u00e4dg\u00e5rd & Fritid"},"image":{"@id":"https:\/\/truusk.store\/sv\/#\/schema\/logo\/image\/"}}]}},"jetpack_sharing_enabled":true,"_links":{"self":[{"href":"https:\/\/truusk.store\/sv\/wp-json\/wp\/v2\/product\/88385","targetHints":{"allow":["GET"]}}],"collection":[{"href":"https:\/\/truusk.store\/sv\/wp-json\/wp\/v2\/product"}],"about":[{"href":"https:\/\/truusk.store\/sv\/wp-json\/wp\/v2\/types\/product"}],"wp:featuredmedia":[{"embeddable":true,"href":"https:\/\/truusk.store\/sv\/wp-json\/wp\/v2\/media\/88376"}],"wp:attachment":[{"href":"https:\/\/truusk.store\/sv\/wp-json\/wp\/v2\/media?parent=88385"}],"wp:term":[{"taxonomy":"product_brand","embeddable":true,"href":"https:\/\/truusk.store\/sv\/wp-json\/wp\/v2\/product_brand?post=88385"},{"taxonomy":"product_cat","embeddable":true,"href":"https:\/\/truusk.store\/sv\/wp-json\/wp\/v2\/product_cat?post=88385"},{"taxonomy":"product_tag","embeddable":true,"href":"https:\/\/truusk.store\/sv\/wp-json\/wp\/v2\/product_tag?post=88385"}],"curies":[{"name":"wp","href":"https:\/\/api.w.org\/{rel}","templated":true}]}}