{"id":88395,"date":"2025-08-20T07:56:27","date_gmt":"2025-08-20T06:56:27","guid":{"rendered":"https:\/\/truusk.store\/product\/kladselstol-fleeceoverdrag-vadderad-fatolj-med-landkudde-metallben-lasfatolj-kramvit\/"},"modified":"2026-03-12T08:47:10","modified_gmt":"2026-03-12T07:47:10","slug":"truusk-kladselstol-fleeceoverdrag-vadderad-metallben-lasfatolj-kramvit","status":"publish","type":"product","link":"https:\/\/truusk.store\/sv\/produkt\/truusk-kladselstol-fleeceoverdrag-vadderad-metallben-lasfatolj-kramvit\/","title":{"rendered":"TRUUSK Kl\u00e4dselstol &#8211; Fleece\u00f6verdrag &#8211; Vadderad &#8211; Metallben &#8211; L\u00e4sf\u00e5t\u00f6lj &#8211; Kr\u00e4mvit"},"content":{"rendered":"<p>Lider du av obekv\u00e4ma stolar som snabbt g\u00e5r s\u00f6nder? Denna TRUUSK stoppade stol \u00e4r den idealiska l\u00f6sningen: Sjunk ner i mjuk fleece och h\u00f6gelastiska kuddar f\u00f6r utm\u00e4rkt komfort. Det avtagbara l\u00e4ndkudden underl\u00e4ttar reng\u00f6ring och ger extra st\u00f6d f\u00f6r att bevara fr\u00e4schhet. Tillverkad med metallben, denna f\u00e5t\u00f6lj b\u00e4r upp till 120 kg och garanterar stabilitet f\u00f6r dina avkopplande stunder.<\/p>\n<p>Beskrivning:<\/p>\n<ul>\n<li> Plyschfleece och h\u00f6gelastiskt skum i sminkstolen erbjuder mysig komfort och st\u00f6d<\/li>\n<li> Bred sittyta och ryggst\u00f6d ger fullst\u00e4ndig avkoppling och stabilitet f\u00f6r kroppen<\/li>\n<li> L\u00e4ndkudden med dragkedjefodral m\u00f6jligg\u00f6r enkel reng\u00f6ring och korrekt h\u00e5llning<\/li>\n<li> Robusta metallben p\u00e5 den stoppade stolen b\u00e4r upp till 120 kg och garanterar l\u00e5ngvarig h\u00e5llbarhet<\/li>\n<li> Justerbara fotdynor h\u00e5ller balansen och skyddar dina golv<\/li>\n<li> Modern fleece-tyg och ben i tr\u00e4look optimerar alla inredningar<\/li>\n<li> Montering kr\u00e4vs<\/li>\n<\/ul>\n<p> Tekniska data:<\/p>\n<ul>\n<li> F\u00e4rg: Kr\u00e4mvit<\/li>\n<li> Material: Fleece (100 % polyester), skum, konstskum, metall<\/li>\n<li> Totala dimensioner: 77B x 77T x 83H cm<\/li>\n<li> Sitsstorlek: 53,5B x 56,5T x 43H cm<\/li>\n<li> Sits tjocklek: 16 cm<\/li>\n<li> Ryggstorlek: 57B x 45L cm<\/li>\n<li> Ryggst\u00f6dets tjocklek: 12 cm<\/li>\n<li> Armst\u00f6dsstorlek: 10,5B x 67L cm<\/li>\n<li> Armst\u00f6dets h\u00f6jd till sits: 23 cm<\/li>\n<li> L\u00e4ndkuddens storlek: 48L x 31B x 14T cm<\/li>\n<li> Benh\u00f6jd: 26 cm<\/li>\n<li> Belastningskapacitet: 120 kg<\/li>\n<\/ul>\n<p>Leveransinneh\u00e5ll:<\/p>\n<ul>\n<li> 1 x Loungestol<\/li>\n<li> 1 x L\u00e4ndkudde<\/li>\n<li> 1 x Handbok<\/li>\n<\/ul>\n","protected":false},"excerpt":{"rendered":"<p>Lider du av obekv\u00e4ma stolar som snabbt g\u00e5r s\u00f6nder? Denna TRUUSK stoppade stol \u00e4r den idealiska l\u00f6sningen: Sjunk ner i&#8230;<\/p>\n","protected":false},"featured_media":88386,"template":"","meta":[],"product_brand":[],"product_cat":[871,519,910],"product_tag":[],"class_list":{"0":"post-88395","1":"product","2":"type-product","3":"status-publish","4":"has-post-thumbnail","6":"product_cat-hus-hem","7":"product_cat-stoppade-stolar","8":"product_cat-vardagsrum","10":"first","11":"instock","12":"sale","13":"taxable","14":"shipping-taxable","15":"purchasable","16":"product-type-simple"},"yoast_head":"<!-- This site is optimized with the Yoast SEO plugin v25.4 - https:\/\/yoast.com\/wordpress\/plugins\/seo\/ -->\n<title>TRUUSK Kl\u00e4dselstol - Fleece\u00f6verdrag - Vadderad - Metallben - L\u00e4sf\u00e5t\u00f6lj - Kr\u00e4mvit - TRUUSK - Hem, Tr\u00e4dg\u00e5rd &amp; Fritid<\/title>\n<meta name=\"robots\" content=\"index, follow, max-snippet:-1, max-image-preview:large, max-video-preview:-1\" \/>\n<link rel=\"canonical\" href=\"https:\/\/truusk.store\/sv\/produkt\/truusk-kladselstol-fleeceoverdrag-vadderad-metallben-lasfatolj-kramvit\/\" \/>\n<meta property=\"og:locale\" content=\"sv_SE\" \/>\n<meta property=\"og:type\" content=\"article\" \/>\n<meta property=\"og:title\" content=\"TRUUSK Kl\u00e4dselstol - Fleece\u00f6verdrag - Vadderad - Metallben - L\u00e4sf\u00e5t\u00f6lj - Kr\u00e4mvit - TRUUSK - Hem, Tr\u00e4dg\u00e5rd &amp; Fritid\" \/>\n<meta property=\"og:description\" content=\"Lider du av obekv\u00e4ma stolar som snabbt g\u00e5r s\u00f6nder? Denna TRUUSK stoppade stol \u00e4r den idealiska l\u00f6sningen: Sjunk ner i...\" \/>\n<meta property=\"og:url\" content=\"https:\/\/truusk.store\/sv\/produkt\/truusk-kladselstol-fleeceoverdrag-vadderad-metallben-lasfatolj-kramvit\/\" \/>\n<meta property=\"og:site_name\" content=\"TRUUSK - Hem, Tr\u00e4dg\u00e5rd &amp; Fritid\" \/>\n<meta property=\"article:modified_time\" content=\"2026-03-12T07:47:10+00:00\" \/>\n<meta property=\"og:image\" content=\"https:\/\/i0.wp.com\/truusk.se\/wp-content\/uploads\/2025\/08\/kladselstol-fleeceoverdrag-vadderad-fatolj-med-landkudde-metallben-lasfatolj-kramvit-1.webp?fit=2000%2C2000&ssl=1\" \/>\n\t<meta property=\"og:image:width\" content=\"2000\" \/>\n\t<meta property=\"og:image:height\" content=\"2000\" \/>\n\t<meta property=\"og:image:type\" content=\"image\/webp\" \/>\n<meta name=\"twitter:card\" content=\"summary_large_image\" \/>\n<meta name=\"twitter:label1\" content=\"Ber\u00e4knad l\u00e4stid\" \/>\n\t<meta name=\"twitter:data1\" content=\"1 minut\" \/>\n<!-- \/ Yoast SEO plugin. -->","yoast_head_json":{"title":"TRUUSK Kl\u00e4dselstol - Fleece\u00f6verdrag - Vadderad - Metallben - L\u00e4sf\u00e5t\u00f6lj - Kr\u00e4mvit - TRUUSK - Hem, Tr\u00e4dg\u00e5rd &amp; Fritid","robots":{"index":"index","follow":"follow","max-snippet":"max-snippet:-1","max-image-preview":"max-image-preview:large","max-video-preview":"max-video-preview:-1"},"canonical":"https:\/\/truusk.store\/sv\/produkt\/truusk-kladselstol-fleeceoverdrag-vadderad-metallben-lasfatolj-kramvit\/","og_locale":"sv_SE","og_type":"article","og_title":"TRUUSK Kl\u00e4dselstol - Fleece\u00f6verdrag - Vadderad - Metallben - L\u00e4sf\u00e5t\u00f6lj - Kr\u00e4mvit - TRUUSK - Hem, Tr\u00e4dg\u00e5rd &amp; Fritid","og_description":"Lider du av obekv\u00e4ma stolar som snabbt g\u00e5r s\u00f6nder? Denna TRUUSK stoppade stol \u00e4r den idealiska l\u00f6sningen: Sjunk ner i...","og_url":"https:\/\/truusk.store\/sv\/produkt\/truusk-kladselstol-fleeceoverdrag-vadderad-metallben-lasfatolj-kramvit\/","og_site_name":"TRUUSK - Hem, Tr\u00e4dg\u00e5rd &amp; Fritid","article_modified_time":"2026-03-12T07:47:10+00:00","og_image":[{"width":2000,"height":2000,"url":"https:\/\/i0.wp.com\/truusk.se\/wp-content\/uploads\/2025\/08\/kladselstol-fleeceoverdrag-vadderad-fatolj-med-landkudde-metallben-lasfatolj-kramvit-1.webp?fit=2000%2C2000&ssl=1","type":"image\/webp"}],"twitter_card":"summary_large_image","twitter_misc":{"Ber\u00e4knad l\u00e4stid":"1 minut"},"schema":{"@context":"https:\/\/schema.org","@graph":[{"@type":"WebPage","@id":"https:\/\/truusk.store\/sv\/produkt\/truusk-kladselstol-fleeceoverdrag-vadderad-metallben-lasfatolj-kramvit\/","url":"https:\/\/truusk.store\/sv\/produkt\/truusk-kladselstol-fleeceoverdrag-vadderad-metallben-lasfatolj-kramvit\/","name":"TRUUSK Kl\u00e4dselstol - Fleece\u00f6verdrag - Vadderad - Metallben - L\u00e4sf\u00e5t\u00f6lj - Kr\u00e4mvit - TRUUSK - Hem, Tr\u00e4dg\u00e5rd &amp; Fritid","isPartOf":{"@id":"https:\/\/truusk.store\/sv\/#website"},"primaryImageOfPage":{"@id":"https:\/\/truusk.store\/sv\/produkt\/truusk-kladselstol-fleeceoverdrag-vadderad-metallben-lasfatolj-kramvit\/#primaryimage"},"image":{"@id":"https:\/\/truusk.store\/sv\/produkt\/truusk-kladselstol-fleeceoverdrag-vadderad-metallben-lasfatolj-kramvit\/#primaryimage"},"thumbnailUrl":"https:\/\/i0.wp.com\/truusk.store\/wp-content\/uploads\/2025\/08\/kladselstol-fleeceoverdrag-vadderad-fatolj-med-landkudde-metallben-lasfatolj-kramvit-1.webp?fit=2000%2C2000&ssl=1","datePublished":"2025-08-20T06:56:27+00:00","dateModified":"2026-03-12T07:47:10+00:00","breadcrumb":{"@id":"https:\/\/truusk.store\/sv\/produkt\/truusk-kladselstol-fleeceoverdrag-vadderad-metallben-lasfatolj-kramvit\/#breadcrumb"},"inLanguage":"sv-SE","potentialAction":[{"@type":"ReadAction","target":["https:\/\/truusk.store\/sv\/produkt\/truusk-kladselstol-fleeceoverdrag-vadderad-metallben-lasfatolj-kramvit\/"]}]},{"@type":"ImageObject","inLanguage":"sv-SE","@id":"https:\/\/truusk.store\/sv\/produkt\/truusk-kladselstol-fleeceoverdrag-vadderad-metallben-lasfatolj-kramvit\/#primaryimage","url":"https:\/\/i0.wp.com\/truusk.store\/wp-content\/uploads\/2025\/08\/kladselstol-fleeceoverdrag-vadderad-fatolj-med-landkudde-metallben-lasfatolj-kramvit-1.webp?fit=2000%2C2000&ssl=1","contentUrl":"https:\/\/i0.wp.com\/truusk.store\/wp-content\/uploads\/2025\/08\/kladselstol-fleeceoverdrag-vadderad-fatolj-med-landkudde-metallben-lasfatolj-kramvit-1.webp?fit=2000%2C2000&ssl=1","width":2000,"height":2000},{"@type":"BreadcrumbList","@id":"https:\/\/truusk.store\/sv\/produkt\/truusk-kladselstol-fleeceoverdrag-vadderad-metallben-lasfatolj-kramvit\/#breadcrumb","itemListElement":[{"@type":"ListItem","position":1,"name":"Home","item":"https:\/\/truusk.store\/sv\/"},{"@type":"ListItem","position":2,"name":"Shop","item":"https:\/\/truusk.store\/shop\/"},{"@type":"ListItem","position":3,"name":"TRUUSK Kl\u00e4dselstol &#8211; Fleece\u00f6verdrag &#8211; Vadderad &#8211; Metallben &#8211; L\u00e4sf\u00e5t\u00f6lj &#8211; Kr\u00e4mvit"}]},{"@type":"WebSite","@id":"https:\/\/truusk.store\/sv\/#website","url":"https:\/\/truusk.store\/sv\/","name":"TRUUSK - Hem, Tr\u00e4dg\u00e5rd & Fritid","description":"","publisher":{"@id":"https:\/\/truusk.store\/sv\/#organization"},"potentialAction":[{"@type":"SearchAction","target":{"@type":"EntryPoint","urlTemplate":"https:\/\/truusk.store\/sv\/?s={search_term_string}"},"query-input":{"@type":"PropertyValueSpecification","valueRequired":true,"valueName":"search_term_string"}}],"inLanguage":"sv-SE"},{"@type":"Organization","@id":"https:\/\/truusk.store\/sv\/#organization","name":"TRUUSK - Hem, Tr\u00e4dg\u00e5rd & Fritid","url":"https:\/\/truusk.store\/sv\/","logo":{"@type":"ImageObject","inLanguage":"sv-SE","@id":"https:\/\/truusk.store\/sv\/#\/schema\/logo\/image\/","url":"https:\/\/i0.wp.com\/truusk.store\/wp-content\/uploads\/2026\/03\/cropped-TRUUSK.png?fit=2032%2C917&ssl=1","contentUrl":"https:\/\/i0.wp.com\/truusk.store\/wp-content\/uploads\/2026\/03\/cropped-TRUUSK.png?fit=2032%2C917&ssl=1","width":2032,"height":917,"caption":"TRUUSK - Hem, Tr\u00e4dg\u00e5rd & Fritid"},"image":{"@id":"https:\/\/truusk.store\/sv\/#\/schema\/logo\/image\/"}}]}},"jetpack_sharing_enabled":true,"_links":{"self":[{"href":"https:\/\/truusk.store\/sv\/wp-json\/wp\/v2\/product\/88395","targetHints":{"allow":["GET"]}}],"collection":[{"href":"https:\/\/truusk.store\/sv\/wp-json\/wp\/v2\/product"}],"about":[{"href":"https:\/\/truusk.store\/sv\/wp-json\/wp\/v2\/types\/product"}],"wp:featuredmedia":[{"embeddable":true,"href":"https:\/\/truusk.store\/sv\/wp-json\/wp\/v2\/media\/88386"}],"wp:attachment":[{"href":"https:\/\/truusk.store\/sv\/wp-json\/wp\/v2\/media?parent=88395"}],"wp:term":[{"taxonomy":"product_brand","embeddable":true,"href":"https:\/\/truusk.store\/sv\/wp-json\/wp\/v2\/product_brand?post=88395"},{"taxonomy":"product_cat","embeddable":true,"href":"https:\/\/truusk.store\/sv\/wp-json\/wp\/v2\/product_cat?post=88395"},{"taxonomy":"product_tag","embeddable":true,"href":"https:\/\/truusk.store\/sv\/wp-json\/wp\/v2\/product_tag?post=88395"}],"curies":[{"name":"wp","href":"https:\/\/api.w.org\/{rel}","templated":true}]}}