{"id":8841,"date":"2024-02-13T09:29:00","date_gmt":"2024-02-13T08:29:00","guid":{"rendered":"https:\/\/truusk.store\/product\/gungstol-2-sits-tradgardsbank-tradgardsgungbank-parkbank-tradgardsmobler-i-metall-svart-120-x-70-x-88-cm\/"},"modified":"2026-03-12T08:55:52","modified_gmt":"2026-03-12T07:55:52","slug":"truusk-gungstol-2-sits-tradgardsbank-parkbank-tradgardsmobler-i-metall-svart-120-x-70-x-88-cm","status":"publish","type":"product","link":"https:\/\/truusk.store\/sv\/produkt\/truusk-gungstol-2-sits-tradgardsbank-parkbank-tradgardsmobler-i-metall-svart-120-x-70-x-88-cm\/","title":{"rendered":"TRUUSK Gungstol 2-sits Tr\u00e4dg\u00e5rdsb\u00e4nk &#8211; Parkb\u00e4nk &#8211; Tr\u00e4dg\u00e5rdsm\u00f6bler i Metall &#8211; Svart &#8211; 120 x 70 x 88 cm"},"content":{"rendered":"<p>V\u00e5r h\u00f6gkvalitativa balkongstol i klassisk stil passar perfekt i din tr\u00e4dg\u00e5rd eller p\u00e5 verandan. Gungfunktionen s\u00e4kerst\u00e4ller en avkopplande dag i tr\u00e4dg\u00e5rden och den robusta metallkonstruktionen ger l\u00e5ng h\u00e5llbarhet. Det finmaskiga \u00f6verdraget p\u00e5 sitsen och ryggst\u00f6det andas och inbjuder dig att sitta bekv\u00e4mt. S\u00e4tt dig helt enkelt p\u00e5 denna fantastiska tr\u00e4dg\u00e5rdsgungstol och l\u00e5t tankarna vandra.<\/p>\n<h3>Beskrivning:<\/h3>\n<ul>\n<li>Utomhusgungstol i klassisk stil<\/li>\n<li>Avkopplingsstol med gungfunktion<\/li>\n<li>Ergonomiskt utformad<\/li>\n<li>Stabil st\u00e5lr\u00f6rskonstruktion<\/li>\n<li>Andningsbart tyg tillverkat av Textline: luftgenomsl\u00e4ppligt och snabbtorkande<\/li>\n<li>V\u00e4derbest\u00e4ndig, h\u00e5llbar och l\u00e4ttsk\u00f6tt<\/li>\n<li>F\u00f6r 2 personer<\/li>\n<\/ul>\n<h3>Teknisk data:<\/h3>\n<ul>\n<li>Svart f\u00e4rg<\/li>\n<li>Material: metall, meshtyg<\/li>\n<li>Totala m\u00e5tt: 120L x 70W x 85H cm<\/li>\n<li>M\u00e5tt p\u00e5 sitsen: 114L x 47,5W cm<\/li>\n<li>Sitth\u00f6jd: 40 cm<\/li>\n<li>Ryggst\u00f6dsm\u00e5tt: 45L x 114W cm<\/li>\n<li>Lastkapacitet: 200 kg<\/li>\n<\/ul>\n<h3>Leveransens omfattning:<\/h3>\n<ul>\n<li>1 x Sv\u00e4ngb\u00e4nk<\/li>\n<li>1 x Instruktioner<\/li>\n<\/ul>\n","protected":false},"excerpt":{"rendered":"<p>V\u00e5r h\u00f6gkvalitativa balkongstol i klassisk stil passar perfekt i din tr\u00e4dg\u00e5rd eller p\u00e5 verandan. Gungfunktionen s\u00e4kerst\u00e4ller en avkopplande dag i&#8230;<\/p>\n","protected":false},"featured_media":8842,"template":"","meta":[],"product_brand":[],"product_cat":[435,454,450],"product_tag":[],"class_list":{"0":"post-8841","1":"product","2":"type-product","3":"status-publish","4":"has-post-thumbnail","6":"product_cat-tradgard-och-terrass","7":"product_cat-tradgardsbankar","8":"product_cat-tradgardsmobler","10":"first","11":"instock","12":"sale","13":"taxable","14":"shipping-taxable","15":"purchasable","16":"product-type-simple"},"yoast_head":"<!-- This site is optimized with the Yoast SEO plugin v25.4 - https:\/\/yoast.com\/wordpress\/plugins\/seo\/ -->\n<title>TRUUSK Gungstol 2-sits Tr\u00e4dg\u00e5rdsb\u00e4nk - Parkb\u00e4nk - Tr\u00e4dg\u00e5rdsm\u00f6bler i Metall - Svart - 120 x 70 x 88 cm - TRUUSK - Hem, Tr\u00e4dg\u00e5rd &amp; Fritid<\/title>\n<meta name=\"robots\" content=\"index, follow, max-snippet:-1, max-image-preview:large, max-video-preview:-1\" \/>\n<link rel=\"canonical\" href=\"https:\/\/truusk.store\/sv\/produkt\/truusk-gungstol-2-sits-tradgardsbank-parkbank-tradgardsmobler-i-metall-svart-120-x-70-x-88-cm\/\" \/>\n<meta property=\"og:locale\" content=\"sv_SE\" \/>\n<meta property=\"og:type\" content=\"article\" \/>\n<meta property=\"og:title\" content=\"TRUUSK Gungstol 2-sits Tr\u00e4dg\u00e5rdsb\u00e4nk - Parkb\u00e4nk - Tr\u00e4dg\u00e5rdsm\u00f6bler i Metall - Svart - 120 x 70 x 88 cm - TRUUSK - Hem, Tr\u00e4dg\u00e5rd &amp; Fritid\" \/>\n<meta property=\"og:description\" content=\"V\u00e5r h\u00f6gkvalitativa balkongstol i klassisk stil passar perfekt i din tr\u00e4dg\u00e5rd eller p\u00e5 verandan. Gungfunktionen s\u00e4kerst\u00e4ller en avkopplande dag i...\" \/>\n<meta property=\"og:url\" content=\"https:\/\/truusk.store\/sv\/produkt\/truusk-gungstol-2-sits-tradgardsbank-parkbank-tradgardsmobler-i-metall-svart-120-x-70-x-88-cm\/\" \/>\n<meta property=\"og:site_name\" content=\"TRUUSK - Hem, Tr\u00e4dg\u00e5rd &amp; Fritid\" \/>\n<meta property=\"article:modified_time\" content=\"2026-03-12T07:55:52+00:00\" \/>\n<meta property=\"og:image\" content=\"https:\/\/i0.wp.com\/truusk.se\/wp-content\/uploads\/2024\/02\/gungstol-2-sits-tradgardsbank-tradgardsgungbank-parkbank-tradgardsmobler-i-metall-svart-120-x-70-x-88-cm.webp?fit=800%2C800&ssl=1\" \/>\n\t<meta property=\"og:image:width\" content=\"800\" \/>\n\t<meta property=\"og:image:height\" content=\"800\" \/>\n\t<meta property=\"og:image:type\" content=\"image\/webp\" \/>\n<meta name=\"twitter:card\" content=\"summary_large_image\" \/>\n<meta name=\"twitter:label1\" content=\"Ber\u00e4knad l\u00e4stid\" \/>\n\t<meta name=\"twitter:data1\" content=\"1 minut\" \/>\n<!-- \/ Yoast SEO plugin. -->","yoast_head_json":{"title":"TRUUSK Gungstol 2-sits Tr\u00e4dg\u00e5rdsb\u00e4nk - Parkb\u00e4nk - Tr\u00e4dg\u00e5rdsm\u00f6bler i Metall - Svart - 120 x 70 x 88 cm - TRUUSK - Hem, Tr\u00e4dg\u00e5rd &amp; Fritid","robots":{"index":"index","follow":"follow","max-snippet":"max-snippet:-1","max-image-preview":"max-image-preview:large","max-video-preview":"max-video-preview:-1"},"canonical":"https:\/\/truusk.store\/sv\/produkt\/truusk-gungstol-2-sits-tradgardsbank-parkbank-tradgardsmobler-i-metall-svart-120-x-70-x-88-cm\/","og_locale":"sv_SE","og_type":"article","og_title":"TRUUSK Gungstol 2-sits Tr\u00e4dg\u00e5rdsb\u00e4nk - Parkb\u00e4nk - Tr\u00e4dg\u00e5rdsm\u00f6bler i Metall - Svart - 120 x 70 x 88 cm - TRUUSK - Hem, Tr\u00e4dg\u00e5rd &amp; Fritid","og_description":"V\u00e5r h\u00f6gkvalitativa balkongstol i klassisk stil passar perfekt i din tr\u00e4dg\u00e5rd eller p\u00e5 verandan. Gungfunktionen s\u00e4kerst\u00e4ller en avkopplande dag i...","og_url":"https:\/\/truusk.store\/sv\/produkt\/truusk-gungstol-2-sits-tradgardsbank-parkbank-tradgardsmobler-i-metall-svart-120-x-70-x-88-cm\/","og_site_name":"TRUUSK - Hem, Tr\u00e4dg\u00e5rd &amp; Fritid","article_modified_time":"2026-03-12T07:55:52+00:00","og_image":[{"width":800,"height":800,"url":"https:\/\/i0.wp.com\/truusk.se\/wp-content\/uploads\/2024\/02\/gungstol-2-sits-tradgardsbank-tradgardsgungbank-parkbank-tradgardsmobler-i-metall-svart-120-x-70-x-88-cm.webp?fit=800%2C800&ssl=1","type":"image\/webp"}],"twitter_card":"summary_large_image","twitter_misc":{"Ber\u00e4knad l\u00e4stid":"1 minut"},"schema":{"@context":"https:\/\/schema.org","@graph":[{"@type":"WebPage","@id":"https:\/\/truusk.store\/sv\/produkt\/truusk-gungstol-2-sits-tradgardsbank-parkbank-tradgardsmobler-i-metall-svart-120-x-70-x-88-cm\/","url":"https:\/\/truusk.store\/sv\/produkt\/truusk-gungstol-2-sits-tradgardsbank-parkbank-tradgardsmobler-i-metall-svart-120-x-70-x-88-cm\/","name":"TRUUSK Gungstol 2-sits Tr\u00e4dg\u00e5rdsb\u00e4nk - Parkb\u00e4nk - Tr\u00e4dg\u00e5rdsm\u00f6bler i Metall - Svart - 120 x 70 x 88 cm - TRUUSK - Hem, Tr\u00e4dg\u00e5rd &amp; Fritid","isPartOf":{"@id":"https:\/\/truusk.store\/sv\/#website"},"primaryImageOfPage":{"@id":"https:\/\/truusk.store\/sv\/produkt\/truusk-gungstol-2-sits-tradgardsbank-parkbank-tradgardsmobler-i-metall-svart-120-x-70-x-88-cm\/#primaryimage"},"image":{"@id":"https:\/\/truusk.store\/sv\/produkt\/truusk-gungstol-2-sits-tradgardsbank-parkbank-tradgardsmobler-i-metall-svart-120-x-70-x-88-cm\/#primaryimage"},"thumbnailUrl":"https:\/\/i0.wp.com\/truusk.store\/wp-content\/uploads\/2024\/02\/gungstol-2-sits-tradgardsbank-tradgardsgungbank-parkbank-tradgardsmobler-i-metall-svart-120-x-70-x-88-cm.webp?fit=800%2C800&ssl=1","datePublished":"2024-02-13T08:29:00+00:00","dateModified":"2026-03-12T07:55:52+00:00","breadcrumb":{"@id":"https:\/\/truusk.store\/sv\/produkt\/truusk-gungstol-2-sits-tradgardsbank-parkbank-tradgardsmobler-i-metall-svart-120-x-70-x-88-cm\/#breadcrumb"},"inLanguage":"sv-SE","potentialAction":[{"@type":"ReadAction","target":["https:\/\/truusk.store\/sv\/produkt\/truusk-gungstol-2-sits-tradgardsbank-parkbank-tradgardsmobler-i-metall-svart-120-x-70-x-88-cm\/"]}]},{"@type":"ImageObject","inLanguage":"sv-SE","@id":"https:\/\/truusk.store\/sv\/produkt\/truusk-gungstol-2-sits-tradgardsbank-parkbank-tradgardsmobler-i-metall-svart-120-x-70-x-88-cm\/#primaryimage","url":"https:\/\/i0.wp.com\/truusk.store\/wp-content\/uploads\/2024\/02\/gungstol-2-sits-tradgardsbank-tradgardsgungbank-parkbank-tradgardsmobler-i-metall-svart-120-x-70-x-88-cm.webp?fit=800%2C800&ssl=1","contentUrl":"https:\/\/i0.wp.com\/truusk.store\/wp-content\/uploads\/2024\/02\/gungstol-2-sits-tradgardsbank-tradgardsgungbank-parkbank-tradgardsmobler-i-metall-svart-120-x-70-x-88-cm.webp?fit=800%2C800&ssl=1","width":800,"height":800,"caption":"Gungstol 2-sits Tr\u00e4dg\u00e5rdsb\u00e4nk Tr\u00e4dg\u00e5rdsgungb\u00e4nk Parkb\u00e4nk Tr\u00e4dg\u00e5rdsm\u00f6bler I Metall Svart 120 X 70 X 88 Cm 1"},{"@type":"BreadcrumbList","@id":"https:\/\/truusk.store\/sv\/produkt\/truusk-gungstol-2-sits-tradgardsbank-parkbank-tradgardsmobler-i-metall-svart-120-x-70-x-88-cm\/#breadcrumb","itemListElement":[{"@type":"ListItem","position":1,"name":"Home","item":"https:\/\/truusk.store\/sv\/"},{"@type":"ListItem","position":2,"name":"Shop","item":"https:\/\/truusk.store\/shop\/"},{"@type":"ListItem","position":3,"name":"TRUUSK Gungstol 2-sits Tr\u00e4dg\u00e5rdsb\u00e4nk &#8211; Parkb\u00e4nk &#8211; Tr\u00e4dg\u00e5rdsm\u00f6bler i Metall &#8211; Svart &#8211; 120 x 70 x 88 cm"}]},{"@type":"WebSite","@id":"https:\/\/truusk.store\/sv\/#website","url":"https:\/\/truusk.store\/sv\/","name":"TRUUSK - Hem, Tr\u00e4dg\u00e5rd & Fritid","description":"","publisher":{"@id":"https:\/\/truusk.store\/sv\/#organization"},"potentialAction":[{"@type":"SearchAction","target":{"@type":"EntryPoint","urlTemplate":"https:\/\/truusk.store\/sv\/?s={search_term_string}"},"query-input":{"@type":"PropertyValueSpecification","valueRequired":true,"valueName":"search_term_string"}}],"inLanguage":"sv-SE"},{"@type":"Organization","@id":"https:\/\/truusk.store\/sv\/#organization","name":"TRUUSK - Hem, Tr\u00e4dg\u00e5rd & Fritid","url":"https:\/\/truusk.store\/sv\/","logo":{"@type":"ImageObject","inLanguage":"sv-SE","@id":"https:\/\/truusk.store\/sv\/#\/schema\/logo\/image\/","url":"https:\/\/i0.wp.com\/truusk.store\/wp-content\/uploads\/2026\/03\/cropped-TRUUSK.png?fit=2032%2C917&ssl=1","contentUrl":"https:\/\/i0.wp.com\/truusk.store\/wp-content\/uploads\/2026\/03\/cropped-TRUUSK.png?fit=2032%2C917&ssl=1","width":2032,"height":917,"caption":"TRUUSK - Hem, Tr\u00e4dg\u00e5rd & Fritid"},"image":{"@id":"https:\/\/truusk.store\/sv\/#\/schema\/logo\/image\/"}}]}},"jetpack_sharing_enabled":true,"_links":{"self":[{"href":"https:\/\/truusk.store\/sv\/wp-json\/wp\/v2\/product\/8841","targetHints":{"allow":["GET"]}}],"collection":[{"href":"https:\/\/truusk.store\/sv\/wp-json\/wp\/v2\/product"}],"about":[{"href":"https:\/\/truusk.store\/sv\/wp-json\/wp\/v2\/types\/product"}],"wp:featuredmedia":[{"embeddable":true,"href":"https:\/\/truusk.store\/sv\/wp-json\/wp\/v2\/media\/8842"}],"wp:attachment":[{"href":"https:\/\/truusk.store\/sv\/wp-json\/wp\/v2\/media?parent=8841"}],"wp:term":[{"taxonomy":"product_brand","embeddable":true,"href":"https:\/\/truusk.store\/sv\/wp-json\/wp\/v2\/product_brand?post=8841"},{"taxonomy":"product_cat","embeddable":true,"href":"https:\/\/truusk.store\/sv\/wp-json\/wp\/v2\/product_cat?post=8841"},{"taxonomy":"product_tag","embeddable":true,"href":"https:\/\/truusk.store\/sv\/wp-json\/wp\/v2\/product_tag?post=8841"}],"curies":[{"name":"wp","href":"https:\/\/api.w.org\/{rel}","templated":true}]}}