{"id":88450,"date":"2025-08-20T08:02:02","date_gmt":"2025-08-20T07:02:02","guid":{"rendered":"https:\/\/truusk.store\/product\/accentstol-stoppad-stol-med-fleeceoverdrag-svangfot-metallram-kramvit\/"},"modified":"2026-03-12T08:47:13","modified_gmt":"2026-03-12T07:47:13","slug":"truusk-accentstol-med-stoppad-sits-i-fleece-svangfot-metallram-kramvit","status":"publish","type":"product","link":"https:\/\/truusk.store\/sv\/produkt\/truusk-accentstol-med-stoppad-sits-i-fleece-svangfot-metallram-kramvit\/","title":{"rendered":"TRUUSK Accentstol &#8211; Med Stoppad Sits i Fleece &#8211; Sv\u00e4ngfot &#8211; Metallram &#8211; Kr\u00e4mvit"},"content":{"rendered":"<p>Utmattad efter timmar av sittande? TRUUSK vardagsrumsstolen erbjuder lindring med sin mjuka lammull och den t\u00e4ta skumgummi som mjukt omsluter dig. Gl\u00f6m stel nacke och ryggsm\u00e4rtor tack vare den ergonomiska h\u00f6ga ryggst\u00f6det och den inbyggda huvudst\u00f6det. Tack vare 360-graders sv\u00e4ngmekanismen blir varje r\u00f6relse lekande l\u00e4tt. Denna stoppade stol revolutionerar din avslappningsupplevelse.<\/p>\n<p>Beskrivning:<\/p>\n<ul>\n<li> Mjukt Sherpa-fleece och tjock skumstoppning erbjuder andningsbar, molnliknande komfort<\/li>\n<li> Den sl\u00e4ta 360\u00b0-sv\u00e4ngfoten p\u00e5 armstolen m\u00f6jligg\u00f6r enkla r\u00f6relser och interaktion<\/li>\n<li> Bred ergonomisk ryggst\u00f6d med huvudst\u00f6d st\u00f6der ryggraden och lindrar tr\u00f6tthet<\/li>\n<li> Stabil metallram p\u00e5 relaxstolen b\u00e4r upp till 120 kg f\u00f6r varaktig stabilitet och styrka<\/li>\n<li> Modernt, rent design med sofistikerade toner passar smidigt in i alla rum<\/li>\n<li> Montering kr\u00e4vs<\/li>\n<\/ul>\n<p> Tekniska data:<\/p>\n<ul>\n<li> F\u00e4rg: Kr\u00e4m+svart<\/li>\n<li> Material: Sherpa-fleece (100% polyester), skumgummi, flerskiktad br\u00e4da, metall<\/li>\n<li> Totala dimensioner: 74B x 86,5D x 102H cm<\/li>\n<li> Sitsstorlek: 56B x 56D x 45H cm<\/li>\n<li> Sits tjocklek: 17 cm<\/li>\n<li> Ryggst\u00f6d storlek: 66B x 65L cm<\/li>\n<li> Armst\u00f6d storlek: 50L x 6B cm<\/li>\n<li> Armst\u00f6d h\u00f6jd till sits: 13 cm<\/li>\n<li> Ben dimensioner: 76,5L x 77,5B x 7,5H cm<\/li>\n<li> B\u00e4rkapacitet: 120 kg<\/li>\n<\/ul>\n<p>Leveransinneh\u00e5ll:<\/p>\n<ul>\n<li> 1 x Accentstol<\/li>\n<li> 1 x Handbok<\/li>\n<\/ul>\n","protected":false},"excerpt":{"rendered":"<p>Utmattad efter timmar av sittande? TRUUSK vardagsrumsstolen erbjuder lindring med sin mjuka lammull och den t\u00e4ta skumgummi som mjukt omsluter&#8230;<\/p>\n","protected":false},"featured_media":88436,"template":"","meta":[],"product_brand":[],"product_cat":[871,519,910],"product_tag":[],"class_list":{"0":"post-88450","1":"product","2":"type-product","3":"status-publish","4":"has-post-thumbnail","6":"product_cat-hus-hem","7":"product_cat-stoppade-stolar","8":"product_cat-vardagsrum","10":"first","11":"instock","12":"sale","13":"taxable","14":"shipping-taxable","15":"purchasable","16":"product-type-simple"},"yoast_head":"<!-- This site is optimized with the Yoast SEO plugin v25.4 - https:\/\/yoast.com\/wordpress\/plugins\/seo\/ -->\n<title>TRUUSK Accentstol - Med Stoppad Sits i Fleece - Sv\u00e4ngfot - Metallram - Kr\u00e4mvit - TRUUSK - Hem, Tr\u00e4dg\u00e5rd &amp; Fritid<\/title>\n<meta name=\"robots\" content=\"index, follow, max-snippet:-1, max-image-preview:large, max-video-preview:-1\" \/>\n<link rel=\"canonical\" href=\"https:\/\/truusk.store\/sv\/produkt\/truusk-accentstol-med-stoppad-sits-i-fleece-svangfot-metallram-kramvit\/\" \/>\n<meta property=\"og:locale\" content=\"sv_SE\" \/>\n<meta property=\"og:type\" content=\"article\" \/>\n<meta property=\"og:title\" content=\"TRUUSK Accentstol - Med Stoppad Sits i Fleece - Sv\u00e4ngfot - Metallram - Kr\u00e4mvit - TRUUSK - Hem, Tr\u00e4dg\u00e5rd &amp; Fritid\" \/>\n<meta property=\"og:description\" content=\"Utmattad efter timmar av sittande? TRUUSK vardagsrumsstolen erbjuder lindring med sin mjuka lammull och den t\u00e4ta skumgummi som mjukt omsluter...\" \/>\n<meta property=\"og:url\" content=\"https:\/\/truusk.store\/sv\/produkt\/truusk-accentstol-med-stoppad-sits-i-fleece-svangfot-metallram-kramvit\/\" \/>\n<meta property=\"og:site_name\" content=\"TRUUSK - Hem, Tr\u00e4dg\u00e5rd &amp; Fritid\" \/>\n<meta property=\"article:modified_time\" content=\"2026-03-12T07:47:13+00:00\" \/>\n<meta property=\"og:image\" content=\"https:\/\/i0.wp.com\/truusk.se\/wp-content\/uploads\/2025\/08\/accentstol-stoppad-stol-med-fleeceoverdrag-svangfot-metallram-kramvit-1.webp?fit=2000%2C2000&ssl=1\" \/>\n\t<meta property=\"og:image:width\" content=\"2000\" \/>\n\t<meta property=\"og:image:height\" content=\"2000\" \/>\n\t<meta property=\"og:image:type\" content=\"image\/webp\" \/>\n<meta name=\"twitter:card\" content=\"summary_large_image\" \/>\n<meta name=\"twitter:label1\" content=\"Ber\u00e4knad l\u00e4stid\" \/>\n\t<meta name=\"twitter:data1\" content=\"1 minut\" \/>\n<!-- \/ Yoast SEO plugin. -->","yoast_head_json":{"title":"TRUUSK Accentstol - Med Stoppad Sits i Fleece - Sv\u00e4ngfot - Metallram - Kr\u00e4mvit - TRUUSK - Hem, Tr\u00e4dg\u00e5rd &amp; Fritid","robots":{"index":"index","follow":"follow","max-snippet":"max-snippet:-1","max-image-preview":"max-image-preview:large","max-video-preview":"max-video-preview:-1"},"canonical":"https:\/\/truusk.store\/sv\/produkt\/truusk-accentstol-med-stoppad-sits-i-fleece-svangfot-metallram-kramvit\/","og_locale":"sv_SE","og_type":"article","og_title":"TRUUSK Accentstol - Med Stoppad Sits i Fleece - Sv\u00e4ngfot - Metallram - Kr\u00e4mvit - TRUUSK - Hem, Tr\u00e4dg\u00e5rd &amp; Fritid","og_description":"Utmattad efter timmar av sittande? TRUUSK vardagsrumsstolen erbjuder lindring med sin mjuka lammull och den t\u00e4ta skumgummi som mjukt omsluter...","og_url":"https:\/\/truusk.store\/sv\/produkt\/truusk-accentstol-med-stoppad-sits-i-fleece-svangfot-metallram-kramvit\/","og_site_name":"TRUUSK - Hem, Tr\u00e4dg\u00e5rd &amp; Fritid","article_modified_time":"2026-03-12T07:47:13+00:00","og_image":[{"width":2000,"height":2000,"url":"https:\/\/i0.wp.com\/truusk.se\/wp-content\/uploads\/2025\/08\/accentstol-stoppad-stol-med-fleeceoverdrag-svangfot-metallram-kramvit-1.webp?fit=2000%2C2000&ssl=1","type":"image\/webp"}],"twitter_card":"summary_large_image","twitter_misc":{"Ber\u00e4knad l\u00e4stid":"1 minut"},"schema":{"@context":"https:\/\/schema.org","@graph":[{"@type":"WebPage","@id":"https:\/\/truusk.store\/sv\/produkt\/truusk-accentstol-med-stoppad-sits-i-fleece-svangfot-metallram-kramvit\/","url":"https:\/\/truusk.store\/sv\/produkt\/truusk-accentstol-med-stoppad-sits-i-fleece-svangfot-metallram-kramvit\/","name":"TRUUSK Accentstol - Med Stoppad Sits i Fleece - Sv\u00e4ngfot - Metallram - Kr\u00e4mvit - TRUUSK - Hem, Tr\u00e4dg\u00e5rd &amp; Fritid","isPartOf":{"@id":"https:\/\/truusk.store\/sv\/#website"},"primaryImageOfPage":{"@id":"https:\/\/truusk.store\/sv\/produkt\/truusk-accentstol-med-stoppad-sits-i-fleece-svangfot-metallram-kramvit\/#primaryimage"},"image":{"@id":"https:\/\/truusk.store\/sv\/produkt\/truusk-accentstol-med-stoppad-sits-i-fleece-svangfot-metallram-kramvit\/#primaryimage"},"thumbnailUrl":"https:\/\/i0.wp.com\/truusk.store\/wp-content\/uploads\/2025\/08\/accentstol-stoppad-stol-med-fleeceoverdrag-svangfot-metallram-kramvit-1.webp?fit=2000%2C2000&ssl=1","datePublished":"2025-08-20T07:02:02+00:00","dateModified":"2026-03-12T07:47:13+00:00","breadcrumb":{"@id":"https:\/\/truusk.store\/sv\/produkt\/truusk-accentstol-med-stoppad-sits-i-fleece-svangfot-metallram-kramvit\/#breadcrumb"},"inLanguage":"sv-SE","potentialAction":[{"@type":"ReadAction","target":["https:\/\/truusk.store\/sv\/produkt\/truusk-accentstol-med-stoppad-sits-i-fleece-svangfot-metallram-kramvit\/"]}]},{"@type":"ImageObject","inLanguage":"sv-SE","@id":"https:\/\/truusk.store\/sv\/produkt\/truusk-accentstol-med-stoppad-sits-i-fleece-svangfot-metallram-kramvit\/#primaryimage","url":"https:\/\/i0.wp.com\/truusk.store\/wp-content\/uploads\/2025\/08\/accentstol-stoppad-stol-med-fleeceoverdrag-svangfot-metallram-kramvit-1.webp?fit=2000%2C2000&ssl=1","contentUrl":"https:\/\/i0.wp.com\/truusk.store\/wp-content\/uploads\/2025\/08\/accentstol-stoppad-stol-med-fleeceoverdrag-svangfot-metallram-kramvit-1.webp?fit=2000%2C2000&ssl=1","width":2000,"height":2000},{"@type":"BreadcrumbList","@id":"https:\/\/truusk.store\/sv\/produkt\/truusk-accentstol-med-stoppad-sits-i-fleece-svangfot-metallram-kramvit\/#breadcrumb","itemListElement":[{"@type":"ListItem","position":1,"name":"Home","item":"https:\/\/truusk.store\/sv\/"},{"@type":"ListItem","position":2,"name":"Shop","item":"https:\/\/truusk.store\/shop\/"},{"@type":"ListItem","position":3,"name":"TRUUSK Accentstol &#8211; Med Stoppad Sits i Fleece &#8211; Sv\u00e4ngfot &#8211; Metallram &#8211; Kr\u00e4mvit"}]},{"@type":"WebSite","@id":"https:\/\/truusk.store\/sv\/#website","url":"https:\/\/truusk.store\/sv\/","name":"TRUUSK - Hem, Tr\u00e4dg\u00e5rd & Fritid","description":"","publisher":{"@id":"https:\/\/truusk.store\/sv\/#organization"},"potentialAction":[{"@type":"SearchAction","target":{"@type":"EntryPoint","urlTemplate":"https:\/\/truusk.store\/sv\/?s={search_term_string}"},"query-input":{"@type":"PropertyValueSpecification","valueRequired":true,"valueName":"search_term_string"}}],"inLanguage":"sv-SE"},{"@type":"Organization","@id":"https:\/\/truusk.store\/sv\/#organization","name":"TRUUSK - Hem, Tr\u00e4dg\u00e5rd & Fritid","url":"https:\/\/truusk.store\/sv\/","logo":{"@type":"ImageObject","inLanguage":"sv-SE","@id":"https:\/\/truusk.store\/sv\/#\/schema\/logo\/image\/","url":"https:\/\/i0.wp.com\/truusk.store\/wp-content\/uploads\/2026\/03\/cropped-TRUUSK.png?fit=2032%2C917&ssl=1","contentUrl":"https:\/\/i0.wp.com\/truusk.store\/wp-content\/uploads\/2026\/03\/cropped-TRUUSK.png?fit=2032%2C917&ssl=1","width":2032,"height":917,"caption":"TRUUSK - Hem, Tr\u00e4dg\u00e5rd & Fritid"},"image":{"@id":"https:\/\/truusk.store\/sv\/#\/schema\/logo\/image\/"}}]}},"jetpack_sharing_enabled":true,"_links":{"self":[{"href":"https:\/\/truusk.store\/sv\/wp-json\/wp\/v2\/product\/88450","targetHints":{"allow":["GET"]}}],"collection":[{"href":"https:\/\/truusk.store\/sv\/wp-json\/wp\/v2\/product"}],"about":[{"href":"https:\/\/truusk.store\/sv\/wp-json\/wp\/v2\/types\/product"}],"wp:featuredmedia":[{"embeddable":true,"href":"https:\/\/truusk.store\/sv\/wp-json\/wp\/v2\/media\/88436"}],"wp:attachment":[{"href":"https:\/\/truusk.store\/sv\/wp-json\/wp\/v2\/media?parent=88450"}],"wp:term":[{"taxonomy":"product_brand","embeddable":true,"href":"https:\/\/truusk.store\/sv\/wp-json\/wp\/v2\/product_brand?post=88450"},{"taxonomy":"product_cat","embeddable":true,"href":"https:\/\/truusk.store\/sv\/wp-json\/wp\/v2\/product_cat?post=88450"},{"taxonomy":"product_tag","embeddable":true,"href":"https:\/\/truusk.store\/sv\/wp-json\/wp\/v2\/product_tag?post=88450"}],"curies":[{"name":"wp","href":"https:\/\/api.w.org\/{rel}","templated":true}]}}