{"id":88455,"date":"2025-08-20T08:02:21","date_gmt":"2025-08-20T07:02:21","guid":{"rendered":"https:\/\/truusk.store\/product\/vaggdekorationsset-i-diskdesign-8-metallskivor-mangsidigt-anvandbar-flerfargad\/"},"modified":"2026-03-12T08:47:15","modified_gmt":"2026-03-12T07:47:15","slug":"truusk-vaggdekorationsset-i-diskdesign-8-metallskivor-mangsidigt-anvandbar-flerfargad","status":"publish","type":"product","link":"https:\/\/truusk.store\/sv\/produkt\/truusk-vaggdekorationsset-i-diskdesign-8-metallskivor-mangsidigt-anvandbar-flerfargad\/","title":{"rendered":"TRUUSK V\u00e4ggdekorationsset i Diskdesign &#8211; 8 Metallskivor &#8211; M\u00e5ngsidigt Anv\u00e4ndbar &#8211; Flerf\u00e4rgad"},"content":{"rendered":"<p>En kalt v\u00e4gg kan verka tr\u00e5kig och sakna karakt\u00e4r i ditt rum. TRUUSK metallbilden, med sin unika multi-diskdesign, f\u00f6rvandlar kala v\u00e4ggar till modern elegans. Tillverkad av robust metall med lackerad yta, lovar den l\u00e5ngvarig sk\u00f6nhet och h\u00e5llbarhet. De f\u00f6rmonterade krokarna och det medf\u00f6ljande tillbeh\u00f6ret till v\u00e4ggdekorationen g\u00f6r det enkelt att f\u00e4sta, f\u00f6r att enkelt f\u00f6rsk\u00f6na din milj\u00f6.<\/p>\n<p>Beskrivning:<\/p>\n<ul>\n<li> Har 8 metallskivor i olika storlekar som kan h\u00e4ngas upp i valfri riktning<\/li>\n<li> Den abstrakta geometriska designen p\u00e5 v\u00e4ggdekorationen sticker ut och f\u00f6rb\u00e4ttrar ditt rum omedelbart<\/li>\n<li> Kommer monteringsklar, inklusive krokar och monteringsmaterial f\u00f6r enkel installation<\/li>\n<li> L\u00e4mplig f\u00f6r vardagsrum, sovrum, matplatser eller korridorer<\/li>\n<li> Sl\u00e4t och dammt\u00e4t, l\u00e4tt att reng\u00f6ra<\/li>\n<\/ul>\n<p> Tekniska data:<\/p>\n<ul>\n<li> F\u00e4rg: Bronston+Orange+Gul<\/li>\n<li> Material: Metall<\/li>\n<li> Totala dimensioner: 110B x 58H x 7T cm<\/li>\n<li> Skivstorlek: 1 x \u00d833,8 cm, 2 x \u00d828,6 cm, 3 x \u00d817,6 cm, 2 x \u00d811,7 cm<\/li>\n<\/ul>\n<p>Leveransinneh\u00e5ll:<\/p>\n<ul>\n<li> 1 x Metallv\u00e4ggkonst;<\/li>\n<\/ul>\n","protected":false},"excerpt":{"rendered":"<p>En kalt v\u00e4gg kan verka tr\u00e5kig och sakna karakt\u00e4r i ditt rum. TRUUSK metallbilden, med sin unika multi-diskdesign, f\u00f6rvandlar kala&#8230;<\/p>\n","protected":false},"featured_media":88441,"template":"","meta":[],"product_brand":[],"product_cat":[962,871,683],"product_tag":[],"class_list":{"0":"post-88455","1":"product","2":"type-product","3":"status-publish","4":"has-post-thumbnail","6":"product_cat-dekoration","7":"product_cat-hus-hem","8":"product_cat-vaggdekoration","10":"first","11":"instock","12":"sale","13":"taxable","14":"shipping-taxable","15":"purchasable","16":"product-type-simple"},"yoast_head":"<!-- This site is optimized with the Yoast SEO plugin v25.4 - https:\/\/yoast.com\/wordpress\/plugins\/seo\/ -->\n<title>TRUUSK V\u00e4ggdekorationsset i Diskdesign - 8 Metallskivor - M\u00e5ngsidigt Anv\u00e4ndbar - Flerf\u00e4rgad - TRUUSK - Hem, Tr\u00e4dg\u00e5rd &amp; Fritid<\/title>\n<meta name=\"robots\" content=\"index, follow, max-snippet:-1, max-image-preview:large, max-video-preview:-1\" \/>\n<link rel=\"canonical\" href=\"https:\/\/truusk.store\/sv\/produkt\/truusk-vaggdekorationsset-i-diskdesign-8-metallskivor-mangsidigt-anvandbar-flerfargad\/\" \/>\n<meta property=\"og:locale\" content=\"sv_SE\" \/>\n<meta property=\"og:type\" content=\"article\" \/>\n<meta property=\"og:title\" content=\"TRUUSK V\u00e4ggdekorationsset i Diskdesign - 8 Metallskivor - M\u00e5ngsidigt Anv\u00e4ndbar - Flerf\u00e4rgad - TRUUSK - Hem, Tr\u00e4dg\u00e5rd &amp; Fritid\" \/>\n<meta property=\"og:description\" content=\"En kalt v\u00e4gg kan verka tr\u00e5kig och sakna karakt\u00e4r i ditt rum. TRUUSK metallbilden, med sin unika multi-diskdesign, f\u00f6rvandlar kala...\" \/>\n<meta property=\"og:url\" content=\"https:\/\/truusk.store\/sv\/produkt\/truusk-vaggdekorationsset-i-diskdesign-8-metallskivor-mangsidigt-anvandbar-flerfargad\/\" \/>\n<meta property=\"og:site_name\" content=\"TRUUSK - Hem, Tr\u00e4dg\u00e5rd &amp; Fritid\" \/>\n<meta property=\"article:modified_time\" content=\"2026-03-12T07:47:15+00:00\" \/>\n<meta property=\"og:image\" content=\"https:\/\/i0.wp.com\/truusk.se\/wp-content\/uploads\/2025\/08\/vaggdekorationsset-i-diskdesign-8-metallskivor-mangsidigt-anvandbar-flerfargad-1.webp?fit=2000%2C2000&ssl=1\" \/>\n\t<meta property=\"og:image:width\" content=\"2000\" \/>\n\t<meta property=\"og:image:height\" content=\"2000\" \/>\n\t<meta property=\"og:image:type\" content=\"image\/webp\" \/>\n<meta name=\"twitter:card\" content=\"summary_large_image\" \/>\n<meta name=\"twitter:label1\" content=\"Ber\u00e4knad l\u00e4stid\" \/>\n\t<meta name=\"twitter:data1\" content=\"1 minut\" \/>\n<!-- \/ Yoast SEO plugin. -->","yoast_head_json":{"title":"TRUUSK V\u00e4ggdekorationsset i Diskdesign - 8 Metallskivor - M\u00e5ngsidigt Anv\u00e4ndbar - Flerf\u00e4rgad - TRUUSK - Hem, Tr\u00e4dg\u00e5rd &amp; Fritid","robots":{"index":"index","follow":"follow","max-snippet":"max-snippet:-1","max-image-preview":"max-image-preview:large","max-video-preview":"max-video-preview:-1"},"canonical":"https:\/\/truusk.store\/sv\/produkt\/truusk-vaggdekorationsset-i-diskdesign-8-metallskivor-mangsidigt-anvandbar-flerfargad\/","og_locale":"sv_SE","og_type":"article","og_title":"TRUUSK V\u00e4ggdekorationsset i Diskdesign - 8 Metallskivor - M\u00e5ngsidigt Anv\u00e4ndbar - Flerf\u00e4rgad - TRUUSK - Hem, Tr\u00e4dg\u00e5rd &amp; Fritid","og_description":"En kalt v\u00e4gg kan verka tr\u00e5kig och sakna karakt\u00e4r i ditt rum. TRUUSK metallbilden, med sin unika multi-diskdesign, f\u00f6rvandlar kala...","og_url":"https:\/\/truusk.store\/sv\/produkt\/truusk-vaggdekorationsset-i-diskdesign-8-metallskivor-mangsidigt-anvandbar-flerfargad\/","og_site_name":"TRUUSK - Hem, Tr\u00e4dg\u00e5rd &amp; Fritid","article_modified_time":"2026-03-12T07:47:15+00:00","og_image":[{"width":2000,"height":2000,"url":"https:\/\/i0.wp.com\/truusk.se\/wp-content\/uploads\/2025\/08\/vaggdekorationsset-i-diskdesign-8-metallskivor-mangsidigt-anvandbar-flerfargad-1.webp?fit=2000%2C2000&ssl=1","type":"image\/webp"}],"twitter_card":"summary_large_image","twitter_misc":{"Ber\u00e4knad l\u00e4stid":"1 minut"},"schema":{"@context":"https:\/\/schema.org","@graph":[{"@type":"WebPage","@id":"https:\/\/truusk.store\/sv\/produkt\/truusk-vaggdekorationsset-i-diskdesign-8-metallskivor-mangsidigt-anvandbar-flerfargad\/","url":"https:\/\/truusk.store\/sv\/produkt\/truusk-vaggdekorationsset-i-diskdesign-8-metallskivor-mangsidigt-anvandbar-flerfargad\/","name":"TRUUSK V\u00e4ggdekorationsset i Diskdesign - 8 Metallskivor - M\u00e5ngsidigt Anv\u00e4ndbar - Flerf\u00e4rgad - TRUUSK - Hem, Tr\u00e4dg\u00e5rd &amp; Fritid","isPartOf":{"@id":"https:\/\/truusk.store\/sv\/#website"},"primaryImageOfPage":{"@id":"https:\/\/truusk.store\/sv\/produkt\/truusk-vaggdekorationsset-i-diskdesign-8-metallskivor-mangsidigt-anvandbar-flerfargad\/#primaryimage"},"image":{"@id":"https:\/\/truusk.store\/sv\/produkt\/truusk-vaggdekorationsset-i-diskdesign-8-metallskivor-mangsidigt-anvandbar-flerfargad\/#primaryimage"},"thumbnailUrl":"https:\/\/i0.wp.com\/truusk.store\/wp-content\/uploads\/2025\/08\/vaggdekorationsset-i-diskdesign-8-metallskivor-mangsidigt-anvandbar-flerfargad-1.webp?fit=2000%2C2000&ssl=1","datePublished":"2025-08-20T07:02:21+00:00","dateModified":"2026-03-12T07:47:15+00:00","breadcrumb":{"@id":"https:\/\/truusk.store\/sv\/produkt\/truusk-vaggdekorationsset-i-diskdesign-8-metallskivor-mangsidigt-anvandbar-flerfargad\/#breadcrumb"},"inLanguage":"sv-SE","potentialAction":[{"@type":"ReadAction","target":["https:\/\/truusk.store\/sv\/produkt\/truusk-vaggdekorationsset-i-diskdesign-8-metallskivor-mangsidigt-anvandbar-flerfargad\/"]}]},{"@type":"ImageObject","inLanguage":"sv-SE","@id":"https:\/\/truusk.store\/sv\/produkt\/truusk-vaggdekorationsset-i-diskdesign-8-metallskivor-mangsidigt-anvandbar-flerfargad\/#primaryimage","url":"https:\/\/i0.wp.com\/truusk.store\/wp-content\/uploads\/2025\/08\/vaggdekorationsset-i-diskdesign-8-metallskivor-mangsidigt-anvandbar-flerfargad-1.webp?fit=2000%2C2000&ssl=1","contentUrl":"https:\/\/i0.wp.com\/truusk.store\/wp-content\/uploads\/2025\/08\/vaggdekorationsset-i-diskdesign-8-metallskivor-mangsidigt-anvandbar-flerfargad-1.webp?fit=2000%2C2000&ssl=1","width":2000,"height":2000},{"@type":"BreadcrumbList","@id":"https:\/\/truusk.store\/sv\/produkt\/truusk-vaggdekorationsset-i-diskdesign-8-metallskivor-mangsidigt-anvandbar-flerfargad\/#breadcrumb","itemListElement":[{"@type":"ListItem","position":1,"name":"Home","item":"https:\/\/truusk.store\/sv\/"},{"@type":"ListItem","position":2,"name":"Shop","item":"https:\/\/truusk.store\/shop\/"},{"@type":"ListItem","position":3,"name":"TRUUSK V\u00e4ggdekorationsset i Diskdesign &#8211; 8 Metallskivor &#8211; M\u00e5ngsidigt Anv\u00e4ndbar &#8211; Flerf\u00e4rgad"}]},{"@type":"WebSite","@id":"https:\/\/truusk.store\/sv\/#website","url":"https:\/\/truusk.store\/sv\/","name":"TRUUSK - Hem, Tr\u00e4dg\u00e5rd & Fritid","description":"","publisher":{"@id":"https:\/\/truusk.store\/sv\/#organization"},"potentialAction":[{"@type":"SearchAction","target":{"@type":"EntryPoint","urlTemplate":"https:\/\/truusk.store\/sv\/?s={search_term_string}"},"query-input":{"@type":"PropertyValueSpecification","valueRequired":true,"valueName":"search_term_string"}}],"inLanguage":"sv-SE"},{"@type":"Organization","@id":"https:\/\/truusk.store\/sv\/#organization","name":"TRUUSK - Hem, Tr\u00e4dg\u00e5rd & Fritid","url":"https:\/\/truusk.store\/sv\/","logo":{"@type":"ImageObject","inLanguage":"sv-SE","@id":"https:\/\/truusk.store\/sv\/#\/schema\/logo\/image\/","url":"https:\/\/i0.wp.com\/truusk.store\/wp-content\/uploads\/2026\/03\/cropped-TRUUSK.png?fit=2032%2C917&ssl=1","contentUrl":"https:\/\/i0.wp.com\/truusk.store\/wp-content\/uploads\/2026\/03\/cropped-TRUUSK.png?fit=2032%2C917&ssl=1","width":2032,"height":917,"caption":"TRUUSK - Hem, Tr\u00e4dg\u00e5rd & Fritid"},"image":{"@id":"https:\/\/truusk.store\/sv\/#\/schema\/logo\/image\/"}}]}},"jetpack_sharing_enabled":true,"_links":{"self":[{"href":"https:\/\/truusk.store\/sv\/wp-json\/wp\/v2\/product\/88455","targetHints":{"allow":["GET"]}}],"collection":[{"href":"https:\/\/truusk.store\/sv\/wp-json\/wp\/v2\/product"}],"about":[{"href":"https:\/\/truusk.store\/sv\/wp-json\/wp\/v2\/types\/product"}],"wp:featuredmedia":[{"embeddable":true,"href":"https:\/\/truusk.store\/sv\/wp-json\/wp\/v2\/media\/88441"}],"wp:attachment":[{"href":"https:\/\/truusk.store\/sv\/wp-json\/wp\/v2\/media?parent=88455"}],"wp:term":[{"taxonomy":"product_brand","embeddable":true,"href":"https:\/\/truusk.store\/sv\/wp-json\/wp\/v2\/product_brand?post=88455"},{"taxonomy":"product_cat","embeddable":true,"href":"https:\/\/truusk.store\/sv\/wp-json\/wp\/v2\/product_cat?post=88455"},{"taxonomy":"product_tag","embeddable":true,"href":"https:\/\/truusk.store\/sv\/wp-json\/wp\/v2\/product_tag?post=88455"}],"curies":[{"name":"wp","href":"https:\/\/api.w.org\/{rel}","templated":true}]}}