{"id":88485,"date":"2025-08-20T08:05:29","date_gmt":"2025-08-20T07:05:29","guid":{"rendered":"https:\/\/truusk.store\/product\/vattenkokare-och-brodrost-set-17-l-olika-lagen-led-indikatorer-svart\/"},"modified":"2026-03-12T08:48:09","modified_gmt":"2026-03-12T07:48:09","slug":"truusk-vattenkokare-och-brodrost-set-17-l-led-indikatorer-svart","status":"publish","type":"product","link":"https:\/\/truusk.store\/sv\/produkt\/truusk-vattenkokare-och-brodrost-set-17-l-led-indikatorer-svart\/","title":{"rendered":"TRUUSK Vattenkokare och Br\u00f6drost-set &#8211; 1,7 L &#8211; LED-indikatorer &#8211; Svart"},"content":{"rendered":"<p>B\u00f6rja din harmoniska och stilfulla k\u00f6ksutrustning med detta TRUUSK-set. Inkluderat \u00e4r en 1,7 liter snabbkokare och en tv\u00e5-skivig br\u00f6drost i trendigt bikakem\u00f6nster. Br\u00f6drosten erbjuder sju rostningsniv\u00e5er f\u00f6r individuell njutning. Med vattenkokaren kan du f\u00f6rbereda upp till sex koppar te &#8211; perfekt f\u00f6r sociala tillst\u00e4llningar. Vem \u00e4r hungrig och t\u00f6rstig?<\/p>\n<p>Beskrivning:<\/p>\n<ul>\n<li> 1,7L snabbkokare och matchande br\u00f6drost f\u00f6r tv\u00e5 skivor. Stilfullt bikakem\u00f6nster<\/li>\n<li> Sju rostningsniv\u00e5er p\u00e5 br\u00f6drosten &#8211; v\u00e4lj din f\u00f6redragna niv\u00e5<\/li>\n<li> Ditt br\u00f6d hoppar automatiskt upp n\u00e4r det \u00e4r klart, och den automatiska centreringsfunktionen ger j\u00e4mn rostningsresultat<\/li>\n<li> Smulbricka p\u00e5 br\u00f6drosten f\u00f6r enkel reng\u00f6ring<\/li>\n<li> Vattenkokaren har ett l\u00e4ttl\u00e4st vattenst\u00e5ndsf\u00f6nster och har en uttertermostat<\/li>\n<li> Br\u00f6drosten erbjuder alternativ f\u00f6r upptining, uppv\u00e4rmning och avbrytning<\/li>\n<li> Vattenkokaren har tre s\u00e4kerhetsfunktioner: automatisk avst\u00e4ngning, \u00f6verhettningsskydd och torrkokningsskydd<\/li>\n<li> LED-indikatorer p\u00e5 knapparna visar apparatens status och \u00e4r anv\u00e4ndarv\u00e4nliga<\/li>\n<li> Inbyggd kabelhantering h\u00e5ller arbetsytan ren<\/li>\n<\/ul>\n<p> Tekniska data:<\/p>\n<ul>\n<li> F\u00e4rg: Svart<\/li>\n<li> Material: Plast<\/li>\n<li> Vattenkokarens dimensioner: 24,2L x 19,5B x 23,4H cm (med bas)<\/li>\n<li> Br\u00f6drostens dimensioner: 27,4L x 17,7B x 18,8H cm<\/li>\n<li> Storlek p\u00e5 varje fack: 13,5L x 3,5B x 13,5H cm<\/li>\n<li> Kapacitet f\u00f6r vattenkokaren: 1,7 L<\/li>\n<li> Sp\u00e4nning: 220-240V, 50\/60Hz (br\u00f6drost, vattenkokare)<\/li>\n<li> Effekt: 780-930W (br\u00f6drost), 1850-2200W (vattenkokare)<\/li>\n<li> Str\u00f6mstyrka: 3,5-3,87A (br\u00f6drost), 8,4-9,17A (vattenkokare)<\/li>\n<li> Kabell\u00e4ngd: 0,7 m (br\u00f6drost, vattenkokare)<\/li>\n<\/ul>\n<p>Leveransinneh\u00e5ll:<\/p>\n<ul>\n<li> 1 x Vattenkokare<\/li>\n<li> 1 x Br\u00f6drost<\/li>\n<li> 1 x Handbok<\/li>\n<\/ul>\n","protected":false},"excerpt":{"rendered":"<p>B\u00f6rja din harmoniska och stilfulla k\u00f6ksutrustning med detta TRUUSK-set. Inkluderat \u00e4r en 1,7 liter snabbkokare och en tv\u00e5-skivig br\u00f6drost i&#8230;<\/p>\n","protected":false},"featured_media":88476,"template":"","meta":[],"product_brand":[],"product_cat":[936,498,933,1074],"product_tag":[],"class_list":{"0":"post-88485","1":"product","2":"type-product","3":"status-publish","4":"has-post-thumbnail","6":"product_cat-hem-boende","7":"product_cat-hushallsapparater","8":"product_cat-koksapparater","9":"product_cat-wasserkocher-toaster-sets","11":"first","12":"instock","13":"sale","14":"taxable","15":"shipping-taxable","16":"purchasable","17":"product-type-simple"},"yoast_head":"<!-- This site is optimized with the Yoast SEO plugin v25.4 - https:\/\/yoast.com\/wordpress\/plugins\/seo\/ -->\n<title>TRUUSK Vattenkokare och Br\u00f6drost-set - 1,7 L - LED-indikatorer - Svart - TRUUSK - Hem, Tr\u00e4dg\u00e5rd &amp; Fritid<\/title>\n<meta name=\"robots\" content=\"index, follow, max-snippet:-1, max-image-preview:large, max-video-preview:-1\" \/>\n<link rel=\"canonical\" href=\"https:\/\/truusk.store\/sv\/produkt\/truusk-vattenkokare-och-brodrost-set-17-l-led-indikatorer-svart\/\" \/>\n<meta property=\"og:locale\" content=\"sv_SE\" \/>\n<meta property=\"og:type\" content=\"article\" \/>\n<meta property=\"og:title\" content=\"TRUUSK Vattenkokare och Br\u00f6drost-set - 1,7 L - LED-indikatorer - Svart - TRUUSK - Hem, Tr\u00e4dg\u00e5rd &amp; Fritid\" \/>\n<meta property=\"og:description\" content=\"B\u00f6rja din harmoniska och stilfulla k\u00f6ksutrustning med detta TRUUSK-set. Inkluderat \u00e4r en 1,7 liter snabbkokare och en tv\u00e5-skivig br\u00f6drost i...\" \/>\n<meta property=\"og:url\" content=\"https:\/\/truusk.store\/sv\/produkt\/truusk-vattenkokare-och-brodrost-set-17-l-led-indikatorer-svart\/\" \/>\n<meta property=\"og:site_name\" content=\"TRUUSK - Hem, Tr\u00e4dg\u00e5rd &amp; Fritid\" \/>\n<meta property=\"article:modified_time\" content=\"2026-03-12T07:48:09+00:00\" \/>\n<meta property=\"og:image\" content=\"https:\/\/i0.wp.com\/truusk.se\/wp-content\/uploads\/2025\/08\/vattenkokare-och-brodrost-set-17-l-olika-lagen-led-indikatorer-svart-1.webp?fit=2000%2C2000&ssl=1\" \/>\n\t<meta property=\"og:image:width\" content=\"2000\" \/>\n\t<meta property=\"og:image:height\" content=\"2000\" \/>\n\t<meta property=\"og:image:type\" content=\"image\/webp\" \/>\n<meta name=\"twitter:card\" content=\"summary_large_image\" \/>\n<meta name=\"twitter:label1\" content=\"Ber\u00e4knad l\u00e4stid\" \/>\n\t<meta name=\"twitter:data1\" content=\"1 minut\" \/>\n<!-- \/ Yoast SEO plugin. -->","yoast_head_json":{"title":"TRUUSK Vattenkokare och Br\u00f6drost-set - 1,7 L - LED-indikatorer - Svart - TRUUSK - Hem, Tr\u00e4dg\u00e5rd &amp; Fritid","robots":{"index":"index","follow":"follow","max-snippet":"max-snippet:-1","max-image-preview":"max-image-preview:large","max-video-preview":"max-video-preview:-1"},"canonical":"https:\/\/truusk.store\/sv\/produkt\/truusk-vattenkokare-och-brodrost-set-17-l-led-indikatorer-svart\/","og_locale":"sv_SE","og_type":"article","og_title":"TRUUSK Vattenkokare och Br\u00f6drost-set - 1,7 L - LED-indikatorer - Svart - TRUUSK - Hem, Tr\u00e4dg\u00e5rd &amp; Fritid","og_description":"B\u00f6rja din harmoniska och stilfulla k\u00f6ksutrustning med detta TRUUSK-set. Inkluderat \u00e4r en 1,7 liter snabbkokare och en tv\u00e5-skivig br\u00f6drost i...","og_url":"https:\/\/truusk.store\/sv\/produkt\/truusk-vattenkokare-och-brodrost-set-17-l-led-indikatorer-svart\/","og_site_name":"TRUUSK - Hem, Tr\u00e4dg\u00e5rd &amp; Fritid","article_modified_time":"2026-03-12T07:48:09+00:00","og_image":[{"width":2000,"height":2000,"url":"https:\/\/i0.wp.com\/truusk.se\/wp-content\/uploads\/2025\/08\/vattenkokare-och-brodrost-set-17-l-olika-lagen-led-indikatorer-svart-1.webp?fit=2000%2C2000&ssl=1","type":"image\/webp"}],"twitter_card":"summary_large_image","twitter_misc":{"Ber\u00e4knad l\u00e4stid":"1 minut"},"schema":{"@context":"https:\/\/schema.org","@graph":[{"@type":"WebPage","@id":"https:\/\/truusk.store\/sv\/produkt\/truusk-vattenkokare-och-brodrost-set-17-l-led-indikatorer-svart\/","url":"https:\/\/truusk.store\/sv\/produkt\/truusk-vattenkokare-och-brodrost-set-17-l-led-indikatorer-svart\/","name":"TRUUSK Vattenkokare och Br\u00f6drost-set - 1,7 L - LED-indikatorer - Svart - TRUUSK - Hem, Tr\u00e4dg\u00e5rd &amp; Fritid","isPartOf":{"@id":"https:\/\/truusk.store\/sv\/#website"},"primaryImageOfPage":{"@id":"https:\/\/truusk.store\/sv\/produkt\/truusk-vattenkokare-och-brodrost-set-17-l-led-indikatorer-svart\/#primaryimage"},"image":{"@id":"https:\/\/truusk.store\/sv\/produkt\/truusk-vattenkokare-och-brodrost-set-17-l-led-indikatorer-svart\/#primaryimage"},"thumbnailUrl":"https:\/\/i0.wp.com\/truusk.store\/wp-content\/uploads\/2025\/08\/vattenkokare-och-brodrost-set-17-l-olika-lagen-led-indikatorer-svart-1.webp?fit=2000%2C2000&ssl=1","datePublished":"2025-08-20T07:05:29+00:00","dateModified":"2026-03-12T07:48:09+00:00","breadcrumb":{"@id":"https:\/\/truusk.store\/sv\/produkt\/truusk-vattenkokare-och-brodrost-set-17-l-led-indikatorer-svart\/#breadcrumb"},"inLanguage":"sv-SE","potentialAction":[{"@type":"ReadAction","target":["https:\/\/truusk.store\/sv\/produkt\/truusk-vattenkokare-och-brodrost-set-17-l-led-indikatorer-svart\/"]}]},{"@type":"ImageObject","inLanguage":"sv-SE","@id":"https:\/\/truusk.store\/sv\/produkt\/truusk-vattenkokare-och-brodrost-set-17-l-led-indikatorer-svart\/#primaryimage","url":"https:\/\/i0.wp.com\/truusk.store\/wp-content\/uploads\/2025\/08\/vattenkokare-och-brodrost-set-17-l-olika-lagen-led-indikatorer-svart-1.webp?fit=2000%2C2000&ssl=1","contentUrl":"https:\/\/i0.wp.com\/truusk.store\/wp-content\/uploads\/2025\/08\/vattenkokare-och-brodrost-set-17-l-olika-lagen-led-indikatorer-svart-1.webp?fit=2000%2C2000&ssl=1","width":2000,"height":2000},{"@type":"BreadcrumbList","@id":"https:\/\/truusk.store\/sv\/produkt\/truusk-vattenkokare-och-brodrost-set-17-l-led-indikatorer-svart\/#breadcrumb","itemListElement":[{"@type":"ListItem","position":1,"name":"Home","item":"https:\/\/truusk.store\/sv\/"},{"@type":"ListItem","position":2,"name":"Shop","item":"https:\/\/truusk.store\/shop\/"},{"@type":"ListItem","position":3,"name":"TRUUSK Vattenkokare och Br\u00f6drost-set &#8211; 1,7 L &#8211; LED-indikatorer &#8211; Svart"}]},{"@type":"WebSite","@id":"https:\/\/truusk.store\/sv\/#website","url":"https:\/\/truusk.store\/sv\/","name":"TRUUSK - Hem, Tr\u00e4dg\u00e5rd & Fritid","description":"","publisher":{"@id":"https:\/\/truusk.store\/sv\/#organization"},"potentialAction":[{"@type":"SearchAction","target":{"@type":"EntryPoint","urlTemplate":"https:\/\/truusk.store\/sv\/?s={search_term_string}"},"query-input":{"@type":"PropertyValueSpecification","valueRequired":true,"valueName":"search_term_string"}}],"inLanguage":"sv-SE"},{"@type":"Organization","@id":"https:\/\/truusk.store\/sv\/#organization","name":"TRUUSK - Hem, Tr\u00e4dg\u00e5rd & Fritid","url":"https:\/\/truusk.store\/sv\/","logo":{"@type":"ImageObject","inLanguage":"sv-SE","@id":"https:\/\/truusk.store\/sv\/#\/schema\/logo\/image\/","url":"https:\/\/i0.wp.com\/truusk.store\/wp-content\/uploads\/2026\/03\/cropped-TRUUSK.png?fit=2032%2C917&ssl=1","contentUrl":"https:\/\/i0.wp.com\/truusk.store\/wp-content\/uploads\/2026\/03\/cropped-TRUUSK.png?fit=2032%2C917&ssl=1","width":2032,"height":917,"caption":"TRUUSK - Hem, Tr\u00e4dg\u00e5rd & Fritid"},"image":{"@id":"https:\/\/truusk.store\/sv\/#\/schema\/logo\/image\/"}}]}},"jetpack_sharing_enabled":true,"_links":{"self":[{"href":"https:\/\/truusk.store\/sv\/wp-json\/wp\/v2\/product\/88485","targetHints":{"allow":["GET"]}}],"collection":[{"href":"https:\/\/truusk.store\/sv\/wp-json\/wp\/v2\/product"}],"about":[{"href":"https:\/\/truusk.store\/sv\/wp-json\/wp\/v2\/types\/product"}],"wp:featuredmedia":[{"embeddable":true,"href":"https:\/\/truusk.store\/sv\/wp-json\/wp\/v2\/media\/88476"}],"wp:attachment":[{"href":"https:\/\/truusk.store\/sv\/wp-json\/wp\/v2\/media?parent=88485"}],"wp:term":[{"taxonomy":"product_brand","embeddable":true,"href":"https:\/\/truusk.store\/sv\/wp-json\/wp\/v2\/product_brand?post=88485"},{"taxonomy":"product_cat","embeddable":true,"href":"https:\/\/truusk.store\/sv\/wp-json\/wp\/v2\/product_cat?post=88485"},{"taxonomy":"product_tag","embeddable":true,"href":"https:\/\/truusk.store\/sv\/wp-json\/wp\/v2\/product_tag?post=88485"}],"curies":[{"name":"wp","href":"https:\/\/api.w.org\/{rel}","templated":true}]}}